{"id":227,"date":"2014-08-19T13:49:54","date_gmt":"2014-08-19T13:49:54","guid":{"rendered":"http:\/\/www.kunnskap.de\/?page_id=227"},"modified":"2021-06-25T12:48:18","modified_gmt":"2021-06-25T10:48:18","slug":"arbitrage","status":"publish","type":"page","link":"https:\/\/prudentwater.com\/en\/arbitrage\/","title":{"rendered":"Arbitrage"},"content":{"rendered":"<p>Arbitrage beschreibt die Realisierung eines Gewinnes durch kleinste Preisunterschiede eines Wertpapieres auf verschiedenen Teilm\u00e4rkten. Dasselbe Wertpapier kann an verschiedenen B\u00f6rsen mit unterschiedlichen Kursen gehandelt werden. Diese Kursunterschiede werden von Tradern ausgenutzt. So wird beispielsweise eine Aktie an der Frankfurter B\u00f6rse gekauft und anschlie\u00dfend sofort an der Stuttgarter B\u00f6rse wieder verkauft, wo der Kurs desselben Wertpapieres wenige Cents h\u00f6her notiert. Somit werden mittels entsprechendem Handelsvolumen durch geringe Kursunterschiede Gewinne erzielt. Arbitrage ist somit das Ausnutzen von Kursungleichgewichten desselben Wertpapieres, um einen quasi risikolosen Gewinn zu erzielen. Vor der Einf\u00fchrung von Computern konnten mit der Arbitragestrategie noch h\u00f6here Gewinne erzielt werden, der Spread (Preisunterschied) bei Aktien war zu dieser Zeit noch gr\u00f6\u00dfer. Heutzutage im Jahre 2026 wird die Arbitrage von computergest\u00fctzten Systemen durchgef\u00fchrt, die bereits jeden kleinsten Preisunterschied zur Arbitrage ausnutzen. F\u00fcr Privatanleger ist es somit sehr schwer geworden mit Arbitrage Gewinne zu erzielen.<\/p>\n","protected":false},"excerpt":{"rendered":"<p>Arbitrage beschreibt die Realisierung eines Gewinnes durch kleinste Preisunterschiede eines Wertpapieres auf verschiedenen Teilm\u00e4rkten. Dasselbe Wertpapier kann an verschiedenen B\u00f6rsen mit unterschiedlichen Kursen gehandelt werden. Diese Kursunterschiede werden von Tradern ausgenutzt. So wird beispielsweise eine Aktie an der Frankfurter B\u00f6rse gekauft und anschlie\u00dfend sofort an der Stuttgarter B\u00f6rse wieder verkauft, wo der Kurs desselben Wertpapieres [&hellip;]<\/p>\n","protected":false},"author":1,"featured_media":0,"parent":0,"menu_order":0,"comment_status":"closed","ping_status":"closed","template":"","meta":{"site-sidebar-layout":"default","site-content-layout":"","ast-site-content-layout":"","site-content-style":"default","site-sidebar-style":"default","ast-global-header-display":"","ast-banner-title-visibility":"","ast-main-header-display":"","ast-hfb-above-header-display":"","ast-hfb-below-header-display":"","ast-hfb-mobile-header-display":"","site-post-title":"","ast-breadcrumbs-content":"","ast-featured-img":"","footer-sml-layout":"","theme-transparent-header-meta":"","adv-header-id-meta":"","stick-header-meta":"","header-above-stick-meta":"","header-main-stick-meta":"","header-below-stick-meta":"","astra-migrate-meta-layouts":"default","ast-page-background-enabled":"default","ast-page-background-meta":{"desktop":{"background-color":"","background-image":"","background-repeat":"repeat","background-position":"center center","background-size":"auto","background-attachment":"scroll","background-type":"","background-media":"","overlay-type":"","overlay-color":"","overlay-opacity":"","overlay-gradient":""},"tablet":{"background-color":"","background-image":"","background-repeat":"repeat","background-position":"center center","background-size":"auto","background-attachment":"scroll","background-type":"","background-media":"","overlay-type":"","overlay-color":"","overlay-opacity":"","overlay-gradient":""},"mobile":{"background-color":"","background-image":"","background-repeat":"repeat","background-position":"center center","background-size":"auto","background-attachment":"scroll","background-type":"","background-media":"","overlay-type":"","overlay-color":"","overlay-opacity":"","overlay-gradient":""}},"ast-content-background-meta":{"desktop":{"background-color":"var(--ast-global-color-5)","background-image":"","background-repeat":"repeat","background-position":"center center","background-size":"auto","background-attachment":"scroll","background-type":"","background-media":"","overlay-type":"","overlay-color":"","overlay-opacity":"","overlay-gradient":""},"tablet":{"background-color":"var(--ast-global-color-5)","background-image":"","background-repeat":"repeat","background-position":"center center","background-size":"auto","background-attachment":"scroll","background-type":"","background-media":"","overlay-type":"","overlay-color":"","overlay-opacity":"","overlay-gradient":""},"mobile":{"background-color":"var(--ast-global-color-5)","background-image":"","background-repeat":"repeat","background-position":"center center","background-size":"auto","background-attachment":"scroll","background-type":"","background-media":"","overlay-type":"","overlay-color":"","overlay-opacity":"","overlay-gradient":""}},"footnotes":""},"class_list":["post-227","page","type-page","status-publish","hentry"],"translation":{"provider":"WPGlobus","version":"3.0.2","language":"en","enabled_languages":["de","en"],"languages":{"de":{"title":true,"content":true,"excerpt":false},"en":{"title":false,"content":false,"excerpt":false}}},"featured_image_urls_v2":{"full":"","thumbnail":"","medium":"","medium_large":"","large":"","1536x1536":"","2048x2048":""},"post_excerpt_stackable_v2":"<p>Arbitrage beschreibt die Realisierung eines Gewinnes durch kleinste Preisunterschiede eines Wertpapieres auf verschiedenen Teilm\u00e4rkten. Dasselbe Wertpapier kann an verschiedenen B\u00f6rsen mit unterschiedlichen Kursen gehandelt werden. Diese Kursunterschiede werden von Tradern ausgenutzt. So wird beispielsweise eine Aktie an der Frankfurter B\u00f6rse gekauft und anschlie\u00dfend sofort an der Stuttgarter B\u00f6rse wieder verkauft, wo der Kurs desselben Wertpapieres wenige Cents h\u00f6her notiert. Somit werden mittels entsprechendem Handelsvolumen durch geringe Kursunterschiede Gewinne erzielt. Arbitrage ist somit das Ausnutzen von Kursungleichgewichten desselben Wertpapieres, um einen quasi risikolosen Gewinn zu erzielen. Vor der Einf\u00fchrung von Computern konnten mit der Arbitragestrategie noch h\u00f6here Gewinne erzielt werden, der&hellip;<\/p>\n","category_list_v2":"","author_info_v2":{"name":"PrudentWater","url":"https:\/\/prudentwater.com\/en\/author\/niklas33\/"},"comments_num_v2":"0 comments","_links":{"self":[{"href":"https:\/\/prudentwater.com\/en\/wp-json\/wp\/v2\/pages\/227","targetHints":{"allow":["GET"]}}],"collection":[{"href":"https:\/\/prudentwater.com\/en\/wp-json\/wp\/v2\/pages"}],"about":[{"href":"https:\/\/prudentwater.com\/en\/wp-json\/wp\/v2\/types\/page"}],"author":[{"embeddable":true,"href":"https:\/\/prudentwater.com\/en\/wp-json\/wp\/v2\/users\/1"}],"replies":[{"embeddable":true,"href":"https:\/\/prudentwater.com\/en\/wp-json\/wp\/v2\/comments?post=227"}],"version-history":[{"count":0,"href":"https:\/\/prudentwater.com\/en\/wp-json\/wp\/v2\/pages\/227\/revisions"}],"wp:attachment":[{"href":"https:\/\/prudentwater.com\/en\/wp-json\/wp\/v2\/media?parent=227"}],"curies":[{"name":"wp","href":"https:\/\/api.w.org\/{rel}","templated":true}]}}