{"id":2284,"date":"2014-12-13T20:32:07","date_gmt":"2014-12-13T20:32:07","guid":{"rendered":"http:\/\/www.kunnskap.de\/?page_id=2284"},"modified":"2021-06-25T12:49:33","modified_gmt":"2021-06-25T10:49:33","slug":"konjunktur","status":"publish","type":"page","link":"https:\/\/prudentwater.com\/en\/konjunktur\/","title":{"rendered":"Konjunktur"},"content":{"rendered":"<p>engl. <strong>Economy<\/strong><\/p>\n<p>Der Konjunkturzyklus bezeichnet das wirtschaftliche Auf und Ab einer Volkswirtschaft und gibt Auskunft \u00fcber die konjunkturelle Lage eines Landes. Um langfristig die Konjunktur einordnen zu k\u00f6nnen, wird als Bezugsgr\u00f6\u00dfe das reale Bruttoinlandsprodukt genutzt. Der Konjunkturzyklus l\u00e4sst sich dabei in vier Phasen unterscheiden:<\/p>\n<h4>Aufschwung:<\/h4>\n<p>In dieser Phase erholt sich die Wirtschaft von der Depression. Es bessert sich die Stimmung der Wirtschaft und somit auch die wirtschaftliche Lage der einzelnen Unternehmen. Die gesamtwirtschaftliche Produktion steigt ebenso wie die Besch\u00e4ftigtenzahl an, au\u00dferdem sind zunehmende Auftragseing\u00e4nge zu verbuchen. Dadurch wiederum kann insgesamt nach und nach mehr konsumiert werden. Durch die steigende Nachfrage steigen schlie\u00dflich auch die Preise im Land.<\/p>\n<h4>Hochkonjunktur:<\/h4>\n<p>Die Wirtschaftsleistung erreicht ihren H\u00f6hepunkt. Es herrscht eine starke G\u00fcternachfrage, die Produktionskapazit\u00e4ten der Unternehmen sind voll ausgelastet. Die L\u00f6hne erreichen ebenso einen H\u00f6chststand, somit besteht gleichzeitig die Gefahr einer zu starken Geldentwertung (Inflation). Die Inflationsrate hat in den Wochen zuvor bereits H\u00f6chst\u00e4nde erreicht.<\/p>\n<h4>Abschwung:<\/h4>\n<p>Das Wirtschaftswachstum geht sp\u00fcrbar zur\u00fcck und die Arbeitslosigkeit steigt. Die Gewinne der Unternehmen sinken ebenso wie deren Investitionen. Da die Unternehmen weniger absetzen, investieren sie auch weniger in neue Anlagen und Technologien. R\u00fcckl\u00e4ufige Ums\u00e4tze f\u00fchren zu Mitarbeiterentlassungen, wodurch weiterhin die Nachfrage nach G\u00fctern und Dienstleistungen zur\u00fcckgeht. Die Stimmung wird immer pessimistischer. Die Zinsen, die vorher noch gestiegen sind, fallen nun. Die B\u00f6rse ist ebenfalls pessimistisch gestimmt, wodurch die Aktienkurse fallen. Insolvenzmeldungen verschlimmern die Marktlage.<\/p>\n<h4>Depression:<\/h4>\n<p>In der Depression herrschen hohe Arbeitslosigkeit und eine extreme Unterauslastung der Kapazit\u00e4ten. Die Nachfrage nach G\u00fctern geht aufgrund fehlender Geldmittel stark zur\u00fcck. Es herrscht die Angst vor einer tief greifenden Deflation. Da mit weiter fallenden Preisen gerechnet wird, werden Ank\u00e4ufe und Neuinvestitionen aufgeschoben. Die B\u00f6rsenkurse brechen in dieser Phase nochmals zus\u00e4tzlich stark ein, bilden jedoch gegen Ende bereits einen Boden.<\/p>\n","protected":false},"excerpt":{"rendered":"<p>engl. Economy Der Konjunkturzyklus bezeichnet das wirtschaftliche Auf und Ab einer Volkswirtschaft und gibt Auskunft \u00fcber die konjunkturelle Lage eines Landes. Um langfristig die Konjunktur einordnen zu k\u00f6nnen, wird als Bezugsgr\u00f6\u00dfe das reale Bruttoinlandsprodukt genutzt. Der Konjunkturzyklus l\u00e4sst sich dabei in vier Phasen unterscheiden: Aufschwung: In dieser Phase erholt sich die Wirtschaft von der Depression. [&hellip;]<\/p>\n","protected":false},"author":1,"featured_media":0,"parent":0,"menu_order":0,"comment_status":"closed","ping_status":"closed","template":"","meta":{"site-sidebar-layout":"default","site-content-layout":"","ast-site-content-layout":"","site-content-style":"default","site-sidebar-style":"default","ast-global-header-display":"","ast-banner-title-visibility":"","ast-main-header-display":"","ast-hfb-above-header-display":"","ast-hfb-below-header-display":"","ast-hfb-mobile-header-display":"","site-post-title":"","ast-breadcrumbs-content":"","ast-featured-img":"","footer-sml-layout":"","theme-transparent-header-meta":"","adv-header-id-meta":"","stick-header-meta":"","header-above-stick-meta":"","header-main-stick-meta":"","header-below-stick-meta":"","astra-migrate-meta-layouts":"default","ast-page-background-enabled":"default","ast-page-background-meta":{"desktop":{"background-color":"","background-image":"","background-repeat":"repeat","background-position":"center center","background-size":"auto","background-attachment":"scroll","background-type":"","background-media":"","overlay-type":"","overlay-color":"","overlay-opacity":"","overlay-gradient":""},"tablet":{"background-color":"","background-image":"","background-repeat":"repeat","background-position":"center center","background-size":"auto","background-attachment":"scroll","background-type":"","background-media":"","overlay-type":"","overlay-color":"","overlay-opacity":"","overlay-gradient":""},"mobile":{"background-color":"","background-image":"","background-repeat":"repeat","background-position":"center center","background-size":"auto","background-attachment":"scroll","background-type":"","background-media":"","overlay-type":"","overlay-color":"","overlay-opacity":"","overlay-gradient":""}},"ast-content-background-meta":{"desktop":{"background-color":"var(--ast-global-color-5)","background-image":"","background-repeat":"repeat","background-position":"center center","background-size":"auto","background-attachment":"scroll","background-type":"","background-media":"","overlay-type":"","overlay-color":"","overlay-opacity":"","overlay-gradient":""},"tablet":{"background-color":"var(--ast-global-color-5)","background-image":"","background-repeat":"repeat","background-position":"center center","background-size":"auto","background-attachment":"scroll","background-type":"","background-media":"","overlay-type":"","overlay-color":"","overlay-opacity":"","overlay-gradient":""},"mobile":{"background-color":"var(--ast-global-color-5)","background-image":"","background-repeat":"repeat","background-position":"center center","background-size":"auto","background-attachment":"scroll","background-type":"","background-media":"","overlay-type":"","overlay-color":"","overlay-opacity":"","overlay-gradient":""}},"footnotes":""},"class_list":["post-2284","page","type-page","status-publish","hentry"],"translation":{"provider":"WPGlobus","version":"3.0.2","language":"en","enabled_languages":["de","en"],"languages":{"de":{"title":true,"content":true,"excerpt":false},"en":{"title":false,"content":false,"excerpt":false}}},"featured_image_urls_v2":{"full":"","thumbnail":"","medium":"","medium_large":"","large":"","1536x1536":"","2048x2048":""},"post_excerpt_stackable_v2":"<p>engl. Economy Der Konjunkturzyklus bezeichnet das wirtschaftliche Auf und Ab einer Volkswirtschaft und gibt Auskunft \u00fcber die konjunkturelle Lage eines Landes. Um langfristig die Konjunktur einordnen zu k\u00f6nnen, wird als Bezugsgr\u00f6\u00dfe das reale Bruttoinlandsprodukt genutzt. Der Konjunkturzyklus l\u00e4sst sich dabei in vier Phasen unterscheiden: Aufschwung: In dieser Phase erholt sich die Wirtschaft von der Depression. Es bessert sich die Stimmung der Wirtschaft und somit auch die wirtschaftliche Lage der einzelnen Unternehmen. Die gesamtwirtschaftliche Produktion steigt ebenso wie die Besch\u00e4ftigtenzahl an, au\u00dferdem sind zunehmende Auftragseing\u00e4nge zu verbuchen. Dadurch wiederum kann insgesamt nach und nach mehr konsumiert werden. Durch die steigende Nachfrage&hellip;<\/p>\n","category_list_v2":"","author_info_v2":{"name":"PrudentWater","url":"https:\/\/prudentwater.com\/en\/author\/niklas33\/"},"comments_num_v2":"0 comments","_links":{"self":[{"href":"https:\/\/prudentwater.com\/en\/wp-json\/wp\/v2\/pages\/2284","targetHints":{"allow":["GET"]}}],"collection":[{"href":"https:\/\/prudentwater.com\/en\/wp-json\/wp\/v2\/pages"}],"about":[{"href":"https:\/\/prudentwater.com\/en\/wp-json\/wp\/v2\/types\/page"}],"author":[{"embeddable":true,"href":"https:\/\/prudentwater.com\/en\/wp-json\/wp\/v2\/users\/1"}],"replies":[{"embeddable":true,"href":"https:\/\/prudentwater.com\/en\/wp-json\/wp\/v2\/comments?post=2284"}],"version-history":[{"count":0,"href":"https:\/\/prudentwater.com\/en\/wp-json\/wp\/v2\/pages\/2284\/revisions"}],"wp:attachment":[{"href":"https:\/\/prudentwater.com\/en\/wp-json\/wp\/v2\/media?parent=2284"}],"curies":[{"name":"wp","href":"https:\/\/api.w.org\/{rel}","templated":true}]}}