{"id":2285,"date":"2014-12-13T20:28:11","date_gmt":"2014-12-13T20:28:11","guid":{"rendered":"http:\/\/www.kunnskap.de\/?page_id=2285"},"modified":"2021-08-13T19:58:51","modified_gmt":"2021-08-13T17:58:51","slug":"insolvenz","status":"publish","type":"page","link":"https:\/\/prudentwater.com\/en\/insolvenz\/","title":{"rendered":"Insolvenz"},"content":{"rendered":"<p>engl. <strong>Insolvency<\/strong><\/p>\n<p>Mit dem Begriff Insolvenz wird die Zahlungsunf\u00e4higkeit eines Unternehmens oder einer Privatperson bezeichnet. Der Schuldner hat somit seine Zahlungen an die Gl\u00e4ubiger eingestellt, da er sie schlicht nicht mehr leisten kann. Ein Schuldner unterliegt Zahlungsverpflichtungen gegen\u00fcber seinen Gl\u00e4ubigern. Diesen Verpflichtungen kann er jedoch aufgrund fehlender Mittel nicht mehr nachkommen. In diesem Fall spricht man von einer Insolvenz.<br \/>\n<div class=\"perfect-pullquote vcard pullquote-align-full pullquote-border-placement-left\" style=\"border-color:#9cd3db !important;font-size:21px !important;\"><blockquote><p style=\"font-size:21px !important;\">In einer Mehrzahl von F\u00e4llen ist die Insolvenz eines Unternehmens auf Managementfehlern zur\u00fcckzuf\u00fchren.<\/p><\/blockquote><\/div><\/p>\n<p>Schon bereits eine drohende Insolvenz kann enorme Auswirkungen auf das Gesch\u00e4ft des Schuldners haben. Lieferanten und Kunden k\u00f6nnen sich aufgrund einer drohenden Insolvenz zur\u00fcckziehen, das operative Gesch\u00e4ft wird dadurch weiter gest\u00f6rt und ist nur noch stark eingeschr\u00e4nkt fortf\u00fchrbar, was schlie\u00dflich zur Verschlimmerung der finanziellen Lage f\u00fchrt. Zus\u00e4tzlich steigen in einer drohenden Insolvenz die Kapitalkosten drastisch an, da Fremdkapitalgeber nun f\u00fcr das erh\u00f6hte Risiko einen h\u00f6heren Zins fordern. Die Insolvenz ist zwar stets negativ behaftet, sie hat jedoch auch seine positiven Seiten und Vorteile. So k\u00f6nnen mit der Insolvenz Restrukturierungsma\u00dfnahmen durchgef\u00fchrt werden. Au\u00dferdem und entscheidend f\u00fcr unser gesellschaftliches Wirtschaftssystem, erf\u00fcllt die Insolvenz marktbereinigende Aufgaben, da durch die Insolvenz nicht-fortschrittliche und nicht-entwicklungsf\u00e4hige Unternehmen vom Markt verschwinden.<\/p>\n","protected":false},"excerpt":{"rendered":"<p>engl. Insolvency Mit dem Begriff Insolvenz wird die Zahlungsunf\u00e4higkeit eines Unternehmens oder einer Privatperson bezeichnet. Der Schuldner hat somit seine Zahlungen an die Gl\u00e4ubiger eingestellt, da er sie schlicht nicht mehr leisten kann. Ein Schuldner unterliegt Zahlungsverpflichtungen gegen\u00fcber seinen Gl\u00e4ubigern. Diesen Verpflichtungen kann er jedoch aufgrund fehlender Mittel nicht mehr nachkommen. In diesem Fall spricht [&hellip;]<\/p>\n","protected":false},"author":1,"featured_media":0,"parent":0,"menu_order":0,"comment_status":"closed","ping_status":"closed","template":"","meta":{"site-sidebar-layout":"default","site-content-layout":"default","ast-site-content-layout":"","site-content-style":"default","site-sidebar-style":"default","ast-global-header-display":"","ast-banner-title-visibility":"","ast-main-header-display":"","ast-hfb-above-header-display":"","ast-hfb-below-header-display":"","ast-hfb-mobile-header-display":"","site-post-title":"","ast-breadcrumbs-content":"","ast-featured-img":"","footer-sml-layout":"","theme-transparent-header-meta":"default","adv-header-id-meta":"","stick-header-meta":"","header-above-stick-meta":"","header-main-stick-meta":"","header-below-stick-meta":"","astra-migrate-meta-layouts":"default","ast-page-background-enabled":"default","ast-page-background-meta":{"desktop":{"background-color":"","background-image":"","background-repeat":"repeat","background-position":"center center","background-size":"auto","background-attachment":"scroll","background-type":"","background-media":"","overlay-type":"","overlay-color":"","overlay-opacity":"","overlay-gradient":""},"tablet":{"background-color":"","background-image":"","background-repeat":"repeat","background-position":"center center","background-size":"auto","background-attachment":"scroll","background-type":"","background-media":"","overlay-type":"","overlay-color":"","overlay-opacity":"","overlay-gradient":""},"mobile":{"background-color":"","background-image":"","background-repeat":"repeat","background-position":"center center","background-size":"auto","background-attachment":"scroll","background-type":"","background-media":"","overlay-type":"","overlay-color":"","overlay-opacity":"","overlay-gradient":""}},"ast-content-background-meta":{"desktop":{"background-color":"var(--ast-global-color-5)","background-image":"","background-repeat":"repeat","background-position":"center center","background-size":"auto","background-attachment":"scroll","background-type":"","background-media":"","overlay-type":"","overlay-color":"","overlay-opacity":"","overlay-gradient":""},"tablet":{"background-color":"var(--ast-global-color-5)","background-image":"","background-repeat":"repeat","background-position":"center center","background-size":"auto","background-attachment":"scroll","background-type":"","background-media":"","overlay-type":"","overlay-color":"","overlay-opacity":"","overlay-gradient":""},"mobile":{"background-color":"var(--ast-global-color-5)","background-image":"","background-repeat":"repeat","background-position":"center center","background-size":"auto","background-attachment":"scroll","background-type":"","background-media":"","overlay-type":"","overlay-color":"","overlay-opacity":"","overlay-gradient":""}},"footnotes":""},"class_list":["post-2285","page","type-page","status-publish","hentry"],"translation":{"provider":"WPGlobus","version":"3.0.2","language":"en","enabled_languages":["de","en"],"languages":{"de":{"title":true,"content":true,"excerpt":false},"en":{"title":false,"content":false,"excerpt":false}}},"featured_image_urls_v2":{"full":"","thumbnail":"","medium":"","medium_large":"","large":"","1536x1536":"","2048x2048":""},"post_excerpt_stackable_v2":"<p>engl. Insolvency Mit dem Begriff Insolvenz wird die Zahlungsunf\u00e4higkeit eines Unternehmens oder einer Privatperson bezeichnet. Der Schuldner hat somit seine Zahlungen an die Gl\u00e4ubiger eingestellt, da er sie schlicht nicht mehr leisten kann. Ein Schuldner unterliegt Zahlungsverpflichtungen gegen\u00fcber seinen Gl\u00e4ubigern. Diesen Verpflichtungen kann er jedoch aufgrund fehlender Mittel nicht mehr nachkommen. In diesem Fall spricht man von einer Insolvenz. In einer Mehrzahl von F\u00e4llen ist die Insolvenz eines Unternehmens auf Managementfehlern zur\u00fcckzuf\u00fchren. Schon bereits eine drohende Insolvenz kann enorme Auswirkungen auf das Gesch\u00e4ft des Schuldners haben. Lieferanten und Kunden k\u00f6nnen sich aufgrund einer drohenden Insolvenz zur\u00fcckziehen, das operative Gesch\u00e4ft wird&hellip;<\/p>\n","category_list_v2":"","author_info_v2":{"name":"PrudentWater","url":"https:\/\/prudentwater.com\/en\/author\/niklas33\/"},"comments_num_v2":"0 comments","_links":{"self":[{"href":"https:\/\/prudentwater.com\/en\/wp-json\/wp\/v2\/pages\/2285","targetHints":{"allow":["GET"]}}],"collection":[{"href":"https:\/\/prudentwater.com\/en\/wp-json\/wp\/v2\/pages"}],"about":[{"href":"https:\/\/prudentwater.com\/en\/wp-json\/wp\/v2\/types\/page"}],"author":[{"embeddable":true,"href":"https:\/\/prudentwater.com\/en\/wp-json\/wp\/v2\/users\/1"}],"replies":[{"embeddable":true,"href":"https:\/\/prudentwater.com\/en\/wp-json\/wp\/v2\/comments?post=2285"}],"version-history":[{"count":0,"href":"https:\/\/prudentwater.com\/en\/wp-json\/wp\/v2\/pages\/2285\/revisions"}],"wp:attachment":[{"href":"https:\/\/prudentwater.com\/en\/wp-json\/wp\/v2\/media?parent=2285"}],"curies":[{"name":"wp","href":"https:\/\/api.w.org\/{rel}","templated":true}]}}