{"id":2286,"date":"2014-12-13T19:56:38","date_gmt":"2014-12-13T19:56:38","guid":{"rendered":"http:\/\/www.kunnskap.de\/?page_id=2286"},"modified":"2021-06-25T12:50:10","modified_gmt":"2021-06-25T10:50:10","slug":"schulter-kopf-schulter-formation","status":"publish","type":"page","link":"https:\/\/prudentwater.com\/en\/schulter-kopf-schulter-formation\/","title":{"rendered":"Schulter-Kopf-Schulter-Formation"},"content":{"rendered":"<p>Auch <strong>S-K-S-Formation<\/strong><br \/>\nengl. <strong>Head and Shoulders Pattern<\/strong><\/p>\n<p>Die Schulter-Kopf-Schulter-Formation ist eine Chartfigur aus der technischen Analyse und wird auch als Trendumkehrformation bezeichnet. Mit ihr soll somit die Umkehr eines vorher g\u00fcltigen Trendes sichtbar gemacht werden. Sobald der Kurs dabei die sogenannte Nackenlinie (Verbindung zwischen den beiden Zwischentiefs bzw. Zwischenhochs) durchbricht, wird dies als Umkehrsignal und dementsprechend als Verkaufssignal bzw. Kaufsignal gewertet. Die S-K-S-Formation ist ein Signal f\u00fcr sinkende Kurse, wenn sie am Ende eines mittel- bis langfristigen Aufw\u00e4rtstrendes erscheint. Die rechte Schulter kann dabei bereits als Beginn eines Abw\u00e4rtstrendes interpretiert werden, wenn auch der Kurs im Anschluss die Nackenlinie nach unten hin durchbricht. Die S-K-S-Formation ist jedoch dann ein Signal f\u00fcr steigende Kurse, wenn die Chartformation nach einer l\u00e4nger anhaltenden Abw\u00e4rtsbewegung erscheint.<br \/>\nDar\u00fcber hinaus gilt, dass je mehr Ber\u00fchrungspunkte die Nackenlinie mit dem Kurs aufweist und je waagerechter sie verl\u00e4uft, desto markanter muss ein Durchbruch durch diese Linie bewertet werden.<br \/>\nFindet nach dem Durchbruch der Nackenlinie eine Trendumkehr statt, kann die S-K-S-Formation Hinweise \u00fcber die Dauer der Trendumkehr geben. Dazu muss die Differenz zwischen Nackenlinie und Spitze der S-K-S Formation in die entgegengesetzte Richtung abgetragen werden. Dadurch ergibt sich das minimale Ausma\u00df der Trendumkehr. Bei einer Schulter-Kopf-Schulter-Formation, die nach einem l\u00e4nger anhaltenden Aufw\u00e4rtstrend erscheint und eine m\u00f6glicherweise bevorstehende Abw\u00e4rtsbewegung signalisiert, muss die Differenz von Nackenlinie bis Spitze des Kopfes ausgehend von der Nackenlinie nach unten abgetragen werden, um das minimale untere Preisziel prognostizieren zu k\u00f6nnen. <\/p>\n","protected":false},"excerpt":{"rendered":"<p>Auch S-K-S-Formation engl. Head and Shoulders Pattern Die Schulter-Kopf-Schulter-Formation ist eine Chartfigur aus der technischen Analyse und wird auch als Trendumkehrformation bezeichnet. Mit ihr soll somit die Umkehr eines vorher g\u00fcltigen Trendes sichtbar gemacht werden. Sobald der Kurs dabei die sogenannte Nackenlinie (Verbindung zwischen den beiden Zwischentiefs bzw. Zwischenhochs) durchbricht, wird dies als Umkehrsignal und [&hellip;]<\/p>\n","protected":false},"author":1,"featured_media":0,"parent":0,"menu_order":0,"comment_status":"closed","ping_status":"closed","template":"","meta":{"site-sidebar-layout":"default","site-content-layout":"","ast-site-content-layout":"","site-content-style":"default","site-sidebar-style":"default","ast-global-header-display":"","ast-banner-title-visibility":"","ast-main-header-display":"","ast-hfb-above-header-display":"","ast-hfb-below-header-display":"","ast-hfb-mobile-header-display":"","site-post-title":"","ast-breadcrumbs-content":"","ast-featured-img":"","footer-sml-layout":"","theme-transparent-header-meta":"","adv-header-id-meta":"","stick-header-meta":"","header-above-stick-meta":"","header-main-stick-meta":"","header-below-stick-meta":"","astra-migrate-meta-layouts":"default","ast-page-background-enabled":"default","ast-page-background-meta":{"desktop":{"background-color":"","background-image":"","background-repeat":"repeat","background-position":"center center","background-size":"auto","background-attachment":"scroll","background-type":"","background-media":"","overlay-type":"","overlay-color":"","overlay-opacity":"","overlay-gradient":""},"tablet":{"background-color":"","background-image":"","background-repeat":"repeat","background-position":"center center","background-size":"auto","background-attachment":"scroll","background-type":"","background-media":"","overlay-type":"","overlay-color":"","overlay-opacity":"","overlay-gradient":""},"mobile":{"background-color":"","background-image":"","background-repeat":"repeat","background-position":"center center","background-size":"auto","background-attachment":"scroll","background-type":"","background-media":"","overlay-type":"","overlay-color":"","overlay-opacity":"","overlay-gradient":""}},"ast-content-background-meta":{"desktop":{"background-color":"var(--ast-global-color-5)","background-image":"","background-repeat":"repeat","background-position":"center center","background-size":"auto","background-attachment":"scroll","background-type":"","background-media":"","overlay-type":"","overlay-color":"","overlay-opacity":"","overlay-gradient":""},"tablet":{"background-color":"var(--ast-global-color-5)","background-image":"","background-repeat":"repeat","background-position":"center center","background-size":"auto","background-attachment":"scroll","background-type":"","background-media":"","overlay-type":"","overlay-color":"","overlay-opacity":"","overlay-gradient":""},"mobile":{"background-color":"var(--ast-global-color-5)","background-image":"","background-repeat":"repeat","background-position":"center center","background-size":"auto","background-attachment":"scroll","background-type":"","background-media":"","overlay-type":"","overlay-color":"","overlay-opacity":"","overlay-gradient":""}},"footnotes":""},"class_list":["post-2286","page","type-page","status-publish","hentry"],"translation":{"provider":"WPGlobus","version":"3.0.2","language":"en","enabled_languages":["de","en"],"languages":{"de":{"title":true,"content":true,"excerpt":false},"en":{"title":false,"content":false,"excerpt":false}}},"featured_image_urls_v2":{"full":"","thumbnail":"","medium":"","medium_large":"","large":"","1536x1536":"","2048x2048":""},"post_excerpt_stackable_v2":"<p>Auch S-K-S-Formation engl. Head and Shoulders Pattern Die Schulter-Kopf-Schulter-Formation ist eine Chartfigur aus der technischen Analyse und wird auch als Trendumkehrformation bezeichnet. Mit ihr soll somit die Umkehr eines vorher g\u00fcltigen Trendes sichtbar gemacht werden. Sobald der Kurs dabei die sogenannte Nackenlinie (Verbindung zwischen den beiden Zwischentiefs bzw. Zwischenhochs) durchbricht, wird dies als Umkehrsignal und dementsprechend als Verkaufssignal bzw. Kaufsignal gewertet. Die S-K-S-Formation ist ein Signal f\u00fcr sinkende Kurse, wenn sie am Ende eines mittel- bis langfristigen Aufw\u00e4rtstrendes erscheint. Die rechte Schulter kann dabei bereits als Beginn eines Abw\u00e4rtstrendes interpretiert werden, wenn auch der Kurs im Anschluss die Nackenlinie nach&hellip;<\/p>\n","category_list_v2":"","author_info_v2":{"name":"PrudentWater","url":"https:\/\/prudentwater.com\/en\/author\/niklas33\/"},"comments_num_v2":"0 comments","_links":{"self":[{"href":"https:\/\/prudentwater.com\/en\/wp-json\/wp\/v2\/pages\/2286","targetHints":{"allow":["GET"]}}],"collection":[{"href":"https:\/\/prudentwater.com\/en\/wp-json\/wp\/v2\/pages"}],"about":[{"href":"https:\/\/prudentwater.com\/en\/wp-json\/wp\/v2\/types\/page"}],"author":[{"embeddable":true,"href":"https:\/\/prudentwater.com\/en\/wp-json\/wp\/v2\/users\/1"}],"replies":[{"embeddable":true,"href":"https:\/\/prudentwater.com\/en\/wp-json\/wp\/v2\/comments?post=2286"}],"version-history":[{"count":0,"href":"https:\/\/prudentwater.com\/en\/wp-json\/wp\/v2\/pages\/2286\/revisions"}],"wp:attachment":[{"href":"https:\/\/prudentwater.com\/en\/wp-json\/wp\/v2\/media?parent=2286"}],"curies":[{"name":"wp","href":"https:\/\/api.w.org\/{rel}","templated":true}]}}