{"id":2314,"date":"2014-12-14T11:44:50","date_gmt":"2014-12-14T11:44:50","guid":{"rendered":"http:\/\/www.kunnskap.de\/?page_id=2314"},"modified":"2021-09-27T13:11:28","modified_gmt":"2021-09-27T11:11:28","slug":"kurs","status":"publish","type":"page","link":"https:\/\/prudentwater.com\/en\/kurs\/","title":{"rendered":"Kurs"},"content":{"rendered":"<p>engl. <strong>Market Price<\/strong><\/p>\n<p>Der Kurs ist der aktuelle Preis f\u00fcr ein Wertpapier, welches an der B\u00f6rse gehandelt wird. Bei Anleihen und Aktien wird der Kurs durch Angebot und Nachfrage bestimmt. Bei einer Anleihe wird der Kurs in Prozent ausgedr\u00fcckt. Der Nominalwert einer Anleihe betr\u00e4gt 100 %, der Kurs weicht in der Regel jedoch davon ab. Liegt der Kurs einer Anleihe bei 95 %, so muss der Anleger f\u00fcr einen Nominalwert von z.B. 1000 Euro lediglich 950 Euro bezahlen, erh\u00e4lt trotzdem bei F\u00e4lligkeit den Nominalwert (1000 Euro). Der Kurs eines Investmentsfonds oder eines ETF&#8217;s wird jedoch hingegen nicht durch Angebot und Nachfrage bestimmt, sondern durch die Kursentwicklung der in dem Fonds enthaltenen Wertpapiere. Im Wertpapierhandel selbst ist der Geldkurs der aktuell h\u00f6chste Preis, den ein K\u00e4ufer an der B\u00f6rse f\u00fcr das jeweilige Wertpapier bereit ist zu bezahlen. Der Briefkurs hingegen ist der aktuell niedrigste Preis, zu dem ein Verk\u00e4ufer bereit ist, das Wertpapier zu verkaufen.<\/p>\n","protected":false},"excerpt":{"rendered":"<p>engl. Market Price Der Kurs ist der aktuelle Preis f\u00fcr ein Wertpapier, welches an der B\u00f6rse gehandelt wird. Bei Anleihen und Aktien wird der Kurs durch Angebot und Nachfrage bestimmt. Bei einer Anleihe wird der Kurs in Prozent ausgedr\u00fcckt. Der Nominalwert einer Anleihe betr\u00e4gt 100 %, der Kurs weicht in der Regel jedoch davon ab. [&hellip;]<\/p>\n","protected":false},"author":1,"featured_media":0,"parent":0,"menu_order":0,"comment_status":"closed","ping_status":"closed","template":"","meta":{"site-sidebar-layout":"default","site-content-layout":"default","ast-site-content-layout":"","site-content-style":"default","site-sidebar-style":"default","ast-global-header-display":"","ast-banner-title-visibility":"","ast-main-header-display":"","ast-hfb-above-header-display":"","ast-hfb-below-header-display":"","ast-hfb-mobile-header-display":"","site-post-title":"","ast-breadcrumbs-content":"","ast-featured-img":"","footer-sml-layout":"","theme-transparent-header-meta":"default","adv-header-id-meta":"","stick-header-meta":"","header-above-stick-meta":"","header-main-stick-meta":"","header-below-stick-meta":"","astra-migrate-meta-layouts":"default","ast-page-background-enabled":"default","ast-page-background-meta":{"desktop":{"background-color":"","background-image":"","background-repeat":"repeat","background-position":"center center","background-size":"auto","background-attachment":"scroll","background-type":"","background-media":"","overlay-type":"","overlay-color":"","overlay-opacity":"","overlay-gradient":""},"tablet":{"background-color":"","background-image":"","background-repeat":"repeat","background-position":"center center","background-size":"auto","background-attachment":"scroll","background-type":"","background-media":"","overlay-type":"","overlay-color":"","overlay-opacity":"","overlay-gradient":""},"mobile":{"background-color":"","background-image":"","background-repeat":"repeat","background-position":"center center","background-size":"auto","background-attachment":"scroll","background-type":"","background-media":"","overlay-type":"","overlay-color":"","overlay-opacity":"","overlay-gradient":""}},"ast-content-background-meta":{"desktop":{"background-color":"var(--ast-global-color-5)","background-image":"","background-repeat":"repeat","background-position":"center center","background-size":"auto","background-attachment":"scroll","background-type":"","background-media":"","overlay-type":"","overlay-color":"","overlay-opacity":"","overlay-gradient":""},"tablet":{"background-color":"var(--ast-global-color-5)","background-image":"","background-repeat":"repeat","background-position":"center center","background-size":"auto","background-attachment":"scroll","background-type":"","background-media":"","overlay-type":"","overlay-color":"","overlay-opacity":"","overlay-gradient":""},"mobile":{"background-color":"var(--ast-global-color-5)","background-image":"","background-repeat":"repeat","background-position":"center center","background-size":"auto","background-attachment":"scroll","background-type":"","background-media":"","overlay-type":"","overlay-color":"","overlay-opacity":"","overlay-gradient":""}},"footnotes":""},"class_list":["post-2314","page","type-page","status-publish","hentry"],"translation":{"provider":"WPGlobus","version":"3.0.2","language":"en","enabled_languages":["de","en"],"languages":{"de":{"title":true,"content":true,"excerpt":false},"en":{"title":false,"content":false,"excerpt":false}}},"featured_image_urls_v2":{"full":"","thumbnail":"","medium":"","medium_large":"","large":"","1536x1536":"","2048x2048":""},"post_excerpt_stackable_v2":"<p>engl. Market Price Der Kurs ist der aktuelle Preis f\u00fcr ein Wertpapier, welches an der B\u00f6rse gehandelt wird. Bei Anleihen und Aktien wird der Kurs durch Angebot und Nachfrage bestimmt. Bei einer Anleihe wird der Kurs in Prozent ausgedr\u00fcckt. Der Nominalwert einer Anleihe betr\u00e4gt 100 %, der Kurs weicht in der Regel jedoch davon ab. Liegt der Kurs einer Anleihe bei 95 %, so muss der Anleger f\u00fcr einen Nominalwert von z.B. 1000 Euro lediglich 950 Euro bezahlen, erh\u00e4lt trotzdem bei F\u00e4lligkeit den Nominalwert (1000 Euro). Der Kurs eines Investmentsfonds oder eines ETF&#8217;s wird jedoch hingegen nicht durch Angebot und&hellip;<\/p>\n","category_list_v2":"","author_info_v2":{"name":"PrudentWater","url":"https:\/\/prudentwater.com\/en\/author\/niklas33\/"},"comments_num_v2":"0 comments","_links":{"self":[{"href":"https:\/\/prudentwater.com\/en\/wp-json\/wp\/v2\/pages\/2314","targetHints":{"allow":["GET"]}}],"collection":[{"href":"https:\/\/prudentwater.com\/en\/wp-json\/wp\/v2\/pages"}],"about":[{"href":"https:\/\/prudentwater.com\/en\/wp-json\/wp\/v2\/types\/page"}],"author":[{"embeddable":true,"href":"https:\/\/prudentwater.com\/en\/wp-json\/wp\/v2\/users\/1"}],"replies":[{"embeddable":true,"href":"https:\/\/prudentwater.com\/en\/wp-json\/wp\/v2\/comments?post=2314"}],"version-history":[{"count":0,"href":"https:\/\/prudentwater.com\/en\/wp-json\/wp\/v2\/pages\/2314\/revisions"}],"wp:attachment":[{"href":"https:\/\/prudentwater.com\/en\/wp-json\/wp\/v2\/media?parent=2314"}],"curies":[{"name":"wp","href":"https:\/\/api.w.org\/{rel}","templated":true}]}}