{"id":233,"date":"2014-08-19T14:20:14","date_gmt":"2014-08-19T14:20:14","guid":{"rendered":"http:\/\/www.kunnskap.de\/?page_id=233"},"modified":"2021-06-25T12:48:19","modified_gmt":"2021-06-25T10:48:19","slug":"aus-dem-geld","status":"publish","type":"page","link":"https:\/\/prudentwater.com\/en\/aus-dem-geld\/","title":{"rendered":"Aus dem Geld"},"content":{"rendered":"<p>engl. <strong>Out of the Money<\/strong><\/p>\n<p>Ist eine Option aus dem Geld, so hat sie einen inneren Wert von Null &#8211; die Option ist zu dem Zeitpunkt somit wertlos. Je weiter eine Option aus dem Geld liegt, desto risikoreicher ist es diese zu kaufen und entsprechend h\u00f6her das Risiko eines Totalverlustes. Sowohl eine Call Option als auch eine Put Option kann sich aus dem Geld befinden.<\/p>\n<h4>Eine Call Option ist aus dem Geld<\/h4>\n<p>Der Basispreis des Calls liegt \u00fcber dem Kurs des Basiswertes. Betr\u00e4gt der Basispreis des Calls beispielsweise 30 Euro, notiert der Kurs des Basiswertes (z.B. Aktie) aber unter 30 Euro, so ist der Call aus dem Geld. Ein Call-Optionsschein, welcher aus dem Geld ist, hat zu dem Zeitpunkt keinen Wert, da der aktuelle Kurs des Basiswertes geringer ist als der Preis, zu dem man den Basiswert mittels Optionsschein erwerben kann. Wenn der Basispreis des Optionsscheines bei 30 Euro liegt, der Basiswert momentan jedoch f\u00fcr 26 Euro gehandelt wird, macht es wenig Sinn, den Optionsschein auszu\u00fcben, da die Aktie zu dem Zeitpunkt 4 Euro g\u00fcnstiger \u00fcber die B\u00f6rse gekauft werden kann. Der Optionsschein hat jedoch noch einen Wert &#8211; und zwar den Zeitwert. Denn es besteht die M\u00f6glichkeit, dass die Aktie w\u00e4hrend der Laufzeit des Optionsscheines auf z.b. 35 Euro steigt. Somit w\u00fcrde einen Gewinn von 5 Euro pro Option bei der Aus\u00fcbung erzielt werden. Zus\u00e4tzlich m\u00fcsste dann jedoch noch die Optionspr\u00e4mie von dem Gewinn abgezogen werden, da diese beim Kauf des Calls entrichtet wurde.<\/p>\n<hr>\n<h4>Eine Put Option ist aus dem Geld<\/h4>\n<p>Der Basispreis der Put Option liegt unter dem Kurs des Basiswertes. Betr\u00e4gt der Basispreis des Puts beispielsweise 30 Euro, notiert der Kurs der Aktie aber \u00fcber 30 Euro, so ist der Put aus dem Geld. Geht man jedoch davon aus, dass der Kurs der Aktie innerhalb der Laufzeit des Optionsscheins unter 30 Euro f\u00e4llt, kann es Sinn machen, den Put Schein zu kaufen. F\u00e4llt der Aktienkurs anschlie\u00dfend tats\u00e4chlich auf z.b. 22 Euro, geht der Aus dem Geld-Put \u00fcber zu einem Im Geld-Put und der Gewinn w\u00e4re realisiert. Nun hat man n\u00e4hmlich das Recht, die Aktie f\u00fcr 30 Euro zu verkaufen, obwohl der Aktienkurs bereits nur noch 22 Euro betr\u00e4gt. Ein Gewinn von 8 Euro pro Option w\u00e4re somit realisiert. Auch hier m\u00fcsste dann jedoch noch die Optionspr\u00e4mie von den Gewinn abgezogen werden, da diese beim Kauf des Puts entrichtet wurde.<\/p>\n","protected":false},"excerpt":{"rendered":"<p>engl. Out of the Money Ist eine Option aus dem Geld, so hat sie einen inneren Wert von Null &#8211; die Option ist zu dem Zeitpunkt somit wertlos. Je weiter eine Option aus dem Geld liegt, desto risikoreicher ist es diese zu kaufen und entsprechend h\u00f6her das Risiko eines Totalverlustes. Sowohl eine Call Option als [&hellip;]<\/p>\n","protected":false},"author":1,"featured_media":0,"parent":0,"menu_order":0,"comment_status":"closed","ping_status":"closed","template":"","meta":{"site-sidebar-layout":"default","site-content-layout":"","ast-site-content-layout":"","site-content-style":"default","site-sidebar-style":"default","ast-global-header-display":"","ast-banner-title-visibility":"","ast-main-header-display":"","ast-hfb-above-header-display":"","ast-hfb-below-header-display":"","ast-hfb-mobile-header-display":"","site-post-title":"","ast-breadcrumbs-content":"","ast-featured-img":"","footer-sml-layout":"","theme-transparent-header-meta":"","adv-header-id-meta":"","stick-header-meta":"","header-above-stick-meta":"","header-main-stick-meta":"","header-below-stick-meta":"","astra-migrate-meta-layouts":"default","ast-page-background-enabled":"default","ast-page-background-meta":{"desktop":{"background-color":"","background-image":"","background-repeat":"repeat","background-position":"center center","background-size":"auto","background-attachment":"scroll","background-type":"","background-media":"","overlay-type":"","overlay-color":"","overlay-opacity":"","overlay-gradient":""},"tablet":{"background-color":"","background-image":"","background-repeat":"repeat","background-position":"center center","background-size":"auto","background-attachment":"scroll","background-type":"","background-media":"","overlay-type":"","overlay-color":"","overlay-opacity":"","overlay-gradient":""},"mobile":{"background-color":"","background-image":"","background-repeat":"repeat","background-position":"center center","background-size":"auto","background-attachment":"scroll","background-type":"","background-media":"","overlay-type":"","overlay-color":"","overlay-opacity":"","overlay-gradient":""}},"ast-content-background-meta":{"desktop":{"background-color":"var(--ast-global-color-5)","background-image":"","background-repeat":"repeat","background-position":"center center","background-size":"auto","background-attachment":"scroll","background-type":"","background-media":"","overlay-type":"","overlay-color":"","overlay-opacity":"","overlay-gradient":""},"tablet":{"background-color":"var(--ast-global-color-5)","background-image":"","background-repeat":"repeat","background-position":"center center","background-size":"auto","background-attachment":"scroll","background-type":"","background-media":"","overlay-type":"","overlay-color":"","overlay-opacity":"","overlay-gradient":""},"mobile":{"background-color":"var(--ast-global-color-5)","background-image":"","background-repeat":"repeat","background-position":"center center","background-size":"auto","background-attachment":"scroll","background-type":"","background-media":"","overlay-type":"","overlay-color":"","overlay-opacity":"","overlay-gradient":""}},"footnotes":""},"class_list":["post-233","page","type-page","status-publish","hentry"],"translation":{"provider":"WPGlobus","version":"3.0.2","language":"en","enabled_languages":["de","en"],"languages":{"de":{"title":true,"content":true,"excerpt":false},"en":{"title":false,"content":false,"excerpt":false}}},"featured_image_urls_v2":{"full":"","thumbnail":"","medium":"","medium_large":"","large":"","1536x1536":"","2048x2048":""},"post_excerpt_stackable_v2":"<p>engl. Out of the Money Ist eine Option aus dem Geld, so hat sie einen inneren Wert von Null &#8211; die Option ist zu dem Zeitpunkt somit wertlos. Je weiter eine Option aus dem Geld liegt, desto risikoreicher ist es diese zu kaufen und entsprechend h\u00f6her das Risiko eines Totalverlustes. Sowohl eine Call Option als auch eine Put Option kann sich aus dem Geld befinden. Eine Call Option ist aus dem Geld Der Basispreis des Calls liegt \u00fcber dem Kurs des Basiswertes. Betr\u00e4gt der Basispreis des Calls beispielsweise 30 Euro, notiert der Kurs des Basiswertes (z.B. Aktie) aber unter 30&hellip;<\/p>\n","category_list_v2":"","author_info_v2":{"name":"PrudentWater","url":"https:\/\/prudentwater.com\/en\/author\/niklas33\/"},"comments_num_v2":"0 comments","_links":{"self":[{"href":"https:\/\/prudentwater.com\/en\/wp-json\/wp\/v2\/pages\/233","targetHints":{"allow":["GET"]}}],"collection":[{"href":"https:\/\/prudentwater.com\/en\/wp-json\/wp\/v2\/pages"}],"about":[{"href":"https:\/\/prudentwater.com\/en\/wp-json\/wp\/v2\/types\/page"}],"author":[{"embeddable":true,"href":"https:\/\/prudentwater.com\/en\/wp-json\/wp\/v2\/users\/1"}],"replies":[{"embeddable":true,"href":"https:\/\/prudentwater.com\/en\/wp-json\/wp\/v2\/comments?post=233"}],"version-history":[{"count":0,"href":"https:\/\/prudentwater.com\/en\/wp-json\/wp\/v2\/pages\/233\/revisions"}],"wp:attachment":[{"href":"https:\/\/prudentwater.com\/en\/wp-json\/wp\/v2\/media?parent=233"}],"curies":[{"name":"wp","href":"https:\/\/api.w.org\/{rel}","templated":true}]}}