{"id":2346,"date":"2014-12-15T21:26:49","date_gmt":"2014-12-15T21:26:49","guid":{"rendered":"http:\/\/www.kunnskap.de\/?page_id=2346"},"modified":"2022-04-07T09:30:06","modified_gmt":"2022-04-07T07:30:06","slug":"leerverkauf","status":"publish","type":"page","link":"https:\/\/prudentwater.com\/en\/leerverkauf\/","title":{"rendered":"Leerverkauf"},"content":{"rendered":"<p>Auch <b>Short Gehen<\/b><br \/>\nengl. <b>Short Sale<\/b> oder <b>Short Selling<\/b><\/p>\n<p>Bei einem Leerverkauf verkauft ein Trader Aktien, obwohl sich diese gar nicht in seinem Besitz befinden. Daf\u00fcr leiht er sich die jeweiligen Aktien vorab, um sie dann direkt am Markt weiterzuverkaufen. Bei einem Leerverkauf wird darauf spekuliert, dass der Kurs der Aktie w\u00e4hrend der Dauer des Leerverkaufes fallen wird. Geschieht dies, kann der Trader seine offene Position durch eine sogenannte Glattstellung liquidieren und somit einen Gewinn erzielen.<\/p>\n<h3>Ablauf eines Leerverkaufes<\/h3>\n<p>Ein Leerverkauf entsteht, wenn der Trader glaubt, dass der Preis einer Aktie fallen wird. Daraufhin leiht er sich die Aktien gegen eine Geb\u00fchr (ca. 2 % des Aktienwertes) bei einem anderen Marktteilnehmer, verkauft diese jedoch anschlie\u00dfend \u00fcber die B\u00f6rse sofort weiter an eine dritte Person und hofft nun, dass er die Aktien sp\u00e4ter zu einem g\u00fcnstigeren Kurs am Markt zur\u00fcckkaufen kann. Die Absicht eines Leerverkaufes besteht darin, die Aktie sp\u00e4ter billiger zur\u00fcckkaufen zu k\u00f6nnen als zu jenem Kurs, zu dem sich der Trader die Aktie ausgeliehen hat. So entsteht ein Gewinn in Form der Differenz zwischen Verkaufs- und Kaufpreis.<\/p>\n<h3>Beispiel<\/h3>\n<p>Hat ein Marktteilnehmer sich eine Aktie f\u00fcr beispielsweise 30,00 Euro pro St\u00fcck geliehen und diese sofort zum gleichen Preis an der B\u00f6rse weiterverkauft, so hofft er nun, dass der Kurs bei Glattstellung unter den 30,00 Euro notiert. Kann er tats\u00e4chlich die Aktie einige Tage sp\u00e4ter f\u00fcr beispielsweise 26,00 Euro pro St\u00fcck an Markt kaufen, erzielt er einen Gewinn von 4,00 Euro pro St\u00fcck. Nun kann er die Aktien an der B\u00f6rse f\u00fcr 26,00 Euro einkaufen und dem urspr\u00fcnglichen Verleiher zur\u00fcckgeben. Der Leerverkauf ist dann glattgestellt und der Anleger konnte mit dieser Anlagestrategie einen Gewinn erzielen unter Ber\u00fccksichtigung der prozentualen Geb\u00fchr f\u00fcr das Ausleihen der Aktien.<\/p>\n<h3>Vor- und Nachteile des Leerverkaufes<\/h3>\n<p>Leerverk\u00e4ufe stehen schon l\u00e4nger und sp\u00e4testens seit der Finanzkrise von 2007 in der Kritik, weil sie als eine Art Brandbeschleuniger inmitten von fallenden Aktienkursen angesehen werden. Deswegen werden sie in manchen Marktsituationen auch verboten, sodass Leerverk\u00e4ufe dann nicht m\u00f6glich sind. Leerverk\u00e4ufe an sich haben f\u00fcr den Markt jedoch auch positive Eigenschaften. Zun\u00e4chst bieten Leerverk\u00e4ufe ein teilweises Ausgleichsmittel zu dem von Unternehmens- und Analystenseite dauernd anhaltenden positiven Nachrichten- und Aussichtentrend. Sie dienen somit als eine Art Gegenpol, um die Erwartungen des Marktes f\u00fcr das jeweilige Wertpapier in Balance zu halten. Leerverk\u00e4ufe erh\u00f6hen jedoch aber auch die Liquidit\u00e4t an der B\u00f6rse f\u00fcr das entsprechende Wertpapier. Dies gilt besonders dann, wenn K\u00e4ufer einen illiquiden Aktienkurs in die H\u00f6he treiben, was von Unternehmen dann dazu genutzt werden kann, neue Aktien zu einer unrealistischen Bewertung zu emittieren. Die M\u00e4rkte sind dann oft auf Leerverk\u00e4ufe angewiesen, um die andere Seite des Handels zu \u00fcbernehmen und f\u00fcr eine einigerma\u00dfen ausbalancierte Kursentwicklung zu sorgen.<\/p>\n","protected":false},"excerpt":{"rendered":"<p>Auch Short Gehen engl. Short Sale oder Short Selling Bei einem Leerverkauf verkauft ein Trader Aktien, obwohl sich diese gar nicht in seinem Besitz befinden. Daf\u00fcr leiht er sich die jeweiligen Aktien vorab, um sie dann direkt am Markt weiterzuverkaufen. Bei einem Leerverkauf wird darauf spekuliert, dass der Kurs der Aktie w\u00e4hrend der Dauer des [&hellip;]<\/p>\n","protected":false},"author":1,"featured_media":0,"parent":0,"menu_order":0,"comment_status":"closed","ping_status":"closed","template":"","meta":{"site-sidebar-layout":"default","site-content-layout":"","ast-site-content-layout":"","site-content-style":"default","site-sidebar-style":"default","ast-global-header-display":"","ast-banner-title-visibility":"","ast-main-header-display":"","ast-hfb-above-header-display":"","ast-hfb-below-header-display":"","ast-hfb-mobile-header-display":"","site-post-title":"","ast-breadcrumbs-content":"","ast-featured-img":"","footer-sml-layout":"","theme-transparent-header-meta":"","adv-header-id-meta":"","stick-header-meta":"","header-above-stick-meta":"","header-main-stick-meta":"","header-below-stick-meta":"","astra-migrate-meta-layouts":"default","ast-page-background-enabled":"default","ast-page-background-meta":{"desktop":{"background-color":"","background-image":"","background-repeat":"repeat","background-position":"center center","background-size":"auto","background-attachment":"scroll","background-type":"","background-media":"","overlay-type":"","overlay-color":"","overlay-opacity":"","overlay-gradient":""},"tablet":{"background-color":"","background-image":"","background-repeat":"repeat","background-position":"center center","background-size":"auto","background-attachment":"scroll","background-type":"","background-media":"","overlay-type":"","overlay-color":"","overlay-opacity":"","overlay-gradient":""},"mobile":{"background-color":"","background-image":"","background-repeat":"repeat","background-position":"center center","background-size":"auto","background-attachment":"scroll","background-type":"","background-media":"","overlay-type":"","overlay-color":"","overlay-opacity":"","overlay-gradient":""}},"ast-content-background-meta":{"desktop":{"background-color":"var(--ast-global-color-5)","background-image":"","background-repeat":"repeat","background-position":"center center","background-size":"auto","background-attachment":"scroll","background-type":"","background-media":"","overlay-type":"","overlay-color":"","overlay-opacity":"","overlay-gradient":""},"tablet":{"background-color":"var(--ast-global-color-5)","background-image":"","background-repeat":"repeat","background-position":"center center","background-size":"auto","background-attachment":"scroll","background-type":"","background-media":"","overlay-type":"","overlay-color":"","overlay-opacity":"","overlay-gradient":""},"mobile":{"background-color":"var(--ast-global-color-5)","background-image":"","background-repeat":"repeat","background-position":"center center","background-size":"auto","background-attachment":"scroll","background-type":"","background-media":"","overlay-type":"","overlay-color":"","overlay-opacity":"","overlay-gradient":""}},"footnotes":""},"class_list":["post-2346","page","type-page","status-publish","hentry"],"translation":{"provider":"WPGlobus","version":"3.0.2","language":"en","enabled_languages":["de","en"],"languages":{"de":{"title":true,"content":true,"excerpt":false},"en":{"title":false,"content":false,"excerpt":false}}},"featured_image_urls_v2":{"full":"","thumbnail":"","medium":"","medium_large":"","large":"","1536x1536":"","2048x2048":""},"post_excerpt_stackable_v2":"<p>Auch Short Gehen engl. Short Sale oder Short Selling Bei einem Leerverkauf verkauft ein Trader Aktien, obwohl sich diese gar nicht in seinem Besitz befinden. Daf\u00fcr leiht er sich die jeweiligen Aktien vorab, um sie dann direkt am Markt weiterzuverkaufen. Bei einem Leerverkauf wird darauf spekuliert, dass der Kurs der Aktie w\u00e4hrend der Dauer des Leerverkaufes fallen wird. Geschieht dies, kann der Trader seine offene Position durch eine sogenannte Glattstellung liquidieren und somit einen Gewinn erzielen. Ablauf eines Leerverkaufes Ein Leerverkauf entsteht, wenn der Trader glaubt, dass der Preis einer Aktie fallen wird. Daraufhin leiht er sich die Aktien gegen&hellip;<\/p>\n","category_list_v2":"","author_info_v2":{"name":"PrudentWater","url":"https:\/\/prudentwater.com\/en\/author\/niklas33\/"},"comments_num_v2":"0 comments","_links":{"self":[{"href":"https:\/\/prudentwater.com\/en\/wp-json\/wp\/v2\/pages\/2346","targetHints":{"allow":["GET"]}}],"collection":[{"href":"https:\/\/prudentwater.com\/en\/wp-json\/wp\/v2\/pages"}],"about":[{"href":"https:\/\/prudentwater.com\/en\/wp-json\/wp\/v2\/types\/page"}],"author":[{"embeddable":true,"href":"https:\/\/prudentwater.com\/en\/wp-json\/wp\/v2\/users\/1"}],"replies":[{"embeddable":true,"href":"https:\/\/prudentwater.com\/en\/wp-json\/wp\/v2\/comments?post=2346"}],"version-history":[{"count":0,"href":"https:\/\/prudentwater.com\/en\/wp-json\/wp\/v2\/pages\/2346\/revisions"}],"wp:attachment":[{"href":"https:\/\/prudentwater.com\/en\/wp-json\/wp\/v2\/media?parent=2346"}],"curies":[{"name":"wp","href":"https:\/\/api.w.org\/{rel}","templated":true}]}}