{"id":2365,"date":"2014-12-16T21:33:01","date_gmt":"2014-12-16T21:33:01","guid":{"rendered":"http:\/\/www.kunnskap.de\/?page_id=2365"},"modified":"2021-06-25T12:49:35","modified_gmt":"2021-06-25T10:49:35","slug":"margin","status":"publish","type":"page","link":"https:\/\/prudentwater.com\/en\/margin\/","title":{"rendered":"Margin"},"content":{"rendered":"<p>Als Margin wird jener Geldbetrag bezeichnet, welcher bei einem Termingesch\u00e4ft als Sicherheitsleistung zu hinterlegen ist. Die Margin soll gew\u00e4hrleisten, dass m\u00f6gliche Verluste jederzeit ausgeglichen werden k\u00f6nnen. Diese Sicherheitsleistungen, welche entweder in Geld oder in Wertpapieren erbracht werden k\u00f6nnen, hat der Marktteilnehmer vor dem Gesch\u00e4ft auf das Marginkonto beim Clearinghaus zu hinterlegen. Bei Optionen ist die Hinterlegung der Margin allerdings nur bei einer Short-Position erforderlich. Bei Futures wird zwischen Initial Margin und Variation Margin unterschieden. Bei einem Termingesch\u00e4ft entspricht die H\u00f6he der Margin nur einen Bruchteil des Wertes des Nominalvolumens. Daraus ergibt sich dann auch die Hebelwirkung eines Termingesch\u00e4ftes. Je niedriger die zu leistende Margin im Verh\u00e4ltnis zum Kontraktvolumen ist, desto h\u00f6her ist schlie\u00dflich auch der Hebel. Mit dem Kauf eines Futures muss nie der gesamte Kontraktwert bezahlt werden. Der Anleger hinterlegt stattdessen nur eine von der Terminb\u00f6rse festgelegte Sicherheitsleistung (Margin), dennoch nimmt er vollumf\u00e4nglich an der Wertentwicklung des Futures teil.<\/p>\n","protected":false},"excerpt":{"rendered":"<p>Als Margin wird jener Geldbetrag bezeichnet, welcher bei einem Termingesch\u00e4ft als Sicherheitsleistung zu hinterlegen ist. Die Margin soll gew\u00e4hrleisten, dass m\u00f6gliche Verluste jederzeit ausgeglichen werden k\u00f6nnen. Diese Sicherheitsleistungen, welche entweder in Geld oder in Wertpapieren erbracht werden k\u00f6nnen, hat der Marktteilnehmer vor dem Gesch\u00e4ft auf das Marginkonto beim Clearinghaus zu hinterlegen. Bei Optionen ist die [&hellip;]<\/p>\n","protected":false},"author":1,"featured_media":0,"parent":0,"menu_order":0,"comment_status":"closed","ping_status":"closed","template":"","meta":{"site-sidebar-layout":"default","site-content-layout":"","ast-site-content-layout":"","site-content-style":"default","site-sidebar-style":"default","ast-global-header-display":"","ast-banner-title-visibility":"","ast-main-header-display":"","ast-hfb-above-header-display":"","ast-hfb-below-header-display":"","ast-hfb-mobile-header-display":"","site-post-title":"","ast-breadcrumbs-content":"","ast-featured-img":"","footer-sml-layout":"","theme-transparent-header-meta":"","adv-header-id-meta":"","stick-header-meta":"","header-above-stick-meta":"","header-main-stick-meta":"","header-below-stick-meta":"","astra-migrate-meta-layouts":"default","ast-page-background-enabled":"default","ast-page-background-meta":{"desktop":{"background-color":"","background-image":"","background-repeat":"repeat","background-position":"center center","background-size":"auto","background-attachment":"scroll","background-type":"","background-media":"","overlay-type":"","overlay-color":"","overlay-opacity":"","overlay-gradient":""},"tablet":{"background-color":"","background-image":"","background-repeat":"repeat","background-position":"center center","background-size":"auto","background-attachment":"scroll","background-type":"","background-media":"","overlay-type":"","overlay-color":"","overlay-opacity":"","overlay-gradient":""},"mobile":{"background-color":"","background-image":"","background-repeat":"repeat","background-position":"center center","background-size":"auto","background-attachment":"scroll","background-type":"","background-media":"","overlay-type":"","overlay-color":"","overlay-opacity":"","overlay-gradient":""}},"ast-content-background-meta":{"desktop":{"background-color":"var(--ast-global-color-5)","background-image":"","background-repeat":"repeat","background-position":"center center","background-size":"auto","background-attachment":"scroll","background-type":"","background-media":"","overlay-type":"","overlay-color":"","overlay-opacity":"","overlay-gradient":""},"tablet":{"background-color":"var(--ast-global-color-5)","background-image":"","background-repeat":"repeat","background-position":"center center","background-size":"auto","background-attachment":"scroll","background-type":"","background-media":"","overlay-type":"","overlay-color":"","overlay-opacity":"","overlay-gradient":""},"mobile":{"background-color":"var(--ast-global-color-5)","background-image":"","background-repeat":"repeat","background-position":"center center","background-size":"auto","background-attachment":"scroll","background-type":"","background-media":"","overlay-type":"","overlay-color":"","overlay-opacity":"","overlay-gradient":""}},"footnotes":""},"class_list":["post-2365","page","type-page","status-publish","hentry"],"translation":{"provider":"WPGlobus","version":"3.0.2","language":"en","enabled_languages":["de","en"],"languages":{"de":{"title":true,"content":true,"excerpt":false},"en":{"title":false,"content":false,"excerpt":false}}},"featured_image_urls_v2":{"full":"","thumbnail":"","medium":"","medium_large":"","large":"","1536x1536":"","2048x2048":""},"post_excerpt_stackable_v2":"<p>Als Margin wird jener Geldbetrag bezeichnet, welcher bei einem Termingesch\u00e4ft als Sicherheitsleistung zu hinterlegen ist. Die Margin soll gew\u00e4hrleisten, dass m\u00f6gliche Verluste jederzeit ausgeglichen werden k\u00f6nnen. Diese Sicherheitsleistungen, welche entweder in Geld oder in Wertpapieren erbracht werden k\u00f6nnen, hat der Marktteilnehmer vor dem Gesch\u00e4ft auf das Marginkonto beim Clearinghaus zu hinterlegen. Bei Optionen ist die Hinterlegung der Margin allerdings nur bei einer Short-Position erforderlich. Bei Futures wird zwischen Initial Margin und Variation Margin unterschieden. Bei einem Termingesch\u00e4ft entspricht die H\u00f6he der Margin nur einen Bruchteil des Wertes des Nominalvolumens. Daraus ergibt sich dann auch die Hebelwirkung eines Termingesch\u00e4ftes. Je niedriger&hellip;<\/p>\n","category_list_v2":"","author_info_v2":{"name":"PrudentWater","url":"https:\/\/prudentwater.com\/en\/author\/niklas33\/"},"comments_num_v2":"0 comments","_links":{"self":[{"href":"https:\/\/prudentwater.com\/en\/wp-json\/wp\/v2\/pages\/2365","targetHints":{"allow":["GET"]}}],"collection":[{"href":"https:\/\/prudentwater.com\/en\/wp-json\/wp\/v2\/pages"}],"about":[{"href":"https:\/\/prudentwater.com\/en\/wp-json\/wp\/v2\/types\/page"}],"author":[{"embeddable":true,"href":"https:\/\/prudentwater.com\/en\/wp-json\/wp\/v2\/users\/1"}],"replies":[{"embeddable":true,"href":"https:\/\/prudentwater.com\/en\/wp-json\/wp\/v2\/comments?post=2365"}],"version-history":[{"count":0,"href":"https:\/\/prudentwater.com\/en\/wp-json\/wp\/v2\/pages\/2365\/revisions"}],"wp:attachment":[{"href":"https:\/\/prudentwater.com\/en\/wp-json\/wp\/v2\/media?parent=2365"}],"curies":[{"name":"wp","href":"https:\/\/api.w.org\/{rel}","templated":true}]}}