{"id":237,"date":"2014-08-19T14:24:43","date_gmt":"2014-08-19T14:24:43","guid":{"rendered":"http:\/\/www.kunnskap.de\/?page_id=237"},"modified":"2022-10-13T12:08:30","modified_gmt":"2022-10-13T10:08:30","slug":"agio","status":"publish","type":"page","link":"https:\/\/prudentwater.com\/en\/agio\/","title":{"rendered":"Agio"},"content":{"rendered":"<p>Auch <strong>Aufgeld<\/strong> oder <strong>Ausgabeaufschlag<\/strong><\/p>\n<h4>Agio bei Fonds<\/h4>\n<p>Einmalige Geb\u00fchr, die beim Erwerb von Fondsanteilen oder anderen Wertpapieren \u00fcber den Bankberater zu bezahlen ist. Das Agio geh\u00f6rt nicht zur Substanz des Wertpapieres bzw. des Fonds. Kauft der Anleger den Fonds jedoch \u00fcber die B\u00f6rse, so f\u00e4llt kein Agio an. Das Agio f\u00e4llt also nur dann an, wenn der Anleger den Fonds \u00fcber den Bankberater oder \u00fcber einen Fondsvermittler gekauft hat.<\/p>\n<hr>\n<h4>Agio bei Aktien<\/h4>\n<p>Bei Aktien ist das Agio (auch Ausgabeaufschlag genannt) jener Betrag, der den Nennwert pro Aktie \u00fcbersteigt. Bei Aktien wird der Ausgabeaufschlag anschlie\u00dfend als bilanzielles Eigenkapital des Unternehmens erfasst. Je h\u00f6her der Ausgabepreis bei der Emission der Aktien, desto gr\u00f6\u00dfer auch hinterher das Agio.<\/p>\n","protected":false},"excerpt":{"rendered":"<p>Auch Aufgeld oder Ausgabeaufschlag Agio bei Fonds Einmalige Geb\u00fchr, die beim Erwerb von Fondsanteilen oder anderen Wertpapieren \u00fcber den Bankberater zu bezahlen ist. Das Agio geh\u00f6rt nicht zur Substanz des Wertpapieres bzw. des Fonds. Kauft der Anleger den Fonds jedoch \u00fcber die B\u00f6rse, so f\u00e4llt kein Agio an. Das Agio f\u00e4llt also nur dann an, [&hellip;]<\/p>\n","protected":false},"author":1,"featured_media":0,"parent":0,"menu_order":0,"comment_status":"closed","ping_status":"closed","template":"","meta":{"site-sidebar-layout":"default","site-content-layout":"","ast-site-content-layout":"","site-content-style":"default","site-sidebar-style":"default","ast-global-header-display":"","ast-banner-title-visibility":"","ast-main-header-display":"","ast-hfb-above-header-display":"","ast-hfb-below-header-display":"","ast-hfb-mobile-header-display":"","site-post-title":"","ast-breadcrumbs-content":"","ast-featured-img":"","footer-sml-layout":"","theme-transparent-header-meta":"","adv-header-id-meta":"","stick-header-meta":"","header-above-stick-meta":"","header-main-stick-meta":"","header-below-stick-meta":"","astra-migrate-meta-layouts":"default","ast-page-background-enabled":"default","ast-page-background-meta":{"desktop":{"background-color":"","background-image":"","background-repeat":"repeat","background-position":"center center","background-size":"auto","background-attachment":"scroll","background-type":"","background-media":"","overlay-type":"","overlay-color":"","overlay-opacity":"","overlay-gradient":""},"tablet":{"background-color":"","background-image":"","background-repeat":"repeat","background-position":"center center","background-size":"auto","background-attachment":"scroll","background-type":"","background-media":"","overlay-type":"","overlay-color":"","overlay-opacity":"","overlay-gradient":""},"mobile":{"background-color":"","background-image":"","background-repeat":"repeat","background-position":"center center","background-size":"auto","background-attachment":"scroll","background-type":"","background-media":"","overlay-type":"","overlay-color":"","overlay-opacity":"","overlay-gradient":""}},"ast-content-background-meta":{"desktop":{"background-color":"var(--ast-global-color-5)","background-image":"","background-repeat":"repeat","background-position":"center center","background-size":"auto","background-attachment":"scroll","background-type":"","background-media":"","overlay-type":"","overlay-color":"","overlay-opacity":"","overlay-gradient":""},"tablet":{"background-color":"var(--ast-global-color-5)","background-image":"","background-repeat":"repeat","background-position":"center center","background-size":"auto","background-attachment":"scroll","background-type":"","background-media":"","overlay-type":"","overlay-color":"","overlay-opacity":"","overlay-gradient":""},"mobile":{"background-color":"var(--ast-global-color-5)","background-image":"","background-repeat":"repeat","background-position":"center center","background-size":"auto","background-attachment":"scroll","background-type":"","background-media":"","overlay-type":"","overlay-color":"","overlay-opacity":"","overlay-gradient":""}},"footnotes":""},"class_list":["post-237","page","type-page","status-publish","hentry"],"translation":{"provider":"WPGlobus","version":"3.0.2","language":"en","enabled_languages":["de","en"],"languages":{"de":{"title":true,"content":true,"excerpt":false},"en":{"title":false,"content":false,"excerpt":false}}},"featured_image_urls_v2":{"full":"","thumbnail":"","medium":"","medium_large":"","large":"","1536x1536":"","2048x2048":""},"post_excerpt_stackable_v2":"<p>Auch Aufgeld oder Ausgabeaufschlag Agio bei Fonds Einmalige Geb\u00fchr, die beim Erwerb von Fondsanteilen oder anderen Wertpapieren \u00fcber den Bankberater zu bezahlen ist. Das Agio geh\u00f6rt nicht zur Substanz des Wertpapieres bzw. des Fonds. Kauft der Anleger den Fonds jedoch \u00fcber die B\u00f6rse, so f\u00e4llt kein Agio an. Das Agio f\u00e4llt also nur dann an, wenn der Anleger den Fonds \u00fcber den Bankberater oder \u00fcber einen Fondsvermittler gekauft hat. Agio bei Aktien Bei Aktien ist das Agio (auch Ausgabeaufschlag genannt) jener Betrag, der den Nennwert pro Aktie \u00fcbersteigt. Bei Aktien wird der Ausgabeaufschlag anschlie\u00dfend als bilanzielles Eigenkapital des Unternehmens erfasst.&hellip;<\/p>\n","category_list_v2":"","author_info_v2":{"name":"PrudentWater","url":"https:\/\/prudentwater.com\/en\/author\/niklas33\/"},"comments_num_v2":"0 comments","_links":{"self":[{"href":"https:\/\/prudentwater.com\/en\/wp-json\/wp\/v2\/pages\/237","targetHints":{"allow":["GET"]}}],"collection":[{"href":"https:\/\/prudentwater.com\/en\/wp-json\/wp\/v2\/pages"}],"about":[{"href":"https:\/\/prudentwater.com\/en\/wp-json\/wp\/v2\/types\/page"}],"author":[{"embeddable":true,"href":"https:\/\/prudentwater.com\/en\/wp-json\/wp\/v2\/users\/1"}],"replies":[{"embeddable":true,"href":"https:\/\/prudentwater.com\/en\/wp-json\/wp\/v2\/comments?post=237"}],"version-history":[{"count":0,"href":"https:\/\/prudentwater.com\/en\/wp-json\/wp\/v2\/pages\/237\/revisions"}],"wp:attachment":[{"href":"https:\/\/prudentwater.com\/en\/wp-json\/wp\/v2\/media?parent=237"}],"curies":[{"name":"wp","href":"https:\/\/api.w.org\/{rel}","templated":true}]}}