{"id":2371,"date":"2014-12-16T21:54:55","date_gmt":"2014-12-16T21:54:55","guid":{"rendered":"http:\/\/www.kunnskap.de\/?page_id=2371"},"modified":"2021-06-25T12:50:15","modified_gmt":"2021-06-25T10:50:15","slug":"variation-margin","status":"publish","type":"page","link":"https:\/\/prudentwater.com\/en\/variation-margin\/","title":{"rendered":"Variation Margin"},"content":{"rendered":"<p>Auch <strong>Nachschussmarge<\/strong> oder <strong>Additional Margin<\/strong><\/p>\n<p>Durch t\u00e4gliche Kursschwankungen \u00e4ndert sich auch der Wert eines Kontraktes. Somit findet auch t\u00e4glich eine Neubewertung der bereits eingezahlten Margin bei einem Termingesch\u00e4ft statt. Werden die Sicherheitsleistungen auf dem Marginkonto als nicht mehr ausreichend bewertet, muss eine Nachzahlung stattfinden, damit wieder ausreichend Sicherheiten bei dem noch laufenden Termingesch\u00e4ft vorhanden sind. Sind also nicht mehr genug Sicherheiten hinterlegt, weil der Anleger bereits gro\u00dfe Verluste erlitten hat, bekommt er einen Margin Call, der ihn zu einer Nachschusszahlung auffordert. Diese Nachschusszahlung wird Variation Margin genannt.<br \/>\nDie Variation kann jedoch auch zugunsten des Marktteilnehmers ausfallen. Erzielt er mit seiner Position aufgrund von Kursver\u00e4nderungen Gewinne und steigt dadurch der Kontostand \u00fcber die Marke der Initial Margin, so kann er sich den \u00fcbersch\u00fcssigen Geldbetrag entweder auszahlen lassen oder aber er kann ihn f\u00fcr weitere Gesch\u00e4fte nutzen. <\/p>\n","protected":false},"excerpt":{"rendered":"<p>Auch Nachschussmarge oder Additional Margin Durch t\u00e4gliche Kursschwankungen \u00e4ndert sich auch der Wert eines Kontraktes. Somit findet auch t\u00e4glich eine Neubewertung der bereits eingezahlten Margin bei einem Termingesch\u00e4ft statt. Werden die Sicherheitsleistungen auf dem Marginkonto als nicht mehr ausreichend bewertet, muss eine Nachzahlung stattfinden, damit wieder ausreichend Sicherheiten bei dem noch laufenden Termingesch\u00e4ft vorhanden sind. [&hellip;]<\/p>\n","protected":false},"author":1,"featured_media":0,"parent":0,"menu_order":0,"comment_status":"closed","ping_status":"closed","template":"","meta":{"site-sidebar-layout":"default","site-content-layout":"","ast-site-content-layout":"","site-content-style":"default","site-sidebar-style":"default","ast-global-header-display":"","ast-banner-title-visibility":"","ast-main-header-display":"","ast-hfb-above-header-display":"","ast-hfb-below-header-display":"","ast-hfb-mobile-header-display":"","site-post-title":"","ast-breadcrumbs-content":"","ast-featured-img":"","footer-sml-layout":"","theme-transparent-header-meta":"","adv-header-id-meta":"","stick-header-meta":"","header-above-stick-meta":"","header-main-stick-meta":"","header-below-stick-meta":"","astra-migrate-meta-layouts":"default","ast-page-background-enabled":"default","ast-page-background-meta":{"desktop":{"background-color":"","background-image":"","background-repeat":"repeat","background-position":"center center","background-size":"auto","background-attachment":"scroll","background-type":"","background-media":"","overlay-type":"","overlay-color":"","overlay-opacity":"","overlay-gradient":""},"tablet":{"background-color":"","background-image":"","background-repeat":"repeat","background-position":"center center","background-size":"auto","background-attachment":"scroll","background-type":"","background-media":"","overlay-type":"","overlay-color":"","overlay-opacity":"","overlay-gradient":""},"mobile":{"background-color":"","background-image":"","background-repeat":"repeat","background-position":"center center","background-size":"auto","background-attachment":"scroll","background-type":"","background-media":"","overlay-type":"","overlay-color":"","overlay-opacity":"","overlay-gradient":""}},"ast-content-background-meta":{"desktop":{"background-color":"var(--ast-global-color-5)","background-image":"","background-repeat":"repeat","background-position":"center center","background-size":"auto","background-attachment":"scroll","background-type":"","background-media":"","overlay-type":"","overlay-color":"","overlay-opacity":"","overlay-gradient":""},"tablet":{"background-color":"var(--ast-global-color-5)","background-image":"","background-repeat":"repeat","background-position":"center center","background-size":"auto","background-attachment":"scroll","background-type":"","background-media":"","overlay-type":"","overlay-color":"","overlay-opacity":"","overlay-gradient":""},"mobile":{"background-color":"var(--ast-global-color-5)","background-image":"","background-repeat":"repeat","background-position":"center center","background-size":"auto","background-attachment":"scroll","background-type":"","background-media":"","overlay-type":"","overlay-color":"","overlay-opacity":"","overlay-gradient":""}},"footnotes":""},"class_list":["post-2371","page","type-page","status-publish","hentry"],"translation":{"provider":"WPGlobus","version":"3.0.2","language":"en","enabled_languages":["de","en"],"languages":{"de":{"title":true,"content":true,"excerpt":false},"en":{"title":false,"content":false,"excerpt":false}}},"featured_image_urls_v2":{"full":"","thumbnail":"","medium":"","medium_large":"","large":"","1536x1536":"","2048x2048":""},"post_excerpt_stackable_v2":"<p>Auch Nachschussmarge oder Additional Margin Durch t\u00e4gliche Kursschwankungen \u00e4ndert sich auch der Wert eines Kontraktes. Somit findet auch t\u00e4glich eine Neubewertung der bereits eingezahlten Margin bei einem Termingesch\u00e4ft statt. Werden die Sicherheitsleistungen auf dem Marginkonto als nicht mehr ausreichend bewertet, muss eine Nachzahlung stattfinden, damit wieder ausreichend Sicherheiten bei dem noch laufenden Termingesch\u00e4ft vorhanden sind. Sind also nicht mehr genug Sicherheiten hinterlegt, weil der Anleger bereits gro\u00dfe Verluste erlitten hat, bekommt er einen Margin Call, der ihn zu einer Nachschusszahlung auffordert. Diese Nachschusszahlung wird Variation Margin genannt. Die Variation kann jedoch auch zugunsten des Marktteilnehmers ausfallen. Erzielt er mit seiner&hellip;<\/p>\n","category_list_v2":"","author_info_v2":{"name":"PrudentWater","url":"https:\/\/prudentwater.com\/en\/author\/niklas33\/"},"comments_num_v2":"0 comments","_links":{"self":[{"href":"https:\/\/prudentwater.com\/en\/wp-json\/wp\/v2\/pages\/2371","targetHints":{"allow":["GET"]}}],"collection":[{"href":"https:\/\/prudentwater.com\/en\/wp-json\/wp\/v2\/pages"}],"about":[{"href":"https:\/\/prudentwater.com\/en\/wp-json\/wp\/v2\/types\/page"}],"author":[{"embeddable":true,"href":"https:\/\/prudentwater.com\/en\/wp-json\/wp\/v2\/users\/1"}],"replies":[{"embeddable":true,"href":"https:\/\/prudentwater.com\/en\/wp-json\/wp\/v2\/comments?post=2371"}],"version-history":[{"count":0,"href":"https:\/\/prudentwater.com\/en\/wp-json\/wp\/v2\/pages\/2371\/revisions"}],"wp:attachment":[{"href":"https:\/\/prudentwater.com\/en\/wp-json\/wp\/v2\/media?parent=2371"}],"curies":[{"name":"wp","href":"https:\/\/api.w.org\/{rel}","templated":true}]}}