{"id":2374,"date":"2014-12-16T21:57:44","date_gmt":"2014-12-16T21:57:44","guid":{"rendered":"http:\/\/www.kunnskap.de\/?page_id=2374"},"modified":"2021-06-25T12:49:35","modified_gmt":"2021-06-25T10:49:35","slug":"margin-call","status":"publish","type":"page","link":"https:\/\/prudentwater.com\/en\/margin-call\/","title":{"rendered":"Margin Call"},"content":{"rendered":"<p>Margin Call bezeichnet das Anfordern von zus\u00e4tzlichen Sicherheiten bei einem Termingesch\u00e4ft. Der Margin Call stellt somit eine Aufforderung des Clearinghauses dar, die urspr\u00fcngliche H\u00f6he des Marginkontos wiederherstellen. Die urspr\u00fcngliche H\u00f6he ist dabei die Initial Margin.<br \/>\nEs ist somit eine Nachzahlungsaufforderung, die eintritt, falls der Wert einer offenen Position beim Margin Trading unter eine bestimmte Grenze f\u00e4llt. Die zus\u00e4tzliche Sicherheit, welche durch den Margin Call eingezahlt wird, bezeichnet man als Variation Margin. Der Marktteilnehmer hat dann in der Regel bis zum n\u00e4chsten Gesch\u00e4ftstag Zeit, dieser Anweisung zu Folge, tut er es jedoch nicht, findet eine Glattstellung seiner Position statt und das Termingesch\u00e4ft ist somit beendet. Dar\u00fcber hinaus hat der Marktteilnehmer dann Verluste erlitten.<\/p>\n","protected":false},"excerpt":{"rendered":"<p>Margin Call bezeichnet das Anfordern von zus\u00e4tzlichen Sicherheiten bei einem Termingesch\u00e4ft. Der Margin Call stellt somit eine Aufforderung des Clearinghauses dar, die urspr\u00fcngliche H\u00f6he des Marginkontos wiederherstellen. Die urspr\u00fcngliche H\u00f6he ist dabei die Initial Margin. Es ist somit eine Nachzahlungsaufforderung, die eintritt, falls der Wert einer offenen Position beim Margin Trading unter eine bestimmte Grenze [&hellip;]<\/p>\n","protected":false},"author":1,"featured_media":0,"parent":0,"menu_order":0,"comment_status":"closed","ping_status":"closed","template":"","meta":{"site-sidebar-layout":"default","site-content-layout":"","ast-site-content-layout":"","site-content-style":"default","site-sidebar-style":"default","ast-global-header-display":"","ast-banner-title-visibility":"","ast-main-header-display":"","ast-hfb-above-header-display":"","ast-hfb-below-header-display":"","ast-hfb-mobile-header-display":"","site-post-title":"","ast-breadcrumbs-content":"","ast-featured-img":"","footer-sml-layout":"","theme-transparent-header-meta":"","adv-header-id-meta":"","stick-header-meta":"","header-above-stick-meta":"","header-main-stick-meta":"","header-below-stick-meta":"","astra-migrate-meta-layouts":"default","ast-page-background-enabled":"default","ast-page-background-meta":{"desktop":{"background-color":"","background-image":"","background-repeat":"repeat","background-position":"center center","background-size":"auto","background-attachment":"scroll","background-type":"","background-media":"","overlay-type":"","overlay-color":"","overlay-opacity":"","overlay-gradient":""},"tablet":{"background-color":"","background-image":"","background-repeat":"repeat","background-position":"center center","background-size":"auto","background-attachment":"scroll","background-type":"","background-media":"","overlay-type":"","overlay-color":"","overlay-opacity":"","overlay-gradient":""},"mobile":{"background-color":"","background-image":"","background-repeat":"repeat","background-position":"center center","background-size":"auto","background-attachment":"scroll","background-type":"","background-media":"","overlay-type":"","overlay-color":"","overlay-opacity":"","overlay-gradient":""}},"ast-content-background-meta":{"desktop":{"background-color":"var(--ast-global-color-5)","background-image":"","background-repeat":"repeat","background-position":"center center","background-size":"auto","background-attachment":"scroll","background-type":"","background-media":"","overlay-type":"","overlay-color":"","overlay-opacity":"","overlay-gradient":""},"tablet":{"background-color":"var(--ast-global-color-5)","background-image":"","background-repeat":"repeat","background-position":"center center","background-size":"auto","background-attachment":"scroll","background-type":"","background-media":"","overlay-type":"","overlay-color":"","overlay-opacity":"","overlay-gradient":""},"mobile":{"background-color":"var(--ast-global-color-5)","background-image":"","background-repeat":"repeat","background-position":"center center","background-size":"auto","background-attachment":"scroll","background-type":"","background-media":"","overlay-type":"","overlay-color":"","overlay-opacity":"","overlay-gradient":""}},"footnotes":""},"class_list":["post-2374","page","type-page","status-publish","hentry"],"translation":{"provider":"WPGlobus","version":"3.0.2","language":"en","enabled_languages":["de","en"],"languages":{"de":{"title":true,"content":true,"excerpt":false},"en":{"title":false,"content":false,"excerpt":false}}},"featured_image_urls_v2":{"full":"","thumbnail":"","medium":"","medium_large":"","large":"","1536x1536":"","2048x2048":""},"post_excerpt_stackable_v2":"<p>Margin Call bezeichnet das Anfordern von zus\u00e4tzlichen Sicherheiten bei einem Termingesch\u00e4ft. Der Margin Call stellt somit eine Aufforderung des Clearinghauses dar, die urspr\u00fcngliche H\u00f6he des Marginkontos wiederherstellen. Die urspr\u00fcngliche H\u00f6he ist dabei die Initial Margin. Es ist somit eine Nachzahlungsaufforderung, die eintritt, falls der Wert einer offenen Position beim Margin Trading unter eine bestimmte Grenze f\u00e4llt. Die zus\u00e4tzliche Sicherheit, welche durch den Margin Call eingezahlt wird, bezeichnet man als Variation Margin. Der Marktteilnehmer hat dann in der Regel bis zum n\u00e4chsten Gesch\u00e4ftstag Zeit, dieser Anweisung zu Folge, tut er es jedoch nicht, findet eine Glattstellung seiner Position statt und das&hellip;<\/p>\n","category_list_v2":"","author_info_v2":{"name":"PrudentWater","url":"https:\/\/prudentwater.com\/en\/author\/niklas33\/"},"comments_num_v2":"0 comments","_links":{"self":[{"href":"https:\/\/prudentwater.com\/en\/wp-json\/wp\/v2\/pages\/2374","targetHints":{"allow":["GET"]}}],"collection":[{"href":"https:\/\/prudentwater.com\/en\/wp-json\/wp\/v2\/pages"}],"about":[{"href":"https:\/\/prudentwater.com\/en\/wp-json\/wp\/v2\/types\/page"}],"author":[{"embeddable":true,"href":"https:\/\/prudentwater.com\/en\/wp-json\/wp\/v2\/users\/1"}],"replies":[{"embeddable":true,"href":"https:\/\/prudentwater.com\/en\/wp-json\/wp\/v2\/comments?post=2374"}],"version-history":[{"count":0,"href":"https:\/\/prudentwater.com\/en\/wp-json\/wp\/v2\/pages\/2374\/revisions"}],"wp:attachment":[{"href":"https:\/\/prudentwater.com\/en\/wp-json\/wp\/v2\/media?parent=2374"}],"curies":[{"name":"wp","href":"https:\/\/api.w.org\/{rel}","templated":true}]}}