{"id":2400,"date":"2014-12-22T16:48:58","date_gmt":"2014-12-22T16:48:58","guid":{"rendered":"http:\/\/www.kunnskap.de\/?page_id=2400"},"modified":"2021-06-25T12:49:32","modified_gmt":"2021-06-25T10:49:32","slug":"kapitalkosten","status":"publish","type":"page","link":"https:\/\/prudentwater.com\/en\/kapitalkosten\/","title":{"rendered":"Kapitalkosten"},"content":{"rendered":"<p>engl. <strong>Capital Costs<\/strong> oder <strong>Cost of Capital<\/strong><\/p>\n<p>Die Kapitalkosten sind jene Kosten, die durch die Aufnahme von Eigenkapital oder Fremdkapital entstehen.<br \/>\nAls Kapitalkosten eines Unternehmens bezeichnet man die Kosten f\u00fcr das von den Kapitalgebern \u00fcberlassene Kapital. Sie lassen sich in Eigenkapitalkosten und Fremdkapitalkosten aufteilen. Sie spiegeln die Renditeerwartungen der Eigen- und Fremdkapitalgeber als Verg\u00fctung f\u00fcr die \u00dcberlassung ihres Kapitals wider. Die H\u00f6he der Kapitalkosten h\u00e4ngt mit dem eingegangen Risiko der Kapitalgeber zusammen. Steigt beispielsweise das Insolvenzrisiko einer Unternehmung, fordern die Kapitalgeber eine h\u00f6here Rendite. Somit steigen letztendlich auch die Kapitalkosten. Zur Berechnung der Kapitalkosten verwendet man in der Praxis meist den WACC (Weighted Average Cost of Capital), also den gewichteten Kapitalkostensatz.<\/p>\n","protected":false},"excerpt":{"rendered":"<p>engl. Capital Costs oder Cost of Capital Die Kapitalkosten sind jene Kosten, die durch die Aufnahme von Eigenkapital oder Fremdkapital entstehen. Als Kapitalkosten eines Unternehmens bezeichnet man die Kosten f\u00fcr das von den Kapitalgebern \u00fcberlassene Kapital. Sie lassen sich in Eigenkapitalkosten und Fremdkapitalkosten aufteilen. Sie spiegeln die Renditeerwartungen der Eigen- und Fremdkapitalgeber als Verg\u00fctung f\u00fcr [&hellip;]<\/p>\n","protected":false},"author":1,"featured_media":0,"parent":0,"menu_order":0,"comment_status":"closed","ping_status":"closed","template":"","meta":{"site-sidebar-layout":"default","site-content-layout":"","ast-site-content-layout":"","site-content-style":"default","site-sidebar-style":"default","ast-global-header-display":"","ast-banner-title-visibility":"","ast-main-header-display":"","ast-hfb-above-header-display":"","ast-hfb-below-header-display":"","ast-hfb-mobile-header-display":"","site-post-title":"","ast-breadcrumbs-content":"","ast-featured-img":"","footer-sml-layout":"","theme-transparent-header-meta":"","adv-header-id-meta":"","stick-header-meta":"","header-above-stick-meta":"","header-main-stick-meta":"","header-below-stick-meta":"","astra-migrate-meta-layouts":"default","ast-page-background-enabled":"default","ast-page-background-meta":{"desktop":{"background-color":"","background-image":"","background-repeat":"repeat","background-position":"center center","background-size":"auto","background-attachment":"scroll","background-type":"","background-media":"","overlay-type":"","overlay-color":"","overlay-opacity":"","overlay-gradient":""},"tablet":{"background-color":"","background-image":"","background-repeat":"repeat","background-position":"center center","background-size":"auto","background-attachment":"scroll","background-type":"","background-media":"","overlay-type":"","overlay-color":"","overlay-opacity":"","overlay-gradient":""},"mobile":{"background-color":"","background-image":"","background-repeat":"repeat","background-position":"center center","background-size":"auto","background-attachment":"scroll","background-type":"","background-media":"","overlay-type":"","overlay-color":"","overlay-opacity":"","overlay-gradient":""}},"ast-content-background-meta":{"desktop":{"background-color":"var(--ast-global-color-5)","background-image":"","background-repeat":"repeat","background-position":"center center","background-size":"auto","background-attachment":"scroll","background-type":"","background-media":"","overlay-type":"","overlay-color":"","overlay-opacity":"","overlay-gradient":""},"tablet":{"background-color":"var(--ast-global-color-5)","background-image":"","background-repeat":"repeat","background-position":"center center","background-size":"auto","background-attachment":"scroll","background-type":"","background-media":"","overlay-type":"","overlay-color":"","overlay-opacity":"","overlay-gradient":""},"mobile":{"background-color":"var(--ast-global-color-5)","background-image":"","background-repeat":"repeat","background-position":"center center","background-size":"auto","background-attachment":"scroll","background-type":"","background-media":"","overlay-type":"","overlay-color":"","overlay-opacity":"","overlay-gradient":""}},"footnotes":""},"class_list":["post-2400","page","type-page","status-publish","hentry"],"translation":{"provider":"WPGlobus","version":"3.0.2","language":"en","enabled_languages":["de","en"],"languages":{"de":{"title":true,"content":true,"excerpt":false},"en":{"title":false,"content":false,"excerpt":false}}},"featured_image_urls_v2":{"full":"","thumbnail":"","medium":"","medium_large":"","large":"","1536x1536":"","2048x2048":""},"post_excerpt_stackable_v2":"<p>engl. Capital Costs oder Cost of Capital Die Kapitalkosten sind jene Kosten, die durch die Aufnahme von Eigenkapital oder Fremdkapital entstehen. Als Kapitalkosten eines Unternehmens bezeichnet man die Kosten f\u00fcr das von den Kapitalgebern \u00fcberlassene Kapital. Sie lassen sich in Eigenkapitalkosten und Fremdkapitalkosten aufteilen. Sie spiegeln die Renditeerwartungen der Eigen- und Fremdkapitalgeber als Verg\u00fctung f\u00fcr die \u00dcberlassung ihres Kapitals wider. Die H\u00f6he der Kapitalkosten h\u00e4ngt mit dem eingegangen Risiko der Kapitalgeber zusammen. Steigt beispielsweise das Insolvenzrisiko einer Unternehmung, fordern die Kapitalgeber eine h\u00f6here Rendite. Somit steigen letztendlich auch die Kapitalkosten. Zur Berechnung der Kapitalkosten verwendet man in der Praxis meist&hellip;<\/p>\n","category_list_v2":"","author_info_v2":{"name":"PrudentWater","url":"https:\/\/prudentwater.com\/en\/author\/niklas33\/"},"comments_num_v2":"0 comments","_links":{"self":[{"href":"https:\/\/prudentwater.com\/en\/wp-json\/wp\/v2\/pages\/2400","targetHints":{"allow":["GET"]}}],"collection":[{"href":"https:\/\/prudentwater.com\/en\/wp-json\/wp\/v2\/pages"}],"about":[{"href":"https:\/\/prudentwater.com\/en\/wp-json\/wp\/v2\/types\/page"}],"author":[{"embeddable":true,"href":"https:\/\/prudentwater.com\/en\/wp-json\/wp\/v2\/users\/1"}],"replies":[{"embeddable":true,"href":"https:\/\/prudentwater.com\/en\/wp-json\/wp\/v2\/comments?post=2400"}],"version-history":[{"count":0,"href":"https:\/\/prudentwater.com\/en\/wp-json\/wp\/v2\/pages\/2400\/revisions"}],"wp:attachment":[{"href":"https:\/\/prudentwater.com\/en\/wp-json\/wp\/v2\/media?parent=2400"}],"curies":[{"name":"wp","href":"https:\/\/api.w.org\/{rel}","templated":true}]}}