{"id":2402,"date":"2014-12-22T16:56:14","date_gmt":"2014-12-22T16:56:14","guid":{"rendered":"http:\/\/www.kunnskap.de\/?page_id=2402"},"modified":"2021-06-25T12:48:58","modified_gmt":"2021-06-25T10:48:58","slug":"eigenkapitalkosten","status":"publish","type":"page","link":"https:\/\/prudentwater.com\/en\/eigenkapitalkosten\/","title":{"rendered":"Eigenkapitalkosten"},"content":{"rendered":"<p>engl. <strong>Cost of Equity<\/strong><\/p>\n<p>Die Eigenkapitalkosten einer Unternehmung spiegeln die erwarteten Renditen der Eigenkapitalgeber wider. Eigenkapitalgeber sind h\u00f6heren Risiken ausgesetzt als Fremdkapitalgeber, da sie im Insolvenzfall hinter den R\u00fcckzahlungsanspr\u00fcchen der Fremdkapitalgeber stehen. Dementsprechend liegen die erwarteten Renditen der Eigenkapitalgeber und somit die Eigenkapitalkosten \u00fcber den Fremdkapitalkosten. Es gibt zahlreiche Methoden, die Eigenkapitalkosten eines Unternehmens zu berechnen. Das in der Praxis weit verbreitete Modell ist das CAPM (Capital Asset Pricing Model). Um die Effizienz einer Unternehmung zu beurteilen, k\u00f6nnen die Eigenkapitalkosten mit der Eigenkapitalrendite verglichen werden. Damit wird der Unterschied zwischen der erwarteten und der tats\u00e4chlichen Verzinsung des Eigenkapitals deutlich.<\/p>\n<p>Bei den Eigenkapitalkosten handelt es sich jedoch nicht um die tats\u00e4chlich anfallenden Kosten f\u00fcr Eigenkapital, wie es der Fall bei den Zinsen f\u00fcr das Fremdkapital ist.<br \/>\nDie Eigenkapitalkosten spiegeln vielmehr die zu erwartende Verteilung von Gewinnen an die Eigenkapitalgeber wider. Dabei handelt es sich in erster Linie um die Dividende aber auch um m\u00f6gliche Aktienr\u00fcckk\u00e4ufe. <\/p>\n","protected":false},"excerpt":{"rendered":"<p>engl. Cost of Equity Die Eigenkapitalkosten einer Unternehmung spiegeln die erwarteten Renditen der Eigenkapitalgeber wider. Eigenkapitalgeber sind h\u00f6heren Risiken ausgesetzt als Fremdkapitalgeber, da sie im Insolvenzfall hinter den R\u00fcckzahlungsanspr\u00fcchen der Fremdkapitalgeber stehen. Dementsprechend liegen die erwarteten Renditen der Eigenkapitalgeber und somit die Eigenkapitalkosten \u00fcber den Fremdkapitalkosten. Es gibt zahlreiche Methoden, die Eigenkapitalkosten eines Unternehmens zu [&hellip;]<\/p>\n","protected":false},"author":1,"featured_media":0,"parent":0,"menu_order":0,"comment_status":"closed","ping_status":"closed","template":"","meta":{"site-sidebar-layout":"default","site-content-layout":"","ast-site-content-layout":"","site-content-style":"default","site-sidebar-style":"default","ast-global-header-display":"","ast-banner-title-visibility":"","ast-main-header-display":"","ast-hfb-above-header-display":"","ast-hfb-below-header-display":"","ast-hfb-mobile-header-display":"","site-post-title":"","ast-breadcrumbs-content":"","ast-featured-img":"","footer-sml-layout":"","theme-transparent-header-meta":"","adv-header-id-meta":"","stick-header-meta":"","header-above-stick-meta":"","header-main-stick-meta":"","header-below-stick-meta":"","astra-migrate-meta-layouts":"default","ast-page-background-enabled":"default","ast-page-background-meta":{"desktop":{"background-color":"","background-image":"","background-repeat":"repeat","background-position":"center center","background-size":"auto","background-attachment":"scroll","background-type":"","background-media":"","overlay-type":"","overlay-color":"","overlay-opacity":"","overlay-gradient":""},"tablet":{"background-color":"","background-image":"","background-repeat":"repeat","background-position":"center center","background-size":"auto","background-attachment":"scroll","background-type":"","background-media":"","overlay-type":"","overlay-color":"","overlay-opacity":"","overlay-gradient":""},"mobile":{"background-color":"","background-image":"","background-repeat":"repeat","background-position":"center center","background-size":"auto","background-attachment":"scroll","background-type":"","background-media":"","overlay-type":"","overlay-color":"","overlay-opacity":"","overlay-gradient":""}},"ast-content-background-meta":{"desktop":{"background-color":"var(--ast-global-color-5)","background-image":"","background-repeat":"repeat","background-position":"center center","background-size":"auto","background-attachment":"scroll","background-type":"","background-media":"","overlay-type":"","overlay-color":"","overlay-opacity":"","overlay-gradient":""},"tablet":{"background-color":"var(--ast-global-color-5)","background-image":"","background-repeat":"repeat","background-position":"center center","background-size":"auto","background-attachment":"scroll","background-type":"","background-media":"","overlay-type":"","overlay-color":"","overlay-opacity":"","overlay-gradient":""},"mobile":{"background-color":"var(--ast-global-color-5)","background-image":"","background-repeat":"repeat","background-position":"center center","background-size":"auto","background-attachment":"scroll","background-type":"","background-media":"","overlay-type":"","overlay-color":"","overlay-opacity":"","overlay-gradient":""}},"footnotes":""},"class_list":["post-2402","page","type-page","status-publish","hentry"],"translation":{"provider":"WPGlobus","version":"3.0.2","language":"en","enabled_languages":["de","en"],"languages":{"de":{"title":true,"content":true,"excerpt":false},"en":{"title":false,"content":false,"excerpt":false}}},"featured_image_urls_v2":{"full":"","thumbnail":"","medium":"","medium_large":"","large":"","1536x1536":"","2048x2048":""},"post_excerpt_stackable_v2":"<p>engl. Cost of Equity Die Eigenkapitalkosten einer Unternehmung spiegeln die erwarteten Renditen der Eigenkapitalgeber wider. Eigenkapitalgeber sind h\u00f6heren Risiken ausgesetzt als Fremdkapitalgeber, da sie im Insolvenzfall hinter den R\u00fcckzahlungsanspr\u00fcchen der Fremdkapitalgeber stehen. Dementsprechend liegen die erwarteten Renditen der Eigenkapitalgeber und somit die Eigenkapitalkosten \u00fcber den Fremdkapitalkosten. Es gibt zahlreiche Methoden, die Eigenkapitalkosten eines Unternehmens zu berechnen. Das in der Praxis weit verbreitete Modell ist das CAPM (Capital Asset Pricing Model). Um die Effizienz einer Unternehmung zu beurteilen, k\u00f6nnen die Eigenkapitalkosten mit der Eigenkapitalrendite verglichen werden. Damit wird der Unterschied zwischen der erwarteten und der tats\u00e4chlichen Verzinsung des Eigenkapitals deutlich. Bei&hellip;<\/p>\n","category_list_v2":"","author_info_v2":{"name":"PrudentWater","url":"https:\/\/prudentwater.com\/en\/author\/niklas33\/"},"comments_num_v2":"0 comments","_links":{"self":[{"href":"https:\/\/prudentwater.com\/en\/wp-json\/wp\/v2\/pages\/2402","targetHints":{"allow":["GET"]}}],"collection":[{"href":"https:\/\/prudentwater.com\/en\/wp-json\/wp\/v2\/pages"}],"about":[{"href":"https:\/\/prudentwater.com\/en\/wp-json\/wp\/v2\/types\/page"}],"author":[{"embeddable":true,"href":"https:\/\/prudentwater.com\/en\/wp-json\/wp\/v2\/users\/1"}],"replies":[{"embeddable":true,"href":"https:\/\/prudentwater.com\/en\/wp-json\/wp\/v2\/comments?post=2402"}],"version-history":[{"count":0,"href":"https:\/\/prudentwater.com\/en\/wp-json\/wp\/v2\/pages\/2402\/revisions"}],"wp:attachment":[{"href":"https:\/\/prudentwater.com\/en\/wp-json\/wp\/v2\/media?parent=2402"}],"curies":[{"name":"wp","href":"https:\/\/api.w.org\/{rel}","templated":true}]}}