{"id":2411,"date":"2014-12-23T07:37:56","date_gmt":"2014-12-23T07:37:56","guid":{"rendered":"http:\/\/www.kunnskap.de\/?page_id=2411"},"modified":"2021-06-25T12:49:37","modified_gmt":"2021-06-25T10:49:37","slug":"nikkei-225","status":"publish","type":"page","link":"https:\/\/prudentwater.com\/en\/nikkei-225\/","title":{"rendered":"Nikkei 225"},"content":{"rendered":"<p>Der Nikkei 225 ist ein japanischer Aktienindex und geh\u00f6rt zu den wichtigsten Indizes im asiatischen Raum. Er wurde am 16.05.1949 von der japanischen Zeitung Nihon Keizai Shimbun eingef\u00fchrt. 225 Werte sollen die Entwicklung der Tokioter B\u00f6rse widerspiegeln. Bei dem Nikkei 225 handelt es sich um einen Kursindex. Der Nikkei 225 wird ausschlie\u00dflich aufgrund der Aktienkurse ermittelt und ist deshalb ein preisgewichteter index. Im Gegensatz zum Topix &#8211; der zweite bekannte japanische Aktienindex &#8211; besitzt der Nikkei 225 einen gr\u00f6\u00dferen Fokus auf Exportunternehmen, wodurch der Nikkei vor allem in Zeiten eines schwachen Japanischen Yen oftmals eine bessere Kursentwicklung aufweist.<\/p>\n","protected":false},"excerpt":{"rendered":"<p>Der Nikkei 225 ist ein japanischer Aktienindex und geh\u00f6rt zu den wichtigsten Indizes im asiatischen Raum. Er wurde am 16.05.1949 von der japanischen Zeitung Nihon Keizai Shimbun eingef\u00fchrt. 225 Werte sollen die Entwicklung der Tokioter B\u00f6rse widerspiegeln. Bei dem Nikkei 225 handelt es sich um einen Kursindex. Der Nikkei 225 wird ausschlie\u00dflich aufgrund der Aktienkurse [&hellip;]<\/p>\n","protected":false},"author":1,"featured_media":0,"parent":0,"menu_order":0,"comment_status":"closed","ping_status":"closed","template":"","meta":{"site-sidebar-layout":"default","site-content-layout":"","ast-site-content-layout":"","site-content-style":"default","site-sidebar-style":"default","ast-global-header-display":"","ast-banner-title-visibility":"","ast-main-header-display":"","ast-hfb-above-header-display":"","ast-hfb-below-header-display":"","ast-hfb-mobile-header-display":"","site-post-title":"","ast-breadcrumbs-content":"","ast-featured-img":"","footer-sml-layout":"","theme-transparent-header-meta":"","adv-header-id-meta":"","stick-header-meta":"","header-above-stick-meta":"","header-main-stick-meta":"","header-below-stick-meta":"","astra-migrate-meta-layouts":"default","ast-page-background-enabled":"default","ast-page-background-meta":{"desktop":{"background-color":"","background-image":"","background-repeat":"repeat","background-position":"center center","background-size":"auto","background-attachment":"scroll","background-type":"","background-media":"","overlay-type":"","overlay-color":"","overlay-opacity":"","overlay-gradient":""},"tablet":{"background-color":"","background-image":"","background-repeat":"repeat","background-position":"center center","background-size":"auto","background-attachment":"scroll","background-type":"","background-media":"","overlay-type":"","overlay-color":"","overlay-opacity":"","overlay-gradient":""},"mobile":{"background-color":"","background-image":"","background-repeat":"repeat","background-position":"center center","background-size":"auto","background-attachment":"scroll","background-type":"","background-media":"","overlay-type":"","overlay-color":"","overlay-opacity":"","overlay-gradient":""}},"ast-content-background-meta":{"desktop":{"background-color":"var(--ast-global-color-5)","background-image":"","background-repeat":"repeat","background-position":"center center","background-size":"auto","background-attachment":"scroll","background-type":"","background-media":"","overlay-type":"","overlay-color":"","overlay-opacity":"","overlay-gradient":""},"tablet":{"background-color":"var(--ast-global-color-5)","background-image":"","background-repeat":"repeat","background-position":"center center","background-size":"auto","background-attachment":"scroll","background-type":"","background-media":"","overlay-type":"","overlay-color":"","overlay-opacity":"","overlay-gradient":""},"mobile":{"background-color":"var(--ast-global-color-5)","background-image":"","background-repeat":"repeat","background-position":"center center","background-size":"auto","background-attachment":"scroll","background-type":"","background-media":"","overlay-type":"","overlay-color":"","overlay-opacity":"","overlay-gradient":""}},"footnotes":""},"class_list":["post-2411","page","type-page","status-publish","hentry"],"translation":{"provider":"WPGlobus","version":"3.0.2","language":"en","enabled_languages":["de","en"],"languages":{"de":{"title":true,"content":true,"excerpt":false},"en":{"title":false,"content":false,"excerpt":false}}},"featured_image_urls_v2":{"full":"","thumbnail":"","medium":"","medium_large":"","large":"","1536x1536":"","2048x2048":""},"post_excerpt_stackable_v2":"<p>Der Nikkei 225 ist ein japanischer Aktienindex und geh\u00f6rt zu den wichtigsten Indizes im asiatischen Raum. Er wurde am 16.05.1949 von der japanischen Zeitung Nihon Keizai Shimbun eingef\u00fchrt. 225 Werte sollen die Entwicklung der Tokioter B\u00f6rse widerspiegeln. Bei dem Nikkei 225 handelt es sich um einen Kursindex. Der Nikkei 225 wird ausschlie\u00dflich aufgrund der Aktienkurse ermittelt und ist deshalb ein preisgewichteter index. Im Gegensatz zum Topix &#8211; der zweite bekannte japanische Aktienindex &#8211; besitzt der Nikkei 225 einen gr\u00f6\u00dferen Fokus auf Exportunternehmen, wodurch der Nikkei vor allem in Zeiten eines schwachen Japanischen Yen oftmals eine bessere Kursentwicklung aufweist.<\/p>\n","category_list_v2":"","author_info_v2":{"name":"PrudentWater","url":"https:\/\/prudentwater.com\/en\/author\/niklas33\/"},"comments_num_v2":"0 comments","_links":{"self":[{"href":"https:\/\/prudentwater.com\/en\/wp-json\/wp\/v2\/pages\/2411","targetHints":{"allow":["GET"]}}],"collection":[{"href":"https:\/\/prudentwater.com\/en\/wp-json\/wp\/v2\/pages"}],"about":[{"href":"https:\/\/prudentwater.com\/en\/wp-json\/wp\/v2\/types\/page"}],"author":[{"embeddable":true,"href":"https:\/\/prudentwater.com\/en\/wp-json\/wp\/v2\/users\/1"}],"replies":[{"embeddable":true,"href":"https:\/\/prudentwater.com\/en\/wp-json\/wp\/v2\/comments?post=2411"}],"version-history":[{"count":0,"href":"https:\/\/prudentwater.com\/en\/wp-json\/wp\/v2\/pages\/2411\/revisions"}],"wp:attachment":[{"href":"https:\/\/prudentwater.com\/en\/wp-json\/wp\/v2\/media?parent=2411"}],"curies":[{"name":"wp","href":"https:\/\/api.w.org\/{rel}","templated":true}]}}