{"id":2417,"date":"2014-12-27T12:58:07","date_gmt":"2014-12-27T12:58:07","guid":{"rendered":"http:\/\/www.kunnskap.de\/?page_id=2417"},"modified":"2021-06-25T12:48:58","modified_gmt":"2021-06-25T10:48:58","slug":"effektivverzinsung","status":"publish","type":"page","link":"https:\/\/prudentwater.com\/en\/effektivverzinsung\/","title":{"rendered":"Effektivverzinsung"},"content":{"rendered":"<p>Auch <strong>Effektive Rendite<\/strong><br \/>\nengl. <strong>Effective Rate<\/strong>, <strong>Yield to Maturity (YTM)<\/strong> oder <strong>Redemption Yield<\/strong><\/p>\n<p>Die Effektivverzinsung ist die tats\u00e4chlich j\u00e4hrlich erzielte Rendite mit einer Anleihe. Beim Effektivzins sind alle zus\u00e4tzlichen Einnahmen oder Kosten bereits miteinberechnet. Beispielsweise k\u00f6nnen neben den Zinseinnahmen noch Kursgewinne entstehen, wenn die Anleihe bei beispielsweise 96 % gekauft wird, sie bei F\u00e4lligkeit jedoch zum Nominalbetrag (100 %) zur\u00fcckgenommen wird. Dieser zus\u00e4tzliche Gewinn wird dann in der Effektivverzinsung ber\u00fccksichtigt. Der Nominalzins hingegen entspricht dem Kupon und gibt nur den Zinssatz an, der auf den Nominalbetrag einer Anleihe gezahlt wird. Die Effektivverzinsung wird in Prozent pro Jahr angegeben. <\/p>\n","protected":false},"excerpt":{"rendered":"<p>Auch Effektive Rendite engl. Effective Rate, Yield to Maturity (YTM) oder Redemption Yield Die Effektivverzinsung ist die tats\u00e4chlich j\u00e4hrlich erzielte Rendite mit einer Anleihe. Beim Effektivzins sind alle zus\u00e4tzlichen Einnahmen oder Kosten bereits miteinberechnet. Beispielsweise k\u00f6nnen neben den Zinseinnahmen noch Kursgewinne entstehen, wenn die Anleihe bei beispielsweise 96 % gekauft wird, sie bei F\u00e4lligkeit jedoch [&hellip;]<\/p>\n","protected":false},"author":1,"featured_media":0,"parent":0,"menu_order":0,"comment_status":"closed","ping_status":"closed","template":"","meta":{"site-sidebar-layout":"default","site-content-layout":"","ast-site-content-layout":"","site-content-style":"default","site-sidebar-style":"default","ast-global-header-display":"","ast-banner-title-visibility":"","ast-main-header-display":"","ast-hfb-above-header-display":"","ast-hfb-below-header-display":"","ast-hfb-mobile-header-display":"","site-post-title":"","ast-breadcrumbs-content":"","ast-featured-img":"","footer-sml-layout":"","theme-transparent-header-meta":"","adv-header-id-meta":"","stick-header-meta":"","header-above-stick-meta":"","header-main-stick-meta":"","header-below-stick-meta":"","astra-migrate-meta-layouts":"default","ast-page-background-enabled":"default","ast-page-background-meta":{"desktop":{"background-color":"","background-image":"","background-repeat":"repeat","background-position":"center center","background-size":"auto","background-attachment":"scroll","background-type":"","background-media":"","overlay-type":"","overlay-color":"","overlay-opacity":"","overlay-gradient":""},"tablet":{"background-color":"","background-image":"","background-repeat":"repeat","background-position":"center center","background-size":"auto","background-attachment":"scroll","background-type":"","background-media":"","overlay-type":"","overlay-color":"","overlay-opacity":"","overlay-gradient":""},"mobile":{"background-color":"","background-image":"","background-repeat":"repeat","background-position":"center center","background-size":"auto","background-attachment":"scroll","background-type":"","background-media":"","overlay-type":"","overlay-color":"","overlay-opacity":"","overlay-gradient":""}},"ast-content-background-meta":{"desktop":{"background-color":"var(--ast-global-color-5)","background-image":"","background-repeat":"repeat","background-position":"center center","background-size":"auto","background-attachment":"scroll","background-type":"","background-media":"","overlay-type":"","overlay-color":"","overlay-opacity":"","overlay-gradient":""},"tablet":{"background-color":"var(--ast-global-color-5)","background-image":"","background-repeat":"repeat","background-position":"center center","background-size":"auto","background-attachment":"scroll","background-type":"","background-media":"","overlay-type":"","overlay-color":"","overlay-opacity":"","overlay-gradient":""},"mobile":{"background-color":"var(--ast-global-color-5)","background-image":"","background-repeat":"repeat","background-position":"center center","background-size":"auto","background-attachment":"scroll","background-type":"","background-media":"","overlay-type":"","overlay-color":"","overlay-opacity":"","overlay-gradient":""}},"footnotes":""},"class_list":["post-2417","page","type-page","status-publish","hentry"],"translation":{"provider":"WPGlobus","version":"3.0.2","language":"en","enabled_languages":["de","en"],"languages":{"de":{"title":true,"content":true,"excerpt":false},"en":{"title":false,"content":false,"excerpt":false}}},"featured_image_urls_v2":{"full":"","thumbnail":"","medium":"","medium_large":"","large":"","1536x1536":"","2048x2048":""},"post_excerpt_stackable_v2":"<p>Auch Effektive Rendite engl. Effective Rate, Yield to Maturity (YTM) oder Redemption Yield Die Effektivverzinsung ist die tats\u00e4chlich j\u00e4hrlich erzielte Rendite mit einer Anleihe. Beim Effektivzins sind alle zus\u00e4tzlichen Einnahmen oder Kosten bereits miteinberechnet. Beispielsweise k\u00f6nnen neben den Zinseinnahmen noch Kursgewinne entstehen, wenn die Anleihe bei beispielsweise 96 % gekauft wird, sie bei F\u00e4lligkeit jedoch zum Nominalbetrag (100 %) zur\u00fcckgenommen wird. Dieser zus\u00e4tzliche Gewinn wird dann in der Effektivverzinsung ber\u00fccksichtigt. Der Nominalzins hingegen entspricht dem Kupon und gibt nur den Zinssatz an, der auf den Nominalbetrag einer Anleihe gezahlt wird. Die Effektivverzinsung wird in Prozent pro Jahr angegeben.<\/p>\n","category_list_v2":"","author_info_v2":{"name":"PrudentWater","url":"https:\/\/prudentwater.com\/en\/author\/niklas33\/"},"comments_num_v2":"0 comments","_links":{"self":[{"href":"https:\/\/prudentwater.com\/en\/wp-json\/wp\/v2\/pages\/2417","targetHints":{"allow":["GET"]}}],"collection":[{"href":"https:\/\/prudentwater.com\/en\/wp-json\/wp\/v2\/pages"}],"about":[{"href":"https:\/\/prudentwater.com\/en\/wp-json\/wp\/v2\/types\/page"}],"author":[{"embeddable":true,"href":"https:\/\/prudentwater.com\/en\/wp-json\/wp\/v2\/users\/1"}],"replies":[{"embeddable":true,"href":"https:\/\/prudentwater.com\/en\/wp-json\/wp\/v2\/comments?post=2417"}],"version-history":[{"count":0,"href":"https:\/\/prudentwater.com\/en\/wp-json\/wp\/v2\/pages\/2417\/revisions"}],"wp:attachment":[{"href":"https:\/\/prudentwater.com\/en\/wp-json\/wp\/v2\/media?parent=2417"}],"curies":[{"name":"wp","href":"https:\/\/api.w.org\/{rel}","templated":true}]}}