{"id":244,"date":"2014-08-19T15:13:48","date_gmt":"2014-08-19T15:13:48","guid":{"rendered":"http:\/\/www.kunnskap.de\/?page_id=244"},"modified":"2021-06-25T12:49:04","modified_gmt":"2021-06-25T10:49:04","slug":"im-geld","status":"publish","type":"page","link":"https:\/\/prudentwater.com\/en\/im-geld\/","title":{"rendered":"Im Geld"},"content":{"rendered":"<p>engl. <strong>In the Money<\/strong><\/p>\n<p><b>1.<\/b> Ein Call ist im Geld:<br \/>\nDer Basispreis des Calls liegt unter dem Kurs des Basiswertes. <\/p>\n<p><u>Zum Beispiel:<\/u><br \/>\nBetr\u00e4gt der Basispreis des Calls 30 Euro und notiert der Kurs der Aktie \u00fcber 30 Euro, ist der Call im Geld.<br \/>\nMit dem Call hat der Anleger das Recht, die Aktie f\u00fcr 30 Euro zu kaufen, auch wenn der Kurs der Aktie \u00fcber 30 Euro liegt.<\/p>\n<p>Ist ein Call Optionsschein im Geld, macht die Aus\u00fcbung einer Option Sinn, da der Basiswert dann, dank der vorhandenen Call Option, zum geringen Basispreis gekauft werden und zum aktuell teureren Preis wieder verkauft werden kann.<\/p>\n<p><b>1.<\/b> Ein Put ist im Geld:<br \/>\nDer Basispreis des Puts liegt \u00fcber dem Kurs des Basiswertes.<\/p>\n<p><u>Zum Beispiel:<\/u><br \/>\nBetr\u00e4gt der Basispreis des Puts 30 Euro und notiert der Kurs der Aktie unter 30 Euro, ist der Put im Geld<br \/>\nMit dem Put hat der Anleger das Recht, die Aktie f\u00fcr 30 Euro zu verkaufen, auch wenn der Kurs der Aktie unter 30 Euro liegt.<\/p>\n<p>Ist ein Put Optionsschein im Geld, macht eine Aus\u00fcbung der Option Sinn, da der Basiswert dann zum teureren Basispreis verkauft und zum billigeren Preis wieder gekauft werden kann.<\/p>\n","protected":false},"excerpt":{"rendered":"<p>engl. In the Money 1. Ein Call ist im Geld: Der Basispreis des Calls liegt unter dem Kurs des Basiswertes. Zum Beispiel: Betr\u00e4gt der Basispreis des Calls 30 Euro und notiert der Kurs der Aktie \u00fcber 30 Euro, ist der Call im Geld. Mit dem Call hat der Anleger das Recht, die Aktie f\u00fcr 30 [&hellip;]<\/p>\n","protected":false},"author":1,"featured_media":0,"parent":0,"menu_order":0,"comment_status":"closed","ping_status":"closed","template":"","meta":{"site-sidebar-layout":"default","site-content-layout":"","ast-site-content-layout":"","site-content-style":"default","site-sidebar-style":"default","ast-global-header-display":"","ast-banner-title-visibility":"","ast-main-header-display":"","ast-hfb-above-header-display":"","ast-hfb-below-header-display":"","ast-hfb-mobile-header-display":"","site-post-title":"","ast-breadcrumbs-content":"","ast-featured-img":"","footer-sml-layout":"","theme-transparent-header-meta":"","adv-header-id-meta":"","stick-header-meta":"","header-above-stick-meta":"","header-main-stick-meta":"","header-below-stick-meta":"","astra-migrate-meta-layouts":"default","ast-page-background-enabled":"default","ast-page-background-meta":{"desktop":{"background-color":"","background-image":"","background-repeat":"repeat","background-position":"center center","background-size":"auto","background-attachment":"scroll","background-type":"","background-media":"","overlay-type":"","overlay-color":"","overlay-opacity":"","overlay-gradient":""},"tablet":{"background-color":"","background-image":"","background-repeat":"repeat","background-position":"center center","background-size":"auto","background-attachment":"scroll","background-type":"","background-media":"","overlay-type":"","overlay-color":"","overlay-opacity":"","overlay-gradient":""},"mobile":{"background-color":"","background-image":"","background-repeat":"repeat","background-position":"center center","background-size":"auto","background-attachment":"scroll","background-type":"","background-media":"","overlay-type":"","overlay-color":"","overlay-opacity":"","overlay-gradient":""}},"ast-content-background-meta":{"desktop":{"background-color":"var(--ast-global-color-5)","background-image":"","background-repeat":"repeat","background-position":"center center","background-size":"auto","background-attachment":"scroll","background-type":"","background-media":"","overlay-type":"","overlay-color":"","overlay-opacity":"","overlay-gradient":""},"tablet":{"background-color":"var(--ast-global-color-5)","background-image":"","background-repeat":"repeat","background-position":"center center","background-size":"auto","background-attachment":"scroll","background-type":"","background-media":"","overlay-type":"","overlay-color":"","overlay-opacity":"","overlay-gradient":""},"mobile":{"background-color":"var(--ast-global-color-5)","background-image":"","background-repeat":"repeat","background-position":"center center","background-size":"auto","background-attachment":"scroll","background-type":"","background-media":"","overlay-type":"","overlay-color":"","overlay-opacity":"","overlay-gradient":""}},"footnotes":""},"class_list":["post-244","page","type-page","status-publish","hentry"],"translation":{"provider":"WPGlobus","version":"3.0.2","language":"en","enabled_languages":["de","en"],"languages":{"de":{"title":true,"content":true,"excerpt":false},"en":{"title":false,"content":false,"excerpt":false}}},"featured_image_urls_v2":{"full":"","thumbnail":"","medium":"","medium_large":"","large":"","1536x1536":"","2048x2048":""},"post_excerpt_stackable_v2":"<p>engl. In the Money 1. Ein Call ist im Geld: Der Basispreis des Calls liegt unter dem Kurs des Basiswertes. Zum Beispiel: Betr\u00e4gt der Basispreis des Calls 30 Euro und notiert der Kurs der Aktie \u00fcber 30 Euro, ist der Call im Geld. Mit dem Call hat der Anleger das Recht, die Aktie f\u00fcr 30 Euro zu kaufen, auch wenn der Kurs der Aktie \u00fcber 30 Euro liegt. Ist ein Call Optionsschein im Geld, macht die Aus\u00fcbung einer Option Sinn, da der Basiswert dann, dank der vorhandenen Call Option, zum geringen Basispreis gekauft werden und zum aktuell teureren Preis wieder&hellip;<\/p>\n","category_list_v2":"","author_info_v2":{"name":"PrudentWater","url":"https:\/\/prudentwater.com\/en\/author\/niklas33\/"},"comments_num_v2":"0 comments","_links":{"self":[{"href":"https:\/\/prudentwater.com\/en\/wp-json\/wp\/v2\/pages\/244","targetHints":{"allow":["GET"]}}],"collection":[{"href":"https:\/\/prudentwater.com\/en\/wp-json\/wp\/v2\/pages"}],"about":[{"href":"https:\/\/prudentwater.com\/en\/wp-json\/wp\/v2\/types\/page"}],"author":[{"embeddable":true,"href":"https:\/\/prudentwater.com\/en\/wp-json\/wp\/v2\/users\/1"}],"replies":[{"embeddable":true,"href":"https:\/\/prudentwater.com\/en\/wp-json\/wp\/v2\/comments?post=244"}],"version-history":[{"count":0,"href":"https:\/\/prudentwater.com\/en\/wp-json\/wp\/v2\/pages\/244\/revisions"}],"wp:attachment":[{"href":"https:\/\/prudentwater.com\/en\/wp-json\/wp\/v2\/media?parent=244"}],"curies":[{"name":"wp","href":"https:\/\/api.w.org\/{rel}","templated":true}]}}