{"id":2444,"date":"2015-01-06T13:54:42","date_gmt":"2015-01-06T13:54:42","guid":{"rendered":"http:\/\/www.kunnskap.de\/?page_id=2444"},"modified":"2021-06-25T12:50:08","modified_gmt":"2021-06-25T10:50:08","slug":"rating","status":"publish","type":"page","link":"https:\/\/prudentwater.com\/en\/rating\/","title":{"rendered":"Rating"},"content":{"rendered":"<p>Mit einem Rating wird eine Aktiengesellschaft oder der Emittent einer Anleihe bewertet und auf die finanzielle Stabilit\u00e4t hin eingestuft. Das Rating dient allgemein zur Bewertung der Kreditw\u00fcrdigkeit. Ebenso kann aber auch nur eine bestimmte Anleihe ein Rating erhalten. Dabei wird bewertet, wie wahrscheinlich die R\u00fcckzahlung des Kapitals sowie die Zahlung der vereinbarten Zinsen ist. Es wird somit die Kreditw\u00fcrdigkeit des Emittenten bewertet. Es wird jedoch nicht die Struktur der Anleihe bewertet. Emittenten von Anleihen k\u00f6nnen ihre Anleihen raten lassen, es besteht jedoch keine Pflicht dazu. Das Rating kann jedoch den Verkauf der Anleihen f\u00f6rdern. Die momentan drei gr\u00f6\u00dften Ratingagenturen sind Moody\u00b4s, Standard &amp; Poor\u00b4s und Fitch.<\/p>\n","protected":false},"excerpt":{"rendered":"<p>Mit einem Rating wird eine Aktiengesellschaft oder der Emittent einer Anleihe bewertet und auf die finanzielle Stabilit\u00e4t hin eingestuft. Das Rating dient allgemein zur Bewertung der Kreditw\u00fcrdigkeit. Ebenso kann aber auch nur eine bestimmte Anleihe ein Rating erhalten. Dabei wird bewertet, wie wahrscheinlich die R\u00fcckzahlung des Kapitals sowie die Zahlung der vereinbarten Zinsen ist. Es [&hellip;]<\/p>\n","protected":false},"author":1,"featured_media":0,"parent":0,"menu_order":0,"comment_status":"closed","ping_status":"closed","template":"","meta":{"site-sidebar-layout":"default","site-content-layout":"","ast-site-content-layout":"","site-content-style":"default","site-sidebar-style":"default","ast-global-header-display":"","ast-banner-title-visibility":"","ast-main-header-display":"","ast-hfb-above-header-display":"","ast-hfb-below-header-display":"","ast-hfb-mobile-header-display":"","site-post-title":"","ast-breadcrumbs-content":"","ast-featured-img":"","footer-sml-layout":"","theme-transparent-header-meta":"","adv-header-id-meta":"","stick-header-meta":"","header-above-stick-meta":"","header-main-stick-meta":"","header-below-stick-meta":"","astra-migrate-meta-layouts":"default","ast-page-background-enabled":"default","ast-page-background-meta":{"desktop":{"background-color":"","background-image":"","background-repeat":"repeat","background-position":"center center","background-size":"auto","background-attachment":"scroll","background-type":"","background-media":"","overlay-type":"","overlay-color":"","overlay-opacity":"","overlay-gradient":""},"tablet":{"background-color":"","background-image":"","background-repeat":"repeat","background-position":"center center","background-size":"auto","background-attachment":"scroll","background-type":"","background-media":"","overlay-type":"","overlay-color":"","overlay-opacity":"","overlay-gradient":""},"mobile":{"background-color":"","background-image":"","background-repeat":"repeat","background-position":"center center","background-size":"auto","background-attachment":"scroll","background-type":"","background-media":"","overlay-type":"","overlay-color":"","overlay-opacity":"","overlay-gradient":""}},"ast-content-background-meta":{"desktop":{"background-color":"var(--ast-global-color-5)","background-image":"","background-repeat":"repeat","background-position":"center center","background-size":"auto","background-attachment":"scroll","background-type":"","background-media":"","overlay-type":"","overlay-color":"","overlay-opacity":"","overlay-gradient":""},"tablet":{"background-color":"var(--ast-global-color-5)","background-image":"","background-repeat":"repeat","background-position":"center center","background-size":"auto","background-attachment":"scroll","background-type":"","background-media":"","overlay-type":"","overlay-color":"","overlay-opacity":"","overlay-gradient":""},"mobile":{"background-color":"var(--ast-global-color-5)","background-image":"","background-repeat":"repeat","background-position":"center center","background-size":"auto","background-attachment":"scroll","background-type":"","background-media":"","overlay-type":"","overlay-color":"","overlay-opacity":"","overlay-gradient":""}},"footnotes":""},"class_list":["post-2444","page","type-page","status-publish","hentry"],"translation":{"provider":"WPGlobus","version":"3.0.2","language":"en","enabled_languages":["de","en"],"languages":{"de":{"title":true,"content":true,"excerpt":false},"en":{"title":false,"content":false,"excerpt":false}}},"featured_image_urls_v2":{"full":"","thumbnail":"","medium":"","medium_large":"","large":"","1536x1536":"","2048x2048":""},"post_excerpt_stackable_v2":"<p>Mit einem Rating wird eine Aktiengesellschaft oder der Emittent einer Anleihe bewertet und auf die finanzielle Stabilit\u00e4t hin eingestuft. Das Rating dient allgemein zur Bewertung der Kreditw\u00fcrdigkeit. Ebenso kann aber auch nur eine bestimmte Anleihe ein Rating erhalten. Dabei wird bewertet, wie wahrscheinlich die R\u00fcckzahlung des Kapitals sowie die Zahlung der vereinbarten Zinsen ist. Es wird somit die Kreditw\u00fcrdigkeit des Emittenten bewertet. Es wird jedoch nicht die Struktur der Anleihe bewertet. Emittenten von Anleihen k\u00f6nnen ihre Anleihen raten lassen, es besteht jedoch keine Pflicht dazu. Das Rating kann jedoch den Verkauf der Anleihen f\u00f6rdern. Die momentan drei gr\u00f6\u00dften Ratingagenturen sind&hellip;<\/p>\n","category_list_v2":"","author_info_v2":{"name":"PrudentWater","url":"https:\/\/prudentwater.com\/en\/author\/niklas33\/"},"comments_num_v2":"0 comments","_links":{"self":[{"href":"https:\/\/prudentwater.com\/en\/wp-json\/wp\/v2\/pages\/2444","targetHints":{"allow":["GET"]}}],"collection":[{"href":"https:\/\/prudentwater.com\/en\/wp-json\/wp\/v2\/pages"}],"about":[{"href":"https:\/\/prudentwater.com\/en\/wp-json\/wp\/v2\/types\/page"}],"author":[{"embeddable":true,"href":"https:\/\/prudentwater.com\/en\/wp-json\/wp\/v2\/users\/1"}],"replies":[{"embeddable":true,"href":"https:\/\/prudentwater.com\/en\/wp-json\/wp\/v2\/comments?post=2444"}],"version-history":[{"count":0,"href":"https:\/\/prudentwater.com\/en\/wp-json\/wp\/v2\/pages\/2444\/revisions"}],"wp:attachment":[{"href":"https:\/\/prudentwater.com\/en\/wp-json\/wp\/v2\/media?parent=2444"}],"curies":[{"name":"wp","href":"https:\/\/api.w.org\/{rel}","templated":true}]}}