{"id":2451,"date":"2015-01-07T11:07:32","date_gmt":"2015-01-07T11:07:32","guid":{"rendered":"http:\/\/www.kunnskap.de\/?page_id=2451"},"modified":"2021-06-25T12:50:09","modified_gmt":"2021-06-25T10:50:09","slug":"rentenfonds","status":"publish","type":"page","link":"https:\/\/prudentwater.com\/en\/rentenfonds\/","title":{"rendered":"Rentenfonds"},"content":{"rendered":"<p>Auch <strong>Anleihenfonds<\/strong><br \/>\nengl. <strong>Bond Fund<\/strong><\/p>\n<p>Ein Rentenfonds investiert das Geld der Anleger zum gro\u00dfen Teil in festverzinsliche Wertpapiere wie zum Beispiel Anleihen, Pfandbriefe oder Floater. Dar\u00fcber hinaus h\u00e4lt der Anleihenfonds auch immer einen bestimmten Prozentsatz an freier Liquidit\u00e4t. Um als Rentenfonds zu gelten, muss jedoch mindestens 51 % des Sonderverm\u00f6gens, also des Fondsverm\u00f6gens, in festverzinsliche Wertpapiere investiert werden. Die Total Expense Ration ist bei einem Rentenfonds geringer als die von herk\u00f6mmlichen Investmentfonds und liegt oft bei ca. 1,0 %.<br \/>\nDer Rentenfonds erwirtschaftet seine Ums\u00e4tze in erster Linie aus den erhaltenen Zinszahlungen. Bei fallenden Zinsen am Markt k\u00f6nnen zus\u00e4tzlich Kursgewinne entstehen. Steigen die Zinsen jedoch an, wird der Rentenfonds Kursverluste erleiden. Der Kurs einer Anleihe bewegt sich immer entgegengesetzt zum aktuellen Zinsniveau. Steigen am Markt die Zinsen, so fallen allgemein die Anleihenkurse, fallen hingegen die Marktzinsen, so steigen allgemein die Anleihenkurse. Auch wenn Rentenfonds als relativ sichere Anlage gelten, m\u00fcssen Anleger vor dem Kauf stets Auskunft \u00fcber den Anlageschwerpunkt des Rentenfonds einholen. Liegt der Anlageschwerpunkt beispielsweise auf Fremdw\u00e4hrungsanleihen oder Hochzinsanleihen, so ist das Risiko von Kursverlusten oder einer erh\u00f6hten Volatilit\u00e4t in dem Fonds deutlich h\u00f6her als in einen Rentenfonds, welcher ausschlie\u00dflich in Staatsanleihen mit h\u00f6chster Bonit\u00e4t investiert. <\/p>\n","protected":false},"excerpt":{"rendered":"<p>Auch Anleihenfonds engl. Bond Fund Ein Rentenfonds investiert das Geld der Anleger zum gro\u00dfen Teil in festverzinsliche Wertpapiere wie zum Beispiel Anleihen, Pfandbriefe oder Floater. Dar\u00fcber hinaus h\u00e4lt der Anleihenfonds auch immer einen bestimmten Prozentsatz an freier Liquidit\u00e4t. Um als Rentenfonds zu gelten, muss jedoch mindestens 51 % des Sonderverm\u00f6gens, also des Fondsverm\u00f6gens, in festverzinsliche [&hellip;]<\/p>\n","protected":false},"author":1,"featured_media":0,"parent":0,"menu_order":0,"comment_status":"closed","ping_status":"closed","template":"","meta":{"site-sidebar-layout":"default","site-content-layout":"","ast-site-content-layout":"","site-content-style":"default","site-sidebar-style":"default","ast-global-header-display":"","ast-banner-title-visibility":"","ast-main-header-display":"","ast-hfb-above-header-display":"","ast-hfb-below-header-display":"","ast-hfb-mobile-header-display":"","site-post-title":"","ast-breadcrumbs-content":"","ast-featured-img":"","footer-sml-layout":"","theme-transparent-header-meta":"","adv-header-id-meta":"","stick-header-meta":"","header-above-stick-meta":"","header-main-stick-meta":"","header-below-stick-meta":"","astra-migrate-meta-layouts":"default","ast-page-background-enabled":"default","ast-page-background-meta":{"desktop":{"background-color":"","background-image":"","background-repeat":"repeat","background-position":"center center","background-size":"auto","background-attachment":"scroll","background-type":"","background-media":"","overlay-type":"","overlay-color":"","overlay-opacity":"","overlay-gradient":""},"tablet":{"background-color":"","background-image":"","background-repeat":"repeat","background-position":"center center","background-size":"auto","background-attachment":"scroll","background-type":"","background-media":"","overlay-type":"","overlay-color":"","overlay-opacity":"","overlay-gradient":""},"mobile":{"background-color":"","background-image":"","background-repeat":"repeat","background-position":"center center","background-size":"auto","background-attachment":"scroll","background-type":"","background-media":"","overlay-type":"","overlay-color":"","overlay-opacity":"","overlay-gradient":""}},"ast-content-background-meta":{"desktop":{"background-color":"var(--ast-global-color-5)","background-image":"","background-repeat":"repeat","background-position":"center center","background-size":"auto","background-attachment":"scroll","background-type":"","background-media":"","overlay-type":"","overlay-color":"","overlay-opacity":"","overlay-gradient":""},"tablet":{"background-color":"var(--ast-global-color-5)","background-image":"","background-repeat":"repeat","background-position":"center center","background-size":"auto","background-attachment":"scroll","background-type":"","background-media":"","overlay-type":"","overlay-color":"","overlay-opacity":"","overlay-gradient":""},"mobile":{"background-color":"var(--ast-global-color-5)","background-image":"","background-repeat":"repeat","background-position":"center center","background-size":"auto","background-attachment":"scroll","background-type":"","background-media":"","overlay-type":"","overlay-color":"","overlay-opacity":"","overlay-gradient":""}},"footnotes":""},"class_list":["post-2451","page","type-page","status-publish","hentry"],"translation":{"provider":"WPGlobus","version":"3.0.2","language":"en","enabled_languages":["de","en"],"languages":{"de":{"title":true,"content":true,"excerpt":false},"en":{"title":false,"content":false,"excerpt":false}}},"featured_image_urls_v2":{"full":"","thumbnail":"","medium":"","medium_large":"","large":"","1536x1536":"","2048x2048":""},"post_excerpt_stackable_v2":"<p>Auch Anleihenfonds engl. Bond Fund Ein Rentenfonds investiert das Geld der Anleger zum gro\u00dfen Teil in festverzinsliche Wertpapiere wie zum Beispiel Anleihen, Pfandbriefe oder Floater. Dar\u00fcber hinaus h\u00e4lt der Anleihenfonds auch immer einen bestimmten Prozentsatz an freier Liquidit\u00e4t. Um als Rentenfonds zu gelten, muss jedoch mindestens 51 % des Sonderverm\u00f6gens, also des Fondsverm\u00f6gens, in festverzinsliche Wertpapiere investiert werden. Die Total Expense Ration ist bei einem Rentenfonds geringer als die von herk\u00f6mmlichen Investmentfonds und liegt oft bei ca. 1,0 %. Der Rentenfonds erwirtschaftet seine Ums\u00e4tze in erster Linie aus den erhaltenen Zinszahlungen. Bei fallenden Zinsen am Markt k\u00f6nnen zus\u00e4tzlich Kursgewinne entstehen.&hellip;<\/p>\n","category_list_v2":"","author_info_v2":{"name":"PrudentWater","url":"https:\/\/prudentwater.com\/en\/author\/niklas33\/"},"comments_num_v2":"0 comments","_links":{"self":[{"href":"https:\/\/prudentwater.com\/en\/wp-json\/wp\/v2\/pages\/2451","targetHints":{"allow":["GET"]}}],"collection":[{"href":"https:\/\/prudentwater.com\/en\/wp-json\/wp\/v2\/pages"}],"about":[{"href":"https:\/\/prudentwater.com\/en\/wp-json\/wp\/v2\/types\/page"}],"author":[{"embeddable":true,"href":"https:\/\/prudentwater.com\/en\/wp-json\/wp\/v2\/users\/1"}],"replies":[{"embeddable":true,"href":"https:\/\/prudentwater.com\/en\/wp-json\/wp\/v2\/comments?post=2451"}],"version-history":[{"count":0,"href":"https:\/\/prudentwater.com\/en\/wp-json\/wp\/v2\/pages\/2451\/revisions"}],"wp:attachment":[{"href":"https:\/\/prudentwater.com\/en\/wp-json\/wp\/v2\/media?parent=2451"}],"curies":[{"name":"wp","href":"https:\/\/api.w.org\/{rel}","templated":true}]}}