{"id":2462,"date":"2015-01-07T17:14:42","date_gmt":"2015-01-07T17:14:42","guid":{"rendered":"http:\/\/www.kunnskap.de\/?page_id=2462"},"modified":"2021-06-25T12:50:10","modified_gmt":"2021-06-25T10:50:10","slug":"sdax","status":"publish","type":"page","link":"https:\/\/prudentwater.com\/en\/sdax\/","title":{"rendered":"SDAX"},"content":{"rendered":"<p><strong>Small Cap-Index<\/strong><\/p>\n<p>Der SDAX ist ein deutscher Aktienindex, welcher die Wertentwicklung von 50 Unternehmen widerspiegelt, die von der Marktkapitalisierung her nochmals kleiner sind als die Unternehmen aus dem MDAX. Von der Wichtigkeit und Gr\u00f6\u00dfe der Unternehmen her folgt er somit dem MDAX, welcher wiederum dem DAX folgt. Der SDAX wurde am 26. April 1999 an der Frankfurter B\u00f6rse eingef\u00fchrt. Die Indexzusammensetzung findet viertelj\u00e4hrlich statt. Der SDAX geh\u00f6rt neben dem DAX, dem MDAX und dem TecDAX zum Prime Standard.<\/p>\n","protected":false},"excerpt":{"rendered":"<p>Small Cap-Index Der SDAX ist ein deutscher Aktienindex, welcher die Wertentwicklung von 50 Unternehmen widerspiegelt, die von der Marktkapitalisierung her nochmals kleiner sind als die Unternehmen aus dem MDAX. Von der Wichtigkeit und Gr\u00f6\u00dfe der Unternehmen her folgt er somit dem MDAX, welcher wiederum dem DAX folgt. Der SDAX wurde am 26. April 1999 an [&hellip;]<\/p>\n","protected":false},"author":1,"featured_media":0,"parent":0,"menu_order":0,"comment_status":"closed","ping_status":"closed","template":"","meta":{"site-sidebar-layout":"default","site-content-layout":"","ast-site-content-layout":"","site-content-style":"default","site-sidebar-style":"default","ast-global-header-display":"","ast-banner-title-visibility":"","ast-main-header-display":"","ast-hfb-above-header-display":"","ast-hfb-below-header-display":"","ast-hfb-mobile-header-display":"","site-post-title":"","ast-breadcrumbs-content":"","ast-featured-img":"","footer-sml-layout":"","theme-transparent-header-meta":"","adv-header-id-meta":"","stick-header-meta":"","header-above-stick-meta":"","header-main-stick-meta":"","header-below-stick-meta":"","astra-migrate-meta-layouts":"default","ast-page-background-enabled":"default","ast-page-background-meta":{"desktop":{"background-color":"","background-image":"","background-repeat":"repeat","background-position":"center center","background-size":"auto","background-attachment":"scroll","background-type":"","background-media":"","overlay-type":"","overlay-color":"","overlay-opacity":"","overlay-gradient":""},"tablet":{"background-color":"","background-image":"","background-repeat":"repeat","background-position":"center center","background-size":"auto","background-attachment":"scroll","background-type":"","background-media":"","overlay-type":"","overlay-color":"","overlay-opacity":"","overlay-gradient":""},"mobile":{"background-color":"","background-image":"","background-repeat":"repeat","background-position":"center center","background-size":"auto","background-attachment":"scroll","background-type":"","background-media":"","overlay-type":"","overlay-color":"","overlay-opacity":"","overlay-gradient":""}},"ast-content-background-meta":{"desktop":{"background-color":"var(--ast-global-color-5)","background-image":"","background-repeat":"repeat","background-position":"center center","background-size":"auto","background-attachment":"scroll","background-type":"","background-media":"","overlay-type":"","overlay-color":"","overlay-opacity":"","overlay-gradient":""},"tablet":{"background-color":"var(--ast-global-color-5)","background-image":"","background-repeat":"repeat","background-position":"center center","background-size":"auto","background-attachment":"scroll","background-type":"","background-media":"","overlay-type":"","overlay-color":"","overlay-opacity":"","overlay-gradient":""},"mobile":{"background-color":"var(--ast-global-color-5)","background-image":"","background-repeat":"repeat","background-position":"center center","background-size":"auto","background-attachment":"scroll","background-type":"","background-media":"","overlay-type":"","overlay-color":"","overlay-opacity":"","overlay-gradient":""}},"footnotes":""},"class_list":["post-2462","page","type-page","status-publish","hentry"],"translation":{"provider":"WPGlobus","version":"3.0.2","language":"en","enabled_languages":["de","en"],"languages":{"de":{"title":true,"content":true,"excerpt":false},"en":{"title":false,"content":false,"excerpt":false}}},"featured_image_urls_v2":{"full":"","thumbnail":"","medium":"","medium_large":"","large":"","1536x1536":"","2048x2048":""},"post_excerpt_stackable_v2":"<p>Small Cap-Index Der SDAX ist ein deutscher Aktienindex, welcher die Wertentwicklung von 50 Unternehmen widerspiegelt, die von der Marktkapitalisierung her nochmals kleiner sind als die Unternehmen aus dem MDAX. Von der Wichtigkeit und Gr\u00f6\u00dfe der Unternehmen her folgt er somit dem MDAX, welcher wiederum dem DAX folgt. Der SDAX wurde am 26. April 1999 an der Frankfurter B\u00f6rse eingef\u00fchrt. Die Indexzusammensetzung findet viertelj\u00e4hrlich statt. Der SDAX geh\u00f6rt neben dem DAX, dem MDAX und dem TecDAX zum Prime Standard.<\/p>\n","category_list_v2":"","author_info_v2":{"name":"PrudentWater","url":"https:\/\/prudentwater.com\/en\/author\/niklas33\/"},"comments_num_v2":"0 comments","_links":{"self":[{"href":"https:\/\/prudentwater.com\/en\/wp-json\/wp\/v2\/pages\/2462","targetHints":{"allow":["GET"]}}],"collection":[{"href":"https:\/\/prudentwater.com\/en\/wp-json\/wp\/v2\/pages"}],"about":[{"href":"https:\/\/prudentwater.com\/en\/wp-json\/wp\/v2\/types\/page"}],"author":[{"embeddable":true,"href":"https:\/\/prudentwater.com\/en\/wp-json\/wp\/v2\/users\/1"}],"replies":[{"embeddable":true,"href":"https:\/\/prudentwater.com\/en\/wp-json\/wp\/v2\/comments?post=2462"}],"version-history":[{"count":0,"href":"https:\/\/prudentwater.com\/en\/wp-json\/wp\/v2\/pages\/2462\/revisions"}],"wp:attachment":[{"href":"https:\/\/prudentwater.com\/en\/wp-json\/wp\/v2\/media?parent=2462"}],"curies":[{"name":"wp","href":"https:\/\/api.w.org\/{rel}","templated":true}]}}