{"id":2470,"date":"2015-01-07T19:54:02","date_gmt":"2015-01-07T19:54:02","guid":{"rendered":"http:\/\/www.kunnskap.de\/?page_id=2470"},"modified":"2021-06-25T12:50:11","modified_gmt":"2021-06-25T10:50:11","slug":"shareholder-value","status":"publish","type":"page","link":"https:\/\/prudentwater.com\/en\/shareholder-value\/","title":{"rendered":"Shareholder Value"},"content":{"rendered":"<p>Der Shareholder Value stellt die Interessen der Aktion\u00e4re in den Mittelpunkt der unternehmerischen F\u00fchrung. Der Begriff bezeichnet das Streben der Aktion\u00e4re, einen m\u00f6glichst gro\u00dfen Nutzen aus dem Unternehmen zu erhalten und somit den Wert des Unternehmens und schlie\u00dflich der Aktien langfristig zu steigern. Beim Shareholder Value sollen die Aktion\u00e4rsinteressen in den Mittelpunkt gestellt werden. Wird der Kurs der Aktie mit der Anzahl aller gehaltenen Aktien multipliziert, erh\u00e4lt man den Verm\u00f6genswert (Value), den ein Anteilseigner (Shareholder) einer Aktiengesellschaft besitzt. Dieser Wert soll beim Shareholder Value Ansatz langfristig gesteigert werden. Der Shareholder Value steht oftmals in Konflikt mit dem Stakeholder Value, da von den verschiedenen Gruppen verschiedenen Interessen verfolgt werden.<\/p>\n","protected":false},"excerpt":{"rendered":"<p>Der Shareholder Value stellt die Interessen der Aktion\u00e4re in den Mittelpunkt der unternehmerischen F\u00fchrung. Der Begriff bezeichnet das Streben der Aktion\u00e4re, einen m\u00f6glichst gro\u00dfen Nutzen aus dem Unternehmen zu erhalten und somit den Wert des Unternehmens und schlie\u00dflich der Aktien langfristig zu steigern. Beim Shareholder Value sollen die Aktion\u00e4rsinteressen in den Mittelpunkt gestellt werden. Wird [&hellip;]<\/p>\n","protected":false},"author":1,"featured_media":0,"parent":0,"menu_order":0,"comment_status":"closed","ping_status":"closed","template":"","meta":{"site-sidebar-layout":"default","site-content-layout":"","ast-site-content-layout":"","site-content-style":"default","site-sidebar-style":"default","ast-global-header-display":"","ast-banner-title-visibility":"","ast-main-header-display":"","ast-hfb-above-header-display":"","ast-hfb-below-header-display":"","ast-hfb-mobile-header-display":"","site-post-title":"","ast-breadcrumbs-content":"","ast-featured-img":"","footer-sml-layout":"","theme-transparent-header-meta":"","adv-header-id-meta":"","stick-header-meta":"","header-above-stick-meta":"","header-main-stick-meta":"","header-below-stick-meta":"","astra-migrate-meta-layouts":"default","ast-page-background-enabled":"default","ast-page-background-meta":{"desktop":{"background-color":"","background-image":"","background-repeat":"repeat","background-position":"center center","background-size":"auto","background-attachment":"scroll","background-type":"","background-media":"","overlay-type":"","overlay-color":"","overlay-opacity":"","overlay-gradient":""},"tablet":{"background-color":"","background-image":"","background-repeat":"repeat","background-position":"center center","background-size":"auto","background-attachment":"scroll","background-type":"","background-media":"","overlay-type":"","overlay-color":"","overlay-opacity":"","overlay-gradient":""},"mobile":{"background-color":"","background-image":"","background-repeat":"repeat","background-position":"center center","background-size":"auto","background-attachment":"scroll","background-type":"","background-media":"","overlay-type":"","overlay-color":"","overlay-opacity":"","overlay-gradient":""}},"ast-content-background-meta":{"desktop":{"background-color":"var(--ast-global-color-5)","background-image":"","background-repeat":"repeat","background-position":"center center","background-size":"auto","background-attachment":"scroll","background-type":"","background-media":"","overlay-type":"","overlay-color":"","overlay-opacity":"","overlay-gradient":""},"tablet":{"background-color":"var(--ast-global-color-5)","background-image":"","background-repeat":"repeat","background-position":"center center","background-size":"auto","background-attachment":"scroll","background-type":"","background-media":"","overlay-type":"","overlay-color":"","overlay-opacity":"","overlay-gradient":""},"mobile":{"background-color":"var(--ast-global-color-5)","background-image":"","background-repeat":"repeat","background-position":"center center","background-size":"auto","background-attachment":"scroll","background-type":"","background-media":"","overlay-type":"","overlay-color":"","overlay-opacity":"","overlay-gradient":""}},"footnotes":""},"class_list":["post-2470","page","type-page","status-publish","hentry"],"translation":{"provider":"WPGlobus","version":"3.0.2","language":"en","enabled_languages":["de","en"],"languages":{"de":{"title":true,"content":true,"excerpt":false},"en":{"title":false,"content":false,"excerpt":false}}},"featured_image_urls_v2":{"full":"","thumbnail":"","medium":"","medium_large":"","large":"","1536x1536":"","2048x2048":""},"post_excerpt_stackable_v2":"<p>Der Shareholder Value stellt die Interessen der Aktion\u00e4re in den Mittelpunkt der unternehmerischen F\u00fchrung. Der Begriff bezeichnet das Streben der Aktion\u00e4re, einen m\u00f6glichst gro\u00dfen Nutzen aus dem Unternehmen zu erhalten und somit den Wert des Unternehmens und schlie\u00dflich der Aktien langfristig zu steigern. Beim Shareholder Value sollen die Aktion\u00e4rsinteressen in den Mittelpunkt gestellt werden. Wird der Kurs der Aktie mit der Anzahl aller gehaltenen Aktien multipliziert, erh\u00e4lt man den Verm\u00f6genswert (Value), den ein Anteilseigner (Shareholder) einer Aktiengesellschaft besitzt. Dieser Wert soll beim Shareholder Value Ansatz langfristig gesteigert werden. Der Shareholder Value steht oftmals in Konflikt mit dem Stakeholder Value, da&hellip;<\/p>\n","category_list_v2":"","author_info_v2":{"name":"PrudentWater","url":"https:\/\/prudentwater.com\/en\/author\/niklas33\/"},"comments_num_v2":"0 comments","_links":{"self":[{"href":"https:\/\/prudentwater.com\/en\/wp-json\/wp\/v2\/pages\/2470","targetHints":{"allow":["GET"]}}],"collection":[{"href":"https:\/\/prudentwater.com\/en\/wp-json\/wp\/v2\/pages"}],"about":[{"href":"https:\/\/prudentwater.com\/en\/wp-json\/wp\/v2\/types\/page"}],"author":[{"embeddable":true,"href":"https:\/\/prudentwater.com\/en\/wp-json\/wp\/v2\/users\/1"}],"replies":[{"embeddable":true,"href":"https:\/\/prudentwater.com\/en\/wp-json\/wp\/v2\/comments?post=2470"}],"version-history":[{"count":0,"href":"https:\/\/prudentwater.com\/en\/wp-json\/wp\/v2\/pages\/2470\/revisions"}],"wp:attachment":[{"href":"https:\/\/prudentwater.com\/en\/wp-json\/wp\/v2\/media?parent=2470"}],"curies":[{"name":"wp","href":"https:\/\/api.w.org\/{rel}","templated":true}]}}