{"id":2473,"date":"2015-01-08T20:31:01","date_gmt":"2015-01-08T20:31:01","guid":{"rendered":"http:\/\/www.kunnskap.de\/?page_id=2473"},"modified":"2021-10-09T10:46:41","modified_gmt":"2021-10-09T08:46:41","slug":"small-caps","status":"publish","type":"page","link":"https:\/\/prudentwater.com\/en\/small-caps\/","title":{"rendered":"Small Caps"},"content":{"rendered":"<p>Auch <strong>Nebenwert<\/strong><\/p>\n<p>Als Small Caps werden Aktiengesellschaften mit einer geringen Marktkapitalisierung bezeichnet. Small Caps weisen oft ein dynamischeres Wachstum auf als Blue Chip Aktien, birgen als Investment jedoch auch ein gr\u00f6\u00dferes Risiko. Von der Marktkapitaliserung her gibt es keine genaue Abgrenzung, es gibt jedoch den eigen f\u00fcr Small Caps erstellen SDAX. Grob l\u00e4sst sich jedoch sagen, dass Small Cap Aktien eine Marktkapitalisierung von bis zu maximal 2 Milliarden Euro aufweisen. Liegen sie dar\u00fcber, so werden sie den Mid Cap Aktien zugeordnet.<\/p>\n","protected":false},"excerpt":{"rendered":"<p>Auch Nebenwert Als Small Caps werden Aktiengesellschaften mit einer geringen Marktkapitalisierung bezeichnet. Small Caps weisen oft ein dynamischeres Wachstum auf als Blue Chip Aktien, birgen als Investment jedoch auch ein gr\u00f6\u00dferes Risiko. Von der Marktkapitaliserung her gibt es keine genaue Abgrenzung, es gibt jedoch den eigen f\u00fcr Small Caps erstellen SDAX. Grob l\u00e4sst sich jedoch [&hellip;]<\/p>\n","protected":false},"author":1,"featured_media":0,"parent":0,"menu_order":0,"comment_status":"closed","ping_status":"closed","template":"","meta":{"site-sidebar-layout":"default","site-content-layout":"default","ast-site-content-layout":"","site-content-style":"default","site-sidebar-style":"default","ast-global-header-display":"","ast-banner-title-visibility":"","ast-main-header-display":"","ast-hfb-above-header-display":"","ast-hfb-below-header-display":"","ast-hfb-mobile-header-display":"","site-post-title":"","ast-breadcrumbs-content":"","ast-featured-img":"","footer-sml-layout":"","theme-transparent-header-meta":"default","adv-header-id-meta":"","stick-header-meta":"","header-above-stick-meta":"","header-main-stick-meta":"","header-below-stick-meta":"","astra-migrate-meta-layouts":"default","ast-page-background-enabled":"default","ast-page-background-meta":{"desktop":{"background-color":"","background-image":"","background-repeat":"repeat","background-position":"center center","background-size":"auto","background-attachment":"scroll","background-type":"","background-media":"","overlay-type":"","overlay-color":"","overlay-opacity":"","overlay-gradient":""},"tablet":{"background-color":"","background-image":"","background-repeat":"repeat","background-position":"center center","background-size":"auto","background-attachment":"scroll","background-type":"","background-media":"","overlay-type":"","overlay-color":"","overlay-opacity":"","overlay-gradient":""},"mobile":{"background-color":"","background-image":"","background-repeat":"repeat","background-position":"center center","background-size":"auto","background-attachment":"scroll","background-type":"","background-media":"","overlay-type":"","overlay-color":"","overlay-opacity":"","overlay-gradient":""}},"ast-content-background-meta":{"desktop":{"background-color":"var(--ast-global-color-5)","background-image":"","background-repeat":"repeat","background-position":"center center","background-size":"auto","background-attachment":"scroll","background-type":"","background-media":"","overlay-type":"","overlay-color":"","overlay-opacity":"","overlay-gradient":""},"tablet":{"background-color":"var(--ast-global-color-5)","background-image":"","background-repeat":"repeat","background-position":"center center","background-size":"auto","background-attachment":"scroll","background-type":"","background-media":"","overlay-type":"","overlay-color":"","overlay-opacity":"","overlay-gradient":""},"mobile":{"background-color":"var(--ast-global-color-5)","background-image":"","background-repeat":"repeat","background-position":"center center","background-size":"auto","background-attachment":"scroll","background-type":"","background-media":"","overlay-type":"","overlay-color":"","overlay-opacity":"","overlay-gradient":""}},"footnotes":""},"class_list":["post-2473","page","type-page","status-publish","hentry"],"translation":{"provider":"WPGlobus","version":"3.0.2","language":"en","enabled_languages":["de","en"],"languages":{"de":{"title":true,"content":true,"excerpt":false},"en":{"title":false,"content":false,"excerpt":false}}},"featured_image_urls_v2":{"full":"","thumbnail":"","medium":"","medium_large":"","large":"","1536x1536":"","2048x2048":""},"post_excerpt_stackable_v2":"<p>Auch Nebenwert Als Small Caps werden Aktiengesellschaften mit einer geringen Marktkapitalisierung bezeichnet. Small Caps weisen oft ein dynamischeres Wachstum auf als Blue Chip Aktien, birgen als Investment jedoch auch ein gr\u00f6\u00dferes Risiko. Von der Marktkapitaliserung her gibt es keine genaue Abgrenzung, es gibt jedoch den eigen f\u00fcr Small Caps erstellen SDAX. Grob l\u00e4sst sich jedoch sagen, dass Small Cap Aktien eine Marktkapitalisierung von bis zu maximal 2 Milliarden Euro aufweisen. Liegen sie dar\u00fcber, so werden sie den Mid Cap Aktien zugeordnet.<\/p>\n","category_list_v2":"","author_info_v2":{"name":"PrudentWater","url":"https:\/\/prudentwater.com\/en\/author\/niklas33\/"},"comments_num_v2":"0 comments","_links":{"self":[{"href":"https:\/\/prudentwater.com\/en\/wp-json\/wp\/v2\/pages\/2473","targetHints":{"allow":["GET"]}}],"collection":[{"href":"https:\/\/prudentwater.com\/en\/wp-json\/wp\/v2\/pages"}],"about":[{"href":"https:\/\/prudentwater.com\/en\/wp-json\/wp\/v2\/types\/page"}],"author":[{"embeddable":true,"href":"https:\/\/prudentwater.com\/en\/wp-json\/wp\/v2\/users\/1"}],"replies":[{"embeddable":true,"href":"https:\/\/prudentwater.com\/en\/wp-json\/wp\/v2\/comments?post=2473"}],"version-history":[{"count":0,"href":"https:\/\/prudentwater.com\/en\/wp-json\/wp\/v2\/pages\/2473\/revisions"}],"wp:attachment":[{"href":"https:\/\/prudentwater.com\/en\/wp-json\/wp\/v2\/media?parent=2473"}],"curies":[{"name":"wp","href":"https:\/\/api.w.org\/{rel}","templated":true}]}}