{"id":2475,"date":"2015-01-09T12:01:02","date_gmt":"2015-01-09T12:01:02","guid":{"rendered":"http:\/\/www.kunnskap.de\/?page_id=2475"},"modified":"2021-06-25T12:50:11","modified_gmt":"2021-06-25T10:50:11","slug":"sondervermogen","status":"publish","type":"page","link":"https:\/\/prudentwater.com\/en\/sondervermogen\/","title":{"rendered":"Sonderverm\u00f6gen"},"content":{"rendered":"<p>Das Sonderverm\u00f6gen ist jenes Kapital, welches von den Anlegern in einen Investmentfonds eingezahlt wird und welches anschlie\u00dfend in Wertpapiere wie Aktien oder Anleihen von der Kapitalanlagegesellschaft investiert wird. Bankguthaben, die die Fondsgesellschaft vorhalten muss, um die R\u00fccknahme von Fondsanteilen jederzeit garantieren zu k\u00f6nnen, geh\u00f6ren ebenfalls zum Sonderverm\u00f6gen. Entscheidend ist, dass das eingezahlte Kapital der Anleger getrennt von dem Verm\u00f6gen der Kapitalanlagegesellschaft gehalten werden muss. Das Sonderverm\u00f6gen steht ebenso in keiner Verbindung mit der Wert\u00e4nderung anderer Investmentfonds der Kapitalanlagegesellschaft. Die Investmentgesellschaft hat keinen direkten Zugriff auf das Sonderverm\u00f6gen, im Falle einer Insolvenz der Investmentgesellschaft ist das Sonderverm\u00f6gen vor den Anspr\u00fcchen von Gl\u00e4ubigern gesch\u00fctzt. Sollte es also zu einem Konkurs der Kapitalanlagegesellschaft kommen, so ist das Sonderverm\u00f6gen von jeglicher Haftung f\u00fcr Verbindlichkeiten der KAG ausgenommen. Die Verwahrung des Sonderverm\u00f6gens wird von einer Verwahrstelle vorgenommen, die Investmentgesellschaft veranlasst lediglich K\u00e4ufe und Verk\u00e4ufe des Sonderverm\u00f6gens. Auf der anderen Seite hat die Depotbank keinen Einfluss auf die Anlagestrategie, sie ist nur f\u00fcr die Verwahrung des Sonderverm\u00f6gens zust\u00e4ndig. Der Wert des Sonderverm\u00f6gens geteilt durch die Gesamtzahl der Anteile ergibt den Wert eines Anteils. <\/p>\n","protected":false},"excerpt":{"rendered":"<p>Das Sonderverm\u00f6gen ist jenes Kapital, welches von den Anlegern in einen Investmentfonds eingezahlt wird und welches anschlie\u00dfend in Wertpapiere wie Aktien oder Anleihen von der Kapitalanlagegesellschaft investiert wird. Bankguthaben, die die Fondsgesellschaft vorhalten muss, um die R\u00fccknahme von Fondsanteilen jederzeit garantieren zu k\u00f6nnen, geh\u00f6ren ebenfalls zum Sonderverm\u00f6gen. Entscheidend ist, dass das eingezahlte Kapital der Anleger [&hellip;]<\/p>\n","protected":false},"author":1,"featured_media":0,"parent":0,"menu_order":0,"comment_status":"closed","ping_status":"closed","template":"","meta":{"site-sidebar-layout":"default","site-content-layout":"","ast-site-content-layout":"","site-content-style":"default","site-sidebar-style":"default","ast-global-header-display":"","ast-banner-title-visibility":"","ast-main-header-display":"","ast-hfb-above-header-display":"","ast-hfb-below-header-display":"","ast-hfb-mobile-header-display":"","site-post-title":"","ast-breadcrumbs-content":"","ast-featured-img":"","footer-sml-layout":"","theme-transparent-header-meta":"","adv-header-id-meta":"","stick-header-meta":"","header-above-stick-meta":"","header-main-stick-meta":"","header-below-stick-meta":"","astra-migrate-meta-layouts":"default","ast-page-background-enabled":"default","ast-page-background-meta":{"desktop":{"background-color":"","background-image":"","background-repeat":"repeat","background-position":"center center","background-size":"auto","background-attachment":"scroll","background-type":"","background-media":"","overlay-type":"","overlay-color":"","overlay-opacity":"","overlay-gradient":""},"tablet":{"background-color":"","background-image":"","background-repeat":"repeat","background-position":"center center","background-size":"auto","background-attachment":"scroll","background-type":"","background-media":"","overlay-type":"","overlay-color":"","overlay-opacity":"","overlay-gradient":""},"mobile":{"background-color":"","background-image":"","background-repeat":"repeat","background-position":"center center","background-size":"auto","background-attachment":"scroll","background-type":"","background-media":"","overlay-type":"","overlay-color":"","overlay-opacity":"","overlay-gradient":""}},"ast-content-background-meta":{"desktop":{"background-color":"var(--ast-global-color-5)","background-image":"","background-repeat":"repeat","background-position":"center center","background-size":"auto","background-attachment":"scroll","background-type":"","background-media":"","overlay-type":"","overlay-color":"","overlay-opacity":"","overlay-gradient":""},"tablet":{"background-color":"var(--ast-global-color-5)","background-image":"","background-repeat":"repeat","background-position":"center center","background-size":"auto","background-attachment":"scroll","background-type":"","background-media":"","overlay-type":"","overlay-color":"","overlay-opacity":"","overlay-gradient":""},"mobile":{"background-color":"var(--ast-global-color-5)","background-image":"","background-repeat":"repeat","background-position":"center center","background-size":"auto","background-attachment":"scroll","background-type":"","background-media":"","overlay-type":"","overlay-color":"","overlay-opacity":"","overlay-gradient":""}},"footnotes":""},"class_list":["post-2475","page","type-page","status-publish","hentry"],"translation":{"provider":"WPGlobus","version":"3.0.2","language":"en","enabled_languages":["de","en"],"languages":{"de":{"title":true,"content":true,"excerpt":false},"en":{"title":false,"content":false,"excerpt":false}}},"featured_image_urls_v2":{"full":"","thumbnail":"","medium":"","medium_large":"","large":"","1536x1536":"","2048x2048":""},"post_excerpt_stackable_v2":"<p>Das Sonderverm\u00f6gen ist jenes Kapital, welches von den Anlegern in einen Investmentfonds eingezahlt wird und welches anschlie\u00dfend in Wertpapiere wie Aktien oder Anleihen von der Kapitalanlagegesellschaft investiert wird. Bankguthaben, die die Fondsgesellschaft vorhalten muss, um die R\u00fccknahme von Fondsanteilen jederzeit garantieren zu k\u00f6nnen, geh\u00f6ren ebenfalls zum Sonderverm\u00f6gen. Entscheidend ist, dass das eingezahlte Kapital der Anleger getrennt von dem Verm\u00f6gen der Kapitalanlagegesellschaft gehalten werden muss. Das Sonderverm\u00f6gen steht ebenso in keiner Verbindung mit der Wert\u00e4nderung anderer Investmentfonds der Kapitalanlagegesellschaft. Die Investmentgesellschaft hat keinen direkten Zugriff auf das Sonderverm\u00f6gen, im Falle einer Insolvenz der Investmentgesellschaft ist das Sonderverm\u00f6gen vor den Anspr\u00fcchen von&hellip;<\/p>\n","category_list_v2":"","author_info_v2":{"name":"PrudentWater","url":"https:\/\/prudentwater.com\/en\/author\/niklas33\/"},"comments_num_v2":"0 comments","_links":{"self":[{"href":"https:\/\/prudentwater.com\/en\/wp-json\/wp\/v2\/pages\/2475","targetHints":{"allow":["GET"]}}],"collection":[{"href":"https:\/\/prudentwater.com\/en\/wp-json\/wp\/v2\/pages"}],"about":[{"href":"https:\/\/prudentwater.com\/en\/wp-json\/wp\/v2\/types\/page"}],"author":[{"embeddable":true,"href":"https:\/\/prudentwater.com\/en\/wp-json\/wp\/v2\/users\/1"}],"replies":[{"embeddable":true,"href":"https:\/\/prudentwater.com\/en\/wp-json\/wp\/v2\/comments?post=2475"}],"version-history":[{"count":0,"href":"https:\/\/prudentwater.com\/en\/wp-json\/wp\/v2\/pages\/2475\/revisions"}],"wp:attachment":[{"href":"https:\/\/prudentwater.com\/en\/wp-json\/wp\/v2\/media?parent=2475"}],"curies":[{"name":"wp","href":"https:\/\/api.w.org\/{rel}","templated":true}]}}