{"id":2484,"date":"2015-01-09T21:27:26","date_gmt":"2015-01-09T21:27:26","guid":{"rendered":"http:\/\/www.kunnskap.de\/?page_id=2484"},"modified":"2021-06-25T12:50:11","modified_gmt":"2021-06-25T10:50:11","slug":"spekulationsblase","status":"publish","type":"page","link":"https:\/\/prudentwater.com\/en\/spekulationsblase\/","title":{"rendered":"Spekulationsblase"},"content":{"rendered":"<p>engl. <strong>Economic Bubble<\/strong> oder <strong>Speculation Bubble<\/strong><\/p>\n<p>Eine Spekulationsblase an der B\u00f6rse kennzeichnet sich dadurch aus, dass Preise f\u00fcr bestimmte Anlageklassen wie zum Beispiel Aktien \u00fcberm\u00e4\u00dfig und vor allem unverh\u00e4ltnism\u00e4\u00dfig teuer sind. Der Preis eines Verm\u00f6gensgegenstandes entfernt sich \u00fcberproportional von dessen fundamentalen Wert. Platzt die Blase schlie\u00dflich, so kommt es zu einer drastischen Wertanpassung. Eine Spekulationsblase ensteht vor allem durch &#8216;billiges Geld&#8217;, welches einen kreditfinanzierten Anstieg der Aktienm\u00e4rkte antreibt. Diese starken Kursanstiege stimmen jedoch nicht mit den realen wirtschaftlichen Fundamentaldaten \u00fcberein, sondern werden vor allem durch aktuell niedrige Zinsen getrieben.<br \/>\nAnleger glauben inmitten der Spekulationsblase, dass sie weiterhin mit Aktienk\u00e4ufen Geld verdienen k\u00f6nnen, obwohl die Preise schon sehr weit gestiegen sind. Blasen am Markt entstehen vor allem durch irrationales Handeln, weshalb Anleger glauben, dass die Preise noch weiter steigen werden. Aus diesem Grund kaufen die schlecht informierten und unerfahrenen Anleger weiter Aktien, institutionelle und erfahrene Anleger verkaufen in solchen \u00dcbertreibungsphasen jedoch bereits schon oft ihre Best\u00e4nde. Der Legende nach bekam Joe Kennedy, B\u00f6rsenmillion\u00e4r und Vater des sp\u00e4teren amerikanischen Pr\u00e4sidenten John F. Kennedy, im Jahre 1928 von einem Schuhputzer einen Aktientipp. Dies war ein Wahnsignal f\u00fcr Kennedy, denn &#8220;wenn schon Schuhputzer Aktientipps geben, so ist es wohl Zeit, Aktien zu verkaufen.&#8221; Zu dieser Zeit kauften tats\u00e4chlich viele Leute Aktien, um an der B\u00f6rse kurzfristig Geld zu verdienen. Kennedy behielt Recht, kurze Zeit sp\u00e4ter brachen die weltweiten B\u00f6rsen ein. Der ber\u00fcchtigte Schwarze Donnerstag lie\u00df die Spekulationsblase platzen. Die erste Spekulationsblase an den B\u00f6rsen war allerdings die Tulpenmanie in Holland im Jahre 1637.<\/p>\n","protected":false},"excerpt":{"rendered":"<p>engl. Economic Bubble oder Speculation Bubble Eine Spekulationsblase an der B\u00f6rse kennzeichnet sich dadurch aus, dass Preise f\u00fcr bestimmte Anlageklassen wie zum Beispiel Aktien \u00fcberm\u00e4\u00dfig und vor allem unverh\u00e4ltnism\u00e4\u00dfig teuer sind. Der Preis eines Verm\u00f6gensgegenstandes entfernt sich \u00fcberproportional von dessen fundamentalen Wert. Platzt die Blase schlie\u00dflich, so kommt es zu einer drastischen Wertanpassung. Eine Spekulationsblase [&hellip;]<\/p>\n","protected":false},"author":1,"featured_media":0,"parent":0,"menu_order":0,"comment_status":"closed","ping_status":"closed","template":"","meta":{"site-sidebar-layout":"default","site-content-layout":"","ast-site-content-layout":"","site-content-style":"default","site-sidebar-style":"default","ast-global-header-display":"","ast-banner-title-visibility":"","ast-main-header-display":"","ast-hfb-above-header-display":"","ast-hfb-below-header-display":"","ast-hfb-mobile-header-display":"","site-post-title":"","ast-breadcrumbs-content":"","ast-featured-img":"","footer-sml-layout":"","theme-transparent-header-meta":"","adv-header-id-meta":"","stick-header-meta":"","header-above-stick-meta":"","header-main-stick-meta":"","header-below-stick-meta":"","astra-migrate-meta-layouts":"default","ast-page-background-enabled":"default","ast-page-background-meta":{"desktop":{"background-color":"","background-image":"","background-repeat":"repeat","background-position":"center center","background-size":"auto","background-attachment":"scroll","background-type":"","background-media":"","overlay-type":"","overlay-color":"","overlay-opacity":"","overlay-gradient":""},"tablet":{"background-color":"","background-image":"","background-repeat":"repeat","background-position":"center center","background-size":"auto","background-attachment":"scroll","background-type":"","background-media":"","overlay-type":"","overlay-color":"","overlay-opacity":"","overlay-gradient":""},"mobile":{"background-color":"","background-image":"","background-repeat":"repeat","background-position":"center center","background-size":"auto","background-attachment":"scroll","background-type":"","background-media":"","overlay-type":"","overlay-color":"","overlay-opacity":"","overlay-gradient":""}},"ast-content-background-meta":{"desktop":{"background-color":"var(--ast-global-color-5)","background-image":"","background-repeat":"repeat","background-position":"center center","background-size":"auto","background-attachment":"scroll","background-type":"","background-media":"","overlay-type":"","overlay-color":"","overlay-opacity":"","overlay-gradient":""},"tablet":{"background-color":"var(--ast-global-color-5)","background-image":"","background-repeat":"repeat","background-position":"center center","background-size":"auto","background-attachment":"scroll","background-type":"","background-media":"","overlay-type":"","overlay-color":"","overlay-opacity":"","overlay-gradient":""},"mobile":{"background-color":"var(--ast-global-color-5)","background-image":"","background-repeat":"repeat","background-position":"center center","background-size":"auto","background-attachment":"scroll","background-type":"","background-media":"","overlay-type":"","overlay-color":"","overlay-opacity":"","overlay-gradient":""}},"footnotes":""},"class_list":["post-2484","page","type-page","status-publish","hentry"],"translation":{"provider":"WPGlobus","version":"3.0.2","language":"en","enabled_languages":["de","en"],"languages":{"de":{"title":true,"content":true,"excerpt":false},"en":{"title":false,"content":false,"excerpt":false}}},"featured_image_urls_v2":{"full":"","thumbnail":"","medium":"","medium_large":"","large":"","1536x1536":"","2048x2048":""},"post_excerpt_stackable_v2":"<p>engl. Economic Bubble oder Speculation Bubble Eine Spekulationsblase an der B\u00f6rse kennzeichnet sich dadurch aus, dass Preise f\u00fcr bestimmte Anlageklassen wie zum Beispiel Aktien \u00fcberm\u00e4\u00dfig und vor allem unverh\u00e4ltnism\u00e4\u00dfig teuer sind. Der Preis eines Verm\u00f6gensgegenstandes entfernt sich \u00fcberproportional von dessen fundamentalen Wert. Platzt die Blase schlie\u00dflich, so kommt es zu einer drastischen Wertanpassung. Eine Spekulationsblase ensteht vor allem durch &#8216;billiges Geld&#8217;, welches einen kreditfinanzierten Anstieg der Aktienm\u00e4rkte antreibt. Diese starken Kursanstiege stimmen jedoch nicht mit den realen wirtschaftlichen Fundamentaldaten \u00fcberein, sondern werden vor allem durch aktuell niedrige Zinsen getrieben. Anleger glauben inmitten der Spekulationsblase, dass sie weiterhin mit Aktienk\u00e4ufen Geld&hellip;<\/p>\n","category_list_v2":"","author_info_v2":{"name":"PrudentWater","url":"https:\/\/prudentwater.com\/en\/author\/niklas33\/"},"comments_num_v2":"0 comments","_links":{"self":[{"href":"https:\/\/prudentwater.com\/en\/wp-json\/wp\/v2\/pages\/2484","targetHints":{"allow":["GET"]}}],"collection":[{"href":"https:\/\/prudentwater.com\/en\/wp-json\/wp\/v2\/pages"}],"about":[{"href":"https:\/\/prudentwater.com\/en\/wp-json\/wp\/v2\/types\/page"}],"author":[{"embeddable":true,"href":"https:\/\/prudentwater.com\/en\/wp-json\/wp\/v2\/users\/1"}],"replies":[{"embeddable":true,"href":"https:\/\/prudentwater.com\/en\/wp-json\/wp\/v2\/comments?post=2484"}],"version-history":[{"count":0,"href":"https:\/\/prudentwater.com\/en\/wp-json\/wp\/v2\/pages\/2484\/revisions"}],"wp:attachment":[{"href":"https:\/\/prudentwater.com\/en\/wp-json\/wp\/v2\/media?parent=2484"}],"curies":[{"name":"wp","href":"https:\/\/api.w.org\/{rel}","templated":true}]}}