{"id":2490,"date":"2015-01-09T23:20:07","date_gmt":"2015-01-09T23:20:07","guid":{"rendered":"http:\/\/www.kunnskap.de\/?page_id=2490"},"modified":"2021-06-25T12:50:12","modified_gmt":"2021-06-25T10:50:12","slug":"stakeholder-value","status":"publish","type":"page","link":"https:\/\/prudentwater.com\/en\/stakeholder-value\/","title":{"rendered":"Stakeholder Value"},"content":{"rendered":"<p>Beim Stakeholder Value richtet sich der Nutzen des Unternehmens an die unmittelbaren Mitarbeiter und die allgemeine Gesellschaft. Der Stakeholder Value ist der Nutzen an einem Unternehmen, welcher allen Personen zur Verf\u00fcgung steht au\u00dfer den Eigent\u00fcmern und Aktion\u00e4ren. Zu diesen Personen z\u00e4hlen vor allem eben die Mitarbeiter. Ihr Wert und Nutzen an dem Unternehmen sind sichere Arbeitspl\u00e4tze. Ebenso z\u00e4hlen Lieferanten zu dieser Gruppe. Sie m\u00f6chten langfristige Vertragspartner, denen sie ihre Waren und Dienstleistungen verkaufen k\u00f6nnen. Somit ergeben sich mehrere Gruppen, die von einem Unternehmen profitieren, jedoch nicht Anteilseigner an dem Unternehmen sind. Ebenso geh\u00f6rt auch die Umwelt zum Stakeholder Value, da das Unternehmen im Sinne der Umwelt und langfristig umweltfreundlich agieren soll. Der Stakeholder Value steht dabei im Gegensatz zum Shareholder Value.<\/p>\n","protected":false},"excerpt":{"rendered":"<p>Beim Stakeholder Value richtet sich der Nutzen des Unternehmens an die unmittelbaren Mitarbeiter und die allgemeine Gesellschaft. Der Stakeholder Value ist der Nutzen an einem Unternehmen, welcher allen Personen zur Verf\u00fcgung steht au\u00dfer den Eigent\u00fcmern und Aktion\u00e4ren. Zu diesen Personen z\u00e4hlen vor allem eben die Mitarbeiter. Ihr Wert und Nutzen an dem Unternehmen sind sichere [&hellip;]<\/p>\n","protected":false},"author":1,"featured_media":0,"parent":0,"menu_order":0,"comment_status":"closed","ping_status":"closed","template":"","meta":{"site-sidebar-layout":"default","site-content-layout":"","ast-site-content-layout":"","site-content-style":"default","site-sidebar-style":"default","ast-global-header-display":"","ast-banner-title-visibility":"","ast-main-header-display":"","ast-hfb-above-header-display":"","ast-hfb-below-header-display":"","ast-hfb-mobile-header-display":"","site-post-title":"","ast-breadcrumbs-content":"","ast-featured-img":"","footer-sml-layout":"","theme-transparent-header-meta":"","adv-header-id-meta":"","stick-header-meta":"","header-above-stick-meta":"","header-main-stick-meta":"","header-below-stick-meta":"","astra-migrate-meta-layouts":"default","ast-page-background-enabled":"default","ast-page-background-meta":{"desktop":{"background-color":"","background-image":"","background-repeat":"repeat","background-position":"center center","background-size":"auto","background-attachment":"scroll","background-type":"","background-media":"","overlay-type":"","overlay-color":"","overlay-opacity":"","overlay-gradient":""},"tablet":{"background-color":"","background-image":"","background-repeat":"repeat","background-position":"center center","background-size":"auto","background-attachment":"scroll","background-type":"","background-media":"","overlay-type":"","overlay-color":"","overlay-opacity":"","overlay-gradient":""},"mobile":{"background-color":"","background-image":"","background-repeat":"repeat","background-position":"center center","background-size":"auto","background-attachment":"scroll","background-type":"","background-media":"","overlay-type":"","overlay-color":"","overlay-opacity":"","overlay-gradient":""}},"ast-content-background-meta":{"desktop":{"background-color":"var(--ast-global-color-5)","background-image":"","background-repeat":"repeat","background-position":"center center","background-size":"auto","background-attachment":"scroll","background-type":"","background-media":"","overlay-type":"","overlay-color":"","overlay-opacity":"","overlay-gradient":""},"tablet":{"background-color":"var(--ast-global-color-5)","background-image":"","background-repeat":"repeat","background-position":"center center","background-size":"auto","background-attachment":"scroll","background-type":"","background-media":"","overlay-type":"","overlay-color":"","overlay-opacity":"","overlay-gradient":""},"mobile":{"background-color":"var(--ast-global-color-5)","background-image":"","background-repeat":"repeat","background-position":"center center","background-size":"auto","background-attachment":"scroll","background-type":"","background-media":"","overlay-type":"","overlay-color":"","overlay-opacity":"","overlay-gradient":""}},"footnotes":""},"class_list":["post-2490","page","type-page","status-publish","hentry"],"translation":{"provider":"WPGlobus","version":"3.0.2","language":"en","enabled_languages":["de","en"],"languages":{"de":{"title":true,"content":true,"excerpt":false},"en":{"title":false,"content":false,"excerpt":false}}},"featured_image_urls_v2":{"full":"","thumbnail":"","medium":"","medium_large":"","large":"","1536x1536":"","2048x2048":""},"post_excerpt_stackable_v2":"<p>Beim Stakeholder Value richtet sich der Nutzen des Unternehmens an die unmittelbaren Mitarbeiter und die allgemeine Gesellschaft. Der Stakeholder Value ist der Nutzen an einem Unternehmen, welcher allen Personen zur Verf\u00fcgung steht au\u00dfer den Eigent\u00fcmern und Aktion\u00e4ren. Zu diesen Personen z\u00e4hlen vor allem eben die Mitarbeiter. Ihr Wert und Nutzen an dem Unternehmen sind sichere Arbeitspl\u00e4tze. Ebenso z\u00e4hlen Lieferanten zu dieser Gruppe. Sie m\u00f6chten langfristige Vertragspartner, denen sie ihre Waren und Dienstleistungen verkaufen k\u00f6nnen. Somit ergeben sich mehrere Gruppen, die von einem Unternehmen profitieren, jedoch nicht Anteilseigner an dem Unternehmen sind. Ebenso geh\u00f6rt auch die Umwelt zum Stakeholder Value, da&hellip;<\/p>\n","category_list_v2":"","author_info_v2":{"name":"PrudentWater","url":"https:\/\/prudentwater.com\/en\/author\/niklas33\/"},"comments_num_v2":"0 comments","_links":{"self":[{"href":"https:\/\/prudentwater.com\/en\/wp-json\/wp\/v2\/pages\/2490","targetHints":{"allow":["GET"]}}],"collection":[{"href":"https:\/\/prudentwater.com\/en\/wp-json\/wp\/v2\/pages"}],"about":[{"href":"https:\/\/prudentwater.com\/en\/wp-json\/wp\/v2\/types\/page"}],"author":[{"embeddable":true,"href":"https:\/\/prudentwater.com\/en\/wp-json\/wp\/v2\/users\/1"}],"replies":[{"embeddable":true,"href":"https:\/\/prudentwater.com\/en\/wp-json\/wp\/v2\/comments?post=2490"}],"version-history":[{"count":0,"href":"https:\/\/prudentwater.com\/en\/wp-json\/wp\/v2\/pages\/2490\/revisions"}],"wp:attachment":[{"href":"https:\/\/prudentwater.com\/en\/wp-json\/wp\/v2\/media?parent=2490"}],"curies":[{"name":"wp","href":"https:\/\/api.w.org\/{rel}","templated":true}]}}