{"id":2494,"date":"2015-01-10T13:00:00","date_gmt":"2015-01-10T13:00:00","guid":{"rendered":"http:\/\/www.kunnskap.de\/?page_id=2494"},"modified":"2021-06-25T12:50:10","modified_gmt":"2021-06-25T10:50:10","slug":"sp-500","status":"publish","type":"page","link":"https:\/\/prudentwater.com\/en\/sp-500\/","title":{"rendered":"S&#038;P 500"},"content":{"rendered":"<p><strong>Standard &#038; Poor\u2019s 500<\/strong><\/p>\n<p>Der S&#038;P 500 ist ein Aktienindex und umfasst die 500 gr\u00f6\u00dften US-amerikanischen Aktienunternehmen. Der Index wurde im Jahre 1957 gegr\u00fcndet und geh\u00f6rt zu den meist beachtesten Indizes der Welt, da er die US-Wirtschaft differenziert und breit abbildet. Die Gewichtung der Werte erfolgt nach ihrer Marktkapitalisierung. Der S&#038;P 500 ist ein Kursindex, Dividendenzahlungen werden somit nicht ber\u00fccksichtigt. Damit ein US-Unternehmen in den S&#038;P 500 aufgenommen werden will, muss es folgende Kritierien erf\u00fcllen:<\/p>\n<ul>\n<li>Eine Marktkapitalisierung von mindestens 4 Milliarden Dollar<\/li>\n<li>Mindestens 50 % der Aktien m\u00fcssen sich im Streubesitz befinden<\/li>\n<li>Der Aktienkurs muss mindestens 1 Euro betragen<\/li>\n<li>Vier aufeinanderfolgende Quartale, in denen ein Gewinn verzeichnet wurde<\/li>\n<\/ul>\n<p>Der S&#038;P 500 ist ein kapitalisierungsgewichteter Index. Den S&#038;P 500 gibt es jedoch auch als &#8220;equal-weighted index&#8221;. Der S&#038;P 500 Equal Weight Index beinhaltet dieselben Unternehmen, allerdings immer mit der gleichen Gewichtung im Index. Jedes Unternehmen im S&#038;P 500 Equal Weight Index erh\u00e4lt eine Gewichtung von 0,2 Prozent. Oftmals wird die Korrelation zwischen dem S&#038;P 500 nach Marktkapitalisierung und dem S&#038;P 500 Equal Weight Index analysiert, um das m\u00f6gliche Ende einer Hausse zu prognostizieren. Entwickelt sich der Equal Weight Index schlechter als der Index nach Marktkapitalisierung, so ist dies oftmals ein Anzeichen daf\u00fcr, dass Anleger risikoscheuer und unsicherer werden und ihnen die Investmentideen ausgehen, da sie in diesem Fall vorzugsweise in die gr\u00f6\u00dften Unternehmen des Index nach Marktkapitalisierung investieren. Dies f\u00fchrt bei einem nach Marktkapitalisierung berechneten Index jedoch dazu, dass die ohnehin schon gr\u00f6\u00dften Unternehmen im Index, eine noch h\u00f6here Gewichtung erhalten. <\/p>\n","protected":false},"excerpt":{"rendered":"<p>Standard &#038; Poor\u2019s 500 Der S&#038;P 500 ist ein Aktienindex und umfasst die 500 gr\u00f6\u00dften US-amerikanischen Aktienunternehmen. Der Index wurde im Jahre 1957 gegr\u00fcndet und geh\u00f6rt zu den meist beachtesten Indizes der Welt, da er die US-Wirtschaft differenziert und breit abbildet. Die Gewichtung der Werte erfolgt nach ihrer Marktkapitalisierung. Der S&#038;P 500 ist ein Kursindex, [&hellip;]<\/p>\n","protected":false},"author":1,"featured_media":0,"parent":0,"menu_order":0,"comment_status":"closed","ping_status":"closed","template":"","meta":{"site-sidebar-layout":"default","site-content-layout":"","ast-site-content-layout":"","site-content-style":"default","site-sidebar-style":"default","ast-global-header-display":"","ast-banner-title-visibility":"","ast-main-header-display":"","ast-hfb-above-header-display":"","ast-hfb-below-header-display":"","ast-hfb-mobile-header-display":"","site-post-title":"","ast-breadcrumbs-content":"","ast-featured-img":"","footer-sml-layout":"","theme-transparent-header-meta":"","adv-header-id-meta":"","stick-header-meta":"","header-above-stick-meta":"","header-main-stick-meta":"","header-below-stick-meta":"","astra-migrate-meta-layouts":"default","ast-page-background-enabled":"default","ast-page-background-meta":{"desktop":{"background-color":"","background-image":"","background-repeat":"repeat","background-position":"center center","background-size":"auto","background-attachment":"scroll","background-type":"","background-media":"","overlay-type":"","overlay-color":"","overlay-opacity":"","overlay-gradient":""},"tablet":{"background-color":"","background-image":"","background-repeat":"repeat","background-position":"center center","background-size":"auto","background-attachment":"scroll","background-type":"","background-media":"","overlay-type":"","overlay-color":"","overlay-opacity":"","overlay-gradient":""},"mobile":{"background-color":"","background-image":"","background-repeat":"repeat","background-position":"center center","background-size":"auto","background-attachment":"scroll","background-type":"","background-media":"","overlay-type":"","overlay-color":"","overlay-opacity":"","overlay-gradient":""}},"ast-content-background-meta":{"desktop":{"background-color":"var(--ast-global-color-5)","background-image":"","background-repeat":"repeat","background-position":"center center","background-size":"auto","background-attachment":"scroll","background-type":"","background-media":"","overlay-type":"","overlay-color":"","overlay-opacity":"","overlay-gradient":""},"tablet":{"background-color":"var(--ast-global-color-5)","background-image":"","background-repeat":"repeat","background-position":"center center","background-size":"auto","background-attachment":"scroll","background-type":"","background-media":"","overlay-type":"","overlay-color":"","overlay-opacity":"","overlay-gradient":""},"mobile":{"background-color":"var(--ast-global-color-5)","background-image":"","background-repeat":"repeat","background-position":"center center","background-size":"auto","background-attachment":"scroll","background-type":"","background-media":"","overlay-type":"","overlay-color":"","overlay-opacity":"","overlay-gradient":""}},"footnotes":""},"class_list":["post-2494","page","type-page","status-publish","hentry"],"translation":{"provider":"WPGlobus","version":"3.0.2","language":"en","enabled_languages":["de","en"],"languages":{"de":{"title":true,"content":true,"excerpt":false},"en":{"title":false,"content":false,"excerpt":false}}},"featured_image_urls_v2":{"full":"","thumbnail":"","medium":"","medium_large":"","large":"","1536x1536":"","2048x2048":""},"post_excerpt_stackable_v2":"<p>Standard &#038; Poor\u2019s 500 Der S&#038;P 500 ist ein Aktienindex und umfasst die 500 gr\u00f6\u00dften US-amerikanischen Aktienunternehmen. Der Index wurde im Jahre 1957 gegr\u00fcndet und geh\u00f6rt zu den meist beachtesten Indizes der Welt, da er die US-Wirtschaft differenziert und breit abbildet. Die Gewichtung der Werte erfolgt nach ihrer Marktkapitalisierung. Der S&#038;P 500 ist ein Kursindex, Dividendenzahlungen werden somit nicht ber\u00fccksichtigt. Damit ein US-Unternehmen in den S&#038;P 500 aufgenommen werden will, muss es folgende Kritierien erf\u00fcllen: Eine Marktkapitalisierung von mindestens 4 Milliarden Dollar Mindestens 50 % der Aktien m\u00fcssen sich im Streubesitz befinden Der Aktienkurs muss mindestens 1 Euro betragen Vier&hellip;<\/p>\n","category_list_v2":"","author_info_v2":{"name":"PrudentWater","url":"https:\/\/prudentwater.com\/en\/author\/niklas33\/"},"comments_num_v2":"0 comments","_links":{"self":[{"href":"https:\/\/prudentwater.com\/en\/wp-json\/wp\/v2\/pages\/2494","targetHints":{"allow":["GET"]}}],"collection":[{"href":"https:\/\/prudentwater.com\/en\/wp-json\/wp\/v2\/pages"}],"about":[{"href":"https:\/\/prudentwater.com\/en\/wp-json\/wp\/v2\/types\/page"}],"author":[{"embeddable":true,"href":"https:\/\/prudentwater.com\/en\/wp-json\/wp\/v2\/users\/1"}],"replies":[{"embeddable":true,"href":"https:\/\/prudentwater.com\/en\/wp-json\/wp\/v2\/comments?post=2494"}],"version-history":[{"count":0,"href":"https:\/\/prudentwater.com\/en\/wp-json\/wp\/v2\/pages\/2494\/revisions"}],"wp:attachment":[{"href":"https:\/\/prudentwater.com\/en\/wp-json\/wp\/v2\/media?parent=2494"}],"curies":[{"name":"wp","href":"https:\/\/api.w.org\/{rel}","templated":true}]}}