{"id":250,"date":"2014-08-19T18:29:51","date_gmt":"2014-08-19T18:29:51","guid":{"rendered":"http:\/\/www.kunnskap.de\/?page_id=250"},"modified":"2021-06-25T12:48:20","modified_gmt":"2021-06-25T10:48:20","slug":"basispreis","status":"publish","type":"page","link":"https:\/\/prudentwater.com\/en\/basispreis\/","title":{"rendered":"Basispreis"},"content":{"rendered":"<p>Auch <strong>Aus\u00fcbungspreis<\/strong>, <strong>Strike Preis<\/strong> oder <strong>Bezugspreis<\/strong><br \/>\nengl. <strong>Strike Price<\/strong><\/p>\n<p>Der Basispreis ist derjenige Preis, zu dem bei der Aus\u00fcbung einer Option der zugrunde liegende Basiswert gekauft (Call) oder verkauft (Put) werden kann. Auch bei allen anderen Derivaten ist es der Preis, zu dem der zugrunde liegende Basiswert ge- oder verkauft werden kann. Der Stillhalter (Verk\u00e4ufer der Option) hingegen ist bei Aus\u00fcbung der Option durch den K\u00e4ufer dazu verpflichtet, das Basisobjekt zu dem in der Option vereinbarten Basispreis zu verkaufen (Call-Option) bzw. zu kaufen (Put-Option). Der Basispreis ist immer der Preis, der bei einer Aus\u00fcbung der Option f\u00fcr den Basiswert zu bezahlen ist. Der Basispreis eines Derivates ist von Anfang an festgelegt, es sei denn, es handelt sich um eine asiatische Option.<\/p>\n","protected":false},"excerpt":{"rendered":"<p>Auch Aus\u00fcbungspreis, Strike Preis oder Bezugspreis engl. Strike Price Der Basispreis ist derjenige Preis, zu dem bei der Aus\u00fcbung einer Option der zugrunde liegende Basiswert gekauft (Call) oder verkauft (Put) werden kann. Auch bei allen anderen Derivaten ist es der Preis, zu dem der zugrunde liegende Basiswert ge- oder verkauft werden kann. Der Stillhalter (Verk\u00e4ufer [&hellip;]<\/p>\n","protected":false},"author":1,"featured_media":0,"parent":0,"menu_order":0,"comment_status":"closed","ping_status":"closed","template":"","meta":{"site-sidebar-layout":"default","site-content-layout":"","ast-site-content-layout":"","site-content-style":"default","site-sidebar-style":"default","ast-global-header-display":"","ast-banner-title-visibility":"","ast-main-header-display":"","ast-hfb-above-header-display":"","ast-hfb-below-header-display":"","ast-hfb-mobile-header-display":"","site-post-title":"","ast-breadcrumbs-content":"","ast-featured-img":"","footer-sml-layout":"","theme-transparent-header-meta":"","adv-header-id-meta":"","stick-header-meta":"","header-above-stick-meta":"","header-main-stick-meta":"","header-below-stick-meta":"","astra-migrate-meta-layouts":"default","ast-page-background-enabled":"default","ast-page-background-meta":{"desktop":{"background-color":"","background-image":"","background-repeat":"repeat","background-position":"center center","background-size":"auto","background-attachment":"scroll","background-type":"","background-media":"","overlay-type":"","overlay-color":"","overlay-opacity":"","overlay-gradient":""},"tablet":{"background-color":"","background-image":"","background-repeat":"repeat","background-position":"center center","background-size":"auto","background-attachment":"scroll","background-type":"","background-media":"","overlay-type":"","overlay-color":"","overlay-opacity":"","overlay-gradient":""},"mobile":{"background-color":"","background-image":"","background-repeat":"repeat","background-position":"center center","background-size":"auto","background-attachment":"scroll","background-type":"","background-media":"","overlay-type":"","overlay-color":"","overlay-opacity":"","overlay-gradient":""}},"ast-content-background-meta":{"desktop":{"background-color":"var(--ast-global-color-5)","background-image":"","background-repeat":"repeat","background-position":"center center","background-size":"auto","background-attachment":"scroll","background-type":"","background-media":"","overlay-type":"","overlay-color":"","overlay-opacity":"","overlay-gradient":""},"tablet":{"background-color":"var(--ast-global-color-5)","background-image":"","background-repeat":"repeat","background-position":"center center","background-size":"auto","background-attachment":"scroll","background-type":"","background-media":"","overlay-type":"","overlay-color":"","overlay-opacity":"","overlay-gradient":""},"mobile":{"background-color":"var(--ast-global-color-5)","background-image":"","background-repeat":"repeat","background-position":"center center","background-size":"auto","background-attachment":"scroll","background-type":"","background-media":"","overlay-type":"","overlay-color":"","overlay-opacity":"","overlay-gradient":""}},"footnotes":""},"class_list":["post-250","page","type-page","status-publish","hentry"],"translation":{"provider":"WPGlobus","version":"3.0.2","language":"en","enabled_languages":["de","en"],"languages":{"de":{"title":true,"content":true,"excerpt":false},"en":{"title":false,"content":false,"excerpt":false}}},"featured_image_urls_v2":{"full":"","thumbnail":"","medium":"","medium_large":"","large":"","1536x1536":"","2048x2048":""},"post_excerpt_stackable_v2":"<p>Auch Aus\u00fcbungspreis, Strike Preis oder Bezugspreis engl. Strike Price Der Basispreis ist derjenige Preis, zu dem bei der Aus\u00fcbung einer Option der zugrunde liegende Basiswert gekauft (Call) oder verkauft (Put) werden kann. Auch bei allen anderen Derivaten ist es der Preis, zu dem der zugrunde liegende Basiswert ge- oder verkauft werden kann. Der Stillhalter (Verk\u00e4ufer der Option) hingegen ist bei Aus\u00fcbung der Option durch den K\u00e4ufer dazu verpflichtet, das Basisobjekt zu dem in der Option vereinbarten Basispreis zu verkaufen (Call-Option) bzw. zu kaufen (Put-Option). Der Basispreis ist immer der Preis, der bei einer Aus\u00fcbung der Option f\u00fcr den Basiswert zu&hellip;<\/p>\n","category_list_v2":"","author_info_v2":{"name":"PrudentWater","url":"https:\/\/prudentwater.com\/en\/author\/niklas33\/"},"comments_num_v2":"0 comments","_links":{"self":[{"href":"https:\/\/prudentwater.com\/en\/wp-json\/wp\/v2\/pages\/250","targetHints":{"allow":["GET"]}}],"collection":[{"href":"https:\/\/prudentwater.com\/en\/wp-json\/wp\/v2\/pages"}],"about":[{"href":"https:\/\/prudentwater.com\/en\/wp-json\/wp\/v2\/types\/page"}],"author":[{"embeddable":true,"href":"https:\/\/prudentwater.com\/en\/wp-json\/wp\/v2\/users\/1"}],"replies":[{"embeddable":true,"href":"https:\/\/prudentwater.com\/en\/wp-json\/wp\/v2\/comments?post=250"}],"version-history":[{"count":0,"href":"https:\/\/prudentwater.com\/en\/wp-json\/wp\/v2\/pages\/250\/revisions"}],"wp:attachment":[{"href":"https:\/\/prudentwater.com\/en\/wp-json\/wp\/v2\/media?parent=250"}],"curies":[{"name":"wp","href":"https:\/\/api.w.org\/{rel}","templated":true}]}}