{"id":2501,"date":"2015-01-10T14:43:08","date_gmt":"2015-01-10T14:43:08","guid":{"rendered":"http:\/\/www.kunnskap.de\/?page_id=2501"},"modified":"2022-01-12T20:30:05","modified_gmt":"2022-01-12T19:30:05","slug":"stop-loss-order","status":"publish","type":"page","link":"https:\/\/prudentwater.com\/en\/stop-loss-order\/","title":{"rendered":"Stop-Loss-Order"},"content":{"rendered":"<p>Auch <strong>Stop-Sell-Order<\/strong><\/p>\n<p>Eine Stop-Loss-Order ist ein Auftrag zum Verkauf von Wertpapieren, welcher bestens ausgef\u00fchrt wird, sobald ein bestimmter Kurs erreicht oder unterschrittn wird. Der bei der Stop-Loss-Order angegebene Verkaufspreis muss dabei unter dem aktuellen Kurs des Wertpapieres liegen. Die Stop-Loss-Order wird bestens ausgef\u00fchrt, sobald der Kurs das angegebene Limit erreicht oder unterschritten hat.<div class=\"perfect-pullquote vcard pullquote-align-full pullquote-border-placement-left\" style=\"border-color:#9cd3db !important;font-size:22px !important;\"><blockquote><p style=\"font-size:22px !important;\">Mit einer Stop-Loss-Order k\u00f6nnen sich Anleger gegen Verluste sch\u00fctzen, welche oftmals unvorhersehbar und pl\u00f6tzlich auftreten. Ebenso lassen sich mit diesem Ordertyp bereits erzielte Gewinne sichern.<\/p><\/blockquote><\/div><\/p>\n<h6>Zum Beispiel<\/h6>\n<p>Eine Aktie notiert aktuell bei 60,00 Euro. Eine Stop-Loss-Order mit einem Limit von 50,00 Euro wird in Auftrag gegeben. F\u00e4llt nun der Kurs zur\u00fcck auf 50,00 Euro, entsteht aus der Stop-Loss-Order ein unlimitierter Auftrag und die Aktien werden nun bestm\u00f6glichst verkauft. Dies bedeutet jedoch nicht, dass die Aktien f\u00fcr genau 50,00 Euro verkauft werden. Handelt es sich um eine Aktie mit wenig Handelsvolumen, kann der Verkaufspreis auch deutlich unter 50,00 Euro liegen. Bei liquiden und viel gehandelten Aktien wird jedoch ungef\u00e4hr der Verkaufspreis von 50,00 Euro je Aktie erzielt.<\/p>\n","protected":false},"excerpt":{"rendered":"<p>Auch Stop-Sell-Order Eine Stop-Loss-Order ist ein Auftrag zum Verkauf von Wertpapieren, welcher bestens ausgef\u00fchrt wird, sobald ein bestimmter Kurs erreicht oder unterschrittn wird. Der bei der Stop-Loss-Order angegebene Verkaufspreis muss dabei unter dem aktuellen Kurs des Wertpapieres liegen. Die Stop-Loss-Order wird bestens ausgef\u00fchrt, sobald der Kurs das angegebene Limit erreicht oder unterschritten hat. Zum Beispiel [&hellip;]<\/p>\n","protected":false},"author":1,"featured_media":0,"parent":0,"menu_order":0,"comment_status":"closed","ping_status":"closed","template":"","meta":{"site-sidebar-layout":"default","site-content-layout":"","ast-site-content-layout":"","site-content-style":"default","site-sidebar-style":"default","ast-global-header-display":"","ast-banner-title-visibility":"","ast-main-header-display":"","ast-hfb-above-header-display":"","ast-hfb-below-header-display":"","ast-hfb-mobile-header-display":"","site-post-title":"","ast-breadcrumbs-content":"","ast-featured-img":"","footer-sml-layout":"","theme-transparent-header-meta":"","adv-header-id-meta":"","stick-header-meta":"","header-above-stick-meta":"","header-main-stick-meta":"","header-below-stick-meta":"","astra-migrate-meta-layouts":"default","ast-page-background-enabled":"default","ast-page-background-meta":{"desktop":{"background-color":"","background-image":"","background-repeat":"repeat","background-position":"center center","background-size":"auto","background-attachment":"scroll","background-type":"","background-media":"","overlay-type":"","overlay-color":"","overlay-opacity":"","overlay-gradient":""},"tablet":{"background-color":"","background-image":"","background-repeat":"repeat","background-position":"center center","background-size":"auto","background-attachment":"scroll","background-type":"","background-media":"","overlay-type":"","overlay-color":"","overlay-opacity":"","overlay-gradient":""},"mobile":{"background-color":"","background-image":"","background-repeat":"repeat","background-position":"center center","background-size":"auto","background-attachment":"scroll","background-type":"","background-media":"","overlay-type":"","overlay-color":"","overlay-opacity":"","overlay-gradient":""}},"ast-content-background-meta":{"desktop":{"background-color":"var(--ast-global-color-5)","background-image":"","background-repeat":"repeat","background-position":"center center","background-size":"auto","background-attachment":"scroll","background-type":"","background-media":"","overlay-type":"","overlay-color":"","overlay-opacity":"","overlay-gradient":""},"tablet":{"background-color":"var(--ast-global-color-5)","background-image":"","background-repeat":"repeat","background-position":"center center","background-size":"auto","background-attachment":"scroll","background-type":"","background-media":"","overlay-type":"","overlay-color":"","overlay-opacity":"","overlay-gradient":""},"mobile":{"background-color":"var(--ast-global-color-5)","background-image":"","background-repeat":"repeat","background-position":"center center","background-size":"auto","background-attachment":"scroll","background-type":"","background-media":"","overlay-type":"","overlay-color":"","overlay-opacity":"","overlay-gradient":""}},"footnotes":""},"class_list":["post-2501","page","type-page","status-publish","hentry"],"translation":{"provider":"WPGlobus","version":"3.0.2","language":"en","enabled_languages":["de","en"],"languages":{"de":{"title":true,"content":true,"excerpt":false},"en":{"title":false,"content":false,"excerpt":false}}},"featured_image_urls_v2":{"full":"","thumbnail":"","medium":"","medium_large":"","large":"","1536x1536":"","2048x2048":""},"post_excerpt_stackable_v2":"<p>Auch Stop-Sell-Order Eine Stop-Loss-Order ist ein Auftrag zum Verkauf von Wertpapieren, welcher bestens ausgef\u00fchrt wird, sobald ein bestimmter Kurs erreicht oder unterschrittn wird. Der bei der Stop-Loss-Order angegebene Verkaufspreis muss dabei unter dem aktuellen Kurs des Wertpapieres liegen. Die Stop-Loss-Order wird bestens ausgef\u00fchrt, sobald der Kurs das angegebene Limit erreicht oder unterschritten hat.Mit einer Stop-Loss-Order k\u00f6nnen sich Anleger gegen Verluste sch\u00fctzen, welche oftmals unvorhersehbar und pl\u00f6tzlich auftreten. Ebenso lassen sich mit diesem Ordertyp bereits erzielte Gewinne sichern. Zum Beispiel Eine Aktie notiert aktuell bei 60,00 Euro. Eine Stop-Loss-Order mit einem Limit von 50,00 Euro wird in Auftrag gegeben. F\u00e4llt nun&hellip;<\/p>\n","category_list_v2":"","author_info_v2":{"name":"PrudentWater","url":"https:\/\/prudentwater.com\/en\/author\/niklas33\/"},"comments_num_v2":"0 comments","_links":{"self":[{"href":"https:\/\/prudentwater.com\/en\/wp-json\/wp\/v2\/pages\/2501","targetHints":{"allow":["GET"]}}],"collection":[{"href":"https:\/\/prudentwater.com\/en\/wp-json\/wp\/v2\/pages"}],"about":[{"href":"https:\/\/prudentwater.com\/en\/wp-json\/wp\/v2\/types\/page"}],"author":[{"embeddable":true,"href":"https:\/\/prudentwater.com\/en\/wp-json\/wp\/v2\/users\/1"}],"replies":[{"embeddable":true,"href":"https:\/\/prudentwater.com\/en\/wp-json\/wp\/v2\/comments?post=2501"}],"version-history":[{"count":0,"href":"https:\/\/prudentwater.com\/en\/wp-json\/wp\/v2\/pages\/2501\/revisions"}],"wp:attachment":[{"href":"https:\/\/prudentwater.com\/en\/wp-json\/wp\/v2\/media?parent=2501"}],"curies":[{"name":"wp","href":"https:\/\/api.w.org\/{rel}","templated":true}]}}