{"id":2504,"date":"2015-01-10T15:21:12","date_gmt":"2015-01-10T15:21:12","guid":{"rendered":"http:\/\/www.kunnskap.de\/?page_id=2504"},"modified":"2022-01-12T19:57:12","modified_gmt":"2022-01-12T18:57:12","slug":"stop-buy-order","status":"publish","type":"page","link":"https:\/\/prudentwater.com\/en\/stop-buy-order\/","title":{"rendered":"Stop-Buy-Order"},"content":{"rendered":"<p>Eine Stop-Buy-Order ist ein Auftrag zum Kauf von Wertpapieren. Dieser Auftrag wird billigst, jedoch erst dann ausgef\u00fchrt, sobald die Aktie einen bestimmten Kurs \u00fcber dem aktuellen Marktpreis erreicht oder \u00fcberschritten hat. Oftmals will der Anleger erst dann eine Aktie kaufen, sobald diese einen eindeutigen charttechnischen Aufw\u00e4rtstrend signalisiert oder einen technischen Widerstand nach oben durchbrochen hat. In diesem Fall kann eine Stop-Buy-Order hilfreich sein, um erst dann in das Wertpapier zu investieren, wenn ein charttechnisches Signal vorliegt.<br \/>\n<div class=\"perfect-pullquote vcard pullquote-align-full pullquote-border-placement-left\" style=\"border-color:#9cd3db !important;font-size:22px !important;\"><blockquote><p style=\"font-size:22px !important;\">Die Stop-Buy-Order m\u00fcsste eigentlich Start-Buy-Order hei\u00dfen, da der Kauf der Wertpapiere erst beim Erreichen einer oberen Kursmarke gestartet wird.<\/p><\/blockquote><\/div>Die Stop-Buy-Order wird vor allem in der technischen Analyse eingesetzt. Die Stop-Marke bei einer Stop-Buy-Order muss bei Eingabe durch den Anleger immer \u00fcber dem aktuellen Marktpreis liegen. Wird dieser Marktpreis erreicht, so wird die Stop-Buy-Order billigst ausgef\u00fchrt.<\/p>\n","protected":false},"excerpt":{"rendered":"<p>Eine Stop-Buy-Order ist ein Auftrag zum Kauf von Wertpapieren. Dieser Auftrag wird billigst, jedoch erst dann ausgef\u00fchrt, sobald die Aktie einen bestimmten Kurs \u00fcber dem aktuellen Marktpreis erreicht oder \u00fcberschritten hat. Oftmals will der Anleger erst dann eine Aktie kaufen, sobald diese einen eindeutigen charttechnischen Aufw\u00e4rtstrend signalisiert oder einen technischen Widerstand nach oben durchbrochen hat. [&hellip;]<\/p>\n","protected":false},"author":1,"featured_media":0,"parent":0,"menu_order":0,"comment_status":"closed","ping_status":"closed","template":"","meta":{"site-sidebar-layout":"default","site-content-layout":"","ast-site-content-layout":"","site-content-style":"default","site-sidebar-style":"default","ast-global-header-display":"","ast-banner-title-visibility":"","ast-main-header-display":"","ast-hfb-above-header-display":"","ast-hfb-below-header-display":"","ast-hfb-mobile-header-display":"","site-post-title":"","ast-breadcrumbs-content":"","ast-featured-img":"","footer-sml-layout":"","theme-transparent-header-meta":"","adv-header-id-meta":"","stick-header-meta":"","header-above-stick-meta":"","header-main-stick-meta":"","header-below-stick-meta":"","astra-migrate-meta-layouts":"default","ast-page-background-enabled":"default","ast-page-background-meta":{"desktop":{"background-color":"","background-image":"","background-repeat":"repeat","background-position":"center center","background-size":"auto","background-attachment":"scroll","background-type":"","background-media":"","overlay-type":"","overlay-color":"","overlay-opacity":"","overlay-gradient":""},"tablet":{"background-color":"","background-image":"","background-repeat":"repeat","background-position":"center center","background-size":"auto","background-attachment":"scroll","background-type":"","background-media":"","overlay-type":"","overlay-color":"","overlay-opacity":"","overlay-gradient":""},"mobile":{"background-color":"","background-image":"","background-repeat":"repeat","background-position":"center center","background-size":"auto","background-attachment":"scroll","background-type":"","background-media":"","overlay-type":"","overlay-color":"","overlay-opacity":"","overlay-gradient":""}},"ast-content-background-meta":{"desktop":{"background-color":"var(--ast-global-color-5)","background-image":"","background-repeat":"repeat","background-position":"center center","background-size":"auto","background-attachment":"scroll","background-type":"","background-media":"","overlay-type":"","overlay-color":"","overlay-opacity":"","overlay-gradient":""},"tablet":{"background-color":"var(--ast-global-color-5)","background-image":"","background-repeat":"repeat","background-position":"center center","background-size":"auto","background-attachment":"scroll","background-type":"","background-media":"","overlay-type":"","overlay-color":"","overlay-opacity":"","overlay-gradient":""},"mobile":{"background-color":"var(--ast-global-color-5)","background-image":"","background-repeat":"repeat","background-position":"center center","background-size":"auto","background-attachment":"scroll","background-type":"","background-media":"","overlay-type":"","overlay-color":"","overlay-opacity":"","overlay-gradient":""}},"footnotes":""},"class_list":["post-2504","page","type-page","status-publish","hentry"],"translation":{"provider":"WPGlobus","version":"3.0.2","language":"en","enabled_languages":["de","en"],"languages":{"de":{"title":true,"content":true,"excerpt":false},"en":{"title":false,"content":false,"excerpt":false}}},"featured_image_urls_v2":{"full":"","thumbnail":"","medium":"","medium_large":"","large":"","1536x1536":"","2048x2048":""},"post_excerpt_stackable_v2":"<p>Eine Stop-Buy-Order ist ein Auftrag zum Kauf von Wertpapieren. Dieser Auftrag wird billigst, jedoch erst dann ausgef\u00fchrt, sobald die Aktie einen bestimmten Kurs \u00fcber dem aktuellen Marktpreis erreicht oder \u00fcberschritten hat. Oftmals will der Anleger erst dann eine Aktie kaufen, sobald diese einen eindeutigen charttechnischen Aufw\u00e4rtstrend signalisiert oder einen technischen Widerstand nach oben durchbrochen hat. In diesem Fall kann eine Stop-Buy-Order hilfreich sein, um erst dann in das Wertpapier zu investieren, wenn ein charttechnisches Signal vorliegt. Die Stop-Buy-Order m\u00fcsste eigentlich Start-Buy-Order hei\u00dfen, da der Kauf der Wertpapiere erst beim Erreichen einer oberen Kursmarke gestartet wird.Die Stop-Buy-Order wird vor allem in&hellip;<\/p>\n","category_list_v2":"","author_info_v2":{"name":"PrudentWater","url":"https:\/\/prudentwater.com\/en\/author\/niklas33\/"},"comments_num_v2":"0 comments","_links":{"self":[{"href":"https:\/\/prudentwater.com\/en\/wp-json\/wp\/v2\/pages\/2504","targetHints":{"allow":["GET"]}}],"collection":[{"href":"https:\/\/prudentwater.com\/en\/wp-json\/wp\/v2\/pages"}],"about":[{"href":"https:\/\/prudentwater.com\/en\/wp-json\/wp\/v2\/types\/page"}],"author":[{"embeddable":true,"href":"https:\/\/prudentwater.com\/en\/wp-json\/wp\/v2\/users\/1"}],"replies":[{"embeddable":true,"href":"https:\/\/prudentwater.com\/en\/wp-json\/wp\/v2\/comments?post=2504"}],"version-history":[{"count":0,"href":"https:\/\/prudentwater.com\/en\/wp-json\/wp\/v2\/pages\/2504\/revisions"}],"wp:attachment":[{"href":"https:\/\/prudentwater.com\/en\/wp-json\/wp\/v2\/media?parent=2504"}],"curies":[{"name":"wp","href":"https:\/\/api.w.org\/{rel}","templated":true}]}}