{"id":2547,"date":"2015-01-14T09:21:59","date_gmt":"2015-01-14T09:21:59","guid":{"rendered":"http:\/\/www.kunnskap.de\/?page_id=2547"},"modified":"2021-06-25T12:50:15","modified_gmt":"2021-06-25T10:50:15","slug":"umbrella-fonds","status":"publish","type":"page","link":"https:\/\/prudentwater.com\/en\/umbrella-fonds\/","title":{"rendered":"Umbrella-Fonds"},"content":{"rendered":"<p>Bei einem Umbrella-Fonds handelt es sich um ein Fondsgebilde, unter dem mehrere verschiedene Subfonds existieren. Der Umbrella-Fonds kann somit als eine Art Fondsschirm angesehen werden, unter dem sich mehrere einzelne Fonds befinden. Jeder dieser einzelnen Fonds hat dann in der Regel eine andere Anlagestrategie und einen anderen Anlageschwerpunkt. Der Umbrella-Fonds ist also nur eine Strukturform, in welchen jedoch nicht direkt investiert wird. Er bietet nur die M\u00f6glichkeit, mehrere Subfonds unter seinem Schirm zu b\u00fcndeln. Hauptabsicht des Umbrella-Fonds ist, dass der Anleger nun zu deutlich g\u00fcnstigeren Geb\u00fchren zwischen den einzelnen Fonds wechseln kann. Denn jederzeit befindet er sich dabei noch im Umbrella-Fonds und sein Geld in derselben Investmentgesellschaft. Ein Umbrella-Fonds ist jedoch kein Dachfonds, da der Dachfonds selbst in andere Investmentfonds investiert und der Anleger eben nicht die Flexibilit\u00e4t und Entscheidungsfreiheit besitzt. Beim Dachfonds besitzt das Management die Entscheidung, beim Umbrella-Fonds kann der Anleger selbst zwischen den verschiedenen Subfonds wechseln und sein Geld sozusagen hin und her investieren zwischen den verschiedenen Fonds.<\/p>\n","protected":false},"excerpt":{"rendered":"<p>Bei einem Umbrella-Fonds handelt es sich um ein Fondsgebilde, unter dem mehrere verschiedene Subfonds existieren. Der Umbrella-Fonds kann somit als eine Art Fondsschirm angesehen werden, unter dem sich mehrere einzelne Fonds befinden. Jeder dieser einzelnen Fonds hat dann in der Regel eine andere Anlagestrategie und einen anderen Anlageschwerpunkt. Der Umbrella-Fonds ist also nur eine Strukturform, [&hellip;]<\/p>\n","protected":false},"author":1,"featured_media":0,"parent":0,"menu_order":0,"comment_status":"closed","ping_status":"closed","template":"","meta":{"site-sidebar-layout":"default","site-content-layout":"","ast-site-content-layout":"","site-content-style":"default","site-sidebar-style":"default","ast-global-header-display":"","ast-banner-title-visibility":"","ast-main-header-display":"","ast-hfb-above-header-display":"","ast-hfb-below-header-display":"","ast-hfb-mobile-header-display":"","site-post-title":"","ast-breadcrumbs-content":"","ast-featured-img":"","footer-sml-layout":"","theme-transparent-header-meta":"","adv-header-id-meta":"","stick-header-meta":"","header-above-stick-meta":"","header-main-stick-meta":"","header-below-stick-meta":"","astra-migrate-meta-layouts":"default","ast-page-background-enabled":"default","ast-page-background-meta":{"desktop":{"background-color":"","background-image":"","background-repeat":"repeat","background-position":"center center","background-size":"auto","background-attachment":"scroll","background-type":"","background-media":"","overlay-type":"","overlay-color":"","overlay-opacity":"","overlay-gradient":""},"tablet":{"background-color":"","background-image":"","background-repeat":"repeat","background-position":"center center","background-size":"auto","background-attachment":"scroll","background-type":"","background-media":"","overlay-type":"","overlay-color":"","overlay-opacity":"","overlay-gradient":""},"mobile":{"background-color":"","background-image":"","background-repeat":"repeat","background-position":"center center","background-size":"auto","background-attachment":"scroll","background-type":"","background-media":"","overlay-type":"","overlay-color":"","overlay-opacity":"","overlay-gradient":""}},"ast-content-background-meta":{"desktop":{"background-color":"var(--ast-global-color-5)","background-image":"","background-repeat":"repeat","background-position":"center center","background-size":"auto","background-attachment":"scroll","background-type":"","background-media":"","overlay-type":"","overlay-color":"","overlay-opacity":"","overlay-gradient":""},"tablet":{"background-color":"var(--ast-global-color-5)","background-image":"","background-repeat":"repeat","background-position":"center center","background-size":"auto","background-attachment":"scroll","background-type":"","background-media":"","overlay-type":"","overlay-color":"","overlay-opacity":"","overlay-gradient":""},"mobile":{"background-color":"var(--ast-global-color-5)","background-image":"","background-repeat":"repeat","background-position":"center center","background-size":"auto","background-attachment":"scroll","background-type":"","background-media":"","overlay-type":"","overlay-color":"","overlay-opacity":"","overlay-gradient":""}},"footnotes":""},"class_list":["post-2547","page","type-page","status-publish","hentry"],"translation":{"provider":"WPGlobus","version":"3.0.2","language":"en","enabled_languages":["de","en"],"languages":{"de":{"title":true,"content":true,"excerpt":false},"en":{"title":false,"content":false,"excerpt":false}}},"featured_image_urls_v2":{"full":"","thumbnail":"","medium":"","medium_large":"","large":"","1536x1536":"","2048x2048":""},"post_excerpt_stackable_v2":"<p>Bei einem Umbrella-Fonds handelt es sich um ein Fondsgebilde, unter dem mehrere verschiedene Subfonds existieren. Der Umbrella-Fonds kann somit als eine Art Fondsschirm angesehen werden, unter dem sich mehrere einzelne Fonds befinden. Jeder dieser einzelnen Fonds hat dann in der Regel eine andere Anlagestrategie und einen anderen Anlageschwerpunkt. Der Umbrella-Fonds ist also nur eine Strukturform, in welchen jedoch nicht direkt investiert wird. Er bietet nur die M\u00f6glichkeit, mehrere Subfonds unter seinem Schirm zu b\u00fcndeln. Hauptabsicht des Umbrella-Fonds ist, dass der Anleger nun zu deutlich g\u00fcnstigeren Geb\u00fchren zwischen den einzelnen Fonds wechseln kann. Denn jederzeit befindet er sich dabei noch im&hellip;<\/p>\n","category_list_v2":"","author_info_v2":{"name":"PrudentWater","url":"https:\/\/prudentwater.com\/en\/author\/niklas33\/"},"comments_num_v2":"0 comments","_links":{"self":[{"href":"https:\/\/prudentwater.com\/en\/wp-json\/wp\/v2\/pages\/2547","targetHints":{"allow":["GET"]}}],"collection":[{"href":"https:\/\/prudentwater.com\/en\/wp-json\/wp\/v2\/pages"}],"about":[{"href":"https:\/\/prudentwater.com\/en\/wp-json\/wp\/v2\/types\/page"}],"author":[{"embeddable":true,"href":"https:\/\/prudentwater.com\/en\/wp-json\/wp\/v2\/users\/1"}],"replies":[{"embeddable":true,"href":"https:\/\/prudentwater.com\/en\/wp-json\/wp\/v2\/comments?post=2547"}],"version-history":[{"count":0,"href":"https:\/\/prudentwater.com\/en\/wp-json\/wp\/v2\/pages\/2547\/revisions"}],"wp:attachment":[{"href":"https:\/\/prudentwater.com\/en\/wp-json\/wp\/v2\/media?parent=2547"}],"curies":[{"name":"wp","href":"https:\/\/api.w.org\/{rel}","templated":true}]}}