{"id":2565,"date":"2015-01-16T13:14:52","date_gmt":"2015-01-16T13:14:52","guid":{"rendered":"http:\/\/www.kunnskap.de\/?page_id=2565"},"modified":"2021-06-25T12:50:16","modified_gmt":"2021-06-25T10:50:16","slug":"verfallstag","status":"publish","type":"page","link":"https:\/\/prudentwater.com\/en\/verfallstag\/","title":{"rendered":"Verfallstag"},"content":{"rendered":"<p>Auch <strong>F\u00e4lligkeitstag<\/strong><br \/>\nengl. <strong>Expiration Date<\/strong><\/p>\n<p>Der Verfallstag ist ein Begriff aus dem Termingesch\u00e4ft. Bis zum Verfallstag k\u00f6nnen Derivate gehandelt werden, am Verfallstag schlie\u00dflich werden Derivate wie Futures, Optionen und Optionsscheine jedoch abgerechnet. Jedes dieser Finanzinstrumente hat somit eine bestimmte Lebensdauer. Der Verfallstag markiert das Ende dieser Instrumente. Hat ein Derivat am F\u00e4lligkeitstag keinen inneren Wert, so wird es wertlos. <\/p>\n","protected":false},"excerpt":{"rendered":"<p>Auch F\u00e4lligkeitstag engl. Expiration Date Der Verfallstag ist ein Begriff aus dem Termingesch\u00e4ft. Bis zum Verfallstag k\u00f6nnen Derivate gehandelt werden, am Verfallstag schlie\u00dflich werden Derivate wie Futures, Optionen und Optionsscheine jedoch abgerechnet. Jedes dieser Finanzinstrumente hat somit eine bestimmte Lebensdauer. Der Verfallstag markiert das Ende dieser Instrumente. Hat ein Derivat am F\u00e4lligkeitstag keinen inneren Wert, [&hellip;]<\/p>\n","protected":false},"author":1,"featured_media":0,"parent":0,"menu_order":0,"comment_status":"closed","ping_status":"closed","template":"","meta":{"site-sidebar-layout":"default","site-content-layout":"","ast-site-content-layout":"","site-content-style":"default","site-sidebar-style":"default","ast-global-header-display":"","ast-banner-title-visibility":"","ast-main-header-display":"","ast-hfb-above-header-display":"","ast-hfb-below-header-display":"","ast-hfb-mobile-header-display":"","site-post-title":"","ast-breadcrumbs-content":"","ast-featured-img":"","footer-sml-layout":"","theme-transparent-header-meta":"","adv-header-id-meta":"","stick-header-meta":"","header-above-stick-meta":"","header-main-stick-meta":"","header-below-stick-meta":"","astra-migrate-meta-layouts":"default","ast-page-background-enabled":"default","ast-page-background-meta":{"desktop":{"background-color":"","background-image":"","background-repeat":"repeat","background-position":"center center","background-size":"auto","background-attachment":"scroll","background-type":"","background-media":"","overlay-type":"","overlay-color":"","overlay-opacity":"","overlay-gradient":""},"tablet":{"background-color":"","background-image":"","background-repeat":"repeat","background-position":"center center","background-size":"auto","background-attachment":"scroll","background-type":"","background-media":"","overlay-type":"","overlay-color":"","overlay-opacity":"","overlay-gradient":""},"mobile":{"background-color":"","background-image":"","background-repeat":"repeat","background-position":"center center","background-size":"auto","background-attachment":"scroll","background-type":"","background-media":"","overlay-type":"","overlay-color":"","overlay-opacity":"","overlay-gradient":""}},"ast-content-background-meta":{"desktop":{"background-color":"var(--ast-global-color-5)","background-image":"","background-repeat":"repeat","background-position":"center center","background-size":"auto","background-attachment":"scroll","background-type":"","background-media":"","overlay-type":"","overlay-color":"","overlay-opacity":"","overlay-gradient":""},"tablet":{"background-color":"var(--ast-global-color-5)","background-image":"","background-repeat":"repeat","background-position":"center center","background-size":"auto","background-attachment":"scroll","background-type":"","background-media":"","overlay-type":"","overlay-color":"","overlay-opacity":"","overlay-gradient":""},"mobile":{"background-color":"var(--ast-global-color-5)","background-image":"","background-repeat":"repeat","background-position":"center center","background-size":"auto","background-attachment":"scroll","background-type":"","background-media":"","overlay-type":"","overlay-color":"","overlay-opacity":"","overlay-gradient":""}},"footnotes":""},"class_list":["post-2565","page","type-page","status-publish","hentry"],"translation":{"provider":"WPGlobus","version":"3.0.2","language":"en","enabled_languages":["de","en"],"languages":{"de":{"title":true,"content":true,"excerpt":false},"en":{"title":false,"content":false,"excerpt":false}}},"featured_image_urls_v2":{"full":"","thumbnail":"","medium":"","medium_large":"","large":"","1536x1536":"","2048x2048":""},"post_excerpt_stackable_v2":"<p>Auch F\u00e4lligkeitstag engl. Expiration Date Der Verfallstag ist ein Begriff aus dem Termingesch\u00e4ft. Bis zum Verfallstag k\u00f6nnen Derivate gehandelt werden, am Verfallstag schlie\u00dflich werden Derivate wie Futures, Optionen und Optionsscheine jedoch abgerechnet. Jedes dieser Finanzinstrumente hat somit eine bestimmte Lebensdauer. Der Verfallstag markiert das Ende dieser Instrumente. Hat ein Derivat am F\u00e4lligkeitstag keinen inneren Wert, so wird es wertlos.<\/p>\n","category_list_v2":"","author_info_v2":{"name":"PrudentWater","url":"https:\/\/prudentwater.com\/en\/author\/niklas33\/"},"comments_num_v2":"0 comments","_links":{"self":[{"href":"https:\/\/prudentwater.com\/en\/wp-json\/wp\/v2\/pages\/2565","targetHints":{"allow":["GET"]}}],"collection":[{"href":"https:\/\/prudentwater.com\/en\/wp-json\/wp\/v2\/pages"}],"about":[{"href":"https:\/\/prudentwater.com\/en\/wp-json\/wp\/v2\/types\/page"}],"author":[{"embeddable":true,"href":"https:\/\/prudentwater.com\/en\/wp-json\/wp\/v2\/users\/1"}],"replies":[{"embeddable":true,"href":"https:\/\/prudentwater.com\/en\/wp-json\/wp\/v2\/comments?post=2565"}],"version-history":[{"count":0,"href":"https:\/\/prudentwater.com\/en\/wp-json\/wp\/v2\/pages\/2565\/revisions"}],"wp:attachment":[{"href":"https:\/\/prudentwater.com\/en\/wp-json\/wp\/v2\/media?parent=2565"}],"curies":[{"name":"wp","href":"https:\/\/api.w.org\/{rel}","templated":true}]}}