{"id":2582,"date":"2015-01-17T23:19:39","date_gmt":"2015-01-17T23:19:39","guid":{"rendered":"http:\/\/www.kunnskap.de\/?page_id=2582"},"modified":"2021-06-25T12:50:17","modified_gmt":"2021-06-25T10:50:17","slug":"wertpapierpensionsgeschaft","status":"publish","type":"page","link":"https:\/\/prudentwater.com\/en\/wertpapierpensionsgeschaft\/","title":{"rendered":"Wertpapierpensionsgesch\u00e4ft"},"content":{"rendered":"<p>engl. <strong>Repurchase Agreement (Repo)<\/strong><\/p>\n<p>Bei einem Wertpapierpensionsgesch\u00e4ft \u00fcbergibt der Pensionsgeber dem Pensionsnehmer Wertpapiere und erh\u00e4lt im Gegenzug einen bestimmten Geldbetrag in Form eines Kredites. Am Ende des Pensionsgesch\u00e4ftes muss der Pensionsgeber den Geldbetrag zur\u00fcckzahlen, erh\u00e4lt daf\u00fcr dann aber auch seine Wertpapiere zur\u00fcck. Bei den Wertpapieren handelt es sich in der Regel um Staatsanleihen mit h\u00f6chster Bonit\u00e4t.<br \/>\nDer Pensionsgeber erh\u00e4lt bei einem Wertpapierpensionsgesch\u00e4ft somit einen Kredit, welcher, aus der Sicht des Kreditgebers, durch die zu hinterlegenden Wertpapiere besichert ist. Somit wird das Risiko eines Verlustes durch einen Zahlungsausfall durch den Pensionsgeber f\u00fcr den Pensionsnehmer (Kreditgeber) nahe Null gesenkt. Denn der Kreditgeber darf die Wertpapiere behalten, falls er sein Geld vom Pensionsgeber nicht zur\u00fcckbekommen sollte. Die Laufzeit eines Pensionsgesch\u00e4ftes ist in der Regel kurz- bis mittelfristig. Der Zinssatz, welcher f\u00fcr diesen Kredit angewendet wird, ist die sogenannte Repo Rate. Bei einem klassischen Wertpapierpensionsgesch\u00e4ft werden die Zinsen (Repo Rate) separat bezahlt. Bei der Buy\/Sell Back-Variante findet die Zinszahlung \u00fcber die Differenz zwischen Verkaufspreis und R\u00fccknahmepreis der Anleihe statt.<\/p>\n","protected":false},"excerpt":{"rendered":"<p>engl. Repurchase Agreement (Repo) Bei einem Wertpapierpensionsgesch\u00e4ft \u00fcbergibt der Pensionsgeber dem Pensionsnehmer Wertpapiere und erh\u00e4lt im Gegenzug einen bestimmten Geldbetrag in Form eines Kredites. Am Ende des Pensionsgesch\u00e4ftes muss der Pensionsgeber den Geldbetrag zur\u00fcckzahlen, erh\u00e4lt daf\u00fcr dann aber auch seine Wertpapiere zur\u00fcck. Bei den Wertpapieren handelt es sich in der Regel um Staatsanleihen mit h\u00f6chster [&hellip;]<\/p>\n","protected":false},"author":1,"featured_media":0,"parent":0,"menu_order":0,"comment_status":"closed","ping_status":"closed","template":"","meta":{"site-sidebar-layout":"default","site-content-layout":"","ast-site-content-layout":"","site-content-style":"default","site-sidebar-style":"default","ast-global-header-display":"","ast-banner-title-visibility":"","ast-main-header-display":"","ast-hfb-above-header-display":"","ast-hfb-below-header-display":"","ast-hfb-mobile-header-display":"","site-post-title":"","ast-breadcrumbs-content":"","ast-featured-img":"","footer-sml-layout":"","theme-transparent-header-meta":"","adv-header-id-meta":"","stick-header-meta":"","header-above-stick-meta":"","header-main-stick-meta":"","header-below-stick-meta":"","astra-migrate-meta-layouts":"default","ast-page-background-enabled":"default","ast-page-background-meta":{"desktop":{"background-color":"","background-image":"","background-repeat":"repeat","background-position":"center center","background-size":"auto","background-attachment":"scroll","background-type":"","background-media":"","overlay-type":"","overlay-color":"","overlay-opacity":"","overlay-gradient":""},"tablet":{"background-color":"","background-image":"","background-repeat":"repeat","background-position":"center center","background-size":"auto","background-attachment":"scroll","background-type":"","background-media":"","overlay-type":"","overlay-color":"","overlay-opacity":"","overlay-gradient":""},"mobile":{"background-color":"","background-image":"","background-repeat":"repeat","background-position":"center center","background-size":"auto","background-attachment":"scroll","background-type":"","background-media":"","overlay-type":"","overlay-color":"","overlay-opacity":"","overlay-gradient":""}},"ast-content-background-meta":{"desktop":{"background-color":"var(--ast-global-color-5)","background-image":"","background-repeat":"repeat","background-position":"center center","background-size":"auto","background-attachment":"scroll","background-type":"","background-media":"","overlay-type":"","overlay-color":"","overlay-opacity":"","overlay-gradient":""},"tablet":{"background-color":"var(--ast-global-color-5)","background-image":"","background-repeat":"repeat","background-position":"center center","background-size":"auto","background-attachment":"scroll","background-type":"","background-media":"","overlay-type":"","overlay-color":"","overlay-opacity":"","overlay-gradient":""},"mobile":{"background-color":"var(--ast-global-color-5)","background-image":"","background-repeat":"repeat","background-position":"center center","background-size":"auto","background-attachment":"scroll","background-type":"","background-media":"","overlay-type":"","overlay-color":"","overlay-opacity":"","overlay-gradient":""}},"footnotes":""},"class_list":["post-2582","page","type-page","status-publish","hentry"],"translation":{"provider":"WPGlobus","version":"3.0.2","language":"en","enabled_languages":["de","en"],"languages":{"de":{"title":true,"content":true,"excerpt":false},"en":{"title":false,"content":false,"excerpt":false}}},"featured_image_urls_v2":{"full":"","thumbnail":"","medium":"","medium_large":"","large":"","1536x1536":"","2048x2048":""},"post_excerpt_stackable_v2":"<p>engl. Repurchase Agreement (Repo) Bei einem Wertpapierpensionsgesch\u00e4ft \u00fcbergibt der Pensionsgeber dem Pensionsnehmer Wertpapiere und erh\u00e4lt im Gegenzug einen bestimmten Geldbetrag in Form eines Kredites. Am Ende des Pensionsgesch\u00e4ftes muss der Pensionsgeber den Geldbetrag zur\u00fcckzahlen, erh\u00e4lt daf\u00fcr dann aber auch seine Wertpapiere zur\u00fcck. Bei den Wertpapieren handelt es sich in der Regel um Staatsanleihen mit h\u00f6chster Bonit\u00e4t. Der Pensionsgeber erh\u00e4lt bei einem Wertpapierpensionsgesch\u00e4ft somit einen Kredit, welcher, aus der Sicht des Kreditgebers, durch die zu hinterlegenden Wertpapiere besichert ist. Somit wird das Risiko eines Verlustes durch einen Zahlungsausfall durch den Pensionsgeber f\u00fcr den Pensionsnehmer (Kreditgeber) nahe Null gesenkt. Denn der Kreditgeber&hellip;<\/p>\n","category_list_v2":"","author_info_v2":{"name":"PrudentWater","url":"https:\/\/prudentwater.com\/en\/author\/niklas33\/"},"comments_num_v2":"0 comments","_links":{"self":[{"href":"https:\/\/prudentwater.com\/en\/wp-json\/wp\/v2\/pages\/2582","targetHints":{"allow":["GET"]}}],"collection":[{"href":"https:\/\/prudentwater.com\/en\/wp-json\/wp\/v2\/pages"}],"about":[{"href":"https:\/\/prudentwater.com\/en\/wp-json\/wp\/v2\/types\/page"}],"author":[{"embeddable":true,"href":"https:\/\/prudentwater.com\/en\/wp-json\/wp\/v2\/users\/1"}],"replies":[{"embeddable":true,"href":"https:\/\/prudentwater.com\/en\/wp-json\/wp\/v2\/comments?post=2582"}],"version-history":[{"count":0,"href":"https:\/\/prudentwater.com\/en\/wp-json\/wp\/v2\/pages\/2582\/revisions"}],"wp:attachment":[{"href":"https:\/\/prudentwater.com\/en\/wp-json\/wp\/v2\/media?parent=2582"}],"curies":[{"name":"wp","href":"https:\/\/api.w.org\/{rel}","templated":true}]}}