{"id":2586,"date":"2015-01-18T11:34:27","date_gmt":"2015-01-18T11:34:27","guid":{"rendered":"http:\/\/www.kunnskap.de\/?page_id=2586"},"modified":"2021-06-25T12:50:17","modified_gmt":"2021-06-25T10:50:17","slug":"wimpel","status":"publish","type":"page","link":"https:\/\/prudentwater.com\/en\/wimpel\/","title":{"rendered":"Wimpel"},"content":{"rendered":"<p>engl. <strong>Pennant<\/strong><\/p>\n<p>Der Wimpel ist eine charttechnische Formation, die als Trendbest\u00e4tigung dienen soll.. Ein Wimpel bildet sich nach einer starken Aufw\u00e4rts- oder Abw\u00e4rtsbewegung heraus und wird als Konsolidierung oder Stabilisierung innerhalb eines Trends angesehen.<br \/>\nDer Wimpel tritt typischerweise in der Mitte einer Baisse oder Hausse auf und wird durch zwei konvergierende Linien gebildet, welche gegen den \u00fcbergeordneten Haupttrend verlaufen. In einem \u00fcbergeordneten Aufw\u00e4rtstrend sind die Linien des Wimpels also abw\u00e4rtsgerichtet, wohingegen in einem \u00fcbergeordneten Abw\u00e4rtstrend die Linien aufw\u00e4rtsgerichtet sind. Der Wimpel wird deshalb in der Charttechnik auch als Konsolidierungsformation angesehen, also als eine Art \u2018Verschnaufpause\u2019 von dem \u00fcbergeordneten Trend. Das Handelsvolumen ist innerhalb des Wimpels r\u00fcckl\u00e4ufig bzw. geringer als au\u00dferhalb der Formation. Bricht der Kurs jedoch schlie\u00dflich wieder aus dem Wimpel heraus, so geschieht dies auch wieder mit einem ansteigenden Handelsvolumen. Damit die weitere Kursrichtung des \u00fcbergeordneten Trendes auch best\u00e4tigt wird, sollte der Kursausbruch aus dem Wimpel mit einem deutlichen Umsatzanstieg einhergehen. Ist die Konsolidierung abgeschlossen, setzt der Kurs seinen Trend fort und bewegt sich weiter in die Richtung wie vor der Wimpelbildung. Dies gilt dann als Best\u00e4tigung des Trendes. Bricht der Kurs aus dem Wimpel jedoch in die entgegengesetzte Richtung des \u00fcbergeordneten Trendes aus, so gilt dieser als zun\u00e4chst beendet. <\/p>\n","protected":false},"excerpt":{"rendered":"<p>engl. Pennant Der Wimpel ist eine charttechnische Formation, die als Trendbest\u00e4tigung dienen soll.. Ein Wimpel bildet sich nach einer starken Aufw\u00e4rts- oder Abw\u00e4rtsbewegung heraus und wird als Konsolidierung oder Stabilisierung innerhalb eines Trends angesehen. Der Wimpel tritt typischerweise in der Mitte einer Baisse oder Hausse auf und wird durch zwei konvergierende Linien gebildet, welche gegen [&hellip;]<\/p>\n","protected":false},"author":1,"featured_media":0,"parent":0,"menu_order":0,"comment_status":"closed","ping_status":"closed","template":"","meta":{"site-sidebar-layout":"default","site-content-layout":"","ast-site-content-layout":"","site-content-style":"default","site-sidebar-style":"default","ast-global-header-display":"","ast-banner-title-visibility":"","ast-main-header-display":"","ast-hfb-above-header-display":"","ast-hfb-below-header-display":"","ast-hfb-mobile-header-display":"","site-post-title":"","ast-breadcrumbs-content":"","ast-featured-img":"","footer-sml-layout":"","theme-transparent-header-meta":"","adv-header-id-meta":"","stick-header-meta":"","header-above-stick-meta":"","header-main-stick-meta":"","header-below-stick-meta":"","astra-migrate-meta-layouts":"default","ast-page-background-enabled":"default","ast-page-background-meta":{"desktop":{"background-color":"","background-image":"","background-repeat":"repeat","background-position":"center center","background-size":"auto","background-attachment":"scroll","background-type":"","background-media":"","overlay-type":"","overlay-color":"","overlay-opacity":"","overlay-gradient":""},"tablet":{"background-color":"","background-image":"","background-repeat":"repeat","background-position":"center center","background-size":"auto","background-attachment":"scroll","background-type":"","background-media":"","overlay-type":"","overlay-color":"","overlay-opacity":"","overlay-gradient":""},"mobile":{"background-color":"","background-image":"","background-repeat":"repeat","background-position":"center center","background-size":"auto","background-attachment":"scroll","background-type":"","background-media":"","overlay-type":"","overlay-color":"","overlay-opacity":"","overlay-gradient":""}},"ast-content-background-meta":{"desktop":{"background-color":"var(--ast-global-color-5)","background-image":"","background-repeat":"repeat","background-position":"center center","background-size":"auto","background-attachment":"scroll","background-type":"","background-media":"","overlay-type":"","overlay-color":"","overlay-opacity":"","overlay-gradient":""},"tablet":{"background-color":"var(--ast-global-color-5)","background-image":"","background-repeat":"repeat","background-position":"center center","background-size":"auto","background-attachment":"scroll","background-type":"","background-media":"","overlay-type":"","overlay-color":"","overlay-opacity":"","overlay-gradient":""},"mobile":{"background-color":"var(--ast-global-color-5)","background-image":"","background-repeat":"repeat","background-position":"center center","background-size":"auto","background-attachment":"scroll","background-type":"","background-media":"","overlay-type":"","overlay-color":"","overlay-opacity":"","overlay-gradient":""}},"footnotes":""},"class_list":["post-2586","page","type-page","status-publish","hentry"],"translation":{"provider":"WPGlobus","version":"3.0.2","language":"en","enabled_languages":["de","en"],"languages":{"de":{"title":true,"content":true,"excerpt":false},"en":{"title":false,"content":false,"excerpt":false}}},"featured_image_urls_v2":{"full":"","thumbnail":"","medium":"","medium_large":"","large":"","1536x1536":"","2048x2048":""},"post_excerpt_stackable_v2":"<p>engl. Pennant Der Wimpel ist eine charttechnische Formation, die als Trendbest\u00e4tigung dienen soll.. Ein Wimpel bildet sich nach einer starken Aufw\u00e4rts- oder Abw\u00e4rtsbewegung heraus und wird als Konsolidierung oder Stabilisierung innerhalb eines Trends angesehen. Der Wimpel tritt typischerweise in der Mitte einer Baisse oder Hausse auf und wird durch zwei konvergierende Linien gebildet, welche gegen den \u00fcbergeordneten Haupttrend verlaufen. In einem \u00fcbergeordneten Aufw\u00e4rtstrend sind die Linien des Wimpels also abw\u00e4rtsgerichtet, wohingegen in einem \u00fcbergeordneten Abw\u00e4rtstrend die Linien aufw\u00e4rtsgerichtet sind. Der Wimpel wird deshalb in der Charttechnik auch als Konsolidierungsformation angesehen, also als eine Art \u2018Verschnaufpause\u2019 von dem \u00fcbergeordneten Trend. Das&hellip;<\/p>\n","category_list_v2":"","author_info_v2":{"name":"PrudentWater","url":"https:\/\/prudentwater.com\/en\/author\/niklas33\/"},"comments_num_v2":"0 comments","_links":{"self":[{"href":"https:\/\/prudentwater.com\/en\/wp-json\/wp\/v2\/pages\/2586","targetHints":{"allow":["GET"]}}],"collection":[{"href":"https:\/\/prudentwater.com\/en\/wp-json\/wp\/v2\/pages"}],"about":[{"href":"https:\/\/prudentwater.com\/en\/wp-json\/wp\/v2\/types\/page"}],"author":[{"embeddable":true,"href":"https:\/\/prudentwater.com\/en\/wp-json\/wp\/v2\/users\/1"}],"replies":[{"embeddable":true,"href":"https:\/\/prudentwater.com\/en\/wp-json\/wp\/v2\/comments?post=2586"}],"version-history":[{"count":0,"href":"https:\/\/prudentwater.com\/en\/wp-json\/wp\/v2\/pages\/2586\/revisions"}],"wp:attachment":[{"href":"https:\/\/prudentwater.com\/en\/wp-json\/wp\/v2\/media?parent=2586"}],"curies":[{"name":"wp","href":"https:\/\/api.w.org\/{rel}","templated":true}]}}