{"id":2591,"date":"2015-01-19T19:47:52","date_gmt":"2015-01-19T19:47:52","guid":{"rendered":"http:\/\/www.kunnskap.de\/?page_id=2591"},"modified":"2021-06-25T12:50:40","modified_gmt":"2021-06-25T10:50:40","slug":"xetra","status":"publish","type":"page","link":"https:\/\/prudentwater.com\/en\/xetra\/","title":{"rendered":"Xetra"},"content":{"rendered":"<p><strong>Exchange Electronic Trading<\/strong><\/p>\n<p>Xetra ist ein elektronisches Handelssystem der Deutschen B\u00f6rse AG. Xetra wurde im November 1997 eingef\u00fchrt und ist f\u00fcr den Kassamarkt konzipiert. Der Abschluss eines Gesch\u00e4ftes \u00fcber Xetra muss also kurzfristig innerhalb von 48 Stunden stattfinden.<br \/>\nXetra l\u00e4uft vollelektronisch und stellt alle eingehenden Verkaufs- und Kaufauftr\u00e4ge in einem zentralen Computersystem gegen\u00fcber. Kommt es beim Handel zu einer Einigung zwischen K\u00e4ufer und Verk\u00e4ufer, f\u00fchrt Xetra beide H\u00e4ndler automatisch zusammen und das Gesch\u00e4ft wird abgeschlossen. Die Handelszeiten von Xetra sind b\u00f6rsent\u00e4glich von 9.00 bis 17.30 Uhr MEZ. <\/p>\n","protected":false},"excerpt":{"rendered":"<p>Exchange Electronic Trading Xetra ist ein elektronisches Handelssystem der Deutschen B\u00f6rse AG. Xetra wurde im November 1997 eingef\u00fchrt und ist f\u00fcr den Kassamarkt konzipiert. Der Abschluss eines Gesch\u00e4ftes \u00fcber Xetra muss also kurzfristig innerhalb von 48 Stunden stattfinden. Xetra l\u00e4uft vollelektronisch und stellt alle eingehenden Verkaufs- und Kaufauftr\u00e4ge in einem zentralen Computersystem gegen\u00fcber. Kommt es [&hellip;]<\/p>\n","protected":false},"author":1,"featured_media":0,"parent":0,"menu_order":0,"comment_status":"closed","ping_status":"closed","template":"","meta":{"site-sidebar-layout":"default","site-content-layout":"","ast-site-content-layout":"","site-content-style":"default","site-sidebar-style":"default","ast-global-header-display":"","ast-banner-title-visibility":"","ast-main-header-display":"","ast-hfb-above-header-display":"","ast-hfb-below-header-display":"","ast-hfb-mobile-header-display":"","site-post-title":"","ast-breadcrumbs-content":"","ast-featured-img":"","footer-sml-layout":"","theme-transparent-header-meta":"","adv-header-id-meta":"","stick-header-meta":"","header-above-stick-meta":"","header-main-stick-meta":"","header-below-stick-meta":"","astra-migrate-meta-layouts":"default","ast-page-background-enabled":"default","ast-page-background-meta":{"desktop":{"background-color":"","background-image":"","background-repeat":"repeat","background-position":"center center","background-size":"auto","background-attachment":"scroll","background-type":"","background-media":"","overlay-type":"","overlay-color":"","overlay-opacity":"","overlay-gradient":""},"tablet":{"background-color":"","background-image":"","background-repeat":"repeat","background-position":"center center","background-size":"auto","background-attachment":"scroll","background-type":"","background-media":"","overlay-type":"","overlay-color":"","overlay-opacity":"","overlay-gradient":""},"mobile":{"background-color":"","background-image":"","background-repeat":"repeat","background-position":"center center","background-size":"auto","background-attachment":"scroll","background-type":"","background-media":"","overlay-type":"","overlay-color":"","overlay-opacity":"","overlay-gradient":""}},"ast-content-background-meta":{"desktop":{"background-color":"var(--ast-global-color-5)","background-image":"","background-repeat":"repeat","background-position":"center center","background-size":"auto","background-attachment":"scroll","background-type":"","background-media":"","overlay-type":"","overlay-color":"","overlay-opacity":"","overlay-gradient":""},"tablet":{"background-color":"var(--ast-global-color-5)","background-image":"","background-repeat":"repeat","background-position":"center center","background-size":"auto","background-attachment":"scroll","background-type":"","background-media":"","overlay-type":"","overlay-color":"","overlay-opacity":"","overlay-gradient":""},"mobile":{"background-color":"var(--ast-global-color-5)","background-image":"","background-repeat":"repeat","background-position":"center center","background-size":"auto","background-attachment":"scroll","background-type":"","background-media":"","overlay-type":"","overlay-color":"","overlay-opacity":"","overlay-gradient":""}},"footnotes":""},"class_list":["post-2591","page","type-page","status-publish","hentry"],"translation":{"provider":"WPGlobus","version":"3.0.2","language":"en","enabled_languages":["de","en"],"languages":{"de":{"title":true,"content":true,"excerpt":false},"en":{"title":false,"content":false,"excerpt":false}}},"featured_image_urls_v2":{"full":"","thumbnail":"","medium":"","medium_large":"","large":"","1536x1536":"","2048x2048":""},"post_excerpt_stackable_v2":"<p>Exchange Electronic Trading Xetra ist ein elektronisches Handelssystem der Deutschen B\u00f6rse AG. Xetra wurde im November 1997 eingef\u00fchrt und ist f\u00fcr den Kassamarkt konzipiert. Der Abschluss eines Gesch\u00e4ftes \u00fcber Xetra muss also kurzfristig innerhalb von 48 Stunden stattfinden. Xetra l\u00e4uft vollelektronisch und stellt alle eingehenden Verkaufs- und Kaufauftr\u00e4ge in einem zentralen Computersystem gegen\u00fcber. Kommt es beim Handel zu einer Einigung zwischen K\u00e4ufer und Verk\u00e4ufer, f\u00fchrt Xetra beide H\u00e4ndler automatisch zusammen und das Gesch\u00e4ft wird abgeschlossen. Die Handelszeiten von Xetra sind b\u00f6rsent\u00e4glich von 9.00 bis 17.30 Uhr MEZ.<\/p>\n","category_list_v2":"","author_info_v2":{"name":"PrudentWater","url":"https:\/\/prudentwater.com\/en\/author\/niklas33\/"},"comments_num_v2":"0 comments","_links":{"self":[{"href":"https:\/\/prudentwater.com\/en\/wp-json\/wp\/v2\/pages\/2591","targetHints":{"allow":["GET"]}}],"collection":[{"href":"https:\/\/prudentwater.com\/en\/wp-json\/wp\/v2\/pages"}],"about":[{"href":"https:\/\/prudentwater.com\/en\/wp-json\/wp\/v2\/types\/page"}],"author":[{"embeddable":true,"href":"https:\/\/prudentwater.com\/en\/wp-json\/wp\/v2\/users\/1"}],"replies":[{"embeddable":true,"href":"https:\/\/prudentwater.com\/en\/wp-json\/wp\/v2\/comments?post=2591"}],"version-history":[{"count":0,"href":"https:\/\/prudentwater.com\/en\/wp-json\/wp\/v2\/pages\/2591\/revisions"}],"wp:attachment":[{"href":"https:\/\/prudentwater.com\/en\/wp-json\/wp\/v2\/media?parent=2591"}],"curies":[{"name":"wp","href":"https:\/\/api.w.org\/{rel}","templated":true}]}}