{"id":2607,"date":"2015-01-20T09:21:12","date_gmt":"2015-01-20T09:21:12","guid":{"rendered":"http:\/\/www.kunnskap.de\/?page_id=2607"},"modified":"2021-06-25T12:50:40","modified_gmt":"2021-06-25T10:50:40","slug":"zeitwert","status":"publish","type":"page","link":"https:\/\/prudentwater.com\/en\/zeitwert\/","title":{"rendered":"Zeitwert"},"content":{"rendered":"<p>engl. <strong>Time Value<\/strong><\/p>\n<p>Der Zeitwert einer Option dr\u00fcckt das Risiko sowie die M\u00f6glichkeit aus, mit verbleibender Restlaufzeit des Scheines Gewinne als auch Verluste zu realisieren, er repr\u00e4sentiert also die in Geldwert ausgedr\u00fcckte Chance, dass sich der Basiswert f\u00fcr den Halter der Option (noch) g\u00fcnstig entwickelt. Hinter dem Zeitwert verbirgt sich die Erwartung des Marktes, wie sich der zugrunde liegende Basiswert in der verbleibenden Restlaufzeit entwickeln wird. Er entspricht der Differenz zwischen Optionspreis und dem inneren Wert.<\/p>\n<h6>Berechnung:<\/h6>\n<p><center><img loading=\"lazy\" decoding=\"async\" src=\"https:\/\/prudentwater.com\/wp-content\/uploads\/2020\/03\/Zeitwert2.png\" alt=\"\" class=\"alignnone size-full wp-image-9108\" width=\"492\" height=\"37\" title=\"\"><\/center><br \/>\nZu Beginn der Laufzeit einer Option ist der Zeitwert noch hoch, da noch ausreichend Zeit f\u00fcr eine Ver\u00e4nderung des Kurses des Basiswertes besteht. Im Laufe nimmt der Zeitwert jedoch immer weiter ab. Je mehr sich die Option dem Laufzeitende n\u00e4hert, desto st\u00e4rker schrumpft der Zeitwert, da schlie\u00dflich die Wahrscheinlichkeit einer Preis\u00e4nderung beim Basiswert immer weiter sinkt. Am Tag der F\u00e4lligkeit besitzt der Schein keinen Zeitwert mehr. Dieser liegt dann bei 0. Umgekehrt bedeutet dies jedoch auch, dass umso h\u00f6her die Restlaufzeit, desto h\u00f6her auch der Zeitwert.<\/p>\n<hr>\n<h5>Beispiel<\/h5>\n<p>Aktie XY notiert aktuell bei 35 Euro. Eine Call Option auf diese Aktie kostet aktuell 8 Euro. Der Basispreis der Option liegt bei 30 Euro. Der innere Wert der Option liegt somit bei 5 Euro. Der Besitzer der Call Option k\u00f6nnte nun die Aktie \u00fcber die Option f\u00fcr 30 Euro kaufen, wird dies jedoch nicht tun, da er zuvor f\u00fcr die Option 8 Euro bezahlt hat und somit einen Gesamtbetrag von 38 Euro bezahlen m\u00fcsste. Er kann die Aktie jedoch ganz normal \u00fcber die B\u00f6rse 3 Euro billiger f\u00fcr 35 Euro kaufen. Diese 3 Euro repr\u00e4sentieren nun den Zeitwert, den die Option noch tr\u00e4gt, also die M\u00f6glichkeit, dass die Aktie innerhalb der Laufzeit der Option noch steigt. Der Besitzer der Call Option glaubt also daran, dass die Aktie bis zur F\u00e4lligkeit noch \u00fcber 38 Euro steigt und er dadurch einen Gewinn erzielen wird. Der Optionspreis gilt dann als fair bewertet, wenn der innere Wert dem Optionspreis entspricht. Hier liegt der Optionspreis jedoch 3 Euro \u00fcber dem inneren Wert. Diese 3 Euro allerdings sind zus\u00e4tzlich vom K\u00e4ufer daf\u00fcr zu bezahlen, dass er die M\u00f6glichkeit hat, mit diesem Schein einen Gewinn zu erzielen.<\/p>\n<hr>\n<p>Befindet sich die Option aus dem Geld, hat der Schein nur noch einen Zeitwert und keinen inneren Wert mehr. Denn schlie\u00dflich besteht w\u00e4hrend der Laufzeit noch die M\u00f6glichkeit, dass der Schein von &#8216;aus dem Geld&#8217; (was ihn wertlos macht) hin zu &#8216;im Geld&#8217; (was dem Besitzer einen Gewinn einbringen w\u00fcrde) wechselt. Der Zeitwert ist jedoch dann am h\u00f6chsten, wenn sich die Option am Geld (nahe null) befindet. Vor allem jedoch die Volatilit\u00e4t spielt eine wichtige Rolle bei der Berechnung des Zeitwertes. Umso geringer die Volatilit\u00e4t, desto geringer der Zeitwert, da mit geringer Schwankungsf\u00e4higkeit die Chancen auf Preis\u00e4nderungen sinken.<\/p>\n","protected":false},"excerpt":{"rendered":"<p>engl. Time Value Der Zeitwert einer Option dr\u00fcckt das Risiko sowie die M\u00f6glichkeit aus, mit verbleibender Restlaufzeit des Scheines Gewinne als auch Verluste zu realisieren, er repr\u00e4sentiert also die in Geldwert ausgedr\u00fcckte Chance, dass sich der Basiswert f\u00fcr den Halter der Option (noch) g\u00fcnstig entwickelt. Hinter dem Zeitwert verbirgt sich die Erwartung des Marktes, wie [&hellip;]<\/p>\n","protected":false},"author":1,"featured_media":0,"parent":0,"menu_order":0,"comment_status":"closed","ping_status":"closed","template":"","meta":{"site-sidebar-layout":"default","site-content-layout":"","ast-site-content-layout":"","site-content-style":"default","site-sidebar-style":"default","ast-global-header-display":"","ast-banner-title-visibility":"","ast-main-header-display":"","ast-hfb-above-header-display":"","ast-hfb-below-header-display":"","ast-hfb-mobile-header-display":"","site-post-title":"","ast-breadcrumbs-content":"","ast-featured-img":"","footer-sml-layout":"","theme-transparent-header-meta":"","adv-header-id-meta":"","stick-header-meta":"","header-above-stick-meta":"","header-main-stick-meta":"","header-below-stick-meta":"","astra-migrate-meta-layouts":"default","ast-page-background-enabled":"default","ast-page-background-meta":{"desktop":{"background-color":"","background-image":"","background-repeat":"repeat","background-position":"center center","background-size":"auto","background-attachment":"scroll","background-type":"","background-media":"","overlay-type":"","overlay-color":"","overlay-opacity":"","overlay-gradient":""},"tablet":{"background-color":"","background-image":"","background-repeat":"repeat","background-position":"center center","background-size":"auto","background-attachment":"scroll","background-type":"","background-media":"","overlay-type":"","overlay-color":"","overlay-opacity":"","overlay-gradient":""},"mobile":{"background-color":"","background-image":"","background-repeat":"repeat","background-position":"center center","background-size":"auto","background-attachment":"scroll","background-type":"","background-media":"","overlay-type":"","overlay-color":"","overlay-opacity":"","overlay-gradient":""}},"ast-content-background-meta":{"desktop":{"background-color":"var(--ast-global-color-5)","background-image":"","background-repeat":"repeat","background-position":"center center","background-size":"auto","background-attachment":"scroll","background-type":"","background-media":"","overlay-type":"","overlay-color":"","overlay-opacity":"","overlay-gradient":""},"tablet":{"background-color":"var(--ast-global-color-5)","background-image":"","background-repeat":"repeat","background-position":"center center","background-size":"auto","background-attachment":"scroll","background-type":"","background-media":"","overlay-type":"","overlay-color":"","overlay-opacity":"","overlay-gradient":""},"mobile":{"background-color":"var(--ast-global-color-5)","background-image":"","background-repeat":"repeat","background-position":"center center","background-size":"auto","background-attachment":"scroll","background-type":"","background-media":"","overlay-type":"","overlay-color":"","overlay-opacity":"","overlay-gradient":""}},"footnotes":""},"class_list":["post-2607","page","type-page","status-publish","hentry"],"translation":{"provider":"WPGlobus","version":"3.0.2","language":"en","enabled_languages":["de","en"],"languages":{"de":{"title":true,"content":true,"excerpt":false},"en":{"title":false,"content":false,"excerpt":false}}},"featured_image_urls_v2":{"full":"","thumbnail":"","medium":"","medium_large":"","large":"","1536x1536":"","2048x2048":""},"post_excerpt_stackable_v2":"<p>engl. Time Value Der Zeitwert einer Option dr\u00fcckt das Risiko sowie die M\u00f6glichkeit aus, mit verbleibender Restlaufzeit des Scheines Gewinne als auch Verluste zu realisieren, er repr\u00e4sentiert also die in Geldwert ausgedr\u00fcckte Chance, dass sich der Basiswert f\u00fcr den Halter der Option (noch) g\u00fcnstig entwickelt. Hinter dem Zeitwert verbirgt sich die Erwartung des Marktes, wie sich der zugrunde liegende Basiswert in der verbleibenden Restlaufzeit entwickeln wird. Er entspricht der Differenz zwischen Optionspreis und dem inneren Wert. Berechnung: Zu Beginn der Laufzeit einer Option ist der Zeitwert noch hoch, da noch ausreichend Zeit f\u00fcr eine Ver\u00e4nderung des Kurses des Basiswertes besteht.&hellip;<\/p>\n","category_list_v2":"","author_info_v2":{"name":"PrudentWater","url":"https:\/\/prudentwater.com\/en\/author\/niklas33\/"},"comments_num_v2":"0 comments","_links":{"self":[{"href":"https:\/\/prudentwater.com\/en\/wp-json\/wp\/v2\/pages\/2607","targetHints":{"allow":["GET"]}}],"collection":[{"href":"https:\/\/prudentwater.com\/en\/wp-json\/wp\/v2\/pages"}],"about":[{"href":"https:\/\/prudentwater.com\/en\/wp-json\/wp\/v2\/types\/page"}],"author":[{"embeddable":true,"href":"https:\/\/prudentwater.com\/en\/wp-json\/wp\/v2\/users\/1"}],"replies":[{"embeddable":true,"href":"https:\/\/prudentwater.com\/en\/wp-json\/wp\/v2\/comments?post=2607"}],"version-history":[{"count":0,"href":"https:\/\/prudentwater.com\/en\/wp-json\/wp\/v2\/pages\/2607\/revisions"}],"wp:attachment":[{"href":"https:\/\/prudentwater.com\/en\/wp-json\/wp\/v2\/media?parent=2607"}],"curies":[{"name":"wp","href":"https:\/\/api.w.org\/{rel}","templated":true}]}}