{"id":2614,"date":"2015-01-22T19:42:58","date_gmt":"2015-01-22T19:42:58","guid":{"rendered":"http:\/\/www.kunnskap.de\/?page_id=2614"},"modified":"2021-06-25T12:50:41","modified_gmt":"2021-06-25T10:50:41","slug":"zinsdifferenzgeschaft","status":"publish","type":"page","link":"https:\/\/prudentwater.com\/en\/zinsdifferenzgeschaft\/","title":{"rendered":"Zinsdifferenzgesch\u00e4ft"},"content":{"rendered":"<p>Bei einem Zinsdifferenzgesch\u00e4ft wird vom Investor ein Kredit aufgenommen, mit der sofortigen Absicht, den erhaltenen Geldbetrag anschlie\u00dfend in eine festverzinsliche Kapitalanlage zu investieren, welche jedoch einen h\u00f6heren Zinssatz bietet, als der zu bezahlende Zins f\u00fcr den aufgenommenen Kredit. Bei einem Zinsdifferenzgesch\u00e4ft wird somit der Zinsunterschied zwischen zwei verschiedenen W\u00e4hrungen ausgenutzt. Der Carry Trade ist eine h\u00e4ufig erscheinende Form des Zinsdifferenzgesch\u00e4ftes. Dabei wird ein Kredit in einer niedrig verzinsten W\u00e4hrung aufgenommen, um dieses Geld anschlie\u00dfend in eine h\u00f6her verzinste W\u00e4hrung anzulegen. <\/p>\n","protected":false},"excerpt":{"rendered":"<p>Bei einem Zinsdifferenzgesch\u00e4ft wird vom Investor ein Kredit aufgenommen, mit der sofortigen Absicht, den erhaltenen Geldbetrag anschlie\u00dfend in eine festverzinsliche Kapitalanlage zu investieren, welche jedoch einen h\u00f6heren Zinssatz bietet, als der zu bezahlende Zins f\u00fcr den aufgenommenen Kredit. Bei einem Zinsdifferenzgesch\u00e4ft wird somit der Zinsunterschied zwischen zwei verschiedenen W\u00e4hrungen ausgenutzt. Der Carry Trade ist eine [&hellip;]<\/p>\n","protected":false},"author":1,"featured_media":0,"parent":0,"menu_order":0,"comment_status":"closed","ping_status":"closed","template":"","meta":{"site-sidebar-layout":"default","site-content-layout":"","ast-site-content-layout":"","site-content-style":"default","site-sidebar-style":"default","ast-global-header-display":"","ast-banner-title-visibility":"","ast-main-header-display":"","ast-hfb-above-header-display":"","ast-hfb-below-header-display":"","ast-hfb-mobile-header-display":"","site-post-title":"","ast-breadcrumbs-content":"","ast-featured-img":"","footer-sml-layout":"","theme-transparent-header-meta":"","adv-header-id-meta":"","stick-header-meta":"","header-above-stick-meta":"","header-main-stick-meta":"","header-below-stick-meta":"","astra-migrate-meta-layouts":"default","ast-page-background-enabled":"default","ast-page-background-meta":{"desktop":{"background-color":"","background-image":"","background-repeat":"repeat","background-position":"center center","background-size":"auto","background-attachment":"scroll","background-type":"","background-media":"","overlay-type":"","overlay-color":"","overlay-opacity":"","overlay-gradient":""},"tablet":{"background-color":"","background-image":"","background-repeat":"repeat","background-position":"center center","background-size":"auto","background-attachment":"scroll","background-type":"","background-media":"","overlay-type":"","overlay-color":"","overlay-opacity":"","overlay-gradient":""},"mobile":{"background-color":"","background-image":"","background-repeat":"repeat","background-position":"center center","background-size":"auto","background-attachment":"scroll","background-type":"","background-media":"","overlay-type":"","overlay-color":"","overlay-opacity":"","overlay-gradient":""}},"ast-content-background-meta":{"desktop":{"background-color":"var(--ast-global-color-5)","background-image":"","background-repeat":"repeat","background-position":"center center","background-size":"auto","background-attachment":"scroll","background-type":"","background-media":"","overlay-type":"","overlay-color":"","overlay-opacity":"","overlay-gradient":""},"tablet":{"background-color":"var(--ast-global-color-5)","background-image":"","background-repeat":"repeat","background-position":"center center","background-size":"auto","background-attachment":"scroll","background-type":"","background-media":"","overlay-type":"","overlay-color":"","overlay-opacity":"","overlay-gradient":""},"mobile":{"background-color":"var(--ast-global-color-5)","background-image":"","background-repeat":"repeat","background-position":"center center","background-size":"auto","background-attachment":"scroll","background-type":"","background-media":"","overlay-type":"","overlay-color":"","overlay-opacity":"","overlay-gradient":""}},"footnotes":""},"class_list":["post-2614","page","type-page","status-publish","hentry"],"translation":{"provider":"WPGlobus","version":"3.0.2","language":"en","enabled_languages":["de","en"],"languages":{"de":{"title":true,"content":true,"excerpt":false},"en":{"title":false,"content":false,"excerpt":false}}},"featured_image_urls_v2":{"full":"","thumbnail":"","medium":"","medium_large":"","large":"","1536x1536":"","2048x2048":""},"post_excerpt_stackable_v2":"<p>Bei einem Zinsdifferenzgesch\u00e4ft wird vom Investor ein Kredit aufgenommen, mit der sofortigen Absicht, den erhaltenen Geldbetrag anschlie\u00dfend in eine festverzinsliche Kapitalanlage zu investieren, welche jedoch einen h\u00f6heren Zinssatz bietet, als der zu bezahlende Zins f\u00fcr den aufgenommenen Kredit. Bei einem Zinsdifferenzgesch\u00e4ft wird somit der Zinsunterschied zwischen zwei verschiedenen W\u00e4hrungen ausgenutzt. Der Carry Trade ist eine h\u00e4ufig erscheinende Form des Zinsdifferenzgesch\u00e4ftes. Dabei wird ein Kredit in einer niedrig verzinsten W\u00e4hrung aufgenommen, um dieses Geld anschlie\u00dfend in eine h\u00f6her verzinste W\u00e4hrung anzulegen.<\/p>\n","category_list_v2":"","author_info_v2":{"name":"PrudentWater","url":"https:\/\/prudentwater.com\/en\/author\/niklas33\/"},"comments_num_v2":"0 comments","_links":{"self":[{"href":"https:\/\/prudentwater.com\/en\/wp-json\/wp\/v2\/pages\/2614","targetHints":{"allow":["GET"]}}],"collection":[{"href":"https:\/\/prudentwater.com\/en\/wp-json\/wp\/v2\/pages"}],"about":[{"href":"https:\/\/prudentwater.com\/en\/wp-json\/wp\/v2\/types\/page"}],"author":[{"embeddable":true,"href":"https:\/\/prudentwater.com\/en\/wp-json\/wp\/v2\/users\/1"}],"replies":[{"embeddable":true,"href":"https:\/\/prudentwater.com\/en\/wp-json\/wp\/v2\/comments?post=2614"}],"version-history":[{"count":0,"href":"https:\/\/prudentwater.com\/en\/wp-json\/wp\/v2\/pages\/2614\/revisions"}],"wp:attachment":[{"href":"https:\/\/prudentwater.com\/en\/wp-json\/wp\/v2\/media?parent=2614"}],"curies":[{"name":"wp","href":"https:\/\/api.w.org\/{rel}","templated":true}]}}