{"id":2621,"date":"2015-01-23T10:10:26","date_gmt":"2015-01-23T10:10:26","guid":{"rendered":"http:\/\/www.kunnskap.de\/?page_id=2621"},"modified":"2021-06-25T12:48:23","modified_gmt":"2021-06-25T10:48:23","slug":"carry-trade","status":"publish","type":"page","link":"https:\/\/prudentwater.com\/en\/carry-trade\/","title":{"rendered":"Carry Trade"},"content":{"rendered":"<p>Ein Carry Trade ist ein Zinsdifferenzgesch\u00e4ft, bei dem ein Kredit in einer niedrig verzinsten W\u00e4hrung aufgenommen wird, um dieses Geld anschlie\u00dfend in eine h\u00f6her verzinste W\u00e4hrung anzulegen. Es wird somit das Zinsgef\u00e4lle von zwei verschiedenen W\u00e4hrungen ausgenutzt, um so eine positive Rendite zu erzielen. Bei Carry Trades k\u00f6nnen die erzielten Gewinne, welche durch den Zinsunterschied entstanden sind, jedoch von W\u00e4hrungsverlusten &#8216;aufgefressen&#8217; werden. Ebenso k\u00f6nnen nat\u00fcrlich auch zus\u00e4tzlich W\u00e4hrungsgewinne erzielt werden, wenn die W\u00e4hrung, in der das Geld angelegt wird, zu der W\u00e4hrung, in der ein Kredit aufgenommen wurde, aufwertet. Die auf dem Papier zun\u00e4chst erzielte positive Zinsdifferenz ist somit keine fixierte Rendite, sondern unterliegt w\u00e4hrend der Zeit des Carry Trade dem Wechselkursrisiko.<\/p>\n<p><u>Beispiel 1<\/u><br \/>\nEs wird ein Kredit in der japanischen W\u00e4hrung Yen aufgenommen. F\u00fcr diesen Kredit muss der Anleger lediglich 1 % Zinsen pro Jahr bezahlen. Die Yen-Geldsumme wird anschlie\u00dfend sofort in brasilianische Staatsanleihen investiert, welche somit auf die W\u00e4hrung Brasilianische Real lauten. Der Anleger besitzt nun brasilianische Staatsanleihen in seinem Depot, die ihm folglich auch in Brasilianische Real angezeigt und verrechnet werden. F\u00fcr diese Kapitalanlage erh\u00e4lt der Anleger nun 6 % Zinsen pro Jahr. Bleibt nun der Wechselkurs Yen \/ BRL w\u00e4hrend der Laufzeit gleich, erzielt der Investor eine j\u00e4hrliche Rendite von 5 %. Wertet aber der Brasilianische Real gegen\u00fcber dem Yen ab, erleidet der Investor W\u00e4hrungsverluste, was zu insgesamt hohen Verlusten bei dieser Spekulation f\u00fchren kann. Wertet n\u00e4mlich der Real gegen den Yen w\u00e4hrend des Carry Trade ab, hat der BRL-Geldbetrag nach R\u00fcckabwicklung einen geringeren Wert in Yen als zu Beginn des Gesch\u00e4ftes. <\/p>\n<p><u>Beispiel 2<\/u><br \/>\nEs wird ein Kredit in H\u00f6he von 100 000 Euro zum Zins von nur 1 % aufgenommen. Mit dem Geld werden auf britische Pfund lautende Staatsanleihen mit einer Verzinsung von 5 % gekauft. Die Anleihen haben anfangs einen Wert von 50 000 GBP. Zu Beginn lag der Wechselkurs GBP \/ EUR bei 2, dies bedeutet f\u00fcr 1 GBP wurden 2 Euro gezahlt bzw. f\u00fcr 1 Euro erhielt man 0,5 GBP. Wertet nun jedoch das Pfund um 10 % ab und f\u00e4llt somit auf 1,80 Euro pro Pfund, sind die Anleihen \u00fcber 50 000 GBP nur noch 90 000 Euro wert. Der Investor hat somit Wechselkursverluste in H\u00f6he von 10 000 Euro erlitten. Allerdings sind dabei noch nicht die Zinszahlungen eingerechnet, welche die W\u00e4hrungsverluste ausgleichen k\u00f6nnen. Jedoch finden die Zinszahlungen auch in Pfund statt und haben bei einer Pfund Abwertung auch einen geringeren Wert in Euro. Jedoch bei gleichbleibenden Wechselkursen w\u00e4hrend und am Ende Laufzeit erzielt der Investor eine Rendite von 4 %. <\/p>\n<p>Das Abwertungsrisiko beim Carry Trade ist jedoch in der Regel hoch, denn nicht umsonst werden in einem anderen Land deutlich h\u00f6here Zinsen bezahlt. In der Vergangenheit kam es jedoch oft vor, dass zu Anfang einer Hochzinsphase (Zinsen werden schrittweise angehoben) der Kurs der W\u00e4hrung steigt, da viele Anleger in dieser W\u00e4hrung anlegen m\u00f6chten, deshalb die Nachfrage nach der W\u00e4hrung steigt und somit letztendlich der Kurs der W\u00e4hrung steigt. W\u00fcrde im zweiten Beispiel der Kurs des britischen Pfundes steigen, w\u00fcrde der Anleger neben den Zinseinnahmen zus\u00e4tzlich noch einen W\u00e4hrungsgewinn realisieren. In der Theorie jedoch sollte eine Anlage in EUR denselben Ertrag erzielen wie eine Anlage in GBP mit sp\u00e4terem R\u00fccktausch in EUR. Dass dies jedoch nicht immer in der Praxis der Fall ist, erm\u00f6glicht erst den Carry Trade. <\/p>\n","protected":false},"excerpt":{"rendered":"<p>Ein Carry Trade ist ein Zinsdifferenzgesch\u00e4ft, bei dem ein Kredit in einer niedrig verzinsten W\u00e4hrung aufgenommen wird, um dieses Geld anschlie\u00dfend in eine h\u00f6her verzinste W\u00e4hrung anzulegen. Es wird somit das Zinsgef\u00e4lle von zwei verschiedenen W\u00e4hrungen ausgenutzt, um so eine positive Rendite zu erzielen. Bei Carry Trades k\u00f6nnen die erzielten Gewinne, welche durch den Zinsunterschied [&hellip;]<\/p>\n","protected":false},"author":1,"featured_media":0,"parent":0,"menu_order":0,"comment_status":"closed","ping_status":"closed","template":"","meta":{"site-sidebar-layout":"default","site-content-layout":"","ast-site-content-layout":"","site-content-style":"default","site-sidebar-style":"default","ast-global-header-display":"","ast-banner-title-visibility":"","ast-main-header-display":"","ast-hfb-above-header-display":"","ast-hfb-below-header-display":"","ast-hfb-mobile-header-display":"","site-post-title":"","ast-breadcrumbs-content":"","ast-featured-img":"","footer-sml-layout":"","theme-transparent-header-meta":"","adv-header-id-meta":"","stick-header-meta":"","header-above-stick-meta":"","header-main-stick-meta":"","header-below-stick-meta":"","astra-migrate-meta-layouts":"default","ast-page-background-enabled":"default","ast-page-background-meta":{"desktop":{"background-color":"","background-image":"","background-repeat":"repeat","background-position":"center center","background-size":"auto","background-attachment":"scroll","background-type":"","background-media":"","overlay-type":"","overlay-color":"","overlay-opacity":"","overlay-gradient":""},"tablet":{"background-color":"","background-image":"","background-repeat":"repeat","background-position":"center center","background-size":"auto","background-attachment":"scroll","background-type":"","background-media":"","overlay-type":"","overlay-color":"","overlay-opacity":"","overlay-gradient":""},"mobile":{"background-color":"","background-image":"","background-repeat":"repeat","background-position":"center center","background-size":"auto","background-attachment":"scroll","background-type":"","background-media":"","overlay-type":"","overlay-color":"","overlay-opacity":"","overlay-gradient":""}},"ast-content-background-meta":{"desktop":{"background-color":"var(--ast-global-color-5)","background-image":"","background-repeat":"repeat","background-position":"center center","background-size":"auto","background-attachment":"scroll","background-type":"","background-media":"","overlay-type":"","overlay-color":"","overlay-opacity":"","overlay-gradient":""},"tablet":{"background-color":"var(--ast-global-color-5)","background-image":"","background-repeat":"repeat","background-position":"center center","background-size":"auto","background-attachment":"scroll","background-type":"","background-media":"","overlay-type":"","overlay-color":"","overlay-opacity":"","overlay-gradient":""},"mobile":{"background-color":"var(--ast-global-color-5)","background-image":"","background-repeat":"repeat","background-position":"center center","background-size":"auto","background-attachment":"scroll","background-type":"","background-media":"","overlay-type":"","overlay-color":"","overlay-opacity":"","overlay-gradient":""}},"footnotes":""},"class_list":["post-2621","page","type-page","status-publish","hentry"],"translation":{"provider":"WPGlobus","version":"3.0.2","language":"en","enabled_languages":["de","en"],"languages":{"de":{"title":true,"content":true,"excerpt":false},"en":{"title":false,"content":false,"excerpt":false}}},"featured_image_urls_v2":{"full":"","thumbnail":"","medium":"","medium_large":"","large":"","1536x1536":"","2048x2048":""},"post_excerpt_stackable_v2":"<p>Ein Carry Trade ist ein Zinsdifferenzgesch\u00e4ft, bei dem ein Kredit in einer niedrig verzinsten W\u00e4hrung aufgenommen wird, um dieses Geld anschlie\u00dfend in eine h\u00f6her verzinste W\u00e4hrung anzulegen. Es wird somit das Zinsgef\u00e4lle von zwei verschiedenen W\u00e4hrungen ausgenutzt, um so eine positive Rendite zu erzielen. Bei Carry Trades k\u00f6nnen die erzielten Gewinne, welche durch den Zinsunterschied entstanden sind, jedoch von W\u00e4hrungsverlusten &#8216;aufgefressen&#8217; werden. Ebenso k\u00f6nnen nat\u00fcrlich auch zus\u00e4tzlich W\u00e4hrungsgewinne erzielt werden, wenn die W\u00e4hrung, in der das Geld angelegt wird, zu der W\u00e4hrung, in der ein Kredit aufgenommen wurde, aufwertet. Die auf dem Papier zun\u00e4chst erzielte positive Zinsdifferenz ist somit keine&hellip;<\/p>\n","category_list_v2":"","author_info_v2":{"name":"PrudentWater","url":"https:\/\/prudentwater.com\/en\/author\/niklas33\/"},"comments_num_v2":"0 comments","_links":{"self":[{"href":"https:\/\/prudentwater.com\/en\/wp-json\/wp\/v2\/pages\/2621","targetHints":{"allow":["GET"]}}],"collection":[{"href":"https:\/\/prudentwater.com\/en\/wp-json\/wp\/v2\/pages"}],"about":[{"href":"https:\/\/prudentwater.com\/en\/wp-json\/wp\/v2\/types\/page"}],"author":[{"embeddable":true,"href":"https:\/\/prudentwater.com\/en\/wp-json\/wp\/v2\/users\/1"}],"replies":[{"embeddable":true,"href":"https:\/\/prudentwater.com\/en\/wp-json\/wp\/v2\/comments?post=2621"}],"version-history":[{"count":0,"href":"https:\/\/prudentwater.com\/en\/wp-json\/wp\/v2\/pages\/2621\/revisions"}],"wp:attachment":[{"href":"https:\/\/prudentwater.com\/en\/wp-json\/wp\/v2\/media?parent=2621"}],"curies":[{"name":"wp","href":"https:\/\/api.w.org\/{rel}","templated":true}]}}