{"id":2652,"date":"2015-01-27T09:26:00","date_gmt":"2015-01-27T09:26:00","guid":{"rendered":"http:\/\/www.kunnskap.de\/?page_id=2652"},"modified":"2022-10-23T20:02:47","modified_gmt":"2022-10-23T18:02:47","slug":"dow-jones-transportation-average","status":"publish","type":"page","link":"https:\/\/prudentwater.com\/en\/dow-jones-transportation-average\/","title":{"rendered":"Dow Jones Transportation Average"},"content":{"rendered":"<p>Auch <b>DJTA<\/b><\/p>\n<p>Der Dow Jones Transportation Index ist ein US-amerikanischer Aktienindex, welcher die 20 gr\u00f6\u00dften Transportunternehmen der USA beinhaltet. Gegr\u00fcndet wurde der Index bereits am 3. Juli 1884 von Charles Dow und wird seitdem als preisgewichteter Index berechnet. Dar\u00fcber hinaus ist es ein Kursindex.<\/p>\n\n\n<!-- TradingView Widget BEGIN -->\n<div class=\"tradingview-widget-container\">\n  <div id=\"tradingview_eb287\"><\/div>\n  <div class=\"tradingview-widget-copyright\"><a href=\"https:\/\/de.tradingview.com\/symbols\/FRED-T5YIFR\/\" rel=\"noopener\" target=\"_blank\"><span class=\"blue-text\"><\/span><\/a><\/div>\n  <script type=\"text\/javascript\" src=\"https:\/\/s3.tradingview.com\/tv.js\"><\/script>\n  <script type=\"text\/javascript\">\n  new TradingView.widget(\n  {\n   \"width\": \"100%\",\n  \"height\": \"550\",\n  \"symbol\": \"NYSE:DMT\",\n  \"timezone\": \"Europe\/Berlin\",\n  \"theme\": \"light\",\n  \"style\": \"2\",\n  \"locale\": \"de_DE\",\n  \"toolbar_bg\": \"#f1f3f6\",\n  \"enable_publishing\": false,\n  \"withdateranges\": true,\n  \"range\": \"60M\",\n  \"allow_symbol_change\": true,\n  \"container_id\": \"tradingview_eb287\"\n}\n  );\n  <\/script>\n<\/div>\n<!-- TradingView Widget END -->\n\n\n<p style=\"margin-bottom: 50px;\">\n<\/p><h4>Aussagekraft des Dow Jones Transportation Index<\/h4>\n<p>Der Dow Jones Transportation Average wird nach der Dow-Theorie als Fr\u00fchindikator f\u00fcr die US-Wirtschaft angesehen. Falls es somit zu einer Beschleunigung, Verlangsamung oder zu einem R\u00fcckgang des US-Wirtschaftswachstum kommen sollte, wird nach der Dow-Theorie dies zuerst im Dow Jones Transportation Index deutlich, bevor es den Dow Jones Industrial Average erreicht. Die Wirtschaftslage macht sich nach der Dow-Theorie zuerst in der Auftragslage der gr\u00f6\u00dften Transportunternehmen bemerkbar, bevor es die gr\u00f6\u00dften US-Industriewerte beeinflusst. Das Hauptargument daf\u00fcr liegt in der starken Verzahnung der Logistikunternehmen mit dem Welthandel, welche Unternehmen aus anderen Branchen nicht in diesem Ausma\u00df haben. Steigt der Dow Jones Industrial Average, f\u00e4llt zur gleichen Zeit jedoch der Dow Jones Transportation Average, mag dies ein Fr\u00fchindikator und Signal f\u00fcr eine sich anbahnende Verlangsamung bzw. kommende Schw\u00e4che der US-Wirtschaft sein. Dies deshalb, da G\u00fcter nicht mehr in der gleichen Menge transportiert werden, wie sie aktuell noch produziert werden.<\/p>","protected":false},"excerpt":{"rendered":"<p>Auch DJTA Der Dow Jones Transportation Index ist ein US-amerikanischer Aktienindex, welcher die 20 gr\u00f6\u00dften Transportunternehmen der USA beinhaltet. Gegr\u00fcndet wurde der Index bereits am 3. Juli 1884 von Charles Dow und wird seitdem als preisgewichteter Index berechnet. Dar\u00fcber hinaus ist es ein Kursindex. Aussagekraft des Dow Jones Transportation Index Der Dow Jones Transportation Average [&hellip;]<\/p>\n","protected":false},"author":1,"featured_media":0,"parent":0,"menu_order":0,"comment_status":"closed","ping_status":"closed","template":"","meta":{"site-sidebar-layout":"default","site-content-layout":"","ast-site-content-layout":"","site-content-style":"default","site-sidebar-style":"default","ast-global-header-display":"","ast-banner-title-visibility":"","ast-main-header-display":"","ast-hfb-above-header-display":"","ast-hfb-below-header-display":"","ast-hfb-mobile-header-display":"","site-post-title":"","ast-breadcrumbs-content":"","ast-featured-img":"","footer-sml-layout":"","theme-transparent-header-meta":"","adv-header-id-meta":"","stick-header-meta":"","header-above-stick-meta":"","header-main-stick-meta":"","header-below-stick-meta":"","astra-migrate-meta-layouts":"default","ast-page-background-enabled":"default","ast-page-background-meta":{"desktop":{"background-color":"","background-image":"","background-repeat":"repeat","background-position":"center center","background-size":"auto","background-attachment":"scroll","background-type":"","background-media":"","overlay-type":"","overlay-color":"","overlay-opacity":"","overlay-gradient":""},"tablet":{"background-color":"","background-image":"","background-repeat":"repeat","background-position":"center center","background-size":"auto","background-attachment":"scroll","background-type":"","background-media":"","overlay-type":"","overlay-color":"","overlay-opacity":"","overlay-gradient":""},"mobile":{"background-color":"","background-image":"","background-repeat":"repeat","background-position":"center center","background-size":"auto","background-attachment":"scroll","background-type":"","background-media":"","overlay-type":"","overlay-color":"","overlay-opacity":"","overlay-gradient":""}},"ast-content-background-meta":{"desktop":{"background-color":"var(--ast-global-color-5)","background-image":"","background-repeat":"repeat","background-position":"center center","background-size":"auto","background-attachment":"scroll","background-type":"","background-media":"","overlay-type":"","overlay-color":"","overlay-opacity":"","overlay-gradient":""},"tablet":{"background-color":"var(--ast-global-color-5)","background-image":"","background-repeat":"repeat","background-position":"center center","background-size":"auto","background-attachment":"scroll","background-type":"","background-media":"","overlay-type":"","overlay-color":"","overlay-opacity":"","overlay-gradient":""},"mobile":{"background-color":"var(--ast-global-color-5)","background-image":"","background-repeat":"repeat","background-position":"center center","background-size":"auto","background-attachment":"scroll","background-type":"","background-media":"","overlay-type":"","overlay-color":"","overlay-opacity":"","overlay-gradient":""}},"footnotes":""},"class_list":["post-2652","page","type-page","status-publish","hentry"],"translation":{"provider":"WPGlobus","version":"3.0.2","language":"en","enabled_languages":["de","en"],"languages":{"de":{"title":true,"content":true,"excerpt":false},"en":{"title":false,"content":false,"excerpt":false}}},"featured_image_urls_v2":{"full":"","thumbnail":"","medium":"","medium_large":"","large":"","1536x1536":"","2048x2048":""},"post_excerpt_stackable_v2":"<p>Auch DJTA Der Dow Jones Transportation Index ist ein US-amerikanischer Aktienindex, welcher die 20 gr\u00f6\u00dften Transportunternehmen der USA beinhaltet. Gegr\u00fcndet wurde der Index bereits am 3. Juli 1884 von Charles Dow und wird seitdem als preisgewichteter Index berechnet. Dar\u00fcber hinaus ist es ein Kursindex. Aussagekraft des Dow Jones Transportation Index Der Dow Jones Transportation Average wird nach der Dow-Theorie als Fr\u00fchindikator f\u00fcr die US-Wirtschaft angesehen. Falls es somit zu einer Beschleunigung, Verlangsamung oder zu einem R\u00fcckgang des US-Wirtschaftswachstum kommen sollte, wird nach der Dow-Theorie dies zuerst im Dow Jones Transportation Index deutlich, bevor es den Dow Jones Industrial Average erreicht.&hellip;<\/p>\n","category_list_v2":"","author_info_v2":{"name":"PrudentWater","url":"https:\/\/prudentwater.com\/en\/author\/niklas33\/"},"comments_num_v2":"0 comments","_links":{"self":[{"href":"https:\/\/prudentwater.com\/en\/wp-json\/wp\/v2\/pages\/2652","targetHints":{"allow":["GET"]}}],"collection":[{"href":"https:\/\/prudentwater.com\/en\/wp-json\/wp\/v2\/pages"}],"about":[{"href":"https:\/\/prudentwater.com\/en\/wp-json\/wp\/v2\/types\/page"}],"author":[{"embeddable":true,"href":"https:\/\/prudentwater.com\/en\/wp-json\/wp\/v2\/users\/1"}],"replies":[{"embeddable":true,"href":"https:\/\/prudentwater.com\/en\/wp-json\/wp\/v2\/comments?post=2652"}],"version-history":[{"count":0,"href":"https:\/\/prudentwater.com\/en\/wp-json\/wp\/v2\/pages\/2652\/revisions"}],"wp:attachment":[{"href":"https:\/\/prudentwater.com\/en\/wp-json\/wp\/v2\/media?parent=2652"}],"curies":[{"name":"wp","href":"https:\/\/api.w.org\/{rel}","templated":true}]}}