{"id":2667,"date":"2015-02-02T18:04:47","date_gmt":"2015-02-02T18:04:47","guid":{"rendered":"http:\/\/www.kunnskap.de\/?page_id=2667"},"modified":"2021-06-25T12:50:41","modified_gmt":"2021-06-25T10:50:41","slug":"zinsgefalle","status":"publish","type":"page","link":"https:\/\/prudentwater.com\/en\/zinsgefalle\/","title":{"rendered":"Zinsgef\u00e4lle"},"content":{"rendered":"<p>engl. <strong>Interest Rate Differential (IRD)<\/strong><\/p>\n<p>Das Zinsgef\u00e4lle beschreibt das unterschiedliche Zinsniveau zwischen verschiedenen L\u00e4ndern und deren teilweise verschiedenen W\u00e4hrungen.<br \/>\nEs ist gleichzeitig die Schl\u00fcsselkomponente des Carry Trade. Denn das Zinsgef\u00e4lle verursacht den Abzug von Kapital aus dem Land mit einem niedrigen Zinsniveau, hin zu dem Land mit dem h\u00f6heren Zinsniveau. Die erwartete Rendite ist damit in dem Land mit den h\u00f6heren Zinsen gr\u00f6\u00dfer. M\u00f6chte ein Unternehmen allerdings ein Kredit aufnehmen, leiht es sich das Geld in dem Land, wo das Zinsniveau niedriger ist. Somit kann das Unternehmen seine Kreditkosten senken. Ein Zinsgef\u00e4lle entsteht vor allem zwischen verschiedenen W\u00e4hrungen, kann jedoch zum Beispiel auch innerhalb der Europ\u00e4ischen W\u00e4hrungsunion entstehen, wo in zwei L\u00e4ndern mit derselben W\u00e4hrung unterschiedliche Marktzinsen vorherrschen. Die Einflussfaktoren auf das Zinsniveau eines Landes wird dabei vor allem durch die Konjunktur, die Inflationsentwicklung sowie durch die Geldpolitik als auch Fiskalpolitik gepr\u00e4gt.<\/p>\n","protected":false},"excerpt":{"rendered":"<p>engl. Interest Rate Differential (IRD) Das Zinsgef\u00e4lle beschreibt das unterschiedliche Zinsniveau zwischen verschiedenen L\u00e4ndern und deren teilweise verschiedenen W\u00e4hrungen. Es ist gleichzeitig die Schl\u00fcsselkomponente des Carry Trade. Denn das Zinsgef\u00e4lle verursacht den Abzug von Kapital aus dem Land mit einem niedrigen Zinsniveau, hin zu dem Land mit dem h\u00f6heren Zinsniveau. Die erwartete Rendite ist damit [&hellip;]<\/p>\n","protected":false},"author":1,"featured_media":0,"parent":0,"menu_order":0,"comment_status":"closed","ping_status":"closed","template":"","meta":{"site-sidebar-layout":"default","site-content-layout":"","ast-site-content-layout":"","site-content-style":"default","site-sidebar-style":"default","ast-global-header-display":"","ast-banner-title-visibility":"","ast-main-header-display":"","ast-hfb-above-header-display":"","ast-hfb-below-header-display":"","ast-hfb-mobile-header-display":"","site-post-title":"","ast-breadcrumbs-content":"","ast-featured-img":"","footer-sml-layout":"","theme-transparent-header-meta":"","adv-header-id-meta":"","stick-header-meta":"","header-above-stick-meta":"","header-main-stick-meta":"","header-below-stick-meta":"","astra-migrate-meta-layouts":"default","ast-page-background-enabled":"default","ast-page-background-meta":{"desktop":{"background-color":"","background-image":"","background-repeat":"repeat","background-position":"center center","background-size":"auto","background-attachment":"scroll","background-type":"","background-media":"","overlay-type":"","overlay-color":"","overlay-opacity":"","overlay-gradient":""},"tablet":{"background-color":"","background-image":"","background-repeat":"repeat","background-position":"center center","background-size":"auto","background-attachment":"scroll","background-type":"","background-media":"","overlay-type":"","overlay-color":"","overlay-opacity":"","overlay-gradient":""},"mobile":{"background-color":"","background-image":"","background-repeat":"repeat","background-position":"center center","background-size":"auto","background-attachment":"scroll","background-type":"","background-media":"","overlay-type":"","overlay-color":"","overlay-opacity":"","overlay-gradient":""}},"ast-content-background-meta":{"desktop":{"background-color":"var(--ast-global-color-5)","background-image":"","background-repeat":"repeat","background-position":"center center","background-size":"auto","background-attachment":"scroll","background-type":"","background-media":"","overlay-type":"","overlay-color":"","overlay-opacity":"","overlay-gradient":""},"tablet":{"background-color":"var(--ast-global-color-5)","background-image":"","background-repeat":"repeat","background-position":"center center","background-size":"auto","background-attachment":"scroll","background-type":"","background-media":"","overlay-type":"","overlay-color":"","overlay-opacity":"","overlay-gradient":""},"mobile":{"background-color":"var(--ast-global-color-5)","background-image":"","background-repeat":"repeat","background-position":"center center","background-size":"auto","background-attachment":"scroll","background-type":"","background-media":"","overlay-type":"","overlay-color":"","overlay-opacity":"","overlay-gradient":""}},"footnotes":""},"class_list":["post-2667","page","type-page","status-publish","hentry"],"translation":{"provider":"WPGlobus","version":"3.0.2","language":"en","enabled_languages":["de","en"],"languages":{"de":{"title":true,"content":true,"excerpt":false},"en":{"title":false,"content":false,"excerpt":false}}},"featured_image_urls_v2":{"full":"","thumbnail":"","medium":"","medium_large":"","large":"","1536x1536":"","2048x2048":""},"post_excerpt_stackable_v2":"<p>engl. Interest Rate Differential (IRD) Das Zinsgef\u00e4lle beschreibt das unterschiedliche Zinsniveau zwischen verschiedenen L\u00e4ndern und deren teilweise verschiedenen W\u00e4hrungen. Es ist gleichzeitig die Schl\u00fcsselkomponente des Carry Trade. Denn das Zinsgef\u00e4lle verursacht den Abzug von Kapital aus dem Land mit einem niedrigen Zinsniveau, hin zu dem Land mit dem h\u00f6heren Zinsniveau. Die erwartete Rendite ist damit in dem Land mit den h\u00f6heren Zinsen gr\u00f6\u00dfer. M\u00f6chte ein Unternehmen allerdings ein Kredit aufnehmen, leiht es sich das Geld in dem Land, wo das Zinsniveau niedriger ist. Somit kann das Unternehmen seine Kreditkosten senken. Ein Zinsgef\u00e4lle entsteht vor allem zwischen verschiedenen W\u00e4hrungen, kann jedoch&hellip;<\/p>\n","category_list_v2":"","author_info_v2":{"name":"PrudentWater","url":"https:\/\/prudentwater.com\/en\/author\/niklas33\/"},"comments_num_v2":"0 comments","_links":{"self":[{"href":"https:\/\/prudentwater.com\/en\/wp-json\/wp\/v2\/pages\/2667","targetHints":{"allow":["GET"]}}],"collection":[{"href":"https:\/\/prudentwater.com\/en\/wp-json\/wp\/v2\/pages"}],"about":[{"href":"https:\/\/prudentwater.com\/en\/wp-json\/wp\/v2\/types\/page"}],"author":[{"embeddable":true,"href":"https:\/\/prudentwater.com\/en\/wp-json\/wp\/v2\/users\/1"}],"replies":[{"embeddable":true,"href":"https:\/\/prudentwater.com\/en\/wp-json\/wp\/v2\/comments?post=2667"}],"version-history":[{"count":0,"href":"https:\/\/prudentwater.com\/en\/wp-json\/wp\/v2\/pages\/2667\/revisions"}],"wp:attachment":[{"href":"https:\/\/prudentwater.com\/en\/wp-json\/wp\/v2\/media?parent=2667"}],"curies":[{"name":"wp","href":"https:\/\/api.w.org\/{rel}","templated":true}]}}