{"id":2684,"date":"2015-02-09T20:26:50","date_gmt":"2015-02-09T20:26:50","guid":{"rendered":"http:\/\/www.kunnskap.de\/?page_id=2684"},"modified":"2021-06-25T12:49:38","modified_gmt":"2021-06-25T10:49:38","slug":"optionsschein","status":"publish","type":"page","link":"https:\/\/prudentwater.com\/en\/optionsschein\/","title":{"rendered":"Optionsschein"},"content":{"rendered":"<p>engl. <strong>Warrant<\/strong><\/p>\n<p>Ein Optionsschein ist ein Derivat, mit dem der Besitzer das Recht hat, einen bestimmten Basiswert, zu einem bestimmten Bezugsverh\u00e4ltnis, zu einem bestimmten Basispreis, innerhalb eines vorher festgelegten Zeitraumes zu kaufen oder zu verkaufen. Der Inhaber des Optionsscheines muss den Basiswert jedoch nicht kaufen oder verkaufen, er hat lediglich das Recht dazu, es besteht jedoch keine Pflicht. Der Optionsschein kann jederzeit an der B\u00f6rse weiterverkauft werden. In den meisten F\u00e4llen findet am Ende der Laufzeit des Optionsscheines ohnehin ein Barausgleich statt. Dabei findet keine physische Lieferung des Basiswertes statt, es wird lediglich der Differenzbetrag zwischen Basispreis und aktuellem Marktwert des Basiswertes ausgezahlt.<br \/>\nMit einem Optionsschein kann auf steigende sowie auf fallende Kurse eines bestimmten Basiswertes spekuliert werden. Spekulieren erscheint hier am besten angebracht zu sein, da beim Handel mit Optionsscheinen immer ein Totalverlust besteht. Der Totalverlust w\u00e4re beim Optionsscheinhandel der Preis, der beim Kauf des Optionsscheines zu bezahlen ist. Verf\u00e4llt ein Optionsschein wertlos, kann der Emittent das vom K\u00e4ufer erhaltene Geld behalten.<br \/>\nOptionsscheine sind nicht standardisiert. Dies bedeutet, dass sie beliebig vom Emittenten (Bank, Finanzinstitut) ausgestattet werden k\u00f6nnen (in Bezug auf Laufzeit, Basispreis, Bezugsverh\u00e4ltnis). Optionsscheine werden an der Kassab\u00f6rse gehandelt. Das Gegenst\u00fcck zur Kassab\u00f6rse ist die Terminb\u00f6rse. An den Terminb\u00f6rsen werden Futurs und Optionen mit festgelegten Standards gehandelt.<br \/>\nEin Optionsschein ist ein Wertpapier mit einer eigenen Wertpapierkennnummer. Bei einer Option hingegen handelt es sich nicht um ein Wertpapier und es besitzt somit auch keine Wertpapierkennnummer. <\/p>\n","protected":false},"excerpt":{"rendered":"<p>engl. Warrant Ein Optionsschein ist ein Derivat, mit dem der Besitzer das Recht hat, einen bestimmten Basiswert, zu einem bestimmten Bezugsverh\u00e4ltnis, zu einem bestimmten Basispreis, innerhalb eines vorher festgelegten Zeitraumes zu kaufen oder zu verkaufen. Der Inhaber des Optionsscheines muss den Basiswert jedoch nicht kaufen oder verkaufen, er hat lediglich das Recht dazu, es besteht [&hellip;]<\/p>\n","protected":false},"author":1,"featured_media":0,"parent":0,"menu_order":0,"comment_status":"closed","ping_status":"closed","template":"","meta":{"site-sidebar-layout":"default","site-content-layout":"","ast-site-content-layout":"","site-content-style":"default","site-sidebar-style":"default","ast-global-header-display":"","ast-banner-title-visibility":"","ast-main-header-display":"","ast-hfb-above-header-display":"","ast-hfb-below-header-display":"","ast-hfb-mobile-header-display":"","site-post-title":"","ast-breadcrumbs-content":"","ast-featured-img":"","footer-sml-layout":"","theme-transparent-header-meta":"","adv-header-id-meta":"","stick-header-meta":"","header-above-stick-meta":"","header-main-stick-meta":"","header-below-stick-meta":"","astra-migrate-meta-layouts":"default","ast-page-background-enabled":"default","ast-page-background-meta":{"desktop":{"background-color":"","background-image":"","background-repeat":"repeat","background-position":"center center","background-size":"auto","background-attachment":"scroll","background-type":"","background-media":"","overlay-type":"","overlay-color":"","overlay-opacity":"","overlay-gradient":""},"tablet":{"background-color":"","background-image":"","background-repeat":"repeat","background-position":"center center","background-size":"auto","background-attachment":"scroll","background-type":"","background-media":"","overlay-type":"","overlay-color":"","overlay-opacity":"","overlay-gradient":""},"mobile":{"background-color":"","background-image":"","background-repeat":"repeat","background-position":"center center","background-size":"auto","background-attachment":"scroll","background-type":"","background-media":"","overlay-type":"","overlay-color":"","overlay-opacity":"","overlay-gradient":""}},"ast-content-background-meta":{"desktop":{"background-color":"var(--ast-global-color-5)","background-image":"","background-repeat":"repeat","background-position":"center center","background-size":"auto","background-attachment":"scroll","background-type":"","background-media":"","overlay-type":"","overlay-color":"","overlay-opacity":"","overlay-gradient":""},"tablet":{"background-color":"var(--ast-global-color-5)","background-image":"","background-repeat":"repeat","background-position":"center center","background-size":"auto","background-attachment":"scroll","background-type":"","background-media":"","overlay-type":"","overlay-color":"","overlay-opacity":"","overlay-gradient":""},"mobile":{"background-color":"var(--ast-global-color-5)","background-image":"","background-repeat":"repeat","background-position":"center center","background-size":"auto","background-attachment":"scroll","background-type":"","background-media":"","overlay-type":"","overlay-color":"","overlay-opacity":"","overlay-gradient":""}},"footnotes":""},"class_list":["post-2684","page","type-page","status-publish","hentry"],"translation":{"provider":"WPGlobus","version":"3.0.2","language":"en","enabled_languages":["de","en"],"languages":{"de":{"title":true,"content":true,"excerpt":false},"en":{"title":false,"content":false,"excerpt":false}}},"featured_image_urls_v2":{"full":"","thumbnail":"","medium":"","medium_large":"","large":"","1536x1536":"","2048x2048":""},"post_excerpt_stackable_v2":"<p>engl. Warrant Ein Optionsschein ist ein Derivat, mit dem der Besitzer das Recht hat, einen bestimmten Basiswert, zu einem bestimmten Bezugsverh\u00e4ltnis, zu einem bestimmten Basispreis, innerhalb eines vorher festgelegten Zeitraumes zu kaufen oder zu verkaufen. Der Inhaber des Optionsscheines muss den Basiswert jedoch nicht kaufen oder verkaufen, er hat lediglich das Recht dazu, es besteht jedoch keine Pflicht. Der Optionsschein kann jederzeit an der B\u00f6rse weiterverkauft werden. In den meisten F\u00e4llen findet am Ende der Laufzeit des Optionsscheines ohnehin ein Barausgleich statt. Dabei findet keine physische Lieferung des Basiswertes statt, es wird lediglich der Differenzbetrag zwischen Basispreis und aktuellem Marktwert&hellip;<\/p>\n","category_list_v2":"","author_info_v2":{"name":"PrudentWater","url":"https:\/\/prudentwater.com\/en\/author\/niklas33\/"},"comments_num_v2":"0 comments","_links":{"self":[{"href":"https:\/\/prudentwater.com\/en\/wp-json\/wp\/v2\/pages\/2684","targetHints":{"allow":["GET"]}}],"collection":[{"href":"https:\/\/prudentwater.com\/en\/wp-json\/wp\/v2\/pages"}],"about":[{"href":"https:\/\/prudentwater.com\/en\/wp-json\/wp\/v2\/types\/page"}],"author":[{"embeddable":true,"href":"https:\/\/prudentwater.com\/en\/wp-json\/wp\/v2\/users\/1"}],"replies":[{"embeddable":true,"href":"https:\/\/prudentwater.com\/en\/wp-json\/wp\/v2\/comments?post=2684"}],"version-history":[{"count":0,"href":"https:\/\/prudentwater.com\/en\/wp-json\/wp\/v2\/pages\/2684\/revisions"}],"wp:attachment":[{"href":"https:\/\/prudentwater.com\/en\/wp-json\/wp\/v2\/media?parent=2684"}],"curies":[{"name":"wp","href":"https:\/\/api.w.org\/{rel}","templated":true}]}}