{"id":2693,"date":"2015-02-09T20:34:46","date_gmt":"2015-02-09T20:34:46","guid":{"rendered":"http:\/\/www.kunnskap.de\/?page_id=2693"},"modified":"2021-06-25T12:49:32","modified_gmt":"2021-06-25T10:49:32","slug":"kassaborse","status":"publish","type":"page","link":"https:\/\/prudentwater.com\/en\/kassaborse\/","title":{"rendered":"Kassab\u00f6rse"},"content":{"rendered":"<p>Die Kassab\u00f6rse ist ein nicht-lokalisierbarer Teilmarkt der B\u00f6rse. An der Kassab\u00f6rse findet das Kassagesch\u00e4ft statt. Dabei werden Gesch\u00e4fte mit Wertpapieren, Devisen oder Finanzinstrumenten abgeschlossen, der Abschluss des Gesch\u00e4ftes muss dabei jedoch innerhalb von 48 Stunden stattfinden. Dauert der Abschluss l\u00e4nger als zwei Tage, handelt es sich um ein Termingesch\u00e4ft, welches dann \u00fcber die Terminb\u00f6rse stattfindet. Der Abschluss beinhaltet die Lieferung, die Abnahme und die Bezahlung. Erst sobald alle drei Vorg\u00e4nge erf\u00fcllt sind, gilt das Gesch\u00e4ft als abgeschlossen.<\/p>\n","protected":false},"excerpt":{"rendered":"<p>Die Kassab\u00f6rse ist ein nicht-lokalisierbarer Teilmarkt der B\u00f6rse. An der Kassab\u00f6rse findet das Kassagesch\u00e4ft statt. Dabei werden Gesch\u00e4fte mit Wertpapieren, Devisen oder Finanzinstrumenten abgeschlossen, der Abschluss des Gesch\u00e4ftes muss dabei jedoch innerhalb von 48 Stunden stattfinden. Dauert der Abschluss l\u00e4nger als zwei Tage, handelt es sich um ein Termingesch\u00e4ft, welches dann \u00fcber die Terminb\u00f6rse stattfindet. [&hellip;]<\/p>\n","protected":false},"author":1,"featured_media":0,"parent":0,"menu_order":0,"comment_status":"closed","ping_status":"closed","template":"","meta":{"site-sidebar-layout":"default","site-content-layout":"","ast-site-content-layout":"","site-content-style":"default","site-sidebar-style":"default","ast-global-header-display":"","ast-banner-title-visibility":"","ast-main-header-display":"","ast-hfb-above-header-display":"","ast-hfb-below-header-display":"","ast-hfb-mobile-header-display":"","site-post-title":"","ast-breadcrumbs-content":"","ast-featured-img":"","footer-sml-layout":"","theme-transparent-header-meta":"","adv-header-id-meta":"","stick-header-meta":"","header-above-stick-meta":"","header-main-stick-meta":"","header-below-stick-meta":"","astra-migrate-meta-layouts":"default","ast-page-background-enabled":"default","ast-page-background-meta":{"desktop":{"background-color":"","background-image":"","background-repeat":"repeat","background-position":"center center","background-size":"auto","background-attachment":"scroll","background-type":"","background-media":"","overlay-type":"","overlay-color":"","overlay-opacity":"","overlay-gradient":""},"tablet":{"background-color":"","background-image":"","background-repeat":"repeat","background-position":"center center","background-size":"auto","background-attachment":"scroll","background-type":"","background-media":"","overlay-type":"","overlay-color":"","overlay-opacity":"","overlay-gradient":""},"mobile":{"background-color":"","background-image":"","background-repeat":"repeat","background-position":"center center","background-size":"auto","background-attachment":"scroll","background-type":"","background-media":"","overlay-type":"","overlay-color":"","overlay-opacity":"","overlay-gradient":""}},"ast-content-background-meta":{"desktop":{"background-color":"var(--ast-global-color-5)","background-image":"","background-repeat":"repeat","background-position":"center center","background-size":"auto","background-attachment":"scroll","background-type":"","background-media":"","overlay-type":"","overlay-color":"","overlay-opacity":"","overlay-gradient":""},"tablet":{"background-color":"var(--ast-global-color-5)","background-image":"","background-repeat":"repeat","background-position":"center center","background-size":"auto","background-attachment":"scroll","background-type":"","background-media":"","overlay-type":"","overlay-color":"","overlay-opacity":"","overlay-gradient":""},"mobile":{"background-color":"var(--ast-global-color-5)","background-image":"","background-repeat":"repeat","background-position":"center center","background-size":"auto","background-attachment":"scroll","background-type":"","background-media":"","overlay-type":"","overlay-color":"","overlay-opacity":"","overlay-gradient":""}},"footnotes":""},"class_list":["post-2693","page","type-page","status-publish","hentry"],"translation":{"provider":"WPGlobus","version":"3.0.2","language":"en","enabled_languages":["de","en"],"languages":{"de":{"title":true,"content":true,"excerpt":false},"en":{"title":false,"content":false,"excerpt":false}}},"featured_image_urls_v2":{"full":"","thumbnail":"","medium":"","medium_large":"","large":"","1536x1536":"","2048x2048":""},"post_excerpt_stackable_v2":"<p>Die Kassab\u00f6rse ist ein nicht-lokalisierbarer Teilmarkt der B\u00f6rse. An der Kassab\u00f6rse findet das Kassagesch\u00e4ft statt. Dabei werden Gesch\u00e4fte mit Wertpapieren, Devisen oder Finanzinstrumenten abgeschlossen, der Abschluss des Gesch\u00e4ftes muss dabei jedoch innerhalb von 48 Stunden stattfinden. Dauert der Abschluss l\u00e4nger als zwei Tage, handelt es sich um ein Termingesch\u00e4ft, welches dann \u00fcber die Terminb\u00f6rse stattfindet. Der Abschluss beinhaltet die Lieferung, die Abnahme und die Bezahlung. Erst sobald alle drei Vorg\u00e4nge erf\u00fcllt sind, gilt das Gesch\u00e4ft als abgeschlossen.<\/p>\n","category_list_v2":"","author_info_v2":{"name":"PrudentWater","url":"https:\/\/prudentwater.com\/en\/author\/niklas33\/"},"comments_num_v2":"0 comments","_links":{"self":[{"href":"https:\/\/prudentwater.com\/en\/wp-json\/wp\/v2\/pages\/2693","targetHints":{"allow":["GET"]}}],"collection":[{"href":"https:\/\/prudentwater.com\/en\/wp-json\/wp\/v2\/pages"}],"about":[{"href":"https:\/\/prudentwater.com\/en\/wp-json\/wp\/v2\/types\/page"}],"author":[{"embeddable":true,"href":"https:\/\/prudentwater.com\/en\/wp-json\/wp\/v2\/users\/1"}],"replies":[{"embeddable":true,"href":"https:\/\/prudentwater.com\/en\/wp-json\/wp\/v2\/comments?post=2693"}],"version-history":[{"count":0,"href":"https:\/\/prudentwater.com\/en\/wp-json\/wp\/v2\/pages\/2693\/revisions"}],"wp:attachment":[{"href":"https:\/\/prudentwater.com\/en\/wp-json\/wp\/v2\/media?parent=2693"}],"curies":[{"name":"wp","href":"https:\/\/api.w.org\/{rel}","templated":true}]}}