{"id":2712,"date":"2015-02-14T10:55:29","date_gmt":"2015-02-14T10:55:29","guid":{"rendered":"http:\/\/www.kunnskap.de\/?page_id=2712"},"modified":"2021-06-25T12:50:41","modified_gmt":"2021-06-25T10:50:41","slug":"zinssatz","status":"publish","type":"page","link":"https:\/\/prudentwater.com\/en\/zinssatz\/","title":{"rendered":"Zinssatz"},"content":{"rendered":"<p>engl. <strong>Interest Rate<\/strong><\/p>\n<p>Der Zinssatz wird prozentual und pro Jahr (p.a.) angegeben und dr\u00fcckt den Preis aus, welchen der Schuldner f\u00fcr ausgeliehenes Geld in einem Schuldverh\u00e4ltnis dem Gl\u00e4ubiger j\u00e4hrlich zu entrichten hat. Aus der Sicht des Gl\u00e4ubigers handelt es sich um den Preis, zu dem er bereit ist, sein Geld f\u00fcr eine bestimmte Zeit zu verleihen. Der Zinssatz ergibt sich aus Angebot und Nachfrage am Kapitalmarkt und am Geldmarkt und kann somit als Preis des Geldes angesehen werden.<\/p>\n<h4>Zinssatz einer Anleihe<\/h4>\n<p>Der Zinssatz einer Anleihe entspricht nur in den wenigsten F\u00e4llen auch der Rendite, welche der Anleger mit der Anleihe tats\u00e4chlich pro Jahr erzielt hat. Denn der Zinssatz einer herk\u00f6mmlichen Anleihe ist nichts anderes als der Kupon und dieser ist von Anfang der Emission festgesetzt und wird w\u00e4hrend der Laufzeit nicht mehr ver\u00e4ndert. Kauft der Anleger aber nun die Anleihe \u00fcber oder unter dem Emissionskurs von 100 %, so wird seine Anleihe bei F\u00e4lligkeit jedoch trotzdem zu 100 % zur\u00fcckgenommen. Dadurch entstehen jedoch aber Kursverluste \/ Kursgewinne, wodurch sich f\u00fcr den Anleger Zinssatz der Anleihe und Effektivzins des Investments unterscheiden. Au\u00dferdem k\u00f6nnen Wechselkursver\u00e4nderungen bei einer Fremdw\u00e4hrungsanleihe als auch Transaktionskosten den Zinssatz aus der Sicht des Anlegers ab\u00e4ndern.<\/p>\n","protected":false},"excerpt":{"rendered":"<p>engl. Interest Rate Der Zinssatz wird prozentual und pro Jahr (p.a.) angegeben und dr\u00fcckt den Preis aus, welchen der Schuldner f\u00fcr ausgeliehenes Geld in einem Schuldverh\u00e4ltnis dem Gl\u00e4ubiger j\u00e4hrlich zu entrichten hat. Aus der Sicht des Gl\u00e4ubigers handelt es sich um den Preis, zu dem er bereit ist, sein Geld f\u00fcr eine bestimmte Zeit zu [&hellip;]<\/p>\n","protected":false},"author":1,"featured_media":0,"parent":0,"menu_order":0,"comment_status":"closed","ping_status":"closed","template":"","meta":{"site-sidebar-layout":"default","site-content-layout":"default","ast-site-content-layout":"","site-content-style":"default","site-sidebar-style":"default","ast-global-header-display":"","ast-banner-title-visibility":"","ast-main-header-display":"","ast-hfb-above-header-display":"","ast-hfb-below-header-display":"","ast-hfb-mobile-header-display":"","site-post-title":"","ast-breadcrumbs-content":"","ast-featured-img":"","footer-sml-layout":"","theme-transparent-header-meta":"default","adv-header-id-meta":"","stick-header-meta":"","header-above-stick-meta":"","header-main-stick-meta":"","header-below-stick-meta":"","astra-migrate-meta-layouts":"default","ast-page-background-enabled":"default","ast-page-background-meta":{"desktop":{"background-color":"","background-image":"","background-repeat":"repeat","background-position":"center center","background-size":"auto","background-attachment":"scroll","background-type":"","background-media":"","overlay-type":"","overlay-color":"","overlay-opacity":"","overlay-gradient":""},"tablet":{"background-color":"","background-image":"","background-repeat":"repeat","background-position":"center center","background-size":"auto","background-attachment":"scroll","background-type":"","background-media":"","overlay-type":"","overlay-color":"","overlay-opacity":"","overlay-gradient":""},"mobile":{"background-color":"","background-image":"","background-repeat":"repeat","background-position":"center center","background-size":"auto","background-attachment":"scroll","background-type":"","background-media":"","overlay-type":"","overlay-color":"","overlay-opacity":"","overlay-gradient":""}},"ast-content-background-meta":{"desktop":{"background-color":"var(--ast-global-color-5)","background-image":"","background-repeat":"repeat","background-position":"center center","background-size":"auto","background-attachment":"scroll","background-type":"","background-media":"","overlay-type":"","overlay-color":"","overlay-opacity":"","overlay-gradient":""},"tablet":{"background-color":"var(--ast-global-color-5)","background-image":"","background-repeat":"repeat","background-position":"center center","background-size":"auto","background-attachment":"scroll","background-type":"","background-media":"","overlay-type":"","overlay-color":"","overlay-opacity":"","overlay-gradient":""},"mobile":{"background-color":"var(--ast-global-color-5)","background-image":"","background-repeat":"repeat","background-position":"center center","background-size":"auto","background-attachment":"scroll","background-type":"","background-media":"","overlay-type":"","overlay-color":"","overlay-opacity":"","overlay-gradient":""}},"footnotes":""},"class_list":["post-2712","page","type-page","status-publish","hentry"],"translation":{"provider":"WPGlobus","version":"3.0.2","language":"en","enabled_languages":["de","en"],"languages":{"de":{"title":true,"content":true,"excerpt":false},"en":{"title":false,"content":false,"excerpt":false}}},"featured_image_urls_v2":{"full":"","thumbnail":"","medium":"","medium_large":"","large":"","1536x1536":"","2048x2048":""},"post_excerpt_stackable_v2":"<p>engl. Interest Rate Der Zinssatz wird prozentual und pro Jahr (p.a.) angegeben und dr\u00fcckt den Preis aus, welchen der Schuldner f\u00fcr ausgeliehenes Geld in einem Schuldverh\u00e4ltnis dem Gl\u00e4ubiger j\u00e4hrlich zu entrichten hat. Aus der Sicht des Gl\u00e4ubigers handelt es sich um den Preis, zu dem er bereit ist, sein Geld f\u00fcr eine bestimmte Zeit zu verleihen. Der Zinssatz ergibt sich aus Angebot und Nachfrage am Kapitalmarkt und am Geldmarkt und kann somit als Preis des Geldes angesehen werden. Zinssatz einer Anleihe Der Zinssatz einer Anleihe entspricht nur in den wenigsten F\u00e4llen auch der Rendite, welche der Anleger mit der Anleihe&hellip;<\/p>\n","category_list_v2":"","author_info_v2":{"name":"PrudentWater","url":"https:\/\/prudentwater.com\/en\/author\/niklas33\/"},"comments_num_v2":"0 comments","_links":{"self":[{"href":"https:\/\/prudentwater.com\/en\/wp-json\/wp\/v2\/pages\/2712","targetHints":{"allow":["GET"]}}],"collection":[{"href":"https:\/\/prudentwater.com\/en\/wp-json\/wp\/v2\/pages"}],"about":[{"href":"https:\/\/prudentwater.com\/en\/wp-json\/wp\/v2\/types\/page"}],"author":[{"embeddable":true,"href":"https:\/\/prudentwater.com\/en\/wp-json\/wp\/v2\/users\/1"}],"replies":[{"embeddable":true,"href":"https:\/\/prudentwater.com\/en\/wp-json\/wp\/v2\/comments?post=2712"}],"version-history":[{"count":0,"href":"https:\/\/prudentwater.com\/en\/wp-json\/wp\/v2\/pages\/2712\/revisions"}],"wp:attachment":[{"href":"https:\/\/prudentwater.com\/en\/wp-json\/wp\/v2\/media?parent=2712"}],"curies":[{"name":"wp","href":"https:\/\/api.w.org\/{rel}","templated":true}]}}