{"id":2720,"date":"2015-02-14T21:53:29","date_gmt":"2015-02-14T21:53:29","guid":{"rendered":"http:\/\/www.kunnskap.de\/?page_id=2720"},"modified":"2021-06-25T12:49:35","modified_gmt":"2021-06-25T10:49:35","slug":"market-maker","status":"publish","type":"page","link":"https:\/\/prudentwater.com\/en\/market-maker\/","title":{"rendered":"Market Maker"},"content":{"rendered":"<p>Ein Market Maker ist ein offizielles B\u00f6rsenmitglied, welcher w\u00e4hrend der B\u00f6rsenzeiten verbindliche An- und Verkaufskurse f\u00fcr bestimmte Aktien, Anleihen, Devisen und \u00c4hnliches stellt. Dies soll f\u00fcr mehr Liquidit\u00e4t im Markt sorgen sowie zus\u00e4tzliches Vertrauen bei den Investoren erzeugen. Der Market Maker ist somit bereit, zu einem festgelegten Geldkurs zu kaufen sowie zu einem festgelegten Briefkurs zu verkaufen. Somit sorgt der Market Maker f\u00fcr eine bestimmte Handelsspanne eines Wertpapieres. Die Verg\u00fctung des Market Makers besteht in der Spanne zwischen dem Ankaufskurs und dem Verkaufskurs des jeweiligen Wertpapieres. Anlageprodukte haben jedoch oft einen maximalen Spread. Er darf somit bei verschiedenen Produkten (bspw. bei Zertifikaten) keinen Spread anbieten, der gr\u00f6\u00dfer ist als der von den Emittenten maximal erlaubte Spread.<br \/>\nBei den Market Maker handelt es sich oftmals um Banken oder Broker, welche auf eigenes Risiko handeln, daf\u00fcr jedoch von dem jeweiligen B\u00f6rsenbetreiber bestimmte Verg\u00fcnstigungen erhalten. Der B\u00f6rsenbetreiber profitiert von dem Market Maker, den durch ihn kann er seinen Kunden einen liquiden Handel garantieren.<\/p>\n","protected":false},"excerpt":{"rendered":"<p>Ein Market Maker ist ein offizielles B\u00f6rsenmitglied, welcher w\u00e4hrend der B\u00f6rsenzeiten verbindliche An- und Verkaufskurse f\u00fcr bestimmte Aktien, Anleihen, Devisen und \u00c4hnliches stellt. Dies soll f\u00fcr mehr Liquidit\u00e4t im Markt sorgen sowie zus\u00e4tzliches Vertrauen bei den Investoren erzeugen. Der Market Maker ist somit bereit, zu einem festgelegten Geldkurs zu kaufen sowie zu einem festgelegten Briefkurs [&hellip;]<\/p>\n","protected":false},"author":1,"featured_media":0,"parent":0,"menu_order":0,"comment_status":"closed","ping_status":"closed","template":"","meta":{"site-sidebar-layout":"default","site-content-layout":"","ast-site-content-layout":"","site-content-style":"default","site-sidebar-style":"default","ast-global-header-display":"","ast-banner-title-visibility":"","ast-main-header-display":"","ast-hfb-above-header-display":"","ast-hfb-below-header-display":"","ast-hfb-mobile-header-display":"","site-post-title":"","ast-breadcrumbs-content":"","ast-featured-img":"","footer-sml-layout":"","theme-transparent-header-meta":"","adv-header-id-meta":"","stick-header-meta":"","header-above-stick-meta":"","header-main-stick-meta":"","header-below-stick-meta":"","astra-migrate-meta-layouts":"default","ast-page-background-enabled":"default","ast-page-background-meta":{"desktop":{"background-color":"","background-image":"","background-repeat":"repeat","background-position":"center center","background-size":"auto","background-attachment":"scroll","background-type":"","background-media":"","overlay-type":"","overlay-color":"","overlay-opacity":"","overlay-gradient":""},"tablet":{"background-color":"","background-image":"","background-repeat":"repeat","background-position":"center center","background-size":"auto","background-attachment":"scroll","background-type":"","background-media":"","overlay-type":"","overlay-color":"","overlay-opacity":"","overlay-gradient":""},"mobile":{"background-color":"","background-image":"","background-repeat":"repeat","background-position":"center center","background-size":"auto","background-attachment":"scroll","background-type":"","background-media":"","overlay-type":"","overlay-color":"","overlay-opacity":"","overlay-gradient":""}},"ast-content-background-meta":{"desktop":{"background-color":"var(--ast-global-color-5)","background-image":"","background-repeat":"repeat","background-position":"center center","background-size":"auto","background-attachment":"scroll","background-type":"","background-media":"","overlay-type":"","overlay-color":"","overlay-opacity":"","overlay-gradient":""},"tablet":{"background-color":"var(--ast-global-color-5)","background-image":"","background-repeat":"repeat","background-position":"center center","background-size":"auto","background-attachment":"scroll","background-type":"","background-media":"","overlay-type":"","overlay-color":"","overlay-opacity":"","overlay-gradient":""},"mobile":{"background-color":"var(--ast-global-color-5)","background-image":"","background-repeat":"repeat","background-position":"center center","background-size":"auto","background-attachment":"scroll","background-type":"","background-media":"","overlay-type":"","overlay-color":"","overlay-opacity":"","overlay-gradient":""}},"footnotes":""},"class_list":["post-2720","page","type-page","status-publish","hentry"],"translation":{"provider":"WPGlobus","version":"3.0.2","language":"en","enabled_languages":["de","en"],"languages":{"de":{"title":true,"content":true,"excerpt":false},"en":{"title":false,"content":false,"excerpt":false}}},"featured_image_urls_v2":{"full":"","thumbnail":"","medium":"","medium_large":"","large":"","1536x1536":"","2048x2048":""},"post_excerpt_stackable_v2":"<p>Ein Market Maker ist ein offizielles B\u00f6rsenmitglied, welcher w\u00e4hrend der B\u00f6rsenzeiten verbindliche An- und Verkaufskurse f\u00fcr bestimmte Aktien, Anleihen, Devisen und \u00c4hnliches stellt. Dies soll f\u00fcr mehr Liquidit\u00e4t im Markt sorgen sowie zus\u00e4tzliches Vertrauen bei den Investoren erzeugen. Der Market Maker ist somit bereit, zu einem festgelegten Geldkurs zu kaufen sowie zu einem festgelegten Briefkurs zu verkaufen. Somit sorgt der Market Maker f\u00fcr eine bestimmte Handelsspanne eines Wertpapieres. Die Verg\u00fctung des Market Makers besteht in der Spanne zwischen dem Ankaufskurs und dem Verkaufskurs des jeweiligen Wertpapieres. Anlageprodukte haben jedoch oft einen maximalen Spread. Er darf somit bei verschiedenen Produkten (bspw.&hellip;<\/p>\n","category_list_v2":"","author_info_v2":{"name":"PrudentWater","url":"https:\/\/prudentwater.com\/en\/author\/niklas33\/"},"comments_num_v2":"0 comments","_links":{"self":[{"href":"https:\/\/prudentwater.com\/en\/wp-json\/wp\/v2\/pages\/2720","targetHints":{"allow":["GET"]}}],"collection":[{"href":"https:\/\/prudentwater.com\/en\/wp-json\/wp\/v2\/pages"}],"about":[{"href":"https:\/\/prudentwater.com\/en\/wp-json\/wp\/v2\/types\/page"}],"author":[{"embeddable":true,"href":"https:\/\/prudentwater.com\/en\/wp-json\/wp\/v2\/users\/1"}],"replies":[{"embeddable":true,"href":"https:\/\/prudentwater.com\/en\/wp-json\/wp\/v2\/comments?post=2720"}],"version-history":[{"count":0,"href":"https:\/\/prudentwater.com\/en\/wp-json\/wp\/v2\/pages\/2720\/revisions"}],"wp:attachment":[{"href":"https:\/\/prudentwater.com\/en\/wp-json\/wp\/v2\/media?parent=2720"}],"curies":[{"name":"wp","href":"https:\/\/api.w.org\/{rel}","templated":true}]}}