{"id":2730,"date":"2015-02-15T21:07:26","date_gmt":"2015-02-15T21:07:26","guid":{"rendered":"http:\/\/www.kunnskap.de\/?page_id=2730"},"modified":"2021-08-13T19:58:01","modified_gmt":"2021-08-13T17:58:01","slug":"credit-default-swap","status":"publish","type":"page","link":"https:\/\/prudentwater.com\/en\/credit-default-swap\/","title":{"rendered":"Credit Default Swap"},"content":{"rendered":"<p>Auch <strong>CDS<\/strong> oder <strong>Kreditausfallversicherung<\/strong><\/p>\n<p>Ein Credit Default Swap ist ein Kreditderivat und wird in erster Linie als Kreditversicherung genutzt, mit der sich der Gl\u00e4ubiger gegen eine m\u00f6gliche Zahlungsunf\u00e4higkeit des Schuldners versichern kann. Genauer handelt es sich um einen Kontrakt, mit dem der Besitzer des CDS vom Verk\u00e4ufer des CDS eine Versicherungssumme erh\u00e4lt, falls es beim Emittenten der zugrunde liegenden Anleihe zu einem Krediereignis kommt. Bei einem Kreditereignis handelt es sich um eine Insolvenz, einen Zahlungsausfall, um eine Umschuldung zulasten des Gl\u00e4ubigers oder um eine Zahlungsverweigerung des Schuldners. Um sich gegen solche Kreditereignisse abzusichern, muss der K\u00e4ufer (Sicherungsnehmer) des CDS j\u00e4hrlich eine Pr\u00e4mie in Basispunkten &#8211; berechnet auf den Nominalwert des abzusichernden Kredites &#8211; an den Verk\u00e4ufer  des CDS (Sicherungsgeber) zahlen. Tritt der Zahlungsausfall ein, enden die Pr\u00e4mienzahlungen. Tritt w\u00e4hrend der Laufzeit des Credit Default Swaps kein Kreditereignis ein, kann der Sicherungsgeber die Pr\u00e4mien behalten und als Gewinn einstreichen.<br \/>\n<div class=\"perfect-pullquote vcard pullquote-align-full pullquote-border-placement-left\" style=\"border-color:#9cd3db !important;font-size:21px !important;\"><blockquote><p style=\"font-size:21px !important;\">Wird bspw. aktuell ein CDS auf italienische Staatsanleihen zu 357 Basispunkten gehandelt, so muss der K\u00e4ufer des CDS j\u00e4hrlich f\u00fcr die Dauer der Anleihenlaufzeit 357 000 Euro an den Verk\u00e4ufer des CDS bezahlen, um eine Summe in H\u00f6he von 10 Millionen Euro auf italienische Staatsanleihen abzusichern.<\/p><\/blockquote><\/div><\/p>\n<h5>Beispiel des Credit Default Swaps<\/h5>\n<p>Bank A (Sicherungsnehmer) besitzt italienische Staatsanleihen \u00fcber 10 Millionen Euro. Die Bank m\u00f6chte sich jedoch gegen ein m\u00f6glicherweise aufkommendes Kreditereignis absichern. Dazu kauft sie von Bank B (Sicherungsgeber) ein Kreditderivat in Form eines Credit Default Swap mit einer Laufzeit entsprechend der Laufzeit der Anleihen. Bank A bezahlt nun Bank B eine j\u00e4hrliche Pr\u00e4mie in H\u00f6he von 357 000 Euro, ist damit jedoch gegen ein in den Kreditderivatebedienungen festgelegtes Kreditereignis abgesichert. Falls nun Italien seine Anleihen tats\u00e4chlich nicht zur\u00fcckzahlt, so muss Bank B der Bank A einen Betrag in H\u00f6he von 10 Millionen Euro erstatten. Kommt es jedoch w\u00e4hrend der gesamten Laufzeit zu keinem Kreditereignis, so kann Bank B die j\u00e4hrliche Pr\u00e4mie als Gewinn einstreichen.<\/p>\n<hr>\n<h5>Wenn tats\u00e4chlich ein Kreditereignis eintritt<\/h5>\n<p>Kommt es tats\u00e4chlich zu einem negativen Kreditereignis, gibt es zwei verschiedene M\u00f6glichkeiten, wie der Sicherungsgeber seine Schuld beim Sicherungsnehmer begleichen kann:<\/p>\n<h6>Barausgleich<\/h6>\n<p>Bei einem Barausgleich muss der Sicherungsgeber dem Sicherungsnehmer die Differenz zwischen Nominalwert der Anleihe (i.d.R. 100 %) und dem aktuellen Restwert (Recovery Rate) der Anleihe ausgleichen. Vorher wird der aktuelle Wert der Anleihe in einer Auktion festgelegt. Die Feststellung des Restwertes erfolgt in der Regel ca. sechs Wochen nach dem Kreditereignis.<\/p>\n<h6>Physische Lieferung<\/h6>\n<p>Bei der physischen Lieferung \u00fcbergibt der Sicherungsnehmer dem Sicherungsgeber die entsprechende Anleihe und erh\u00e4lt im Gegenzug den vollen Nominalwert (100 %) der Anleihe vom Sicherungsgeber ausbezahlt. Der Sicherungsgeber kann dann versuchen, die Anleihe am Markt zum aktuellen Preis weiterzuverkaufen.<\/p>\n<h5>Der Handel von Credit Default Swaps<\/h5>\n<p>Der Emittent der Anleihe und der Verk\u00e4ufer des CDS sind hierbei jedoch zwei verschiedene Personen. Als Verk\u00e4ufer von Credit Default Swaps treten oftmals Banken und institutionelle Spekulanten auf. Falls es jedoch zu keinem Zahlungsausfall kommt, muss der Verk\u00e4ufer des CDS die erhaltene Pr\u00e4mie nicht zur\u00fcckzahlen. Diese kann er dann als Gewinn einstreichen. Anhand der H\u00f6he der Pr\u00e4mie, auch Credit Default Swap-Spread genannt, l\u00e4sst sich absch\u00e4tzen bzw. ableiten, wie hoch der Markt das Ausfallrisiko beim Emittenten aktuell einsch\u00e4tzt.<br \/>\n<div class=\"perfect-pullquote vcard pullquote-align-full pullquote-border-placement-left\" style=\"border-color:#9cd3db !important;font-size:20px !important;\"><blockquote><p style=\"font-size:20px !important;\">CDS-Preise dienen als Stellvertreter f\u00fcr die aktuelle Einsch\u00e4tzung des Marktes hinsichtlich der Kreditw\u00fcrdigkeit eines Unternehmens \/ Landes.<\/p><\/blockquote><\/div><\/p>\n<p>Je h\u00f6her die Pr\u00e4mie, die f\u00fcr ein Credit Default Swap gezahlt werden muss, desto h\u00f6her sch\u00e4tzt der Markt das Ausfallrisiko des Emittenten ein. Der Kurs des CDS steigt also mit der Verschlechterung der Bonit\u00e4t des Emittenten. Umgekehrt gilt, je geringer die Pr\u00e4mie, desto besser ist die Bonit\u00e4t des Emittenten. Credit Default Swaps werden ausschlie\u00dflich au\u00dferb\u00f6rslich gehandelt. Damit gelten sie als sehr intransparent und f\u00fcr Kleinanleger ohnehin nicht geeignet, da sie auch teilweise sehr komplex und strukturiert sind.<\/p>\n","protected":false},"excerpt":{"rendered":"<p>Auch CDS oder Kreditausfallversicherung Ein Credit Default Swap ist ein Kreditderivat und wird in erster Linie als Kreditversicherung genutzt, mit der sich der Gl\u00e4ubiger gegen eine m\u00f6gliche Zahlungsunf\u00e4higkeit des Schuldners versichern kann. Genauer handelt es sich um einen Kontrakt, mit dem der Besitzer des CDS vom Verk\u00e4ufer des CDS eine Versicherungssumme erh\u00e4lt, falls es beim [&hellip;]<\/p>\n","protected":false},"author":1,"featured_media":0,"parent":0,"menu_order":0,"comment_status":"closed","ping_status":"closed","template":"","meta":{"site-sidebar-layout":"default","site-content-layout":"default","ast-site-content-layout":"","site-content-style":"default","site-sidebar-style":"default","ast-global-header-display":"","ast-banner-title-visibility":"","ast-main-header-display":"","ast-hfb-above-header-display":"","ast-hfb-below-header-display":"","ast-hfb-mobile-header-display":"","site-post-title":"","ast-breadcrumbs-content":"","ast-featured-img":"","footer-sml-layout":"","theme-transparent-header-meta":"default","adv-header-id-meta":"","stick-header-meta":"","header-above-stick-meta":"","header-main-stick-meta":"","header-below-stick-meta":"","astra-migrate-meta-layouts":"default","ast-page-background-enabled":"default","ast-page-background-meta":{"desktop":{"background-color":"","background-image":"","background-repeat":"repeat","background-position":"center center","background-size":"auto","background-attachment":"scroll","background-type":"","background-media":"","overlay-type":"","overlay-color":"","overlay-opacity":"","overlay-gradient":""},"tablet":{"background-color":"","background-image":"","background-repeat":"repeat","background-position":"center center","background-size":"auto","background-attachment":"scroll","background-type":"","background-media":"","overlay-type":"","overlay-color":"","overlay-opacity":"","overlay-gradient":""},"mobile":{"background-color":"","background-image":"","background-repeat":"repeat","background-position":"center center","background-size":"auto","background-attachment":"scroll","background-type":"","background-media":"","overlay-type":"","overlay-color":"","overlay-opacity":"","overlay-gradient":""}},"ast-content-background-meta":{"desktop":{"background-color":"var(--ast-global-color-5)","background-image":"","background-repeat":"repeat","background-position":"center center","background-size":"auto","background-attachment":"scroll","background-type":"","background-media":"","overlay-type":"","overlay-color":"","overlay-opacity":"","overlay-gradient":""},"tablet":{"background-color":"var(--ast-global-color-5)","background-image":"","background-repeat":"repeat","background-position":"center center","background-size":"auto","background-attachment":"scroll","background-type":"","background-media":"","overlay-type":"","overlay-color":"","overlay-opacity":"","overlay-gradient":""},"mobile":{"background-color":"var(--ast-global-color-5)","background-image":"","background-repeat":"repeat","background-position":"center center","background-size":"auto","background-attachment":"scroll","background-type":"","background-media":"","overlay-type":"","overlay-color":"","overlay-opacity":"","overlay-gradient":""}},"footnotes":""},"class_list":["post-2730","page","type-page","status-publish","hentry"],"translation":{"provider":"WPGlobus","version":"3.0.2","language":"en","enabled_languages":["de","en"],"languages":{"de":{"title":true,"content":true,"excerpt":false},"en":{"title":false,"content":false,"excerpt":false}}},"featured_image_urls_v2":{"full":"","thumbnail":"","medium":"","medium_large":"","large":"","1536x1536":"","2048x2048":""},"post_excerpt_stackable_v2":"<p>Auch CDS oder Kreditausfallversicherung Ein Credit Default Swap ist ein Kreditderivat und wird in erster Linie als Kreditversicherung genutzt, mit der sich der Gl\u00e4ubiger gegen eine m\u00f6gliche Zahlungsunf\u00e4higkeit des Schuldners versichern kann. Genauer handelt es sich um einen Kontrakt, mit dem der Besitzer des CDS vom Verk\u00e4ufer des CDS eine Versicherungssumme erh\u00e4lt, falls es beim Emittenten der zugrunde liegenden Anleihe zu einem Krediereignis kommt. Bei einem Kreditereignis handelt es sich um eine Insolvenz, einen Zahlungsausfall, um eine Umschuldung zulasten des Gl\u00e4ubigers oder um eine Zahlungsverweigerung des Schuldners. Um sich gegen solche Kreditereignisse abzusichern, muss der K\u00e4ufer (Sicherungsnehmer) des CDS j\u00e4hrlich&hellip;<\/p>\n","category_list_v2":"","author_info_v2":{"name":"PrudentWater","url":"https:\/\/prudentwater.com\/en\/author\/niklas33\/"},"comments_num_v2":"0 comments","_links":{"self":[{"href":"https:\/\/prudentwater.com\/en\/wp-json\/wp\/v2\/pages\/2730","targetHints":{"allow":["GET"]}}],"collection":[{"href":"https:\/\/prudentwater.com\/en\/wp-json\/wp\/v2\/pages"}],"about":[{"href":"https:\/\/prudentwater.com\/en\/wp-json\/wp\/v2\/types\/page"}],"author":[{"embeddable":true,"href":"https:\/\/prudentwater.com\/en\/wp-json\/wp\/v2\/users\/1"}],"replies":[{"embeddable":true,"href":"https:\/\/prudentwater.com\/en\/wp-json\/wp\/v2\/comments?post=2730"}],"version-history":[{"count":0,"href":"https:\/\/prudentwater.com\/en\/wp-json\/wp\/v2\/pages\/2730\/revisions"}],"wp:attachment":[{"href":"https:\/\/prudentwater.com\/en\/wp-json\/wp\/v2\/media?parent=2730"}],"curies":[{"name":"wp","href":"https:\/\/api.w.org\/{rel}","templated":true}]}}