{"id":2736,"date":"2015-02-16T09:25:28","date_gmt":"2015-02-16T09:25:28","guid":{"rendered":"http:\/\/www.kunnskap.de\/?page_id=2736"},"modified":"2021-06-25T12:49:31","modified_gmt":"2021-06-25T10:49:31","slug":"itraxx","status":"publish","type":"page","link":"https:\/\/prudentwater.com\/en\/itraxx\/","title":{"rendered":"iTraxx"},"content":{"rendered":"<p>iTraxx ist die Bezeichnung einer Gruppe von Credit Default Swap Indizes. Es handelt sich um einen Markenname. Die Indizes decken die Regionen Europa und Asien ab und sollen die Entwicklung der Kreditderivate darstellen.<br \/>\niTraxx Indizes messen lediglich die Ver\u00e4nderung und Entwicklung der Credit Default Swaps. Ein Credit Default Swap ist eine Kreditversicherung, mit der sich der Gl\u00e4ubiger gegen eine m\u00f6gliche Zahlungsunf\u00e4higkeit des Schuldners absichern kann. Dadurch, dass nur die Swaps gemessen werden, ber\u00fccksichtigen die Indizes somit nicht die Zins\u00e4nderungsrisiken, welche ebenfalls zu starken Schwankungen bei den Anleihenkursen f\u00fchren k\u00f6nnen. iTraxx Indizes konzentrieren sich somit ganz auf das Kreditrisiko ausstehender Schulden. iTraxx werden in einem Zeitabstand von sechs Monaten neu zusammengestellt. <\/p>\n","protected":false},"excerpt":{"rendered":"<p>iTraxx ist die Bezeichnung einer Gruppe von Credit Default Swap Indizes. Es handelt sich um einen Markenname. Die Indizes decken die Regionen Europa und Asien ab und sollen die Entwicklung der Kreditderivate darstellen. iTraxx Indizes messen lediglich die Ver\u00e4nderung und Entwicklung der Credit Default Swaps. Ein Credit Default Swap ist eine Kreditversicherung, mit der sich [&hellip;]<\/p>\n","protected":false},"author":1,"featured_media":0,"parent":0,"menu_order":0,"comment_status":"closed","ping_status":"closed","template":"","meta":{"site-sidebar-layout":"default","site-content-layout":"","ast-site-content-layout":"","site-content-style":"default","site-sidebar-style":"default","ast-global-header-display":"","ast-banner-title-visibility":"","ast-main-header-display":"","ast-hfb-above-header-display":"","ast-hfb-below-header-display":"","ast-hfb-mobile-header-display":"","site-post-title":"","ast-breadcrumbs-content":"","ast-featured-img":"","footer-sml-layout":"","theme-transparent-header-meta":"","adv-header-id-meta":"","stick-header-meta":"","header-above-stick-meta":"","header-main-stick-meta":"","header-below-stick-meta":"","astra-migrate-meta-layouts":"default","ast-page-background-enabled":"default","ast-page-background-meta":{"desktop":{"background-color":"","background-image":"","background-repeat":"repeat","background-position":"center center","background-size":"auto","background-attachment":"scroll","background-type":"","background-media":"","overlay-type":"","overlay-color":"","overlay-opacity":"","overlay-gradient":""},"tablet":{"background-color":"","background-image":"","background-repeat":"repeat","background-position":"center center","background-size":"auto","background-attachment":"scroll","background-type":"","background-media":"","overlay-type":"","overlay-color":"","overlay-opacity":"","overlay-gradient":""},"mobile":{"background-color":"","background-image":"","background-repeat":"repeat","background-position":"center center","background-size":"auto","background-attachment":"scroll","background-type":"","background-media":"","overlay-type":"","overlay-color":"","overlay-opacity":"","overlay-gradient":""}},"ast-content-background-meta":{"desktop":{"background-color":"var(--ast-global-color-5)","background-image":"","background-repeat":"repeat","background-position":"center center","background-size":"auto","background-attachment":"scroll","background-type":"","background-media":"","overlay-type":"","overlay-color":"","overlay-opacity":"","overlay-gradient":""},"tablet":{"background-color":"var(--ast-global-color-5)","background-image":"","background-repeat":"repeat","background-position":"center center","background-size":"auto","background-attachment":"scroll","background-type":"","background-media":"","overlay-type":"","overlay-color":"","overlay-opacity":"","overlay-gradient":""},"mobile":{"background-color":"var(--ast-global-color-5)","background-image":"","background-repeat":"repeat","background-position":"center center","background-size":"auto","background-attachment":"scroll","background-type":"","background-media":"","overlay-type":"","overlay-color":"","overlay-opacity":"","overlay-gradient":""}},"footnotes":""},"class_list":["post-2736","page","type-page","status-publish","hentry"],"translation":{"provider":"WPGlobus","version":"3.0.2","language":"en","enabled_languages":["de","en"],"languages":{"de":{"title":true,"content":true,"excerpt":false},"en":{"title":false,"content":false,"excerpt":false}}},"featured_image_urls_v2":{"full":"","thumbnail":"","medium":"","medium_large":"","large":"","1536x1536":"","2048x2048":""},"post_excerpt_stackable_v2":"<p>iTraxx ist die Bezeichnung einer Gruppe von Credit Default Swap Indizes. Es handelt sich um einen Markenname. Die Indizes decken die Regionen Europa und Asien ab und sollen die Entwicklung der Kreditderivate darstellen. iTraxx Indizes messen lediglich die Ver\u00e4nderung und Entwicklung der Credit Default Swaps. Ein Credit Default Swap ist eine Kreditversicherung, mit der sich der Gl\u00e4ubiger gegen eine m\u00f6gliche Zahlungsunf\u00e4higkeit des Schuldners absichern kann. Dadurch, dass nur die Swaps gemessen werden, ber\u00fccksichtigen die Indizes somit nicht die Zins\u00e4nderungsrisiken, welche ebenfalls zu starken Schwankungen bei den Anleihenkursen f\u00fchren k\u00f6nnen. iTraxx Indizes konzentrieren sich somit ganz auf das Kreditrisiko ausstehender Schulden.&hellip;<\/p>\n","category_list_v2":"","author_info_v2":{"name":"PrudentWater","url":"https:\/\/prudentwater.com\/en\/author\/niklas33\/"},"comments_num_v2":"0 comments","_links":{"self":[{"href":"https:\/\/prudentwater.com\/en\/wp-json\/wp\/v2\/pages\/2736","targetHints":{"allow":["GET"]}}],"collection":[{"href":"https:\/\/prudentwater.com\/en\/wp-json\/wp\/v2\/pages"}],"about":[{"href":"https:\/\/prudentwater.com\/en\/wp-json\/wp\/v2\/types\/page"}],"author":[{"embeddable":true,"href":"https:\/\/prudentwater.com\/en\/wp-json\/wp\/v2\/users\/1"}],"replies":[{"embeddable":true,"href":"https:\/\/prudentwater.com\/en\/wp-json\/wp\/v2\/comments?post=2736"}],"version-history":[{"count":0,"href":"https:\/\/prudentwater.com\/en\/wp-json\/wp\/v2\/pages\/2736\/revisions"}],"wp:attachment":[{"href":"https:\/\/prudentwater.com\/en\/wp-json\/wp\/v2\/media?parent=2736"}],"curies":[{"name":"wp","href":"https:\/\/api.w.org\/{rel}","templated":true}]}}