{"id":2754,"date":"2015-02-16T22:15:48","date_gmt":"2015-02-16T22:15:48","guid":{"rendered":"http:\/\/www.kunnskap.de\/?page_id=2754"},"modified":"2021-06-25T12:48:21","modified_gmt":"2021-06-25T10:48:21","slug":"bilanz","status":"publish","type":"page","link":"https:\/\/prudentwater.com\/en\/bilanz\/","title":{"rendered":"Bilanz"},"content":{"rendered":"<p>engl. <strong>Balance Sheet<\/strong><\/p>\n<p>Die Bilanz ist die Gegen\u00fcberstellung von Verm\u00f6gen (Aktiva) und Schulden (Passiva) eines Unternehmens zum Schluss eines jeden Gesch\u00e4ftsjahres \/ Halbjahres. Die Bilanz zeigt auf, woher das Kapital des Unternehmens stammt (Passiva) und gibt detailliert wieder, wozu dieses Kapital genau verwendet wurde (Aktiva). Die Bilanzsumme der Aktiva entspricht dabei unter dem Strich jedoch immer die Summe der Passiva. Die Bilanz ist der Hauptbestandteil eines Jahresabschlusses und unterliegt aufgrund von Gesetzes\u00e4nderungen und Internationalisierung einer fortlaufenden Ver\u00e4nderung und Weiterentwicklung. Die ver\u00f6ffentlichte Bilanz ist gleichzeitig aber auch immer nur eine Momentaufnahme zum Bilanzstichtag und ver\u00e4ndert sich quasi t\u00e4glich dadurch, dass das Unternehmen seinen Gesch\u00e4ften nachgeht.<\/p>\n","protected":false},"excerpt":{"rendered":"<p>engl. Balance Sheet Die Bilanz ist die Gegen\u00fcberstellung von Verm\u00f6gen (Aktiva) und Schulden (Passiva) eines Unternehmens zum Schluss eines jeden Gesch\u00e4ftsjahres \/ Halbjahres. Die Bilanz zeigt auf, woher das Kapital des Unternehmens stammt (Passiva) und gibt detailliert wieder, wozu dieses Kapital genau verwendet wurde (Aktiva). Die Bilanzsumme der Aktiva entspricht dabei unter dem Strich jedoch [&hellip;]<\/p>\n","protected":false},"author":1,"featured_media":0,"parent":0,"menu_order":0,"comment_status":"closed","ping_status":"closed","template":"","meta":{"site-sidebar-layout":"default","site-content-layout":"","ast-site-content-layout":"","site-content-style":"default","site-sidebar-style":"default","ast-global-header-display":"","ast-banner-title-visibility":"","ast-main-header-display":"","ast-hfb-above-header-display":"","ast-hfb-below-header-display":"","ast-hfb-mobile-header-display":"","site-post-title":"","ast-breadcrumbs-content":"","ast-featured-img":"","footer-sml-layout":"","theme-transparent-header-meta":"","adv-header-id-meta":"","stick-header-meta":"","header-above-stick-meta":"","header-main-stick-meta":"","header-below-stick-meta":"","astra-migrate-meta-layouts":"default","ast-page-background-enabled":"default","ast-page-background-meta":{"desktop":{"background-color":"","background-image":"","background-repeat":"repeat","background-position":"center center","background-size":"auto","background-attachment":"scroll","background-type":"","background-media":"","overlay-type":"","overlay-color":"","overlay-opacity":"","overlay-gradient":""},"tablet":{"background-color":"","background-image":"","background-repeat":"repeat","background-position":"center center","background-size":"auto","background-attachment":"scroll","background-type":"","background-media":"","overlay-type":"","overlay-color":"","overlay-opacity":"","overlay-gradient":""},"mobile":{"background-color":"","background-image":"","background-repeat":"repeat","background-position":"center center","background-size":"auto","background-attachment":"scroll","background-type":"","background-media":"","overlay-type":"","overlay-color":"","overlay-opacity":"","overlay-gradient":""}},"ast-content-background-meta":{"desktop":{"background-color":"var(--ast-global-color-5)","background-image":"","background-repeat":"repeat","background-position":"center center","background-size":"auto","background-attachment":"scroll","background-type":"","background-media":"","overlay-type":"","overlay-color":"","overlay-opacity":"","overlay-gradient":""},"tablet":{"background-color":"var(--ast-global-color-5)","background-image":"","background-repeat":"repeat","background-position":"center center","background-size":"auto","background-attachment":"scroll","background-type":"","background-media":"","overlay-type":"","overlay-color":"","overlay-opacity":"","overlay-gradient":""},"mobile":{"background-color":"var(--ast-global-color-5)","background-image":"","background-repeat":"repeat","background-position":"center center","background-size":"auto","background-attachment":"scroll","background-type":"","background-media":"","overlay-type":"","overlay-color":"","overlay-opacity":"","overlay-gradient":""}},"footnotes":""},"class_list":["post-2754","page","type-page","status-publish","hentry"],"translation":{"provider":"WPGlobus","version":"3.0.2","language":"en","enabled_languages":["de","en"],"languages":{"de":{"title":true,"content":true,"excerpt":false},"en":{"title":false,"content":false,"excerpt":false}}},"featured_image_urls_v2":{"full":"","thumbnail":"","medium":"","medium_large":"","large":"","1536x1536":"","2048x2048":""},"post_excerpt_stackable_v2":"<p>engl. Balance Sheet Die Bilanz ist die Gegen\u00fcberstellung von Verm\u00f6gen (Aktiva) und Schulden (Passiva) eines Unternehmens zum Schluss eines jeden Gesch\u00e4ftsjahres \/ Halbjahres. Die Bilanz zeigt auf, woher das Kapital des Unternehmens stammt (Passiva) und gibt detailliert wieder, wozu dieses Kapital genau verwendet wurde (Aktiva). Die Bilanzsumme der Aktiva entspricht dabei unter dem Strich jedoch immer die Summe der Passiva. Die Bilanz ist der Hauptbestandteil eines Jahresabschlusses und unterliegt aufgrund von Gesetzes\u00e4nderungen und Internationalisierung einer fortlaufenden Ver\u00e4nderung und Weiterentwicklung. Die ver\u00f6ffentlichte Bilanz ist gleichzeitig aber auch immer nur eine Momentaufnahme zum Bilanzstichtag und ver\u00e4ndert sich quasi t\u00e4glich dadurch, dass das&hellip;<\/p>\n","category_list_v2":"","author_info_v2":{"name":"PrudentWater","url":"https:\/\/prudentwater.com\/en\/author\/niklas33\/"},"comments_num_v2":"0 comments","_links":{"self":[{"href":"https:\/\/prudentwater.com\/en\/wp-json\/wp\/v2\/pages\/2754","targetHints":{"allow":["GET"]}}],"collection":[{"href":"https:\/\/prudentwater.com\/en\/wp-json\/wp\/v2\/pages"}],"about":[{"href":"https:\/\/prudentwater.com\/en\/wp-json\/wp\/v2\/types\/page"}],"author":[{"embeddable":true,"href":"https:\/\/prudentwater.com\/en\/wp-json\/wp\/v2\/users\/1"}],"replies":[{"embeddable":true,"href":"https:\/\/prudentwater.com\/en\/wp-json\/wp\/v2\/comments?post=2754"}],"version-history":[{"count":0,"href":"https:\/\/prudentwater.com\/en\/wp-json\/wp\/v2\/pages\/2754\/revisions"}],"wp:attachment":[{"href":"https:\/\/prudentwater.com\/en\/wp-json\/wp\/v2\/media?parent=2754"}],"curies":[{"name":"wp","href":"https:\/\/api.w.org\/{rel}","templated":true}]}}