{"id":2756,"date":"2015-02-16T22:32:38","date_gmt":"2015-02-16T22:32:38","guid":{"rendered":"http:\/\/www.kunnskap.de\/?page_id=2756"},"modified":"2021-06-25T12:48:17","modified_gmt":"2021-06-25T10:48:17","slug":"aktiendividende","status":"publish","type":"page","link":"https:\/\/prudentwater.com\/en\/aktiendividende\/","title":{"rendered":"Aktiendividende"},"content":{"rendered":"<p>engl. <strong>Stock Dividend<\/strong> oder <strong>Scrip Dividend<\/strong><\/p>\n<p>Bei der Aktiendividende findet die Dividendenzahlung nicht in Form von Bargeld statt, sondern es werden neue Aktien als Dividende an den Aktion\u00e4r ausgegeben. Die Aktion\u00e4re, die sich f\u00fcr die Aktiendividende entschieden haben, erhalten zu einem bestimmten Verh\u00e4ltnis neue Aktien f\u00fcr ihre bereits im Depot befindlichen Aktien. Dieses Verh\u00e4ltnis h\u00e4ngt von der H\u00f6he der Dividendenrendite ab. Wenn das Unternehmen eine Aktiendividende anbietet, kann sich der Aktion\u00e4r in der Regel selbst entscheiden, ob er eine Bardividende oder aber eben die Aktiendividende erhalten m\u00f6chte. Gibt ein Unternehmen Aktien als Dividendenzahlung aus, entscheidet sich der Aktion\u00e4r jedoch f\u00fcr die Bardividende, so f\u00fchrt dies aus der Sicht des Aktion\u00e4rs dann zu einem Verw\u00e4sserungseffekt seines Aktienbestandes, da anschlie\u00dfend schlicht mehr Aktien des Unternehmens im Umlauf sind<\/p>\n<h4>Vor- und Nachteile der Aktiendividende<\/h4>\n<p>F\u00fcr das Unternehmen handelt es sich bei der Aktiendividende jedoch zun\u00e4chst um eine lukrative Option, da es im Grunde genommen eine Kapitalerh\u00f6hung ohne Zuf\u00fchrung neuer Mittel darstellt. Die erzielten Gewinne des vergangenen Gesch\u00e4ftsjahres m\u00fcssen nicht an die Aktion\u00e4re ausgesch\u00fcttet werden, sondern k\u00f6nnen im Unternehmen verbleiben. Gleichzeitig wurde jedoch der Dividendenpflicht durch Ausgabe von neuen Aktien nachgekommen. F\u00fcr den Aktion\u00e4r kann die Aktiendividende auch langfristig lukrativ sein, da es sich dabei quasi um einen vergleichbaren Zinseszinseffekt handelt. Der Nachteil der Aktiendividende liegt jedoch darin, dass dem Aktion\u00e4r die neuen Aktien immer zu m\u00f6glicherweise ung\u00fcnstigen, sprich hohen Kursen ins Depot eingebucht werden. Zumindest hat er keinen Einfluss auf den Kaufkurs der neuen Aktien. W\u00fcrde er sich j\u00e4hrlich f\u00fcr die Bardividende entscheiden und mit den gesamten Dividendeneinnahmen Aktien des Unternehmens immer dann nachkaufen, wenn diese aus seiner Sicht im Kurs (zu) stark gefallen sind, so w\u00fcrde er g\u00fcnstigere Einstandskurse erhalten. Au\u00dferdem f\u00fchrt eine dauerhafte Aktiendividende zu einer Kapitalverw\u00e4sserung, da das Unternehmen mehr und mehr Aktien ausgibt und sich dadurch der Wert des Unternehmens langfristig auf immer mehr Anteilsscheine verteilt.<\/p>\n","protected":false},"excerpt":{"rendered":"<p>engl. Stock Dividend oder Scrip Dividend Bei der Aktiendividende findet die Dividendenzahlung nicht in Form von Bargeld statt, sondern es werden neue Aktien als Dividende an den Aktion\u00e4r ausgegeben. Die Aktion\u00e4re, die sich f\u00fcr die Aktiendividende entschieden haben, erhalten zu einem bestimmten Verh\u00e4ltnis neue Aktien f\u00fcr ihre bereits im Depot befindlichen Aktien. Dieses Verh\u00e4ltnis h\u00e4ngt [&hellip;]<\/p>\n","protected":false},"author":1,"featured_media":0,"parent":0,"menu_order":0,"comment_status":"closed","ping_status":"closed","template":"","meta":{"site-sidebar-layout":"default","site-content-layout":"","ast-site-content-layout":"","site-content-style":"default","site-sidebar-style":"default","ast-global-header-display":"","ast-banner-title-visibility":"","ast-main-header-display":"","ast-hfb-above-header-display":"","ast-hfb-below-header-display":"","ast-hfb-mobile-header-display":"","site-post-title":"","ast-breadcrumbs-content":"","ast-featured-img":"","footer-sml-layout":"","theme-transparent-header-meta":"","adv-header-id-meta":"","stick-header-meta":"","header-above-stick-meta":"","header-main-stick-meta":"","header-below-stick-meta":"","astra-migrate-meta-layouts":"default","ast-page-background-enabled":"default","ast-page-background-meta":{"desktop":{"background-color":"","background-image":"","background-repeat":"repeat","background-position":"center center","background-size":"auto","background-attachment":"scroll","background-type":"","background-media":"","overlay-type":"","overlay-color":"","overlay-opacity":"","overlay-gradient":""},"tablet":{"background-color":"","background-image":"","background-repeat":"repeat","background-position":"center center","background-size":"auto","background-attachment":"scroll","background-type":"","background-media":"","overlay-type":"","overlay-color":"","overlay-opacity":"","overlay-gradient":""},"mobile":{"background-color":"","background-image":"","background-repeat":"repeat","background-position":"center center","background-size":"auto","background-attachment":"scroll","background-type":"","background-media":"","overlay-type":"","overlay-color":"","overlay-opacity":"","overlay-gradient":""}},"ast-content-background-meta":{"desktop":{"background-color":"var(--ast-global-color-5)","background-image":"","background-repeat":"repeat","background-position":"center center","background-size":"auto","background-attachment":"scroll","background-type":"","background-media":"","overlay-type":"","overlay-color":"","overlay-opacity":"","overlay-gradient":""},"tablet":{"background-color":"var(--ast-global-color-5)","background-image":"","background-repeat":"repeat","background-position":"center center","background-size":"auto","background-attachment":"scroll","background-type":"","background-media":"","overlay-type":"","overlay-color":"","overlay-opacity":"","overlay-gradient":""},"mobile":{"background-color":"var(--ast-global-color-5)","background-image":"","background-repeat":"repeat","background-position":"center center","background-size":"auto","background-attachment":"scroll","background-type":"","background-media":"","overlay-type":"","overlay-color":"","overlay-opacity":"","overlay-gradient":""}},"footnotes":""},"class_list":["post-2756","page","type-page","status-publish","hentry"],"translation":{"provider":"WPGlobus","version":"3.0.2","language":"en","enabled_languages":["de","en"],"languages":{"de":{"title":true,"content":true,"excerpt":false},"en":{"title":false,"content":false,"excerpt":false}}},"featured_image_urls_v2":{"full":"","thumbnail":"","medium":"","medium_large":"","large":"","1536x1536":"","2048x2048":""},"post_excerpt_stackable_v2":"<p>engl. Stock Dividend oder Scrip Dividend Bei der Aktiendividende findet die Dividendenzahlung nicht in Form von Bargeld statt, sondern es werden neue Aktien als Dividende an den Aktion\u00e4r ausgegeben. Die Aktion\u00e4re, die sich f\u00fcr die Aktiendividende entschieden haben, erhalten zu einem bestimmten Verh\u00e4ltnis neue Aktien f\u00fcr ihre bereits im Depot befindlichen Aktien. Dieses Verh\u00e4ltnis h\u00e4ngt von der H\u00f6he der Dividendenrendite ab. Wenn das Unternehmen eine Aktiendividende anbietet, kann sich der Aktion\u00e4r in der Regel selbst entscheiden, ob er eine Bardividende oder aber eben die Aktiendividende erhalten m\u00f6chte. Gibt ein Unternehmen Aktien als Dividendenzahlung aus, entscheidet sich der Aktion\u00e4r jedoch f\u00fcr&hellip;<\/p>\n","category_list_v2":"","author_info_v2":{"name":"PrudentWater","url":"https:\/\/prudentwater.com\/en\/author\/niklas33\/"},"comments_num_v2":"0 comments","_links":{"self":[{"href":"https:\/\/prudentwater.com\/en\/wp-json\/wp\/v2\/pages\/2756","targetHints":{"allow":["GET"]}}],"collection":[{"href":"https:\/\/prudentwater.com\/en\/wp-json\/wp\/v2\/pages"}],"about":[{"href":"https:\/\/prudentwater.com\/en\/wp-json\/wp\/v2\/types\/page"}],"author":[{"embeddable":true,"href":"https:\/\/prudentwater.com\/en\/wp-json\/wp\/v2\/users\/1"}],"replies":[{"embeddable":true,"href":"https:\/\/prudentwater.com\/en\/wp-json\/wp\/v2\/comments?post=2756"}],"version-history":[{"count":0,"href":"https:\/\/prudentwater.com\/en\/wp-json\/wp\/v2\/pages\/2756\/revisions"}],"wp:attachment":[{"href":"https:\/\/prudentwater.com\/en\/wp-json\/wp\/v2\/media?parent=2756"}],"curies":[{"name":"wp","href":"https:\/\/api.w.org\/{rel}","templated":true}]}}