{"id":2762,"date":"2015-02-18T09:43:09","date_gmt":"2015-02-18T09:43:09","guid":{"rendered":"http:\/\/www.kunnskap.de\/?page_id=2762"},"modified":"2022-08-13T21:19:02","modified_gmt":"2022-08-13T19:19:02","slug":"verwasserungseffekt","status":"publish","type":"page","link":"https:\/\/prudentwater.com\/en\/verwasserungseffekt\/","title":{"rendered":"Verw\u00e4sserungseffekt"},"content":{"rendered":"<p>engl. <b>Dilutive Effect<\/b><\/p>\n\n\n<div class=\"wp-block-stackable-notification is-style-plain stk-block-notification stk-block stk-b3a7798\" data-block-id=\"b3a7798\"><style>.stk-b3a7798{box-shadow:0px 2px 20px rgba(153,153,153,0.2) !important}.stk-b3a7798-container{border-radius:20px !important;overflow:hidden !important;box-shadow:0px 10px 60px rgba(0,0,0,0.1) !important}.stk-b3a7798 .stk-block-notification__content{padding-top:32px !important;padding-right:32px !important;padding-bottom:32px !important;padding-left:32px !important}<\/style><div class=\"stk-block-notification__content stk-content-align stk-b3a7798-column stk-container stk-b3a7798-container stk--no-background stk--no-padding\"><div class=\"stk-block-content stk-inner-blocks\">\n<div class=\"wp-block-stackable-heading stk-block-heading stk-block stk-40c06f9\" id=\"strong-zentrale-kernaussagen-strong\" data-block-id=\"40c06f9\"><style>.stk-40c06f9{margin-bottom:15px !important}.stk-40c06f9 .stk-block-heading__text{font-size:18px !important;margin:0 !important;color:#da8611 !important;font-weight:400 !important;font-family:\"Open Sans\",Sans-serif !important;letter-spacing:1px !important}@media screen and (max-width:1023px){.stk-40c06f9 .stk-block-heading__text{font-size:18px !important}}<\/style><h2 class=\"stk-block-heading__text has-text-color\"><b>ZENTRALE KERNAUSSAGEN<\/b><\/h2><\/div>\n\n\n\n<ul class=\"has-ast-global-color-8-color has-text-color wp-block-list\" style=\"font-size:16px;font-style:normal;font-weight:500;line-height:2\"><li>Der Verw\u00e4sserungseffekt beschreibt die Reduzierung des prozentualen Anteils an einer Aktiengesellschaft aufgrund einer Kapitalerh\u00f6hung und somit Neuemission von Aktien. <\/li><li>Macht der Altaktion\u00e4r jedoch von seinem Bezugsrecht Gebrauch, so erleidet er keinen Verw\u00e4sserungseffekt. <\/li><\/ul>\n<\/div><\/div><\/div>\n\n\n<p>Der Verw\u00e4sserungseffekt tritt dann ein, wenn sich der prozentuale Anteil des Aktion\u00e4rs am Unternehmen verringert. Dies geschieht in der Regel durch eine Kapitalerh\u00f6hung. Nach der Kapitalerh\u00f6hung befinden sich n\u00e4mlich mehr Aktien im Umlauf als zuvor, wodurch zuk\u00fcnftig auch der Gewinn des Unternehmens auf mehrere Aktien verteilt werden muss. Bei gleichbleibendem Gewinn des Unternehmens sinkt durch die Kapitalerh\u00f6hung der Gewinn je Aktie und damit auch die Dividende je Aktie. Da aber auch jede einzelne Aktie nach der Kapitalerh\u00f6hung prozentual einen geringen Anteil am Unternehmen verbrieft, verw\u00e4ssert sich ebenso der Anteil des Aktion\u00e4rs am Unternehmen. Der Verw\u00e4sserungseffekt tritt f\u00fcr den Aktion\u00e4r aber nur dann ein, wenn er nicht von seinem Bezugsrecht Gebrauch macht und die bei der Kapitalerh\u00f6hung neu ausgegebenen Aktien im Verh\u00e4ltnis zu seinem aktuellen Aktienbestand nicht hinzukauft. In meisten F\u00e4llen einer Kapitalerh\u00f6hung &#8211; jedoch nicht immer &#8211; bekommen alle Altaktion\u00e4re das Recht an der Kapitalerh\u00f6hung zu partizipieren. Dazu werden ihm vorab Bezugsrechte ins Depot eingebucht. Diese kann er entweder aus\u00fcben, wodurch er keine Kapitalverw\u00e4sserung erleidet, oder aber er verkauft die Bezugsrechte \u00fcber die B\u00f6rse weiter.<\/p>\n<h3>Gr\u00fcnde des Verw\u00e4sserungseffektes<\/h3>\n<p>In Bezug auf den Verw\u00e4sserungseffekt gilt, dass je h\u00f6her der Aktienkurs zu dem Zeitpunkt notiert, desto geringer der Effekt der Verw\u00e4sserung, denn je niedriger der Aktienkurs, desto mehr neue Aktien muss die Aktiengesellschaft ausgeben, um den gew\u00fcnschten Erl\u00f6s zu erzielen. Dar\u00fcber hinaus kann der Verw\u00e4sserungseffekt aber auch durch die Aus\u00fcbung von Aktienoptionen oder Wandelanleihen eintreten, dies hat dann jedoch einen geringeren Verw\u00e4sserungseffekt. Ein weiterer und oftmals untersch\u00e4tzter Grund der Kapitalverw\u00e4sserung ist die Aktiendividende. Dabei gibt die Aktiengesellschaft anstatt der Dividende neue Aktien im Verh\u00e4ltnis zum urspr\u00fcnglichen Dividendenbetrag aus. Entscheidet sich der Aktion\u00e4r gegen die Aktiendividende, so verw\u00e4ssert sich sein Anteil am Unternehmen jedes Jahr mehr aufgrund der Ausgabe von neuen Aktien als Form der Dividendenaussch\u00fcttung.<\/p>","protected":false},"excerpt":{"rendered":"<p>engl. Dilutive Effect ZENTRALE KERNAUSSAGEN Der Verw\u00e4sserungseffekt beschreibt die Reduzierung des prozentualen Anteils an einer Aktiengesellschaft aufgrund einer Kapitalerh\u00f6hung und somit Neuemission von Aktien. Macht der Altaktion\u00e4r jedoch von seinem Bezugsrecht Gebrauch, so erleidet er keinen Verw\u00e4sserungseffekt. Der Verw\u00e4sserungseffekt tritt dann ein, wenn sich der prozentuale Anteil des Aktion\u00e4rs am Unternehmen verringert. Dies geschieht in [&hellip;]<\/p>\n","protected":false},"author":1,"featured_media":0,"parent":0,"menu_order":0,"comment_status":"closed","ping_status":"closed","template":"","meta":{"site-sidebar-layout":"default","site-content-layout":"","ast-site-content-layout":"","site-content-style":"default","site-sidebar-style":"default","ast-global-header-display":"","ast-banner-title-visibility":"","ast-main-header-display":"","ast-hfb-above-header-display":"","ast-hfb-below-header-display":"","ast-hfb-mobile-header-display":"","site-post-title":"","ast-breadcrumbs-content":"","ast-featured-img":"","footer-sml-layout":"","theme-transparent-header-meta":"","adv-header-id-meta":"","stick-header-meta":"","header-above-stick-meta":"","header-main-stick-meta":"","header-below-stick-meta":"","astra-migrate-meta-layouts":"default","ast-page-background-enabled":"default","ast-page-background-meta":{"desktop":{"background-color":"","background-image":"","background-repeat":"repeat","background-position":"center center","background-size":"auto","background-attachment":"scroll","background-type":"","background-media":"","overlay-type":"","overlay-color":"","overlay-opacity":"","overlay-gradient":""},"tablet":{"background-color":"","background-image":"","background-repeat":"repeat","background-position":"center center","background-size":"auto","background-attachment":"scroll","background-type":"","background-media":"","overlay-type":"","overlay-color":"","overlay-opacity":"","overlay-gradient":""},"mobile":{"background-color":"","background-image":"","background-repeat":"repeat","background-position":"center center","background-size":"auto","background-attachment":"scroll","background-type":"","background-media":"","overlay-type":"","overlay-color":"","overlay-opacity":"","overlay-gradient":""}},"ast-content-background-meta":{"desktop":{"background-color":"var(--ast-global-color-5)","background-image":"","background-repeat":"repeat","background-position":"center center","background-size":"auto","background-attachment":"scroll","background-type":"","background-media":"","overlay-type":"","overlay-color":"","overlay-opacity":"","overlay-gradient":""},"tablet":{"background-color":"var(--ast-global-color-5)","background-image":"","background-repeat":"repeat","background-position":"center center","background-size":"auto","background-attachment":"scroll","background-type":"","background-media":"","overlay-type":"","overlay-color":"","overlay-opacity":"","overlay-gradient":""},"mobile":{"background-color":"var(--ast-global-color-5)","background-image":"","background-repeat":"repeat","background-position":"center center","background-size":"auto","background-attachment":"scroll","background-type":"","background-media":"","overlay-type":"","overlay-color":"","overlay-opacity":"","overlay-gradient":""}},"footnotes":""},"class_list":["post-2762","page","type-page","status-publish","hentry"],"translation":{"provider":"WPGlobus","version":"3.0.2","language":"en","enabled_languages":["de","en"],"languages":{"de":{"title":true,"content":true,"excerpt":false},"en":{"title":false,"content":false,"excerpt":false}}},"featured_image_urls_v2":{"full":"","thumbnail":"","medium":"","medium_large":"","large":"","1536x1536":"","2048x2048":""},"post_excerpt_stackable_v2":"<p>engl. Dilutive Effect ZENTRALE KERNAUSSAGEN Der Verw\u00e4sserungseffekt beschreibt die Reduzierung des prozentualen Anteils an einer Aktiengesellschaft aufgrund einer Kapitalerh\u00f6hung und somit Neuemission von Aktien. Macht der Altaktion\u00e4r jedoch von seinem Bezugsrecht Gebrauch, so erleidet er keinen Verw\u00e4sserungseffekt. Der Verw\u00e4sserungseffekt tritt dann ein, wenn sich der prozentuale Anteil des Aktion\u00e4rs am Unternehmen verringert. Dies geschieht in der Regel durch eine Kapitalerh\u00f6hung. Nach der Kapitalerh\u00f6hung befinden sich n\u00e4mlich mehr Aktien im Umlauf als zuvor, wodurch zuk\u00fcnftig auch der Gewinn des Unternehmens auf mehrere Aktien verteilt werden muss. Bei gleichbleibendem Gewinn des Unternehmens sinkt durch die Kapitalerh\u00f6hung der Gewinn je Aktie und damit&hellip;<\/p>\n","category_list_v2":"","author_info_v2":{"name":"PrudentWater","url":"https:\/\/prudentwater.com\/en\/author\/niklas33\/"},"comments_num_v2":"0 comments","_links":{"self":[{"href":"https:\/\/prudentwater.com\/en\/wp-json\/wp\/v2\/pages\/2762","targetHints":{"allow":["GET"]}}],"collection":[{"href":"https:\/\/prudentwater.com\/en\/wp-json\/wp\/v2\/pages"}],"about":[{"href":"https:\/\/prudentwater.com\/en\/wp-json\/wp\/v2\/types\/page"}],"author":[{"embeddable":true,"href":"https:\/\/prudentwater.com\/en\/wp-json\/wp\/v2\/users\/1"}],"replies":[{"embeddable":true,"href":"https:\/\/prudentwater.com\/en\/wp-json\/wp\/v2\/comments?post=2762"}],"version-history":[{"count":0,"href":"https:\/\/prudentwater.com\/en\/wp-json\/wp\/v2\/pages\/2762\/revisions"}],"wp:attachment":[{"href":"https:\/\/prudentwater.com\/en\/wp-json\/wp\/v2\/media?parent=2762"}],"curies":[{"name":"wp","href":"https:\/\/api.w.org\/{rel}","templated":true}]}}