{"id":2790,"date":"2015-02-19T12:28:22","date_gmt":"2015-02-19T12:28:22","guid":{"rendered":"http:\/\/www.kunnskap.de\/?page_id=2790"},"modified":"2021-08-08T22:03:46","modified_gmt":"2021-08-08T20:03:46","slug":"staatsanleihe","status":"publish","type":"page","link":"https:\/\/prudentwater.com\/en\/staatsanleihe\/","title":{"rendered":"Staatsanleihe"},"content":{"rendered":"<p>Auch <strong>Staatsobligation<\/strong><br \/>\nengl. <strong>Government Bond<\/strong><\/p>\n<p>Eine Staatsanleihe ist ein festverzinsliches Wertpapier, welches von einem Staat ausgegeben wird und entweder auf die heimische W\u00e4hrung oder auf eine Fremdw\u00e4hrung lautet. Staatsanleihen sind f\u00fcr L\u00e4nder das wichtigste Instrument, um Kapital aufzunehmen und die Finanzierung des eigenen Staates langfristig als auch kurzfristig zu sichern. Emittiert ein Staat Anleihen, so nimmt der Staat im Endeffekt einen Kredit von der \u00d6ffentlichkeit auf und verspricht j\u00e4hrliche Zinszahlungen sowie die R\u00fcckzahlung des geliehenen Geldes am Ende der Laufzeit der Anleihe. F\u00fcr das geliehene Geld muss der Staat den Gl\u00e4ubigern einen bestimmten j\u00e4hrlichen Zinssatz bezahlen, welcher von der Bonit\u00e4t sowie der wirtschaftlichen und politischen Stabilit\u00e4t und Entwicklung des Landes abh\u00e4ngig ist.<br \/>\n<div class=\"perfect-pullquote vcard pullquote-align-full pullquote-border-placement-left\" style=\"border-color:#9cd3db !important;font-size:22px !important;\"><blockquote><p style=\"font-size:22px !important;\">Staatsanleihen gelten in der Regel als \u00e4u\u00dferst sichere Geldanlage und werden in Zeiten von Wirtschaftskrisen oder Rezessionen oftmals verst\u00e4rkt nachgefragt. Deutsche und US-Staatsanleihen gelten als sogenannter sicherer Hafen.<\/p><\/blockquote><\/div><\/p>\n<p>Dar\u00fcber hinaus gilt die Staatsanleihe eines Landes oft als Benchmark f\u00fcr verschiedenste Arten von Anleihen und Krediten innerhalb des Landes. So richtet sich der Zinssatz einer Unternehmensanleihe auch nach dem aktuellen Zinsniveau in dem jeweiligen Land. Die 10-j\u00e4hrige deutsche Bundesanleihe gilt beispielsweise als Referenzzinssatz, um einen Richtwert \u00fcber das aktuelle Zinsniveau in Deutschland zu erhalten, wohingegen in den USA die 10-j\u00e4hrige US-Treasury Note als Referenz f\u00fcr die aktuelle Zinslage im dem Land gilt.<\/p>\n","protected":false},"excerpt":{"rendered":"<p>Auch Staatsobligation engl. Government Bond Eine Staatsanleihe ist ein festverzinsliches Wertpapier, welches von einem Staat ausgegeben wird und entweder auf die heimische W\u00e4hrung oder auf eine Fremdw\u00e4hrung lautet. Staatsanleihen sind f\u00fcr L\u00e4nder das wichtigste Instrument, um Kapital aufzunehmen und die Finanzierung des eigenen Staates langfristig als auch kurzfristig zu sichern. Emittiert ein Staat Anleihen, so [&hellip;]<\/p>\n","protected":false},"author":1,"featured_media":0,"parent":0,"menu_order":0,"comment_status":"closed","ping_status":"closed","template":"","meta":{"site-sidebar-layout":"default","site-content-layout":"default","ast-site-content-layout":"","site-content-style":"default","site-sidebar-style":"default","ast-global-header-display":"","ast-banner-title-visibility":"","ast-main-header-display":"","ast-hfb-above-header-display":"","ast-hfb-below-header-display":"","ast-hfb-mobile-header-display":"","site-post-title":"","ast-breadcrumbs-content":"","ast-featured-img":"","footer-sml-layout":"","theme-transparent-header-meta":"default","adv-header-id-meta":"","stick-header-meta":"","header-above-stick-meta":"","header-main-stick-meta":"","header-below-stick-meta":"","astra-migrate-meta-layouts":"default","ast-page-background-enabled":"default","ast-page-background-meta":{"desktop":{"background-color":"","background-image":"","background-repeat":"repeat","background-position":"center center","background-size":"auto","background-attachment":"scroll","background-type":"","background-media":"","overlay-type":"","overlay-color":"","overlay-opacity":"","overlay-gradient":""},"tablet":{"background-color":"","background-image":"","background-repeat":"repeat","background-position":"center center","background-size":"auto","background-attachment":"scroll","background-type":"","background-media":"","overlay-type":"","overlay-color":"","overlay-opacity":"","overlay-gradient":""},"mobile":{"background-color":"","background-image":"","background-repeat":"repeat","background-position":"center center","background-size":"auto","background-attachment":"scroll","background-type":"","background-media":"","overlay-type":"","overlay-color":"","overlay-opacity":"","overlay-gradient":""}},"ast-content-background-meta":{"desktop":{"background-color":"var(--ast-global-color-5)","background-image":"","background-repeat":"repeat","background-position":"center center","background-size":"auto","background-attachment":"scroll","background-type":"","background-media":"","overlay-type":"","overlay-color":"","overlay-opacity":"","overlay-gradient":""},"tablet":{"background-color":"var(--ast-global-color-5)","background-image":"","background-repeat":"repeat","background-position":"center center","background-size":"auto","background-attachment":"scroll","background-type":"","background-media":"","overlay-type":"","overlay-color":"","overlay-opacity":"","overlay-gradient":""},"mobile":{"background-color":"var(--ast-global-color-5)","background-image":"","background-repeat":"repeat","background-position":"center center","background-size":"auto","background-attachment":"scroll","background-type":"","background-media":"","overlay-type":"","overlay-color":"","overlay-opacity":"","overlay-gradient":""}},"footnotes":""},"class_list":["post-2790","page","type-page","status-publish","hentry"],"translation":{"provider":"WPGlobus","version":"3.0.2","language":"en","enabled_languages":["de","en"],"languages":{"de":{"title":true,"content":true,"excerpt":false},"en":{"title":false,"content":false,"excerpt":false}}},"featured_image_urls_v2":{"full":"","thumbnail":"","medium":"","medium_large":"","large":"","1536x1536":"","2048x2048":""},"post_excerpt_stackable_v2":"<p>Auch Staatsobligation engl. Government Bond Eine Staatsanleihe ist ein festverzinsliches Wertpapier, welches von einem Staat ausgegeben wird und entweder auf die heimische W\u00e4hrung oder auf eine Fremdw\u00e4hrung lautet. Staatsanleihen sind f\u00fcr L\u00e4nder das wichtigste Instrument, um Kapital aufzunehmen und die Finanzierung des eigenen Staates langfristig als auch kurzfristig zu sichern. Emittiert ein Staat Anleihen, so nimmt der Staat im Endeffekt einen Kredit von der \u00d6ffentlichkeit auf und verspricht j\u00e4hrliche Zinszahlungen sowie die R\u00fcckzahlung des geliehenen Geldes am Ende der Laufzeit der Anleihe. F\u00fcr das geliehene Geld muss der Staat den Gl\u00e4ubigern einen bestimmten j\u00e4hrlichen Zinssatz bezahlen, welcher von der Bonit\u00e4t&hellip;<\/p>\n","category_list_v2":"","author_info_v2":{"name":"PrudentWater","url":"https:\/\/prudentwater.com\/en\/author\/niklas33\/"},"comments_num_v2":"0 comments","_links":{"self":[{"href":"https:\/\/prudentwater.com\/en\/wp-json\/wp\/v2\/pages\/2790","targetHints":{"allow":["GET"]}}],"collection":[{"href":"https:\/\/prudentwater.com\/en\/wp-json\/wp\/v2\/pages"}],"about":[{"href":"https:\/\/prudentwater.com\/en\/wp-json\/wp\/v2\/types\/page"}],"author":[{"embeddable":true,"href":"https:\/\/prudentwater.com\/en\/wp-json\/wp\/v2\/users\/1"}],"replies":[{"embeddable":true,"href":"https:\/\/prudentwater.com\/en\/wp-json\/wp\/v2\/comments?post=2790"}],"version-history":[{"count":0,"href":"https:\/\/prudentwater.com\/en\/wp-json\/wp\/v2\/pages\/2790\/revisions"}],"wp:attachment":[{"href":"https:\/\/prudentwater.com\/en\/wp-json\/wp\/v2\/media?parent=2790"}],"curies":[{"name":"wp","href":"https:\/\/api.w.org\/{rel}","templated":true}]}}