{"id":280,"date":"2014-08-19T21:40:18","date_gmt":"2014-08-19T21:40:18","guid":{"rendered":"http:\/\/www.kunnskap.de\/?page_id=280"},"modified":"2021-06-25T12:48:20","modified_gmt":"2021-06-25T10:48:20","slug":"basel-iii","status":"publish","type":"page","link":"https:\/\/prudentwater.com\/en\/basel-iii\/","title":{"rendered":"Basel III"},"content":{"rendered":"<p>Basel III bezeichnet ein Paket von Ma\u00dfnahmen, dessen Grundelemente eine Erh\u00f6hung der Eigenkapitalquote sowie eine Versch\u00e4rfung der Definition von Eigenkapital darstellt. Basel III hat die Absicht, die Stabilit\u00e4t des Bankensektors zu garantieren und allgemein das Bankensystem in einer zuk\u00fcnftigen Krise durch mehrere Vorschriften zu st\u00e4rken. Der Kern von Basel III liegt darin, dass Banken mehr Eigenkapital ben\u00f6tigen, damit diese im Falle einer Wirtschaft- oder Finanzkrise nicht noch einmal in dem Ausma\u00dfe auf staatliche Hilfen angewiesen sind, wie sie es nach der globalen Finanzkrise 2007 waren.<\/p>\n<hr>\n<h4>Entscheidende Ma\u00dfnahmen von Basel III sind:<\/h4>\n<li>Gegen\u00fcber Basel 2 deutlich h\u00f6here Anforderungen an Qualit\u00e4t und Quantit\u00e4t der Risikodeckungsmassen<\/li>\n<li>Eigenkapitalvorschriften f\u00fcr Banken werden deutlich versch\u00e4rft<\/li>\n<li>Je risikoreicher die Forderungen der Banken, desto mehr Eigenkapital muss hinterlegt werden<\/li>\n<hr>\n<p>Im Detail bedeutet dies, dass Banken ab 2019 auf ihre risikogewichteten Aktiva 8,0 % Eigenkapital halten m\u00fcssen. Banken sollen durch Basel 3 krisensicherer werden. Deshalb m\u00fcssen Banken mehr Eigenkapital hinterlegen. Hybridanleihen bzw. Nachranganleihen z\u00e4hlen jedoch nach den neuen Richtlinien nicht mehr zum Eigenkapital, sondern werden schrittweise als Fremdkapital gewertet. Das nachrangige Geld darf seit 2015 nur noch zu 70 Prozent zum Eigenkapital gez\u00e4hlt werden, seit 2016 nur noch zu 60 Prozent, seit 2017 zu 50 Prozent und so weiter. Von Basel III wird \u00fcbrigens deshalb gesprochen, weil diese Vorschriften damals vom Basler Ausschuss f\u00fcr Bankenaufsicht entwickelt wurden.<\/p>\n","protected":false},"excerpt":{"rendered":"<p>Basel III bezeichnet ein Paket von Ma\u00dfnahmen, dessen Grundelemente eine Erh\u00f6hung der Eigenkapitalquote sowie eine Versch\u00e4rfung der Definition von Eigenkapital darstellt. Basel III hat die Absicht, die Stabilit\u00e4t des Bankensektors zu garantieren und allgemein das Bankensystem in einer zuk\u00fcnftigen Krise durch mehrere Vorschriften zu st\u00e4rken. Der Kern von Basel III liegt darin, dass Banken mehr [&hellip;]<\/p>\n","protected":false},"author":1,"featured_media":0,"parent":0,"menu_order":0,"comment_status":"closed","ping_status":"closed","template":"","meta":{"site-sidebar-layout":"default","site-content-layout":"","ast-site-content-layout":"","site-content-style":"default","site-sidebar-style":"default","ast-global-header-display":"","ast-banner-title-visibility":"","ast-main-header-display":"","ast-hfb-above-header-display":"","ast-hfb-below-header-display":"","ast-hfb-mobile-header-display":"","site-post-title":"","ast-breadcrumbs-content":"","ast-featured-img":"","footer-sml-layout":"","theme-transparent-header-meta":"","adv-header-id-meta":"","stick-header-meta":"","header-above-stick-meta":"","header-main-stick-meta":"","header-below-stick-meta":"","astra-migrate-meta-layouts":"default","ast-page-background-enabled":"default","ast-page-background-meta":{"desktop":{"background-color":"","background-image":"","background-repeat":"repeat","background-position":"center center","background-size":"auto","background-attachment":"scroll","background-type":"","background-media":"","overlay-type":"","overlay-color":"","overlay-opacity":"","overlay-gradient":""},"tablet":{"background-color":"","background-image":"","background-repeat":"repeat","background-position":"center center","background-size":"auto","background-attachment":"scroll","background-type":"","background-media":"","overlay-type":"","overlay-color":"","overlay-opacity":"","overlay-gradient":""},"mobile":{"background-color":"","background-image":"","background-repeat":"repeat","background-position":"center center","background-size":"auto","background-attachment":"scroll","background-type":"","background-media":"","overlay-type":"","overlay-color":"","overlay-opacity":"","overlay-gradient":""}},"ast-content-background-meta":{"desktop":{"background-color":"var(--ast-global-color-5)","background-image":"","background-repeat":"repeat","background-position":"center center","background-size":"auto","background-attachment":"scroll","background-type":"","background-media":"","overlay-type":"","overlay-color":"","overlay-opacity":"","overlay-gradient":""},"tablet":{"background-color":"var(--ast-global-color-5)","background-image":"","background-repeat":"repeat","background-position":"center center","background-size":"auto","background-attachment":"scroll","background-type":"","background-media":"","overlay-type":"","overlay-color":"","overlay-opacity":"","overlay-gradient":""},"mobile":{"background-color":"var(--ast-global-color-5)","background-image":"","background-repeat":"repeat","background-position":"center center","background-size":"auto","background-attachment":"scroll","background-type":"","background-media":"","overlay-type":"","overlay-color":"","overlay-opacity":"","overlay-gradient":""}},"footnotes":""},"class_list":["post-280","page","type-page","status-publish","hentry"],"translation":{"provider":"WPGlobus","version":"3.0.2","language":"en","enabled_languages":["de","en"],"languages":{"de":{"title":true,"content":true,"excerpt":false},"en":{"title":false,"content":false,"excerpt":false}}},"featured_image_urls_v2":{"full":"","thumbnail":"","medium":"","medium_large":"","large":"","1536x1536":"","2048x2048":""},"post_excerpt_stackable_v2":"<p>Basel III bezeichnet ein Paket von Ma\u00dfnahmen, dessen Grundelemente eine Erh\u00f6hung der Eigenkapitalquote sowie eine Versch\u00e4rfung der Definition von Eigenkapital darstellt. Basel III hat die Absicht, die Stabilit\u00e4t des Bankensektors zu garantieren und allgemein das Bankensystem in einer zuk\u00fcnftigen Krise durch mehrere Vorschriften zu st\u00e4rken. Der Kern von Basel III liegt darin, dass Banken mehr Eigenkapital ben\u00f6tigen, damit diese im Falle einer Wirtschaft- oder Finanzkrise nicht noch einmal in dem Ausma\u00dfe auf staatliche Hilfen angewiesen sind, wie sie es nach der globalen Finanzkrise 2007 waren. Entscheidende Ma\u00dfnahmen von Basel III sind: Gegen\u00fcber Basel 2 deutlich h\u00f6here Anforderungen an Qualit\u00e4t und&hellip;<\/p>\n","category_list_v2":"","author_info_v2":{"name":"PrudentWater","url":"https:\/\/prudentwater.com\/en\/author\/niklas33\/"},"comments_num_v2":"0 comments","_links":{"self":[{"href":"https:\/\/prudentwater.com\/en\/wp-json\/wp\/v2\/pages\/280","targetHints":{"allow":["GET"]}}],"collection":[{"href":"https:\/\/prudentwater.com\/en\/wp-json\/wp\/v2\/pages"}],"about":[{"href":"https:\/\/prudentwater.com\/en\/wp-json\/wp\/v2\/types\/page"}],"author":[{"embeddable":true,"href":"https:\/\/prudentwater.com\/en\/wp-json\/wp\/v2\/users\/1"}],"replies":[{"embeddable":true,"href":"https:\/\/prudentwater.com\/en\/wp-json\/wp\/v2\/comments?post=280"}],"version-history":[{"count":0,"href":"https:\/\/prudentwater.com\/en\/wp-json\/wp\/v2\/pages\/280\/revisions"}],"wp:attachment":[{"href":"https:\/\/prudentwater.com\/en\/wp-json\/wp\/v2\/media?parent=280"}],"curies":[{"name":"wp","href":"https:\/\/api.w.org\/{rel}","templated":true}]}}