{"id":2814,"date":"2015-02-20T06:43:35","date_gmt":"2015-02-20T06:43:35","guid":{"rendered":"http:\/\/www.kunnskap.de\/?page_id=2814"},"modified":"2021-06-25T12:49:38","modified_gmt":"2021-06-25T10:49:38","slug":"operativer-cashflow","status":"publish","type":"page","link":"https:\/\/prudentwater.com\/en\/operativer-cashflow\/","title":{"rendered":"Operativer Cashflow"},"content":{"rendered":"<p>Auch <strong>Liquidit\u00e4tszuwachs aus operativer T\u00e4tigkeit<\/strong> oder <strong>Cashflow aus laufender Gesch\u00e4ftst\u00e4tigkeit<\/strong><br \/>\nengl. <strong>Operating Cashflow (OCF)<\/strong><\/p>\n<p>Der operative Cashflow gibt an, in welcher H\u00f6he das Unternehmen liquide Mittel aus den t\u00e4glichen und normalen Gesch\u00e4ftst\u00e4tigkeiten erwirtschaften kann. L\u00e4nger betrachtet zeigt der operative Cashflow auf, wie erfolgreich und zuverl\u00e4ssig Kapital aus dem operativen Gesch\u00e4ft generiert werden konnte. Der operative Cashflow ist der wichtigste aller Cashflowgr\u00f6\u00dfen, da das operative Gesch\u00e4ft die Wirtschaftskraft eines Unternehmens darstellt.<\/p>\n<hr>\n<h6>Berechnung:<\/h6>\n<p style=\"margin-bottom: 35px;\">\n<p><img decoding=\"async\" src=\"https:\/\/prudentwater.com\/wp-content\/uploads\/2020\/03\/Operativer-Cashflow.png\" alt=\"\" class=\"aligncenter size-full wp-image-12029\" width=\"100%\" height=\"143\" title=\"\"><\/p>\n<hr>\n<p>Der operative Cashflow ergibt sich aus der Differenz zwischen erhaltenen Einzahlungen und abgehenden Auszahlungen. Bei den Einzahlungen handelt es sich um Zahlungsstr\u00f6me generiert durch den Verkauf der Produkte und Waren sowie durch erbrachte Dienstleistungen. Bei den Auszahlungen handelt es sich um tats\u00e4chlich stattgefundene Zahlungsstr\u00f6me geleistet an Mitarbeiter f\u00fcr den Arbeitseinsatz, an Lieferanten f\u00fcr Material, Rohstoffe und anderen Zulieferungen sowie an Dritte f\u00fcr andere betriebsbezogene Leistungen.<\/p>\n<h4>Aussagekraft des operativen Cashflow<\/h4>\n<p>Ein positiver operativer Cashflow ist f\u00fcr die langfristige Profitabilit\u00e4t und finanzielle Stabilit\u00e4t eines Unternehmens entscheidend. Ein negativer operativer Cashflow bedeutet, dass das Unternehmen seine offenen Rechnungen nur bezahlen kann, indem es neue Schulden aufnimmt. Dies liegt daran, da kein Geld vom operativen Gesch\u00e4ft zugeflossen kommt. Ein anhaltender negativer Cashflow kann vor allem bei kleinen bis mittelgro\u00dfen Unternehmen zu einer Unterliquidit\u00e4t und folglich zu einer Liquidit\u00e4tskrise f\u00fchren, weshalb der operative Cashflow in jeder Fundamentalanalyse gro\u00dfe Beachtung bekommen sollte.<br \/>\nBei dem operativen Cashflow handelt es sich jedoch nicht um die Geldmittel, die dem Unternehmen voll und ganz zur Verf\u00fcgung stehen und an die Aktion\u00e4re ausgesch\u00fcttet werden k\u00f6nnen. Mit dem operativen Cashflow muss das Unternehmen unter anderem in die Forschung und Entwicklung sowie in das Anlageverm\u00f6gen investieren. Dazu geh\u00f6rt unter anderem der Kauf und Bau neuer Maschinen und Produktionsst\u00e4tte sowie das Expandieren in neue Gesch\u00e4ftsbereiche. Generiert das Unternehmen jedoch fortlaufend negative operative Cashflows, so kann dies zu einer Liquidit\u00e4tskrise und somit zu einer Unterliquidit\u00e4t f\u00fchren.<\/p>\n","protected":false},"excerpt":{"rendered":"<p>Auch Liquidit\u00e4tszuwachs aus operativer T\u00e4tigkeit oder Cashflow aus laufender Gesch\u00e4ftst\u00e4tigkeit engl. Operating Cashflow (OCF) Der operative Cashflow gibt an, in welcher H\u00f6he das Unternehmen liquide Mittel aus den t\u00e4glichen und normalen Gesch\u00e4ftst\u00e4tigkeiten erwirtschaften kann. L\u00e4nger betrachtet zeigt der operative Cashflow auf, wie erfolgreich und zuverl\u00e4ssig Kapital aus dem operativen Gesch\u00e4ft generiert werden konnte. Der operative [&hellip;]<\/p>\n","protected":false},"author":1,"featured_media":0,"parent":0,"menu_order":0,"comment_status":"closed","ping_status":"closed","template":"","meta":{"site-sidebar-layout":"default","site-content-layout":"","ast-site-content-layout":"","site-content-style":"default","site-sidebar-style":"default","ast-global-header-display":"","ast-banner-title-visibility":"","ast-main-header-display":"","ast-hfb-above-header-display":"","ast-hfb-below-header-display":"","ast-hfb-mobile-header-display":"","site-post-title":"","ast-breadcrumbs-content":"","ast-featured-img":"","footer-sml-layout":"","theme-transparent-header-meta":"","adv-header-id-meta":"","stick-header-meta":"","header-above-stick-meta":"","header-main-stick-meta":"","header-below-stick-meta":"","astra-migrate-meta-layouts":"default","ast-page-background-enabled":"default","ast-page-background-meta":{"desktop":{"background-color":"","background-image":"","background-repeat":"repeat","background-position":"center center","background-size":"auto","background-attachment":"scroll","background-type":"","background-media":"","overlay-type":"","overlay-color":"","overlay-opacity":"","overlay-gradient":""},"tablet":{"background-color":"","background-image":"","background-repeat":"repeat","background-position":"center center","background-size":"auto","background-attachment":"scroll","background-type":"","background-media":"","overlay-type":"","overlay-color":"","overlay-opacity":"","overlay-gradient":""},"mobile":{"background-color":"","background-image":"","background-repeat":"repeat","background-position":"center center","background-size":"auto","background-attachment":"scroll","background-type":"","background-media":"","overlay-type":"","overlay-color":"","overlay-opacity":"","overlay-gradient":""}},"ast-content-background-meta":{"desktop":{"background-color":"var(--ast-global-color-5)","background-image":"","background-repeat":"repeat","background-position":"center center","background-size":"auto","background-attachment":"scroll","background-type":"","background-media":"","overlay-type":"","overlay-color":"","overlay-opacity":"","overlay-gradient":""},"tablet":{"background-color":"var(--ast-global-color-5)","background-image":"","background-repeat":"repeat","background-position":"center center","background-size":"auto","background-attachment":"scroll","background-type":"","background-media":"","overlay-type":"","overlay-color":"","overlay-opacity":"","overlay-gradient":""},"mobile":{"background-color":"var(--ast-global-color-5)","background-image":"","background-repeat":"repeat","background-position":"center center","background-size":"auto","background-attachment":"scroll","background-type":"","background-media":"","overlay-type":"","overlay-color":"","overlay-opacity":"","overlay-gradient":""}},"footnotes":""},"class_list":["post-2814","page","type-page","status-publish","hentry"],"translation":{"provider":"WPGlobus","version":"3.0.2","language":"en","enabled_languages":["de","en"],"languages":{"de":{"title":true,"content":true,"excerpt":false},"en":{"title":false,"content":false,"excerpt":false}}},"featured_image_urls_v2":{"full":"","thumbnail":"","medium":"","medium_large":"","large":"","1536x1536":"","2048x2048":""},"post_excerpt_stackable_v2":"<p>Auch Liquidit\u00e4tszuwachs aus operativer T\u00e4tigkeit oder Cashflow aus laufender Gesch\u00e4ftst\u00e4tigkeit engl. Operating Cashflow (OCF) Der operative Cashflow gibt an, in welcher H\u00f6he das Unternehmen liquide Mittel aus den t\u00e4glichen und normalen Gesch\u00e4ftst\u00e4tigkeiten erwirtschaften kann. L\u00e4nger betrachtet zeigt der operative Cashflow auf, wie erfolgreich und zuverl\u00e4ssig Kapital aus dem operativen Gesch\u00e4ft generiert werden konnte. Der operative Cashflow ist der wichtigste aller Cashflowgr\u00f6\u00dfen, da das operative Gesch\u00e4ft die Wirtschaftskraft eines Unternehmens darstellt. Berechnung: Der operative Cashflow ergibt sich aus der Differenz zwischen erhaltenen Einzahlungen und abgehenden Auszahlungen. Bei den Einzahlungen handelt es sich um Zahlungsstr\u00f6me generiert durch den Verkauf der Produkte und&hellip;<\/p>\n","category_list_v2":"","author_info_v2":{"name":"PrudentWater","url":"https:\/\/prudentwater.com\/en\/author\/niklas33\/"},"comments_num_v2":"0 comments","_links":{"self":[{"href":"https:\/\/prudentwater.com\/en\/wp-json\/wp\/v2\/pages\/2814","targetHints":{"allow":["GET"]}}],"collection":[{"href":"https:\/\/prudentwater.com\/en\/wp-json\/wp\/v2\/pages"}],"about":[{"href":"https:\/\/prudentwater.com\/en\/wp-json\/wp\/v2\/types\/page"}],"author":[{"embeddable":true,"href":"https:\/\/prudentwater.com\/en\/wp-json\/wp\/v2\/users\/1"}],"replies":[{"embeddable":true,"href":"https:\/\/prudentwater.com\/en\/wp-json\/wp\/v2\/comments?post=2814"}],"version-history":[{"count":0,"href":"https:\/\/prudentwater.com\/en\/wp-json\/wp\/v2\/pages\/2814\/revisions"}],"wp:attachment":[{"href":"https:\/\/prudentwater.com\/en\/wp-json\/wp\/v2\/media?parent=2814"}],"curies":[{"name":"wp","href":"https:\/\/api.w.org\/{rel}","templated":true}]}}